{"id":273,"date":"2019-06-22T16:44:36","date_gmt":"2019-06-22T09:44:36","guid":{"rendered":"http:\/\/demo8.vietlac.info\/xinhshop\/?post_type=product&#038;p=273"},"modified":"2019-06-30T01:04:45","modified_gmt":"2019-06-29T18:04:45","slug":"on-gold-standard-100-whey-5-lbs-227-kg","status":"publish","type":"product","link":"https:\/\/khowordpress.com\/gymshop\/san-pham\/on-gold-standard-100-whey-5-lbs-227-kg\/","title":{"rendered":"ON Gold Standard 100% Whey 5 Lbs (2,27 kg)"},"content":{"rendered":"<p><img loading=\"lazy\" decoding=\"async\" class=\"aligncenter wp-image-274 size-full\" src=\"\/gymshop\/wp-content\/uploads\/2019\/06\/on-gold-standard-100-whey-5-lbs-227-kg-2.jpg\" alt=\"ON Gold Standard 100% Whey 5 Lbs (2,27 kg)\" width=\"1000\" height=\"500\" srcset=\"https:\/\/khowordpress.com\/gymshop\/wp-content\/uploads\/2019\/06\/on-gold-standard-100-whey-5-lbs-227-kg-2.jpg 1000w, https:\/\/khowordpress.com\/gymshop\/wp-content\/uploads\/2019\/06\/on-gold-standard-100-whey-5-lbs-227-kg-2-600x300.jpg 600w, https:\/\/khowordpress.com\/gymshop\/wp-content\/uploads\/2019\/06\/on-gold-standard-100-whey-5-lbs-227-kg-2-768x384.jpg 768w\" sizes=\"auto, (max-width: 1000px) 100vw, 1000px\" \/><\/p>\n<p>S\u1ea3n ph\u1ea9m 100% Whey Protein l\u00e0 th\u1ef1c ph\u1ea9m b\u1ed5 sung Protein hi\u1ec7u nghi\u1ec7m. B\u1ea1n s\u1ebd c\u00f3 24 gam Protein ch\u1ea5t l\u01b0\u1ee3ng cao v\u00e0 ch\u1ec9 1 gam ch\u1ea5t b\u00e9o sau m\u1ed7i l\u1ea7n d\u00f9ng.<\/p>\n<p>Optimum 100% Whey Protein l\u00e0 s\u1ea3n ph\u1ea9m b\u00e1n ch\u1ea1y nh\u1ea5t Th\u1ebf Gi\u1edbi trong 9 n\u0103m li\u00ean ti\u1ebfp !<\/p>\n<p>100% Whey Protein \u0111\u01b0\u1ee3c l\u00e0m t\u1eeb Microfiltered Whey Protein Isolates, Ion Exchange Whey Protein Isolates, Ultrafiltered Whey Protein Concentrate, v\u00e0 Hydrowhey Hydrolyze Whey Peptides.<\/p>\n<p>S\u1ef1 k\u1ebft h\u1ee3p n\u00e0y cung c\u1ea5p nh\u1eefng ch\u1ea5t b\u1ea1n c\u1ea7n (Protein nguy\u00ean ch\u1ea5t) v\u00e0 r\u1ea5t \u00edt nh\u1eefng ch\u1ea5t kh\u00f4ng t\u1ed1t cho s\u1ee9c kh\u1ecfe (ch\u1ea5t b\u00e9o, ch\u1ea5t b\u00e9o b\u00e3o ho\u00e0, cholesterol, \u0111\u01b0\u1eddng lactose v\u00e0 c\u00e1c carbohydrate kh\u00e1c).<\/p>\n<p>100% Whey Protein cung c\u1ea5p cho b\u1ea1n m\u1ed9t s\u1ef1 c\u00e2n b\u1eb1ng l\u00fd t\u01b0\u1edfng gi\u1eefa Amino Acid c\u1ea7n thi\u1ec1t v\u00e0 kh\u00f4ng c\u1ea7n thi\u1ebft. \u0110i\u1ec1u n\u00e0y l\u00e0m t\u0103ng kh\u1ea3 n\u0103ng l\u01b0u tr\u1eef Nit\u01a1 v\u00e0 gi\u00fap c\u01a1 b\u1eafp ph\u00e1t tri\u1ec3n nhanh h\u01a1n.<\/p>\n<p>H\u00e0ng tri\u1ec7u kh\u00e1ch h\u00e0ng tr\u00ean Th\u1ebf gi\u1edbi h\u00e0i l\u00f2ng v\u1edbi Optimum 100% Whey Protein!<\/p>\n<p>100% Whey Protein ch\u1ee9a ch\u1ea5t ti\u00eau ho\u00e1 Lactase v\u00e0 Aminogen gi\u00fap h\u1ea5p th\u1ee5 t\u1ed1t Protein v\u00e0 gi\u00fap nh\u1eefng c\u00e1 nh\u00e2n kh\u00f3 h\u1ea5p th\u1ee5 \u0111\u01b0\u1eddng lactose c\u00f3 th\u1ec3 d\u1ec5 d\u00e0ng s\u1eed d\u1ee5ng s\u1ea3n ph\u1ea9m n\u00e0y.<\/p>\n<p>100% Whey Protein r\u1ea5t d\u1ec5 ho\u00e0 tan v\u00e0 c\u00f3 h\u01b0\u01a1ng v\u1ecb tuy\u1ec7t h\u1ea3o khi ho\u00e0 v\u1edbi s\u1eefa ho\u1eb7c n\u01b0\u1edbc l\u1ea1nh. N\u1ebfu b\u1ea1n mu\u1ed1n th\u00eam h\u01b0\u01a1ng v\u1ecb, tr\u1ed9n 100% Whey Protein v\u1edbi s\u1eefa chua ho\u1eb7c \u0103n c\u00f9ng v\u1edbi b\u00e1nh ng\u1ecdt.<\/p>\n<p>T\u00e1c D\u1ee5ng: B\u1ed5 sung \u0111\u1ea1m, gi\u00fap c\u01a1 b\u1eafp ph\u00e1t tri\u1ec3n, cung c\u1ea5p n\u0103ng l\u01b0\u1ee3ng tr\u1ef1c ti\u1ebfp cho c\u01a1 b\u1eafp, b\u1ea3o v\u1ec7 c\u01a1 n\u1ea1c trong c\u00e1c ho\u1ea1t \u0111\u1ed9ng k\u00e9o d\u00e0i v\u00e0 tr\u00e1nh m\u1ec7t m\u1ecfi<\/p>\n","protected":false},"excerpt":{"rendered":"<p><strong>Muscle Building Whey Protein Powder*<\/strong><\/p>\n<p>24g of Whey Protein with Amino Acids for Muscle Recovery and Growth*<\/p>\n<p><strong>Supported Goal:<\/strong>\u00a0Build Muscle<\/p>\n<p><strong>Main Ingredient:<\/strong>\u00a0Whey Protein\u00a0Isolate<\/p>\n","protected":false},"featured_media":280,"comment_status":"open","ping_status":"closed","template":"","meta":[],"product_cat":[38],"product_tag":[],"class_list":["post-273","product","type-product","status-publish","has-post-thumbnail","hentry","pwb-brand-optimum-nutrition","product_cat-protein-phat-trien-co"],"brands":[{"id":70,"name":"Optimum Nutrition","slug":"optimum-nutrition"}],"_links":{"self":[{"href":"https:\/\/khowordpress.com\/gymshop\/wp-json\/wp\/v2\/product\/273","targetHints":{"allow":["GET"]}}],"collection":[{"href":"https:\/\/khowordpress.com\/gymshop\/wp-json\/wp\/v2\/product"}],"about":[{"href":"https:\/\/khowordpress.com\/gymshop\/wp-json\/wp\/v2\/types\/product"}],"replies":[{"embeddable":true,"href":"https:\/\/khowordpress.com\/gymshop\/wp-json\/wp\/v2\/comments?post=273"}],"wp:featuredmedia":[{"embeddable":true,"href":"https:\/\/khowordpress.com\/gymshop\/wp-json\/wp\/v2\/media\/280"}],"wp:attachment":[{"href":"https:\/\/khowordpress.com\/gymshop\/wp-json\/wp\/v2\/media?parent=273"}],"wp:term":[{"taxonomy":"product_cat","embeddable":true,"href":"https:\/\/khowordpress.com\/gymshop\/wp-json\/wp\/v2\/product_cat?post=273"},{"taxonomy":"product_tag","embeddable":true,"href":"https:\/\/khowordpress.com\/gymshop\/wp-json\/wp\/v2\/product_tag?post=273"}],"curies":[{"name":"wp","href":"https:\/\/api.w.org\/{rel}","templated":true}]}}