{"id":289,"date":"2019-06-22T17:26:50","date_gmt":"2019-06-22T10:26:50","guid":{"rendered":"http:\/\/demo8.vietlac.info\/xinhshop\/?post_type=product&#038;p=289"},"modified":"2019-06-30T01:01:57","modified_gmt":"2019-06-29T18:01:57","slug":"ast-vp2-whey-protein-isolate-2-lbs-908-g","status":"publish","type":"product","link":"https:\/\/khowordpress.com\/gymshop\/san-pham\/ast-vp2-whey-protein-isolate-2-lbs-908-g\/","title":{"rendered":"AST VP2 Whey Protein Isolate, 2 Lbs (908 g)"},"content":{"rendered":"<p><img loading=\"lazy\" decoding=\"async\" class=\"aligncenter wp-image-292 size-full\" src=\"\/gymshop\/wp-content\/uploads\/2019\/06\/ast-vp2-whey-protein-isolate-2-lbs-908-g-2.jpg\" alt=\"AST VP2 Whey Protein Isolate, 2 Lbs (908 g)\" width=\"990\" height=\"650\" srcset=\"https:\/\/khowordpress.com\/gymshop\/wp-content\/uploads\/2019\/06\/ast-vp2-whey-protein-isolate-2-lbs-908-g-2.jpg 990w, https:\/\/khowordpress.com\/gymshop\/wp-content\/uploads\/2019\/06\/ast-vp2-whey-protein-isolate-2-lbs-908-g-2-600x394.jpg 600w, https:\/\/khowordpress.com\/gymshop\/wp-content\/uploads\/2019\/06\/ast-vp2-whey-protein-isolate-2-lbs-908-g-2-768x504.jpg 768w\" sizes=\"auto, (max-width: 990px) 100vw, 990px\" \/><\/p>\n<p>VP2\u00a0<strong>Whey Isolate<\/strong>\u00a0mang l\u1ea1i cho b\u1ea1n nhi\u1ec1u c\u01a1 b\u1eafp trong th\u1eddi gian ng\u1eafn nh\u1ea5t. Nh\u1eefng nghi\u00ean c\u1ee9u g\u1ea7n \u0111\u00e2y ch\u1ec9 ra r\u1eb1ng VP2 Whey Isolate l\u00e0 Protein x\u00e2y d\u1ef1ng c\u01a1 b\u1eafp hi\u1ec7u qu\u1ea3 nh\u1ea5t.<\/p>\n<p>T\u00e1c d\u1ee5ng c\u1ee7a VP2 Whey Protein:<\/p>\n<p>T\u0103ng s\u1ee9c m\u1ea1nh c\u01a1 b\u1eafp h\u01a1n 156%.<\/p>\n<p>B\u1ed5 sung l\u01b0\u1ee3ng Acid Amin c\u1ea7n thi\u1ebft cho qu\u00e1 tr\u00ecnh t\u1ed5ng h\u1ee3p Protein \u0111\u1ec3 ph\u00e1t tri\u1ec3n t\u1ebf b\u00e0o c\u01a1 b\u1eafp.<\/p>\n<p>B\u1ed5 sung Cystine h\u00e0m l\u01b0\u1ee3ng cao. Ch\u1ea5t n\u00e0y c\u1ef1c hi\u1ebfm trong th\u1ee9c \u0103n v\u00e0 c\u00e1c th\u1ef1c ph\u1ea9m b\u1ed5 sung Protein kh\u00e1c. N\u00f3 l\u00e0 nh\u00e2n t\u1ed1 quy\u1ebft \u0111\u1ecbnh trong vi\u1ec7c h\u00ecnh th\u00e0nh Glutathione. Glutathione ch\u00ednh l\u00e0 y\u1ebfu t\u1ed1 trung t\u00e2m, l\u00e0 con \u0111\u01b0\u1eddng sinh ho\u00e1 th\u1ee9 3 d\u1eabn \u0111\u1ebfn ph\u00e1t tri\u1ec3n t\u1ed1i \u0111a c\u01a1 b\u1eafp, t\u0103ng kh\u1ea3 n\u0103ng ph\u1ee5c h\u1ed3i c\u01a1 b\u1eafp v\u00e0 tr\u00e1nh b\u1ecb suy nh\u01b0\u1ee3c.<\/p>\n<p>VP2 gi\u1eef l\u1ea1i Nit\u01a1 \u1edf m\u1ee9c \u0111\u1ed9 cao nh\u1ea5t.<\/p>\n<p>VP2 nhi\u1ec1u Protein h\u01a1n b\u1ea5t c\u1ee9 s\u1ea3n ph\u1ea9m Protein n\u00e0o kh\u00e1c.<\/p>\n<p>C\u00e1ch d\u00f9ng:<\/p>\n<p>Pha 1 \u0111\u1ebfn 1,5 mu\u1ed7ng AST VP2 v\u1edbi 8 oz (220ml) n\u01b0\u1edbc ho\u1eb7c s\u1eefa l\u1ea1nh, d\u00f9ng th\u00eca khu\u1ea5y \u0111\u1ec1u ho\u1eb7c cho v\u00e0o b\u00ecnh l\u1eafc. U\u1ed1ng ngay sau khi pha. D\u00f9ng m\u1ed9t l\u1ea7n l\u00fac th\u1ee9c d\u1eady, m\u1ed9t l\u1ea7n ngay sau khi t\u1eadp luy\u1ec7n, \u0111\u1ec3 \u0111\u1ea1t hi\u1ec7u qu\u1ea3 t\u1ed1i \u0111a n\u00ean s\u1eed d\u1ee5ng th\u00eam 1 l\u1ea7n tr\u01b0\u1edbc t\u1eadp luy\u1ec7n 30 ph\u00fat.<\/p>\n<p>Trong nh\u1eefng ng\u00e0y kh\u00f4ng t\u1eadp luy\u1ec7n n\u00ean s\u1eed d\u1ee5ng 2-3 l\u1ea7n\/ng\u00e0y.<\/p>\n","protected":false},"excerpt":{"rendered":"<p><strong>Hydrolyzed Whey Protein Isolate to Build Muscle*<\/strong><\/p>\n<p>Helps Decrease Body Fat and Support Gains in Pure Muscle*<\/p>\n<p><strong>Supported Goal:<\/strong>\u00a0Build Muscle<br \/>\n<strong>Main Ingredient:<\/strong>\u00a0Hydrolyzed Whey Protein<\/p>\n","protected":false},"featured_media":290,"comment_status":"open","ping_status":"closed","template":"","meta":[],"product_cat":[38],"product_tag":[],"class_list":["post-289","product","type-product","status-publish","has-post-thumbnail","hentry","pwb-brand-ast","product_cat-protein-phat-trien-co","pa_huong-vi-cafe-mocha","pa_huong-vi-cookies-creme","pa_huong-vi-frozen-banana","pa_huong-vi-gourmet-chocolate","pa_huong-vi-orange-dreamsicle"],"brands":[{"id":74,"name":"AST","slug":"ast"}],"_links":{"self":[{"href":"https:\/\/khowordpress.com\/gymshop\/wp-json\/wp\/v2\/product\/289","targetHints":{"allow":["GET"]}}],"collection":[{"href":"https:\/\/khowordpress.com\/gymshop\/wp-json\/wp\/v2\/product"}],"about":[{"href":"https:\/\/khowordpress.com\/gymshop\/wp-json\/wp\/v2\/types\/product"}],"replies":[{"embeddable":true,"href":"https:\/\/khowordpress.com\/gymshop\/wp-json\/wp\/v2\/comments?post=289"}],"wp:featuredmedia":[{"embeddable":true,"href":"https:\/\/khowordpress.com\/gymshop\/wp-json\/wp\/v2\/media\/290"}],"wp:attachment":[{"href":"https:\/\/khowordpress.com\/gymshop\/wp-json\/wp\/v2\/media?parent=289"}],"wp:term":[{"taxonomy":"product_cat","embeddable":true,"href":"https:\/\/khowordpress.com\/gymshop\/wp-json\/wp\/v2\/product_cat?post=289"},{"taxonomy":"product_tag","embeddable":true,"href":"https:\/\/khowordpress.com\/gymshop\/wp-json\/wp\/v2\/product_tag?post=289"}],"curies":[{"name":"wp","href":"https:\/\/api.w.org\/{rel}","templated":true}]}}