{"id":302,"date":"2019-06-22T17:48:54","date_gmt":"2019-06-22T10:48:54","guid":{"rendered":"http:\/\/demo8.vietlac.info\/xinhshop\/?post_type=product&#038;p=302"},"modified":"2019-06-29T21:20:23","modified_gmt":"2019-06-29T14:20:23","slug":"muscletech-nitro-tech-2-lbs-907-g","status":"publish","type":"product","link":"https:\/\/khowordpress.com\/gymshop\/san-pham\/muscletech-nitro-tech-2-lbs-907-g\/","title":{"rendered":"MuscleTech NITRO-TECH 2 Lbs (907 g)"},"content":{"rendered":"<p><img loading=\"lazy\" decoding=\"async\" class=\"aligncenter wp-image-305 size-full\" src=\"http:\/\/demo8.vietlac.info\/xinhshop\/wp-content\/uploads\/2019\/06\/muscletech-nitro-tech-2-lbs-907-g-2.jpg\" alt=\"\" width=\"1000\" height=\"500\" srcset=\"https:\/\/khowordpress.com\/gymshop\/wp-content\/uploads\/2019\/06\/muscletech-nitro-tech-2-lbs-907-g-2.jpg 1000w, https:\/\/khowordpress.com\/gymshop\/wp-content\/uploads\/2019\/06\/muscletech-nitro-tech-2-lbs-907-g-2-600x300.jpg 600w, https:\/\/khowordpress.com\/gymshop\/wp-content\/uploads\/2019\/06\/muscletech-nitro-tech-2-lbs-907-g-2-768x384.jpg 768w\" sizes=\"auto, (max-width: 1000px) 100vw, 1000px\" \/><\/p>\n<p>1. Nitro Tech t\u1ed1t h\u01a1n nh\u1eefng lo\u1ea1i Whey protein kh\u00e1c tr\u00ean th\u1ecb tr\u01b0\u1eddng.<br \/>\n* M\u1ed7i mu\u1ed7ng Nitro Tech ch\u1ee9a:<\/p>\n<p>&#8211; 30g protein, ch\u1ee7 y\u1ebfu t\u1eeb whey protein isolate v\u00e0 whey peptides m\u1ed9t ngu\u1ed3n Protein trong s\u1ea1ch v\u00e0 tinh khi\u1ebft nh\u1ea5t ngu\u1ed3n protein t\u1ed1t nh\u1ea5t cho v\u1eadn \u0111\u1ed9ng vi\u00ean, ng\u01b0\u1eddi t\u1eadp th\u1ec3 h\u00ecnh.<\/p>\n<p>&#8211; Nitro Tech l\u00e0 s\u1ea3n ph\u1ea9m gi\u00fap ph\u00e1t tri\u1ec3n c\u01a1 b\u1eafp cung c\u1ea5p nhi\u1ec1u protein nh\u1ea5t, trong khi c\u00e1c lo\u1ea1i whey protein kh\u00e1c tr\u00ean th\u1ecb tr\u01b0\u1eddng ch\u1ec9 c\u00f3 kho\u1ea3ng 24-25g\/ 1 l\u1ea7n d\u00f9ng, v\u00e0 pha tr\u1ed9n nhi\u1ec1u ch\u1ea5t b\u00e9o, \u0111\u01b0\u1eddng carbs v\u00e0 t\u1ea1p ch\u1ea5t.<\/p>\n<p>&#8211; 3g Creatine gi\u00fap t\u0103ng c\u01b0\u1eddng s\u1ee9c m\u1ea1nh t\u1eadp luy\u1ec7n v\u00e0 gi\u00fap c\u01a1 th\u1ec3 ph\u1ee5c h\u1ed3i nhanh h\u01a1n. Ngo\u00e0i ra, creatine c\u00f2n \u0111\u00f3ng vai tr\u00f2 quan tr\u1ecdng gi\u00fap v\u1eadn chuy\u1ec3n n\u01b0\u1edbc t\u1edbi t\u1ebf b\u00e0o c\u01a1 \u0111\u1ec3 c\u00e1c t\u1ebf b\u00e0o n\u00e0y gi\u00e3n n\u1edf to h\u01a1n, t\u1eeb \u0111\u00f3 dinh d\u01b0\u1ee1ng \u0111\u01b0\u1ee3c \u0111\u01b0a v\u00e0o nhi\u1ec1u h\u01a1n, l\u00e0m t\u0103ng kh\u1ed1i c\u01a1 n\u1ea1c d\u00e0y h\u01a1n.<\/p>\n<p>&#8211; 6.9g BCAA gi\u00fap x\u00e2y d\u1ef1ng c\u01a1 b\u1eafp t\u1ed1t h\u01a1n, gi\u00fap ch\u1ed1ng m\u1ea5t c\u01a1 v\u00e0 t\u0103ng kh\u1ea3 n\u0103ng ph\u1ee5c h\u1ed3i c\u01a1 nhanh. &#8211; 5.3g Glutamine gi\u00fap t\u0103ng s\u1ee9c ch\u1ecbu \u0111\u1ef1ng c\u1ee7a c\u01a1 b\u1eafp, h\u1ed3i ph\u1ee5c c\u01a1 sau t\u1eadp luy\u1ec7n.<\/p>\n<p>Ngo\u00e0i ra, Glutamine c\u00f2n gi\u00fap t\u0103ng c\u01b0\u1eddng h\u1ec7 mi\u1ec5n d\u1ecbch v\u00e0 \u0111\u1eb7c bi\u1ec7t r\u1ea5t hi\u1ec7u qu\u1ea3 trong vi\u1ec7c gi\u1ea3m \u0111au c\u01a1 trong qu\u00e1 tr\u00ecnh t\u1eadp luy\u1ec7n.<\/p>\n<p>2. Mang l\u1ea1i cho b\u1ea1n bu\u1ed5i t\u1eadp luy\u1ec7n th\u1ef1c s\u1ef1 c\u00f3 k\u1ebft qu\u1ea3.<\/p>\n<p>30g protein isolate + 6.9g BCAA + 3g creatine, th\u1ef1c s\u1ef1 l\u00e0 m\u1ed9t c\u00f4ng th\u1ee9c qu\u00e1 tuy\u1ec7t v\u1eddi. Tr\u01b0\u1edbc khi t\u1eadp, h\u00e3y u\u1ed1ng 1 mu\u1ed7ng Nitro Tech, n\u00f3 s\u1ebd gi\u00fap c\u01a1 th\u1ec3 b\u1ea1n tr\u00e0n \u0111\u1ea7y n\u0103ng l\u01b0\u1ee3ng \u0111\u1ec3 th\u1ef1c hi\u1ec7n t\u1ed1t c\u00e1c b\u00e0i t\u1eadp. \u0110\u00e2y l\u00e0 1 y\u1ebfu t\u1ed1 c\u1ef1c k\u1ef3 quan tr\u1ecdng trong vi\u1ec7c t\u1eadp luy\u1ec7n.<\/p>\n<p>M\u1ed9t s\u1ea3n ph\u1ea9m cung c\u1ea5p protein ch\u1ea5t l\u01b0\u1ee3ng nh\u1ea5t \u0111\u1ec3 ph\u00e1t tri\u1ec3n c\u01a1 b\u1eafp &#8211; M\u1ed9t s\u1ea3n ph\u1ea9m cho b\u1ea1n nh\u1eefng bu\u1ed5i<\/p>\n","protected":false},"excerpt":{"rendered":"<p><strong>Whey Isolate Lean Musclebuilder!*<\/strong><\/p>\n<p>Ultra Pure Whey Isolate Enhanced With Creatine &amp; Aminos!<\/p>\n<p><strong>Supported Goal:<\/strong>\u00a0Build Muscle<br \/>\n<strong>Main Ingredient:<\/strong>\u00a0Whey Protein\u00a0Isolate<\/p>\n","protected":false},"featured_media":303,"comment_status":"open","ping_status":"closed","template":"","meta":[],"product_cat":[15],"product_tag":[],"class_list":["post-302","product","type-product","status-publish","has-post-thumbnail","hentry","pwb-brand-muscletech","product_cat-phu-kien"],"brands":[{"id":71,"name":"Muscletech","slug":"muscletech"}],"_links":{"self":[{"href":"https:\/\/khowordpress.com\/gymshop\/wp-json\/wp\/v2\/product\/302","targetHints":{"allow":["GET"]}}],"collection":[{"href":"https:\/\/khowordpress.com\/gymshop\/wp-json\/wp\/v2\/product"}],"about":[{"href":"https:\/\/khowordpress.com\/gymshop\/wp-json\/wp\/v2\/types\/product"}],"replies":[{"embeddable":true,"href":"https:\/\/khowordpress.com\/gymshop\/wp-json\/wp\/v2\/comments?post=302"}],"wp:featuredmedia":[{"embeddable":true,"href":"https:\/\/khowordpress.com\/gymshop\/wp-json\/wp\/v2\/media\/303"}],"wp:attachment":[{"href":"https:\/\/khowordpress.com\/gymshop\/wp-json\/wp\/v2\/media?parent=302"}],"wp:term":[{"taxonomy":"product_cat","embeddable":true,"href":"https:\/\/khowordpress.com\/gymshop\/wp-json\/wp\/v2\/product_cat?post=302"},{"taxonomy":"product_tag","embeddable":true,"href":"https:\/\/khowordpress.com\/gymshop\/wp-json\/wp\/v2\/product_tag?post=302"}],"curies":[{"name":"wp","href":"https:\/\/api.w.org\/{rel}","templated":true}]}}