{"id":306,"date":"2019-06-22T17:50:41","date_gmt":"2019-06-22T10:50:41","guid":{"rendered":"http:\/\/demo8.vietlac.info\/xinhshop\/?post_type=product&#038;p=306"},"modified":"2019-06-29T22:19:25","modified_gmt":"2019-06-29T15:19:25","slug":"dymatize-elite-100-whey-protein-5-lbs-227-kg","status":"publish","type":"product","link":"https:\/\/khowordpress.com\/gymshop\/san-pham\/dymatize-elite-100-whey-protein-5-lbs-227-kg\/","title":{"rendered":"Dymatize Elite 100% Whey Protein 5 Lbs (2,27 kg)"},"content":{"rendered":"<p>&#8211; Elite Whey Protein l\u00e0 s\u1ef1 pha tr\u1ed9n ho\u00e0n h\u1ea3o gi\u1eefa Whey Protein Concentrate, Whey Protein Isolate v\u00e0 Whey peptides. S\u1ea3n ph\u1ea9m kh\u00f4ng ch\u1ee9a \u0111\u01b0\u1eddng, Frutose, mu\u1ed1i v\u00e0 cacbonhydrate. Elite Whey Protein bao g\u1ed3m chu\u1ed7i ti\u00eau h\u00f3a enzyme nh\u01b0 Zytrix gi\u00fap h\u1ea5p th\u1ee5 d\u1ec5 d\u00e0ng v\u00e0 ti\u00eau h\u00f3a t\u1ed1t ngay c\u1ea3 c\u00e1c th\u00e0nh ph\u1ea7n \u0111\u01b0\u1eddng Lactose c\u1ee9ng \u0111\u1ea7u nh\u1ea5t. Elite Whey Protein l\u00e0 m\u1ed9t ch\u1ecdn l\u1ef1a t\u1ed1t \u0111\u1ec3 duy tr\u00ec v\u00e0 ph\u00e1t tri\u1ec3n c\u01a1 b\u1eafp, x\u00e2y d\u1ef1ng v\u00e0 c\u1ea3i thi\u1ec7n v\u00f3c d\u00e1ng.<\/p>\n<p>&#8211; \u0110\u1ec3 c\u00f3 m\u1ed9t v\u00f3c d\u00e1ng c\u01a1 b\u1eafp, th\u00ec ch\u1ea5t b\u00e9o t\u1eeb nh\u1eefng th\u1ef1c ph\u1ea9m gi\u00e0u n\u0103ng l\u01b0\u1ee3ng \u0111\u01b0\u1ee3c khuy\u00ean l\u00e0 kh\u00f4ng n\u00ean d\u00f9ng trong ch\u1ebf \u0111\u1ed9 \u0103n c\u1ee7a b\u1ea1n. Elite Whey Protein l\u00e0 gi\u1ea3i ph\u00e1p th\u00f4ng minh cho nh\u1eefng ng\u01b0\u1eddi mu\u1ed1n t\u1eadp luy\u1ec7n \u0111\u1ec3 t\u0103ng c\u01a1 v\u00e0 gi\u1ea3m b\u00e9o. S\u1ea3n ph\u1ea9m l\u00e0 ngu\u1ed3n cung c\u1ea5p Protein d\u1ed3i d\u00e0o, ch\u1ea5t l\u01b0\u1ee3ng cao, \u0111\u1ea3m b\u1ea3o m\u1ed9t ch\u1ebf \u0111\u1ed9 \u0103n b\u1ed5 sung Protein hi\u1ec7u qu\u1ea3.<\/p>\n<p>&#8211; M\u00f9i v\u1ecb tuy\u1ec7t v\u1eddi c\u1ee7a Elite Whey Protein s\u1ebd th\u1ecfa m\u00e3n mong \u0111\u1ee3i c\u1ee7a b\u1ea1n. B\u1ea1n c\u00f3 th\u1ec3 pha th\u00eam m\u1ed9t ch\u00fat \u0111\u01b0\u1eddng, ch\u1ea5t ng\u1ecdt nh\u00e2n t\u1ea1o, hay Natri \u0111\u1ec3 c\u00f3 kh\u1ea9u v\u1ecb \u01b0a d\u00f9ng n\u1ebfu b\u1ea1n mu\u1ed1n. S\u1ea3n ph\u1ea9m l\u00e0 m\u1ed9t h\u1ed7n h\u1ee3p \u0111\u01b0\u1ee3c pha tr\u1ed9n m\u1ec1m m\u1ecbn, \u0111\u1ed3ng nh\u1ea5t d\u1ec5 h\u00f2a tan nhanh ch\u00f3ng, thu\u1eadn ti\u1ec7n d\u00f9ng m\u1ecdi l\u00fac m\u1ecdi n\u01a1i.<\/p>\n<p>&#8211; Elite Whey Protein kh\u00f4ng nh\u1eefng l\u00e0 s\u1ea3n ph\u1ea9m \u0111em l\u1ea1i ngu\u1ed3n protein ch\u1ea5t l\u01b0\u1ee3ng cao nh\u1ea5t, m\u00e0 c\u00f2n l\u00e0 gi\u1ea3i ph\u00e1p kinh t\u1ebf c\u1ee7a b\u1ea1n, b\u1edfi ch\u00fang t\u00f4i \u0111\u00e3 x\u00e2y d\u1ef1ng m\u1ed9t m\u1ee9c gi\u00e1 v\u00f4 c\u00f9ng ti\u1ebft ki\u1ec7m h\u01a1n so v\u1edbi c\u00e1c s\u1ea3n ph\u1ea9m c\u00f9ng lo\u1ea1i kh\u00e1c tr\u00ean th\u1ecb tr\u01b0\u1eddng hi\u1ec7n nay. Th\u1ebf n\u00ean Elite Whey Protein \u0111\u00e3 tr\u1edf th\u00e0nh s\u1ef1 l\u1ef1a ch\u1ecdn th\u00f4ng minh, ti\u1ebft ki\u1ec7m v\u00e0 ho\u00e0n h\u1ea3o nh\u1ea5t cho b\u1ea1n.<\/p>\n<p>\u0110i\u1ec3m n\u1ed5i b\u1eadt c\u1ee7a s\u1ea3n ph\u1ea9m<\/p>\n<p>+ 25g Whey Protein 100% trong 1 mu\u1ed7ng<\/p>\n<p>+ 4g+ Glutamine<\/p>\n<p>+ 5g+ BCAA<\/p>\n<p>+ H\u1ed7 tr\u1ee3 Low Carb<\/p>\n<p>+ H\u00f2a tan ngay t\u1ee9c th\u00ec<\/p>\n<p>S\u1eed d\u1ee5ng: S\u1eed d\u1ee5ng trung b\u00ecnh 1.5 &#8211; 2 mu\u1ed7ng t\u1ed1t nh\u1ea5t sau khi t\u1eadp luy\u1ec7n, T\u00ednh theo DV 1g Protein \/ 1 lb tr\u1ecdng l\u01b0\u1ee3ng c\u01a1 th\u1ec3 bao g\u1ed3m ngu\u1ed3n Protein \u0111\u1ebfn t\u1eeb th\u1ee9c \u0103n.<\/p>\n<p>Gymstore.vn cam k\u1ebft h\u00e0ng ch\u00ednh h\u00e3ng, gi\u00e1 Dymatize Elite 100% Whey Protein t\u1ed1t nh\u1ea5t th\u1ecb tr\u01b0\u1eddng.<\/p>\n","protected":false},"excerpt":{"rendered":"<p><strong>Whey Protein Powder to Build Muscle*<\/strong><\/p>\n<p>High Quality Protein, Loaded with Muscle Fuel and a New Improved Taste*<\/p>\n<p><strong>Supported Goal:<\/strong>\u00a0Build Muscle<\/p>\n<p><strong>Main Ingredient:<\/strong>\u00a0Whey Protein\u00a0Isolate<\/p>\n","protected":false},"featured_media":307,"comment_status":"open","ping_status":"closed","template":"","meta":[],"product_cat":[38],"product_tag":[],"class_list":["post-306","product","type-product","status-publish","has-post-thumbnail","hentry","pwb-brand-dymatize","product_cat-protein-phat-trien-co"],"brands":[{"id":73,"name":"Dymatize","slug":"dymatize"}],"_links":{"self":[{"href":"https:\/\/khowordpress.com\/gymshop\/wp-json\/wp\/v2\/product\/306","targetHints":{"allow":["GET"]}}],"collection":[{"href":"https:\/\/khowordpress.com\/gymshop\/wp-json\/wp\/v2\/product"}],"about":[{"href":"https:\/\/khowordpress.com\/gymshop\/wp-json\/wp\/v2\/types\/product"}],"replies":[{"embeddable":true,"href":"https:\/\/khowordpress.com\/gymshop\/wp-json\/wp\/v2\/comments?post=306"}],"wp:featuredmedia":[{"embeddable":true,"href":"https:\/\/khowordpress.com\/gymshop\/wp-json\/wp\/v2\/media\/307"}],"wp:attachment":[{"href":"https:\/\/khowordpress.com\/gymshop\/wp-json\/wp\/v2\/media?parent=306"}],"wp:term":[{"taxonomy":"product_cat","embeddable":true,"href":"https:\/\/khowordpress.com\/gymshop\/wp-json\/wp\/v2\/product_cat?post=306"},{"taxonomy":"product_tag","embeddable":true,"href":"https:\/\/khowordpress.com\/gymshop\/wp-json\/wp\/v2\/product_tag?post=306"}],"curies":[{"name":"wp","href":"https:\/\/api.w.org\/{rel}","templated":true}]}}