{"id":309,"date":"2019-06-22T22:45:56","date_gmt":"2019-06-22T15:45:56","guid":{"rendered":"http:\/\/demo8.vietlac.info\/xinhshop\/?post_type=product&#038;p=309"},"modified":"2019-06-30T01:02:59","modified_gmt":"2019-06-29T18:02:59","slug":"dymatize-iso%e2%80%a2100-5-lbs-225-kg","status":"publish","type":"product","link":"https:\/\/khowordpress.com\/gymshop\/san-pham\/dymatize-iso%e2%80%a2100-5-lbs-225-kg\/","title":{"rendered":"Dymatize ISO 100 5 Lbs (2,25 kg)"},"content":{"rendered":"<p><img loading=\"lazy\" decoding=\"async\" class=\"aligncenter wp-image-301 size-full\" src=\"\/gymshop\/wp-content\/uploads\/2019\/06\/dymatize-iso\u2022100-5-lbs-227-kg-3.jpg\" alt=\"Dymatize ISO 100 5 Lbs (2,25 kg)\" width=\"1000\" height=\"500\" srcset=\"https:\/\/khowordpress.com\/gymshop\/wp-content\/uploads\/2019\/06\/dymatize-iso\u2022100-5-lbs-227-kg-3.jpg 1000w, https:\/\/khowordpress.com\/gymshop\/wp-content\/uploads\/2019\/06\/dymatize-iso\u2022100-5-lbs-227-kg-3-600x300.jpg 600w, https:\/\/khowordpress.com\/gymshop\/wp-content\/uploads\/2019\/06\/dymatize-iso\u2022100-5-lbs-227-kg-3-768x384.jpg 768w\" sizes=\"auto, (max-width: 1000px) 100vw, 1000px\" \/><\/p>\n<p>Nhu c\u1ea7u cung c\u1ea5p whey protein isolate l\u00e0 thi\u1ebft y\u1ebfu, v\u00e0 h\u1ea7u h\u1ebft c\u00e1c chuy\u00ean gia dinh d\u01b0\u1ee1ng v\u00e0 nh\u1eefng ng\u01b0\u1eddi ch\u01a1i th\u1ec3 thao sau khi d\u00f9ng Dymatize Iso 100 \u0111\u1ec1u nh\u1eadn \u0111\u1ecbnh r\u1eb1ng Iso 100 mang l\u1ea1i m\u00f9i v\u1ecb, v\u00e0 hi\u1ec7u qu\u1ea3 th\u1eadt kh\u00e1c bi\u1ec7t. V\u1edbi c\u00f4ng ngh\u1ec7 khoa h\u1ecdc cao, whey protein Isolate \u0111\u00e3 \u0111\u01b0\u1ee3c t\u00e1ch v\u00e0 x\u1eed l\u00fd m\u1ed9t c\u00e1ch ho\u00e0n h\u1ea3o, 100 % whey Isolate \u0111\u00e3 \u0111\u01b0\u1ee3c ph\u00e2n nh\u00e1nh tr\u1ea3i qua 5 qu\u00e1 tr\u00ecnh ki\u1ec3m tra v\u00e0 ki\u1ec3m so\u00e1t v\u1ec1 ch\u1ea5t l\u01b0\u1ee3ng. Iso 100 \u0111\u01b0\u1ee3c thi\u1ebft k\u1ebf \u0111\u00e1nh b\u1eadt ho\u00e0n to\u00e0n lactose v\u00e0 ch\u1ea5t b\u00e9o, kh\u00f4ng c\u00f2n g\u00ec khi\u1ebfn b\u1ea1n b\u1eadn t\u00e2m v\u00e0 lo l\u1eafng ngo\u00e0i protein v\u00e0 c\u00e1c ch\u1ea5t \u0111\u1ed3ng h\u00f3a kh\u00e1c gi\u00fap ti\u00eau h\u00f3a d\u1ec5 d\u00e0ng.<\/p>\n<p>Trong th\u1ef1c t\u1ebf protein \u0111\u00f3ng vai tr\u00f2 quan tr\u1ecdng \u0111\u1ec3 nu\u00f4i d\u01b0\u1ee1ng x\u00e2y d\u1ef1ng c\u01a1 b\u1eafp v\u00e0 duy tr\u00ec tr\u1ea1ng th\u00e1i c\u00e2n b\u1eb1ng Nito, m\u1ed9t ph\u1ea7n kh\u00f4ng th\u1ec3 thi\u1ebfu trong su\u1ed1t qu\u00e1 tr\u00ecnh t\u1eadp luy\u1ec7n c\u0103ng th\u1eb3ng. Iso 100 \u0111\u01b0\u1ee3c thi\u1ebft k\u1ebf nh\u1eb1m m\u1ee5c \u0111\u00edch mang l\u1ea1i ngu\u1ed3n cung c\u1ea5p v\u1edbi h\u00e0m l\u01b0\u1ee3ng protein cao nh\u1ea5t, b\u1edfi v\u1eady v\u1edbi Iso 100 b\u1ea1n ho\u00e0n to\u00e0n t\u1ef1 tin r\u1eb1ng c\u00e1c kh\u1ed1i c\u01a1 b\u1eafp s\u1ebd \u0111\u01b0\u1ee3c nu\u00f4i d\u01b0\u1ee1ng h\u00e0ng ng\u00e0y m\u1ed9t c\u00e1ch hi\u1ec7u qu\u1ea3.<\/p>\n","protected":false},"excerpt":{"rendered":"<p>Whey Protein Powder for Building Muscle*<br \/>\nUltra-Fast Absorption to Build and Repair Muscle*<br \/>\nSupported Goal: Build Muscle<br \/>\nMain Ingredient: Hydrolyzed Whey Protein<\/p>\n","protected":false},"featured_media":310,"comment_status":"open","ping_status":"closed","template":"","meta":[],"product_cat":[38],"product_tag":[],"class_list":["post-309","product","type-product","status-publish","has-post-thumbnail","hentry","pwb-brand-dymatize","product_cat-protein-phat-trien-co"],"brands":[{"id":73,"name":"Dymatize","slug":"dymatize"}],"_links":{"self":[{"href":"https:\/\/khowordpress.com\/gymshop\/wp-json\/wp\/v2\/product\/309","targetHints":{"allow":["GET"]}}],"collection":[{"href":"https:\/\/khowordpress.com\/gymshop\/wp-json\/wp\/v2\/product"}],"about":[{"href":"https:\/\/khowordpress.com\/gymshop\/wp-json\/wp\/v2\/types\/product"}],"replies":[{"embeddable":true,"href":"https:\/\/khowordpress.com\/gymshop\/wp-json\/wp\/v2\/comments?post=309"}],"wp:featuredmedia":[{"embeddable":true,"href":"https:\/\/khowordpress.com\/gymshop\/wp-json\/wp\/v2\/media\/310"}],"wp:attachment":[{"href":"https:\/\/khowordpress.com\/gymshop\/wp-json\/wp\/v2\/media?parent=309"}],"wp:term":[{"taxonomy":"product_cat","embeddable":true,"href":"https:\/\/khowordpress.com\/gymshop\/wp-json\/wp\/v2\/product_cat?post=309"},{"taxonomy":"product_tag","embeddable":true,"href":"https:\/\/khowordpress.com\/gymshop\/wp-json\/wp\/v2\/product_tag?post=309"}],"curies":[{"name":"wp","href":"https:\/\/api.w.org\/{rel}","templated":true}]}}