{"id":314,"date":"2019-06-22T22:57:03","date_gmt":"2019-06-22T15:57:03","guid":{"rendered":"http:\/\/demo8.vietlac.info\/xinhshop\/?post_type=product&#038;p=314"},"modified":"2019-06-29T22:18:45","modified_gmt":"2019-06-29T15:18:45","slug":"rule-1-r1-protein-10-lbs-4576-kg","status":"publish","type":"product","link":"https:\/\/khowordpress.com\/gymshop\/san-pham\/rule-1-r1-protein-10-lbs-4576-kg\/","title":{"rendered":"Rule 1 R1 Protein 10 Lbs (4,576 kg)"},"content":{"rendered":"<p><img loading=\"lazy\" decoding=\"async\" class=\"aligncenter wp-image-305 size-full\" src=\"\/gymshop\/wp-content\/uploads\/2019\/06\/muscletech-nitro-tech-2-lbs-907-g-2.jpg\" alt=\"\" width=\"1000\" height=\"500\" srcset=\"https:\/\/khowordpress.com\/gymshop\/wp-content\/uploads\/2019\/06\/muscletech-nitro-tech-2-lbs-907-g-2.jpg 1000w, https:\/\/khowordpress.com\/gymshop\/wp-content\/uploads\/2019\/06\/muscletech-nitro-tech-2-lbs-907-g-2-600x300.jpg 600w, https:\/\/khowordpress.com\/gymshop\/wp-content\/uploads\/2019\/06\/muscletech-nitro-tech-2-lbs-907-g-2-768x384.jpg 768w\" sizes=\"auto, (max-width: 1000px) 100vw, 1000px\" \/><\/p>\n<p>C\u00f4ng th\u1ee9c si\u00eau tinh khi\u1ebft Whey Protein \/ Hydrolysate Formula<br \/>\nT\u0103ng c\u01b0\u1eddng Acid Amino Protein Powder<\/p>\n<p>Khi b\u1ea1n r\u1ea5t ch\u0103m ch\u1ec9 t\u1eadp luy\u1ec7n, h\u00e0ng ti\u1ebfng m\u1ed7i ng\u00e0y b\u1eb1ng t\u1ea5t c\u1ea3 s\u1ef1 n\u1ed7 l\u1ef1c, nh\u01b0ng nh\u01b0 th\u1ebf \u0111\u00e3 \u0111\u1ee7?. Nh\u01b0ng nh\u1eefng g\u00ec b\u1ea1n \u0111\u01b0a v\u00e0o c\u01a1 th\u1ec3 c\u1ee7a b\u1ea1n tr\u01b0\u1edbc, trong v\u00e0 sau khi t\u1eadp luy\u1ec7n th\u1eadm ch\u00ed c\u00f2n c\u00f3 th\u1ec3 quan tr\u1ecdng h\u01a1n nhi\u1ec1u h\u01a1n, ch\u1ea5t l\u01b0\u1ee3ng h\u01a1n v\u1edbi c\u00f9ng m\u1ed9t s\u1ed1 ti\u1ec1n so v\u1edbi c\u00e1c lo\u1ea1i Whey Protein kh\u00e1c b\u1ea1n c\u00f3 th\u1ebf \u0111\u1ea1t \u0111\u01b0\u1ee3c k\u1ebft qu\u1ea3 t\u1ed1t h\u01a1n.<\/p>\n<p>Protein h\u00e0ng \u0111\u1ea7u c\u1ee7a ch\u00fang t\u00f4i \u0111\u01b0\u1ee3c s\u1ea3n xu\u1ea5t v\u1edbi 100% whey c\u00f4 l\u1eadp si\u00eau m\u1ecbn, th\u1ee7y ph\u00e2n whey c\u00f3 t\u00e1c d\u1ee5ng nhanh, v\u00e0 h\u1ea7u nh\u01b0 kh\u00f4ng c\u00f3 g\u00ec kh\u00e1c. Ch\u00fang t\u00f4i \u0111\u00e3 b\u1ecf qua ho\u00e0n to\u00e0n vi\u1ec7c s\u1eed d\u1ee5ng whey c\u00f4 \u0111\u1eb7c c\u0169ng nh\u01b0 c\u00e1c lo\u1ea1i kem, ch\u1ea5t l\u00e0m t\u0103ng amino, v\u00e0 c\u00e1c ch\u1ea5t \u0111\u1ed9n kh\u00e1c l\u00e0m lo\u00e3ng nh\u1eefng g\u00ec b\u1ea1n th\u1ef1c s\u1ef1 \u0111\u1ebfn &#8211; protein. K\u1ebft qu\u1ea3 l\u00e0 t\u1ef7 l\u1ec7 ph\u1ea7n tr\u0103m \u0111\u1ed9 tinh khi\u1ebft protein (PPP) h\u00e0ng \u0111\u1ea7u c\u1ee7a ng\u00e0nh \u0111\u1ea1t t\u1edbi 87%.<\/p>\n<p>\u0110\u1ea7u v\u00e0o t\u1ed1t h\u01a1n d\u1eabn \u0111\u1ebfn \u0111\u1ea7u ra t\u1ed1t h\u01a1n. \u0110\u00f3 l\u00e0 nh\u1eefng g\u00ec n\u00f3i v\u1ec1 c\u00f4ng th\u1ee9c Whey Hydrolysates, BCAAs nhi\u1ec1u h\u01a1n (h\u01a1n 6 gram &#8211; m\u1ed9t trong nh\u1eefng l\u01b0\u1ee3ng cao nh\u1ea5t hi\u1ec7n c\u00f3), L Glutamine v\u00e0 m\u1ecdi th\u1ee9 kh\u00e1c n\u1eefa.<\/p>\n<p>ZERO sugar<br \/>\nZERO fat<br \/>\nZERO gluten<br \/>\nZERO gums<br \/>\nZERO creamers<br \/>\nZERO fillers<br \/>\nZERO artificial preservatives<br \/>\nZERO amino or banned substance spiking<br \/>\nH\u01a1n n\u1eefa, R1 Protein \u2122 c\u00f3 th\u1ec3 l\u00e0 l\u1ef1a ch\u1ecdn thay th\u1ebf t\u1ed1t h\u01a1n b\u1ea5t c\u1ee9 s\u1ea3n ph\u1ea9m b\u1ed5 sung Protein cao c\u1ea5p n\u00e0o kh\u00e1c &#8211; \u1edf c\u00f9ng m\u1ed9t gi\u00e1 nh\u01b0 c\u00e1c s\u1ea3n ph\u1ea9m c\u01a1 s\u1edf c\u1ee7a h\u1ecd! V\u00e0 m\u1ed9t b\u1ed5 sung t\u1ed1t h\u01a1n \u1edf m\u1ed9t m\u1ee9c gi\u00e1 t\u1ed1t h\u01a1n? \u0110\u01a1n gi\u1ea3n ch\u1ec9 l\u00e0 th\u00f4ng minh.<\/p>\n<p>Ch\u00fang t\u00f4i kh\u00f4ng ti\u1ebfc chi ph\u00ed khi x\u00e2y d\u1ef1ng c\u00f4ng th\u1ee9c c\u1ee7a R1 Protein \u2122, ch\u1ec9 t\u00ecm ngu\u1ed3n cung \u1ee9ng t\u1ed1t nh\u1ea5t, nguy\u00ean li\u1ec7u tinh khi\u1ebft nh\u1ea5t c\u00f3 s\u1eb5n. T\u1ea5t c\u1ea3 c\u00e1c protein c\u1ee7a ch\u00fang t\u00f4i \u0111ang th\u1ef1c s\u1ef1 instantized (\u0111\u1ea7y \u0111\u1ee7 k\u1ebft t\u1ee5) \u0111\u1ec3 \u0111\u1ea3m b\u1ea3o d\u1ec5 d\u00e0ng tr\u1ed9n, ngay c\u1ea3 trong \u0111i\u1ec1u ki\u1ec7n gi\u00e1 l\u1ea1nh nh\u1ea5t c\u1ee7a ch\u1ea5t l\u1ecfng. Plus, h\u01b0\u01a1ng v\u1ecb c\u1ee7a ch\u00fang t\u00f4i l\u00e0 phun kh\u00f4, c\u00f3 h\u01b0\u01a1ng s\u00e2u s\u1eafc h\u01a1n, h\u01b0\u01a1ng v\u1ecb phong ph\u00fa h\u01a1n s\u1ebd kh\u00f4ng ti\u00eau tan, ngay c\u1ea3 v\u1edbi th\u1eddi h\u1ea1n s\u1eed d\u1ee5ng k\u00e9o d\u00e0i.<\/p>\n<p>C\u00f4ng th\u1ee9c h\u1ea7u nh\u01b0 kh\u00f4ng c\u00f3 ch\u1ea5t b\u00e9o, tinh b\u1ed9t, ho\u1eb7c cholesterol &#8211; v\u00e0 ZERO b\u1ed9t kem th\u00eam ho\u1eb7c gums \u0111\u01b0\u1ee3c th\u00eam v\u00e0o gi\u1ed1ng c\u00e1c s\u1ea3n ph\u1ea9m protein kh\u00e1c c\u00f3 xu h\u01b0\u1edbng s\u1eed d\u1ee5ng nh\u01b0 ch\u1ea5t t\u1ea1o \u0111\u1eb7c &#8211; b\u1ea1n \u0111ang nh\u1eadn \u0111\u01b0\u1ee3c m\u1ed9t trong nh\u1eefng s\u1ea3n ph\u1ea9m cao c\u1ea5p \u0111\u01b0\u1ee3c ph\u00e2n l\u1eadp tinh khi\u1ebft nh\u1ea5t tr\u00ean th\u1ecb tr\u01b0\u1eddng.<\/p>\n<p>H\u00e3y nh\u1edb r\u1eb1ng, c\u00e1c \u0111\u1ea7u v\u00e0o t\u1ed1t nh\u1ea5t = \u0111\u1ea7u ra t\u1ed1t nh\u1ea5t<\/p>\n","protected":false},"excerpt":{"rendered":"<p>Whey Protein Powder<\/p>\n<p>Whey Protein Isolate with 0 Sugar, 0 Lactose, 0 Gluten and No Spiking.<\/p>\n<p>Supported Goal: Build Muscle<br \/>\nMain Ingredient: Whey Protein Isolate<\/p>\n","protected":false},"featured_media":315,"comment_status":"open","ping_status":"closed","template":"","meta":[],"product_cat":[38],"product_tag":[],"class_list":["post-314","product","type-product","status-publish","has-post-thumbnail","hentry","pwb-brand-rule-1","product_cat-protein-phat-trien-co","pa_huong-vi-cookies-creme","pa_huong-vi-frozen-banana","pa_huong-vi-orange-dreamsicle"],"brands":[{"id":72,"name":"Rule 1","slug":"rule-1"}],"_links":{"self":[{"href":"https:\/\/khowordpress.com\/gymshop\/wp-json\/wp\/v2\/product\/314","targetHints":{"allow":["GET"]}}],"collection":[{"href":"https:\/\/khowordpress.com\/gymshop\/wp-json\/wp\/v2\/product"}],"about":[{"href":"https:\/\/khowordpress.com\/gymshop\/wp-json\/wp\/v2\/types\/product"}],"replies":[{"embeddable":true,"href":"https:\/\/khowordpress.com\/gymshop\/wp-json\/wp\/v2\/comments?post=314"}],"wp:featuredmedia":[{"embeddable":true,"href":"https:\/\/khowordpress.com\/gymshop\/wp-json\/wp\/v2\/media\/315"}],"wp:attachment":[{"href":"https:\/\/khowordpress.com\/gymshop\/wp-json\/wp\/v2\/media?parent=314"}],"wp:term":[{"taxonomy":"product_cat","embeddable":true,"href":"https:\/\/khowordpress.com\/gymshop\/wp-json\/wp\/v2\/product_cat?post=314"},{"taxonomy":"product_tag","embeddable":true,"href":"https:\/\/khowordpress.com\/gymshop\/wp-json\/wp\/v2\/product_tag?post=314"}],"curies":[{"name":"wp","href":"https:\/\/api.w.org\/{rel}","templated":true}]}}