{"id":189,"date":"2017-08-26T11:45:18","date_gmt":"2017-08-26T04:45:18","guid":{"rendered":"http:\/\/laptopquangbinh.sonqb.com\/?page_id=189"},"modified":"2019-04-10T10:08:21","modified_gmt":"2019-04-10T03:08:21","slug":"gioi-thieu-dai-ly-honda-quang-binh","status":"publish","type":"page","link":"https:\/\/khowordpress.com\/honda1\/gioi-thieu-dai-ly-honda-quang-binh","title":{"rendered":"Gi\u1edbi thi\u1ec7u"},"content":{"rendered":"<h1 style=\"text-align: center;\">\u0110\u1ea0I L\u00dd \u00d4 T\u00d4 HONDA T\u1ea0I QU\u1ea2NG B\u00ccNH<\/h1>\n<h2>Gi\u1edbi thi\u1ec7u chung<\/h2>\n<p>Honda \u00d4 t\u00f4 Qu\u1ea3ng B\u00ecnh l\u00e0 \u0110\u1ea1i l\u00fd \u0111\u1ea1t ti\u00eau chu\u1ea9n 5S \u0111\u1ea7u ti\u00ean t\u1ea1i t\u1ec9nh Qu\u1ea3ng B\u00ecnh v\u1edbi di\u1ec7n t\u00edch h\u01a1n 10.000m2 s\u1eed d\u1ee5ng, \u0111\u00e1p \u1ee9ng ti\u00eau chu\u1ea9n 5S m\u1edbi nh\u1ea5t c\u1ee7a Honda bao g\u1ed3m: B\u00e1n h\u00e0ng, B\u1ea3o h\u00e0nh b\u1ea3o d\u01b0\u1ee1ng, cung c\u1ea5p ph\u1ee5 t\u00f9ng Honda ch\u00ednh hi\u1ec7u, l\u00e1i xe an to\u00e0n v\u00e0 ho\u1ea1t \u0111\u1ed9ng x\u00e3 h\u1ed9i. \u0110\u01b0\u1ee3c ph\u00e1t tri\u1ec3n theo ti\u00eau chu\u1ea9n c\u1ee7a Honda to\u00e0n c\u1ea7u v\u1edbi \u00fd t\u01b0\u1edfng l\u1ea5y kh\u00e1ch h\u00e0ng l\u00e0 trung t\u00e2m, t\u1eebng chi ti\u1ebft, t\u1eebng khu v\u1ef1c, t\u1eebng quy tr\u00ecnh t\u1ea1i Honda \u00f4 t\u00f4 Ninh B\u00ecnh \u0111\u1ec1u \u0111\u01b0\u1ee3c trau chu\u1ed1t k\u1ef9 l\u01b0\u1ee1ng v\u00e0 \u0111\u1ea7u t\u01b0 quy m\u00f4, ti\u00eau chu\u1ea9n hi\u1ec7n \u0111\u1ea1i.<\/p>\n<p>\u0110\u1ea1i l\u00fd \u0111\u01b0\u1ee3c x\u00e2y d\u1ef1ng g\u1ed3m 3 t\u1ea7ng bao g\u1ed3m c\u00e1c khu v\u1ef1c ch\u00ednh: khu v\u1ef1c tr\u01b0ng b\u00e0y xe, khu v\u0103n ph\u00f2ng l\u00e0m vi\u1ec7c, khu v\u1ef1c d\u1ecbch v\u1ee5 v\u1edbi \u0111\u1ecbnh h\u01b0\u1edbng mang t\u1edbi cho kh\u00e1ch h\u00e0ng s\u1ef1 h\u00e0i l\u00f2ng trong t\u1eebng s\u1ea3n ph\u1ea9m, d\u1ecbch v\u1ee5 \u0111\u01b0\u1ee3c cung c\u1ea5p.<\/p>\n<p><img loading=\"lazy\" decoding=\"async\" class=\"alignnone size-full wp-image-4118\" src=\"http:\/\/honda2.maugiaodien.com\/media\/2019\/04\/dai-ly-o-to-honda-quang-binh.jpg\" alt=\"\" width=\"1200\" height=\"800\" srcset=\"https:\/\/khowordpress.com\/honda1\/wp-content\/uploads\/2019\/04\/dai-ly-o-to-honda-quang-binh.jpg 1200w, https:\/\/khowordpress.com\/honda1\/wp-content\/uploads\/2019\/04\/dai-ly-o-to-honda-quang-binh-768x512.jpg 768w, https:\/\/khowordpress.com\/honda1\/wp-content\/uploads\/2019\/04\/dai-ly-o-to-honda-quang-binh-800x533.jpg 800w\" sizes=\"auto, (max-width: 1200px) 100vw, 1200px\" \/><\/p>\n<p>B\u00ean c\u1ea1nh s\u1ef1 \u0111\u1ea7u t\u01b0 v\u1ec1 quy m\u00f4, ti\u00eau chu\u1ea9n hi\u1ec7n \u0111\u1ea1i c\u1ee7a \u0110\u1ea1i l\u00fd, ch\u00fang t\u00f4i c\u0169ng hi\u1ec3u r\u1eb1ng nh\u00e2n l\u1ef1c m\u1edbi l\u00e0 \u0111i\u1ec1u ki\u1ec7n ti\u00ean quy\u1ebft \u0111\u1ec3 \u0111em \u0111\u1ebfn ch\u1ea5t l\u01b0\u1ee3ng h\u00e0ng \u0111\u1ea7u v\u00e0 d\u1ecbch v\u1ee5 t\u1ed1t nh\u1ea5t. Ch\u00ednh v\u00ec th\u1ebf, \u0111\u1ed9i ng\u0169 nh\u00e2n s\u1ef1 t\u1ea1i \u0111\u00e2y \u0111\u00e3 tr\u1ea3i qua qu\u00e1 tr\u00ecnh \u0111\u00e0o t\u1ea1o b\u00e0i b\u1ea3n c\u1ee7a Honda Vi\u1ec7t Nam, c\u0169ng nh\u01b0 \u0111\u00e3 c\u00f3 b\u1ec1 d\u00e0y kinh nghi\u1ec7m \u0111\u1ec3 s\u1eb5n s\u00e0ng \u0111\u00e1p \u1ee9ng nhu c\u1ea7u \u0111a d\u1ea1ng c\u1ee7a kh\u00e1ch h\u00e0ng v\u1edbi tinh th\u1ea7n tr\u00e1ch nhi\u1ec7m cao nh\u1ea5t, t\u1eadn t\u00e2m, chu \u0111\u00e1o v\u00e0 \u0111\u00e1ng tin c\u1eady.<\/p>\n<p>M\u1ee5c ti\u00eau l\u1edbn nh\u1ea5t c\u1ee7a Honda \u00d4t\u00f4 Qu\u1ea3ng B\u00ecnh l\u00e0 ph\u1ee5c v\u1ee5 kh\u00e1ch h\u00e0ng m\u1ed9t c\u00e1ch t\u1ed1t nh\u1ea5t. Kh\u00e1ch h\u00e0ng lu\u00f4n l\u00e0 tr\u1ecdng t\u00e2m trong c\u00e1c ho\u1ea1t \u0111\u1ed9ng c\u1ee7a Honda \u00d4 t\u00f4 Qu\u1ea3ng B\u00ecnh. B\u1edfi v\u1eady, ch\u00fang t\u00f4i lu\u00f4n mu\u1ed1n mang \u0111\u1ebfn cho kh\u00e1ch h\u00e0ng nh\u1eefng tr\u1ea3i nghi\u1ec7m tuy\u1ec7t v\u1eddi nh\u1ea5t.<\/p>\n<p><span style=\"color: #ff0000;\"><strong><em>Li\u00ean h\u1ec7 ngay \u0111\u1ec3 \u0111\u01b0\u1ee3c t\u01b0 v\u1ea5n mi\u1ec5n ph\u00ed 24\/7!<\/em><\/strong><\/span><\/p>\n<ul>\n<li><span style=\"font-size: 95%;\"><strong>\u0110\u1ecba ch\u1ec9:<\/strong> xxx H\u1eefu Ngh\u1ecb, TP. \u0110\u1ed3ng H\u1edbi, Qu\u1ea3ng B\u00ecnh<\/span><\/li>\n<li><span style=\"font-size: 95%;\"><strong>Hotline:\u00a0<\/strong><a href=\"tel:0916913xxx\">0916.913.xxx<\/a>\u00a0\u2013 MR. T\u00c2N<\/span><\/li>\n<li><span style=\"font-size: 95%;\"><strong>Email:\u00a0<\/strong><a href=\"mailto:webdemo@gmail.com\">webdemo@gmail.com<\/a><\/span><\/li>\n<li><span style=\"font-size: 95%;\"><strong>Website:\u00a0<\/strong><a href=\"http:\/\/honda2.maugiaodien.com\/\">webdemo.com<\/a><\/span><\/li>\n<\/ul>\n<h2>Gi\u1edbi thi\u1ec7u ri\u00eang<\/h2>\n<p>Sau h\u01a1n 18 n\u0103m c\u00f3 m\u1eb7t t\u1ea1i Vi\u1ec7t Nam, Honda Vi\u1ec7t Nam \u0111\u00e3 kh\u00f4ng ng\u1eebng ph\u00e1t tri\u1ec3n v\u00e0 tr\u1edf th\u00e0nh m\u1ed9t trong nh\u1eefng c\u00f4ng ty d\u1eabn \u0111\u1ea7u trong l\u0129nh v\u1ef1c s\u1ea3n xu\u1ea5t xe g\u1eafn m\u00e1y. Hi\u1ec7n t\u1ea1i, Vi\u1ec7t Nam l\u00e0 m\u1ed9t trong nh\u1eefng th\u1ecb tr\u01b0\u1eddng xe m\u00e1y l\u1edbn nh\u1ea5t tr\u00ean th\u1ebf gi\u1edbi v\u00e0 \u0111\u00f3ng vai tr\u00f2 quan tr\u1ecdng trong ho\u1ea1t \u0111\u1ed9ng kinh doanh c\u1ee7a t\u1eadp \u0111o\u00e0n Honda. Do \u0111\u00f3, Honda Vi\u1ec7t Nam kh\u00f4ng ng\u1eebng m\u1edf r\u1ed9ng quy m\u00f4, n\u00e2ng cao n\u0103ng l\u1ef1c s\u1ea3n xu\u1ea5t nh\u1eb1m \u0111\u00e1p \u1ee9ng t\u1ed1t nh\u1ea5t nhu c\u1ea7u c\u1ee7a ng\u01b0\u1eddi ti\u00eau d\u00f9ng.<\/p>\n<p>Trong l\u0129nh v\u1ef1c kinh doanh \u00f4 t\u00f4, Honda Vi\u1ec7t Nam ph\u1ea5n \u0111\u1ea5u \u0111a d\u1ea1ng h\u00f3a s\u1ea3n ph\u1ea9m \u0111\u00e1p \u1ee9ng t\u1ed1t nh\u1ea5t nhu c\u1ea7u c\u1ee7a c\u00e1c kh\u00e1ch h\u00e0ng. \u0110\u1eb7c bi\u1ec7t, lu\u00f4n ch\u00fa tr\u1ecdng \u0111\u1ebfn vi\u1ec7c \u0111\u01b0a ra m\u1ee9c gi\u00e1 h\u1ee3p l\u00fd cho c\u00e1c d\u00f2ng s\u1ea3n ph\u1ea9m c\u1ee7a m\u00ecnh nh\u1eb1m mang s\u1ea3n ph\u1ea9m \u00d4 t\u00f4 Honda \u0111\u1ebfn g\u1ea7n h\u01a1n v\u1edbi ng\u01b0\u1eddi ti\u00eau d\u00f9ng Vi\u1ec7t.<\/p>\n<p>C\u00f9ng v\u1edbi ho\u1ea1t \u0111\u1ed9ng kinh doanh, Honda Vi\u1ec7t Nam lu\u00f4n d\u00e0nh s\u1ef1 quan t\u00e2m \u0111\u1eb7c bi\u1ec7t \u0111\u1ebfn c\u00e1c ho\u1ea1t \u0111\u1ed9ng \u0111\u00f3ng g\u00f3p c\u1ed9ng \u0111\u1ed3ng, ch\u00fa tr\u1ecdng v\u00e0o ho\u1ea1t \u0111\u1ed9ng an to\u00e0n giao th\u00f4ng, gi\u00e1o d\u1ee5c v\u00e0 b\u1ea3o v\u1ec7 m\u00f4i tr\u01b0\u1eddng. B\u00ean c\u1ea1nh \u0111\u00f3, Honda Vi\u1ec7t Nam v\u00f4 c\u00f9ng t\u1ef1 h\u00e0o chung tay v\u00ec s\u1ef1 ph\u00e1t tri\u1ec3n c\u1ee7a n\u1ec1n b\u00f3ng \u0111\u00e1 Vi\u1ec7t Nam khi ch\u00ednh th\u1ee9c tr\u1edf th\u00e0nh nh\u00e0 t\u00e0i tr\u1ee3 ch\u00ednh cho Li\u00ean \u0111o\u00e0n B\u00f3ng \u0111\u00e1 Vi\u1ec7t Nam (VFF) v\u00e0 \u0110\u1ed9i tuy\u1ec3n Qu\u1ed1c gia Vi\u1ec7t Nam.<\/p>\n<p>V\u1edbi g\u1ea7n 9.000 c\u00f4ng nh\u00e2n vi\u00ean, Honda Vi\u1ec7t Nam t\u1ef1 h\u00e0o mang \u0111\u1ebfn cho kh\u00e1ch h\u00e0ng nh\u1eefng s\u1ea3n ph\u1ea9m ch\u1ea5t l\u01b0\u1ee3ng cao, d\u1ecbch v\u1ee5 t\u1eadn t\u00e2m v\u00e0 nh\u1eefng \u0111\u00f3ng g\u00f3p v\u00ec m\u1ed9t x\u00e3 h\u1ed9i t\u1ed1t \u0111\u1eb9p h\u01a1n.<\/p>\n<p>V\u1edbi kh\u1ea9u hi\u1ec7u &#8220;S\u1ee9c m\u1ea1nh c\u1ee7a nh\u1eefng \u01af\u1edbc m\u01a1&#8221;, Honda mong mu\u1ed1n \u0111\u01b0\u1ee3c chia s\u1ebb v\u00e0 c\u00f9ng m\u1ecdi ng\u01b0\u1eddi th\u1ef1c hi\u1ec7n \u01b0\u1edbc m\u01a1 th\u00f4ng qua vi\u1ec7c t\u1ea1o th\u00eam ra nhi\u1ec1u ni\u1ec1m vui m\u1edbi cho ng\u01b0\u1eddi d\u00e2n v\u00e0 x\u00e3 h\u1ed9i.<\/p>\n<h2>Gi\u1edbi thi\u1ec7u Honda \u00d4 t\u00f4<\/h2>\n<p>Th\u00e1ng 3 n\u0103m 2005, Honda Vi\u1ec7t Nam ch\u00ednh th\u1ee9c nh\u1eadn \u0111\u01b0\u1ee3c gi\u1ea5y ph\u00e9p c\u1ee7a B\u1ed9 K\u1ebf ho\u1ea1ch v\u00e0 \u0110\u1ea7u t\u01b0 cho ph\u00e9p s\u1ea3n xu\u1ea5t l\u1eafp r\u00e1p \u00f4 t\u00f4 t\u1ea1i Vi\u1ec7t Nam. \u0110\u00e2y l\u00e0 m\u1ed9t m\u1ed1c l\u1ecbch s\u1eed quan tr\u1ecdng \u0111\u00e1nh d\u1ea5u s\u1ef1 ph\u00e1t tri\u1ec3n c\u1ee7a C\u00f4ng ty.<\/p>\n<p>B\u1eaft \u0111\u1ea7u ho\u1ea1t \u0111\u1ed9ng kinh doanh \u00f4 t\u00f4 t\u1eeb n\u0103m 2006, ch\u1ec9 sau h\u01a1n 1 n\u0103m, Honda Vi\u1ec7t Nam \u0111\u00e3 x\u00e2y d\u1ef1ng th\u00e0nh c\u00f4ng nh\u00e0 m\u00e1y, x\u00e2y d\u1ef1ng m\u1ea1ng l\u01b0\u1edbi \u0111\u1ea1i l\u00fd, c\u00e1c ch\u01b0\u01a1ng tr\u00ecnh \u0111\u00e0o t\u1ea1o b\u00e1n h\u00e0ng, d\u1ecbch v\u1ee5, l\u00e1i xe an to\u00e0n cho nh\u00e2n vi\u00ean c\u00e1c \u0111\u1ea1i l\u00fd v\u00e0 ra m\u1eaft m\u1eabu xe \u0111\u1ea7u ti\u00ean l\u00e0 Honda Civic v\u00e0o th\u00e1ng 8 n\u0103m 2006. Kh\u00f4ng ng\u1eebng n\u1ed7 l\u1ef1c \u0111\u1ec3 \u0111a d\u1ea1ng h\u00f3a s\u1ea3n ph\u1ea9m, m\u1eabu xe Honda CR-V ti\u1ebfp t\u1ee5c \u0111\u01b0\u1ee3c C\u00f4ng ty gi\u1edbi thi\u1ec7u v\u00e0o th\u00e1ng 12 n\u0103m 2008 v\u00e0 Honda City v\u00e0o th\u00e1ng 6 n\u0103m 2013. Ngo\u00e0i nh\u1eefng d\u00f2ng xe s\u1ea3n xu\u1ea5t trong n\u01b0\u1edbc, Honda Vi\u1ec7t Nam c\u00f2n nh\u1eadp kh\u1ea9u th\u00eam d\u00f2ng xe Honda Accord nh\u1eb1m \u0111\u00e1p \u1ee9ng nhu c\u1ea7u ng\u00e0y c\u00e0ng cao c\u1ee7a kh\u00e1ch h\u00e0ng.<\/p>\n<p>V\u1edbi nh\u1eefng n\u1ed7 l\u1ef1c kh\u00f4ng ng\u1eebng, Honda Vi\u1ec7t Nam kh\u00f4ng ch\u1ec9 \u0111\u01b0\u1ee3c bi\u1ebft \u0111\u1ebfn l\u00e0 nh\u00e0 s\u1ea3n xu\u1ea5t xe m\u00e1y danh ti\u1ebfng m\u00e0 c\u00f2n l\u00e0 nh\u00e0 s\u1ea3n xu\u1ea5t \u00f4 t\u00f4 uy t\u00edn t\u1ea1i th\u1ecb tr\u01b0\u1eddng Vi\u1ec7t Nam.<\/p>\n<h3>Nh\u00e0 m\u00e1y s\u1ea3n xu\u1ea5t \u00d4 t\u00f4<\/h3>\n<p>Nh\u00e0 m\u00e1y s\u1ea3n xu\u1ea5t \u00d4 t\u00f4 \u0111\u01b0\u1ee3c trang b\u1ecb m\u00e1y m\u00f3c v\u00e0 thi\u1ebft b\u1ecb t\u01b0\u01a1ng t\u1ef1 nh\u01b0 c\u00e1c nh\u00e0 m\u00e1y Honda \u1edf c\u00e1c n\u01b0\u1edbc kh\u00e1c v\u1edbi ti\u00eau ch\u00ed \u0111\u1eb7c bi\u1ec7t coi tr\u1ecdng ch\u1ea5t l\u01b0\u1ee3ng, an to\u00e0n v\u00e0 th\u00e2n thi\u1ec7n v\u1edbi m\u00f4i tr\u01b0\u1eddng. H\u01a1n n\u1eefa, nh\u00e0 m\u00e1y c\u00f2n \u0111\u01b0\u1ee3c trang b\u1ecb d\u00e2y chuy\u1ec1n l\u1eafp r\u00e1p \u0111\u1ed9ng c\u01a1 v\u1edbi mong mu\u1ed1n t\u1eebng b\u01b0\u1edbc n\u1ed9i \u0111\u1ecba h\u00f3a c\u00e1c s\u1ea3n ph\u1ea9m \u00d4 t\u00f4.<\/p>\n<ul>\n<li>V\u1ed1n \u0111\u1ea7u t\u01b0: Kho\u1ea3ng 60.000.000 USD<\/li>\n<li>Lao \u0111\u1ed9ng: 425 ng\u01b0\u1eddi (th\u00e1ng 12\/2014)<\/li>\n<li>C\u00f4ng su\u1ea5t: 10.000 xe\/n\u0103m<\/li>\n<li>Nh\u1eadp kh\u1ea9u: Kho\u1ea3ng 300 xe\/n\u0103m (Honda Accord)<\/li>\n<\/ul>\n<p><img decoding=\"async\" class=\"aligncenter\" src=\"http:\/\/honda2.maugiaodien.com\/media\/2018\/11\/gioi-thieu-189.jpg\" \/><\/p>\n<h3>S\u1ea3n ph\u1ea9m<\/h3>\n<p>C\u00f4ng ngh\u1ec7 \u0111\u1ed9t ph\u00e1 \u2013 ch\u1ea5t l\u01b0\u1ee3ng \u0111\u1ec9nh cao \u2013 an to\u00e0n v\u01b0\u1ee3t tr\u1ed9i, \u0111\u00f3 l\u00e0 t\u1ea5t c\u1ea3 nh\u1eefng g\u00ec l\u00e0m n\u00ean \u0111\u1eb3ng c\u1ea5p cho c\u00e1c s\u1ea3n ph\u1ea9m \u00f4 t\u00f4 mang th\u01b0\u01a1ng hi\u1ec7u Honda. Ch\u00fang t\u00f4i mong mu\u1ed1n tr\u1edf th\u00e0nh m\u1ed9t th\u01b0\u01a1ng hi\u1ec7u lu\u00f4n c\u1ea3i ti\u1ebfn \u0111\u1ec3 t\u1ea1o ra nh\u1eefng chu\u1ea9n m\u1ef1c m\u1edbi, nh\u1eb1m \u0111\u00e1p \u1ee9ng s\u1ef1 h\u00e0i l\u00f2ng kh\u00e1ch h\u00e0ng \u1edf m\u1ee9c cao nh\u1ea5t.<\/p>\n<p><a href=\"\/honda-civic\"><strong>Civic \u2013 B\u1ee9t ph\u00e1 ki\u1ebfn t\u1ea1o xu h\u01b0\u1edbng<\/strong><\/a><\/p>\n<p>S\u1ef1 ra \u0111\u1eddi c\u1ee7a Honda Civic l\u00e0 th\u00e0nh qu\u1ea3 tuy\u1ec7t v\u1eddi t\u1eeb vi\u1ec7c theo \u0111u\u1ed5i v\u00e0 th\u1ef1c hi\u1ec7n \u01b0\u1edbc m\u01a1 v\u01b0\u01a1n \u0111\u1ebfn nh\u1eefng b\u01b0\u1edbc \u0111\u1ed9t ph\u00e1 trong c\u00f4ng ngh\u1ec7, mang l\u1ea1i ni\u1ec1m vui chuy\u1ec3n \u0111\u1ed9ng cho con ng\u01b0\u1eddi. L\u00e0 m\u1eabu xe \u0111\u00e1nh d\u1ea5u s\u1ef1 gia nh\u1eadp c\u1ee7a Honda Vi\u1ec7t Nam v\u00e0o th\u1ecb tr\u01b0\u1eddng \u00f4 t\u00f4, m\u1eabu xe to\u00e0n c\u1ea7u Honda Civic \u0111\u00e3 b\u01b0\u1edbc sang th\u1ebf h\u1ec7 th\u1ee9 9 v\u1edbi phi\u00ean b\u1ea3n m\u1edbi nh\u1ea5t 2015 v\u00e0 \u0111\u01b0\u1ee3c ch\u00e0o \u0111\u00f3n v\u1edbi nh\u1eefng b\u01b0\u1edbc ti\u1ebfn \u1ea5n t\u01b0\u1ee3ng trong thi\u1ebft k\u1ebf v\u00e0 c\u00f4ng ngh\u1ec7 trong khi v\u1eabn \u0111\u1ea3m b\u1ea3o an to\u00e0n t\u1ed1i \u0111a, mang l\u1ea1i c\u1ea3m gi\u00e1c l\u00e1i ph\u1ea5n kh\u00edch m\u00e0 v\u1eabn ti\u1ebft ki\u1ec7m nhi\u00ean li\u1ec7u, tr\u1edf th\u00e0nh m\u1ed9t trong nh\u1eefng l\u1ef1a ch\u1ecdn t\u1ed1t nh\u1ea5t cho kh\u00e1ch h\u00e0ng trong ph\u00e2n kh\u00fac sedan h\u1ea1ng trung.<\/p>\n<p>\u00a0<\/p>\n<p><img loading=\"lazy\" decoding=\"async\" class=\"size-full wp-image-3637 aligncenter\" src=\"http:\/\/honda2.maugiaodien.com\/media\/2018\/11\/honda-civic-3.jpg\" alt=\"\" width=\"800\" height=\"444\" srcset=\"https:\/\/khowordpress.com\/honda1\/wp-content\/uploads\/2018\/11\/honda-civic-3.jpg 800w, https:\/\/khowordpress.com\/honda1\/wp-content\/uploads\/2018\/11\/honda-civic-3-768x426.jpg 768w\" sizes=\"auto, (max-width: 800px) 100vw, 800px\" \/><\/p>\n<p><a href=\"\/honda-crv\"><strong>CR-V \u2013 Uy l\u1ef1c v\u01b0\u1ee3t m\u1ecdi gi\u1edbi h\u1ea1n<\/strong><\/a><\/p>\n<p>S\u1ef1 k\u1ebft h\u1ee3p ho\u00e0n h\u1ea3o gi\u1eefa kh\u00f4ng gian tho\u00e1ng r\u1ed9ng c\u1ee7a d\u00f2ng xe minivan, thi\u1ebft k\u1ebf kh\u1ecfe kho\u1eafn c\u1ee7a SUV, v\u00e0 ti\u1ec7n nghi cao c\u1ea5p c\u1ee7a d\u00f2ng xe sedan c\u00f9ng v\u1edbi \u0111\u1ed9ng c\u01a1 i-Vtec d\u0169ng m\u00e3nh nh\u01b0ng v\u1eabn ti\u1ebft ki\u1ec7m nhi\u00ean li\u1ec7u v\u01b0\u1ee3t tr\u1ed9i nh\u1edd ch\u1ebf \u0111\u1ed9 ECON \u0111\u00e3 s\u00e1ng t\u1ea1o n\u00ean d\u00f2ng xe Honda CR-V \u0111\u1eb3ng c\u1ea5p. Tr\u1ea3i qua nhi\u1ec1u l\u1ea7n c\u1ea3i ti\u1ebfn, Honda CR-V hi\u1ec7n nay \u0111ang l\u00e0 phi\u00ean b\u1ea3n 2015, th\u1ebf h\u1ec7 4 v\u1edbi nhi\u1ec1u \u0111\u1eb7c t\u00ednh n\u1ed5i tr\u1ed9i, \u0111\u1ed3ng th\u1eddi mang \u0111\u1ebfn cho kh\u00e1ch h\u00e0ng nhi\u1ec1u s\u1ef1 l\u1ef1a ch\u1ecdn h\u01a1n v\u1edbi 2 lo\u1ea1i \u0111\u1ed9ng c\u01a1 2.0L v\u00e0 2.4L.<\/p>\n<p><img decoding=\"async\" class=\"aligncenter\" src=\"http:\/\/honda2.maugiaodien.com\/media\/2018\/11\/gioi-thieu-189-1.jpg\" \/><\/p>\n<p><a href=\"\/honda-city\"><strong>City \u2013\u00a0T\u1ea7m cao d\u1eabn b\u01b0\u1edbc<\/strong><\/a><\/p>\n<p>S\u1edf h\u1eefu thi\u1ebft k\u1ebf b\u00ean ngo\u00e0i tr\u1ebb trung, th\u1ec3 thao v\u00e0 n\u0103ng \u0111\u1ed9ng, kh\u00f4ng gian n\u1ed9i th\u1ea5t r\u1ed9ng r\u00e3i, kh\u1ea3 n\u0103ng v\u1eadn h\u00e0nh v\u01b0\u1ee3t tr\u1ed9i v\u00e0 ti\u1ebft ki\u1ec7m nhi\u00ean li\u1ec7u \u0111i c\u00f9ng &#8220;Ni\u1ec1m vui c\u1ea7m l\u00e1i\u201d \u0111\u1ea7y th\u00fa v\u1ecb, Honda City \u0111\u00e3 chi\u1ebfm tr\u1ecdn tr\u00e1i tim c\u1ee7a h\u00e0ng tri\u1ec7u kh\u00e1ch h\u00e0ng khi \u0111\u01b0\u1ee3c ch\u00ednh th\u1ee9c gi\u1edbi thi\u1ec7u \u0111\u1ebfn kh\u00e1ch h\u00e0ng Vi\u1ec7t Nam v\u00e0o th\u00e1ng 6 n\u0103m 2013 v\u00e0 ti\u1ebfp n\u1ed1i v\u1edbi th\u1ebf h\u1ec7 m\u1edbi v\u00e0o th\u00e1ng 9 n\u0103m 2014. M\u1ed9t l\u1ea7n n\u1eefa, nh\u1eefng gi\u00e1 tr\u1ecb n\u1ed9i t\u1ea1i c\u1ee7a Honda City \u0111\u00e3 t\u1ea1o n\u00ean s\u1ee9c h\u00fat kh\u00f3 c\u01b0\u1ee1ng v\u00e0 \u0111\u01b0\u1ee3c kh\u00e1ch h\u00e0ng Vi\u1ec7t Nam \u0111\u00e1nh gi\u00e1 r\u1ea5t cao trong ph\u00e2n kh\u00fac xe h\u1ea1ng B.<\/p>\n<p><img loading=\"lazy\" decoding=\"async\" class=\"size-full wp-image-3808 aligncenter\" src=\"http:\/\/honda2.maugiaodien.com\/media\/2018\/11\/honda-city-1.jpg\" alt=\"\" width=\"852\" height=\"500\" srcset=\"https:\/\/khowordpress.com\/honda1\/wp-content\/uploads\/2018\/11\/honda-city-1.jpg 852w, https:\/\/khowordpress.com\/honda1\/wp-content\/uploads\/2018\/11\/honda-city-1-768x451.jpg 768w, https:\/\/khowordpress.com\/honda1\/wp-content\/uploads\/2018\/11\/honda-city-1-800x469.jpg 800w\" sizes=\"auto, (max-width: 852px) 100vw, 852px\" \/><\/p>\n<p><a href=\"\/honda-accord\"><strong>Accord \u2013 \u0110am m\u00ea h\u1ee9ng kh\u1edfi<\/strong><\/a><\/p>\n<p>Honda Accord v\u01b0\u1ee3t tr\u00ean s\u1ef1 mong \u0111\u1ee3i c\u1ee7a kh\u00e1ch h\u00e0ng v\u1edbi c\u00f4ng ngh\u1ec7 cao c\u1ea5p, v\u1eadn h\u00e0nh m\u1ea1nh m\u1ebd, an to\u00e0n tuy\u1ec7t \u0111\u1ed1i v\u1edbi c\u00e1c trang thi\u1ebft b\u1ecb an to\u00e0n hi\u1ec7n \u0111\u1ea1i trong khi v\u1eabn mang l\u1ea1i ni\u1ec1m ph\u1ea5n kh\u00edch v\u00e0 c\u1ea3m h\u1ee9ng s\u00e1ng t\u1ea1o tr\u00ean m\u1ecdi cung \u0111\u01b0\u1eddng. V\u1edbi s\u1ef1 k\u1ebft h\u1ee3p tuy\u1ec7t v\u1eddi gi\u1eefa c\u00f4ng ngh\u1ec7 \u0111\u1ed9t ph\u00e1 v\u00e0 thi\u1ebft k\u1ebf th\u00f4ng minh, ph\u00e1t huy t\u1ed1i \u0111a ni\u1ec1m vui c\u1ea7m l\u00e1i, Honda Accord l\u00e0 m\u1eabu xe sang tr\u1ecdng v\u1edbi phong c\u00e1ch v\u1eadn h\u00e0nh th\u1ec3 thao m\u1ea1nh m\u1ebd, kh\u1eb3ng \u0111\u1ecbnh \u0111\u1eb3ng c\u1ea5p c\u1ee7a ch\u1ee7 s\u1edf h\u1eefu.<\/p>\n<p><img decoding=\"async\" class=\"aligncenter\" src=\"http:\/\/honda2.maugiaodien.com\/media\/2018\/11\/gioi-thieu-189-2.jpg\" \/><\/p>\n<p><a href=\"\/honda-jazz\"><strong>Honda Jazz \u2013 Jazz V\u1ecb Cu\u1ed9c S\u1ed1ng<\/strong><\/a><\/p>\n<p>Ra \u0111\u1eddi t\u1eeb n\u0103m 2001, Honda Jazz \u0111\u00e3 kh\u1eb3ng \u0111\u1ecbnh ch\u1ea5t l\u01b0\u1ee3ng v\u00e0 chi\u1ebfm \u0111\u01b0\u1ee3c tr\u00e1i tim c\u1ee7a h\u01a1n 6 tri\u1ec7u kh\u00e1ch h\u00e0ng tr\u00ean to\u00e0n th\u1ebf gi\u1edbi (\u0111\u1ebfn h\u1ebft 2017) v\u00e0 \u0111\u00f3n nh\u1eadn nhi\u1ec1u gi\u1ea3i th\u01b0\u1edfng uy t\u00edn nh\u01b0: &#8220;Xe Hatchback d\u01b0\u1edbi 1.500 ph\u00e2n kh\u1ed1i t\u1ed1t nh\u1ea5t c\u1ee7a n\u0103m 2016\u201d theo Grand Prix International Th\u00e1i Lan, &#8220;M\u1eabu xe \u0111\u01b0\u1ee3c n\u1eef gi\u1edbi \u01b0a chu\u1ed9ng n\u0103m 2016\u201d theo T\u1ed5 ch\u1ee9c Xe d\u00e0nh cho ph\u1ee5 n\u1eef New Zealand\u2026 L\u00e0 m\u1eabu xe Hatchback 5 c\u1eeda mang phong c\u00e1ch th\u1eddi trang c\u00e1 t\u00ednh, hi\u1ec7u qu\u1ea3 s\u1eed d\u1ee5ng nhi\u00ean li\u1ec7u v\u01b0\u1ee3t tr\u1ed9i v\u00e0 \u0111\u1eb7c bi\u1ec7t l\u00e0 s\u1ef1 ti\u1ec7n d\u1ee5ng linh ho\u1ea1t \u0111\u1ea7y b\u1ea5t ng\u1edd, Honda Jazz s\u1ebd th\u1ecfa m\u00e3n nh\u1eefng c\u00e1 t\u00ednh tr\u1ebb trung v\u00e0 \u01b0a th\u00edch t\u1eadn h\u01b0\u1edfng h\u00e0nh tr\u00ecnh theo c\u00e1ch th\u00fa v\u1ecb nh\u1ea5t.<\/p>\n<p><img decoding=\"async\" class=\"aligncenter\" src=\"http:\/\/honda2.maugiaodien.com\/media\/2018\/11\/gioi-thieu-189-3.jpg\" \/><\/p>\n<h3>Chi\u1ebfm tr\u1ecdn l\u00f2ng tin kh\u00e1ch h\u00e0ng Vi\u1ec7t Nam v\u1edbi ch\u1ea5t l\u01b0\u1ee3ng d\u1ecbch v\u1ee5 ho\u00e0n h\u1ea3o v\u00e0 cao c\u1ea5p !<\/h3>\n<p>M\u1ea1ng l\u01b0\u1edbi \u0110\u1ea1i l\u00fd \u00d4 t\u00f4 c\u1ee7a Honda Vi\u1ec7t Nam ng\u00e0y c\u00e0ng \u0111\u01b0\u1ee3c m\u1edf r\u1ed9ng, hi\u1ec7n nay Honda \u00d4 t\u00f4 c\u00f3 27 \u0110\u1ea1i l\u00fd tr\u1ea3i d\u00e0i kh\u1eafp 3 mi\u1ec1n B\u1eafc &#8211; Trung \u2013 Nam \u0111\u1ea1t ti\u00eau chu\u1ea9n 5S. Th\u1ea5u hi\u1ec3u ch\u1ea5t l\u01b0\u1ee3ng ph\u1ee5c v\u1ee5 c\u1ee7a c\u00e1c \u0110\u1ea1i l\u00fd \u00d4 t\u00f4 Honda s\u1ebd l\u00e0 y\u1ebfu t\u1ed1 quy\u1ebft \u0111\u1ecbnh s\u1ef1 h\u00e0i l\u00f2ng c\u1ee7a kh\u00e1ch h\u00e0ng, b\u00ean c\u1ea1nh vi\u1ec7c cung c\u1ea5p nh\u1eefng chi\u1ebfc xe ch\u1ea5t l\u01b0\u1ee3ng Honda to\u00e0n c\u1ea7u, Honda Vi\u1ec7t Nam lu\u00f4n ch\u00fa tr\u1ecdng t\u1edbi vi\u1ec7c n\u00e2ng cao ch\u1ea5t l\u01b0\u1ee3ng b\u00e1n h\u00e0ng, d\u1ecbch v\u1ee5 b\u00e1n h\u00e0ng v\u00e0 sau b\u00e1n h\u00e0ng t\u1ea1i c\u00e1c \u0110\u1ea1i l\u00fd \u00d4 t\u00f4 Honda. c\u00f9ng r\u1ea5t nhi\u1ec1u ho\u1ea1t \u0111\u1ed9ng d\u1ecbch v\u1ee5 ti\u00eau chu\u1ea9n cao \u0111\u1ec3 ph\u1ee5c v\u1ee5 kh\u00e1ch h\u00e0ng:<\/p>\n<ul>\n<li>B\u1ea3o d\u01b0\u1ee1ng v\u00e0 s\u1eeda ch\u1eefa chuy\u00ean nghi\u1ec7p: Nh\u00e2n vi\u00ean \u0111\u1ea1i l\u00fd c\u00f3 k\u1ef9 n\u0103ng chuy\u00ean m\u00f4n cao, \u0111\u01b0\u1ee3c \u0111\u00e0o t\u1ea1o 100% theo ti\u00eau chu\u1ea9n Honda, c\u00f9ng v\u1edbi trang thi\u1ebft b\u1ecb nh\u00e0 x\u01b0\u1edfng \u0111\u1ea1t ti\u00eau chu\u1ea9n Honda to\u00e0n c\u1ea7u.<\/li>\n<li>H\u1ed7 tr\u1ee3 kh\u00e1ch h\u00e0ng t\u1ed1i \u0111a v\u1edbi d\u1ecbch v\u1ee5 b\u1ea3o d\u01b0\u1ee1ng v\u00e0 h\u1ed7 tr\u1ee3 k\u1ef9 thu\u1eadt l\u01b0u \u0111\u1ed9ng.<\/li>\n<\/ul>\n<p>B\u00ean c\u1ea1nh \u0111\u00f3, Honda Vi\u1ec7t Nam c\u0169ng li\u00ean t\u1ee5c t\u1ed5 ch\u1ee9c c\u00e1c h\u1ed9i thi k\u1ef9 thu\u1eadt vi\u00ean gi\u1ecfi (K\u1ef9 Thu\u1eadt vi\u00ean s\u1eeda ch\u1eefa, B\u1ea3o d\u01b0\u1ee1ng, K\u1ef9 thu\u1eadt vi\u00ean S\u1eeda Th\u00e2n xe v\u00e0 S\u01a1n), h\u1ed9i thi d\u00e0nh cho Nh\u00e2n vi\u00ean C\u1ed1 v\u1ea5n d\u1ecbch v\u1ee5, Ch\u0103m s\u00f3c kh\u00e1ch h\u00e0ng xu\u1ea5t s\u1eafc \u0111\u1ebfn t\u1eeb c\u00e1c \u0110\u1ea1i l\u00fd \u00d4 t\u00f4 tr\u00ean to\u00e0n qu\u1ed1c nh\u1eb1m kh\u00f4ng ng\u1eebng n\u00e2ng cao tay ngh\u1ec1, ki\u1ebfn th\u1ee9c v\u00e0 k\u1ef9 n\u0103ng c\u1ee7a nh\u00e2n vi\u00ean v\u1edbi m\u1ee5c ti\u00eau mang \u0111\u1ebfn ch\u1ea5t l\u01b0\u1ee3ng ph\u1ee5c v\u1ee5 kh\u00e1ch h\u00e0ng t\u1ed1t nh\u1ea5t v\u01b0\u1ee3t tr\u00ean s\u1ef1 mong \u0111\u1ee3i c\u1ee7a kh\u00e1ch h\u00e0ng.<\/p>\n<p><img decoding=\"async\" class=\"aligncenter\" src=\"http:\/\/honda2.maugiaodien.com\/media\/2018\/11\/gioi-thieu-189-4.jpg\" \/><\/p>\n","protected":false},"excerpt":{"rendered":"<p>\u0110\u1ea0I L\u00dd \u00d4 T\u00d4 HONDA T\u1ea0I QU\u1ea2NG B\u00ccNH Gi\u1edbi thi\u1ec7u chung Honda \u00d4 t\u00f4 Qu\u1ea3ng B\u00ecnh l\u00e0 \u0110\u1ea1i l\u00fd \u0111\u1ea1t ti\u00eau chu\u1ea9n 5S \u0111\u1ea7u ti\u00ean t\u1ea1i t\u1ec9nh Qu\u1ea3ng B\u00ecnh v\u1edbi di\u1ec7n t\u00edch h\u01a1n 10.000m2 s\u1eed d\u1ee5ng, \u0111\u00e1p \u1ee9ng ti\u00eau chu\u1ea9n 5S m\u1edbi nh\u1ea5t c\u1ee7a Honda bao g\u1ed3m: B\u00e1n h\u00e0ng, B\u1ea3o h\u00e0nh b\u1ea3o d\u01b0\u1ee1ng, cung c\u1ea5p&#8230;<\/p>\n","protected":false},"author":1,"featured_media":3841,"parent":0,"menu_order":0,"comment_status":"open","ping_status":"closed","template":"","meta":{"_acf_changed":false,"footnotes":""},"class_list":["post-189","page","type-page","status-publish","has-post-thumbnail","hentry"],"acf":[],"_links":{"self":[{"href":"https:\/\/khowordpress.com\/honda1\/wp-json\/wp\/v2\/pages\/189","targetHints":{"allow":["GET"]}}],"collection":[{"href":"https:\/\/khowordpress.com\/honda1\/wp-json\/wp\/v2\/pages"}],"about":[{"href":"https:\/\/khowordpress.com\/honda1\/wp-json\/wp\/v2\/types\/page"}],"author":[{"embeddable":true,"href":"https:\/\/khowordpress.com\/honda1\/wp-json\/wp\/v2\/users\/1"}],"replies":[{"embeddable":true,"href":"https:\/\/khowordpress.com\/honda1\/wp-json\/wp\/v2\/comments?post=189"}],"version-history":[{"count":13,"href":"https:\/\/khowordpress.com\/honda1\/wp-json\/wp\/v2\/pages\/189\/revisions"}],"predecessor-version":[{"id":4133,"href":"https:\/\/khowordpress.com\/honda1\/wp-json\/wp\/v2\/pages\/189\/revisions\/4133"}],"wp:featuredmedia":[{"embeddable":true,"href":"https:\/\/khowordpress.com\/honda1\/wp-json\/wp\/v2\/media\/3841"}],"wp:attachment":[{"href":"https:\/\/khowordpress.com\/honda1\/wp-json\/wp\/v2\/media?parent=189"}],"curies":[{"name":"wp","href":"https:\/\/api.w.org\/{rel}","templated":true}]}}