{"id":1899,"date":"2018-03-21T23:40:53","date_gmt":"2018-03-21T16:40:53","guid":{"rendered":"http:\/\/honda2.maugiaodien.com\/?page_id=1899"},"modified":"2019-04-10T10:25:37","modified_gmt":"2019-04-10T03:25:37","slug":"mua-xe-o-to-honda-tra-gop","status":"publish","type":"page","link":"https:\/\/khowordpress.com\/honda1\/mua-xe-o-to-honda-tra-gop","title":{"rendered":"Mua xe \u00f4 t\u00f4 Honda tr\u1ea3 g\u00f3p"},"content":{"rendered":"<h1 style=\"text-align: center;\">MUA \u00d4 T\u00d4 HONDA TR\u1ea2 G\u00d3P<\/h1>\n<p>Qu\u00fd kh\u00e1ch h\u00e0ng c\u00f3 nhu c\u1ea7u mua \u00f4 t\u00f4 tr\u1ea3 g\u00f3p t\u1ea1i Qu\u1ea3ng B\u00ecnh, h\u00e3y li\u00ean h\u1ec7 v\u1edbi \u0110\u1ea1i L\u00fd Honda Qu\u1ea3ng B\u00ecnh \u0111\u1ec3 \u0111\u01b0\u1ee3c t\u01b0 v\u1ea5n mua xe \u00f4 t\u00f4 Honda tr\u1ea3 g\u00f3p \u1edf Qu\u1ea3ng B\u00ecnh<\/p>\n<h2>Nh\u1eefng gi\u1ea5y t\u1edd c\u1ea7n chu\u1ea9n b\u1ecb \u0111\u1ec3 mua xe tr\u1ea3 g\u00f3p?<\/h2>\n<h3>V\u1edbi c\u00e1 nh\u00e2n mua<\/h3>\n<p>&#8211; Gi\u1ea5y t\u1edd t\u00f9y th\u00e2n: Photo h\u1ed9 kh\u1ea9u, Photo CMND, Gi\u1ea5y ch\u1ee9ng nh\u1eadn \u0111\u1ed9c th\u00e2n ho\u1eb7c gi\u1ea5y k\u1ebft h\u00f4n.<br \/>\n&#8211; Gi\u1ea5y t\u1edd ch\u1ee9ng minh kh\u1ea3 n\u0103ng t\u00e0i ch\u00ednh (cung c\u1ea5p theo y\u00eau c\u1ea7u c\u1ee7a b\u00ean cho vay):<\/p>\n<ul>\n<li>Ch\u1ee9ng minh thu nh\u1eadp b\u1eb1ng: h\u1ee3p \u0111\u1ed3ng lao \u0111\u1ed9ng, b\u1ea3ng l\u01b0\u01a1ng, s\u1ed5 ti\u1ebft ki\u1ec7m, t\u00e0i kho\u1ea3n c\u00e1 nh\u00e2n.<\/li>\n<li>C\u00e1 nh\u00e2n s\u1edf h\u1eefu t\u00e0i s\u1ea3n c\u00f3 gi\u00e1 tr\u1ecb: nh\u00e0 c\u1eeda, \u0111\u1ea5t \u0111ai, c\u00e1c lo\u1ea1i \u00f4 t\u00f4, m\u00e1y m\u00f3c, d\u00e2y chuy\u1ec1n nh\u00e0 m\u00e1y, nh\u00e0 x\u01b0\u1edfng,\u2026<\/li>\n<li>H\u1ee3p \u0111\u1ed3ng cho thu\u00ea xe, thu\u00ea nh\u00e0, cho thu\u00ea x\u01b0\u1edfng, gi\u1ea5y g\u00f3p v\u1ed1n, c\u1ed5 ph\u1ea7n, c\u1ed5 phi\u1ebfu, tr\u00e1i phi\u1ebfu.<\/li>\n<li>N\u1ebfu c\u00e1 nh\u00e2n c\u00f3 c\u00f4ng ty ri\u00eang m\u00e0 thu nh\u1eadp ch\u1ee7 y\u1ebfu t\u1eeb c\u00f4ng ty th\u00ec th\u00eam: b\u00e1o c\u00e1o thu\u1ebf, b\u00e1o c\u00e1o t\u00e0i ch\u00ednh, b\u1ea3ng l\u01b0\u01a1ng, b\u1ea3ng chia l\u1ee3i nhu\u1eadn t\u1eeb c\u00f4ng ty. Gi\u1ea5y ph\u00e9p \u0111\u0103ng k\u00fd kinh doanh.<\/li>\n<li>Ho\u00e1 \u0111\u01a1n chi ph\u00ed c\u00e1 nh\u00e2n c\u00e1c th\u00e1ng g\u1ea7n nh\u1ea5t: \u0111i\u1ec7n tho\u1ea1i, chi ph\u00ed giao d\u1ecbch l\u00e0m \u0103n.<\/li>\n<\/ul>\n<p>&#8211; \u0110\u01a1n xin vay v\u1ed1n v\u00e0 ph\u01b0\u01a1ng \u00e1n tr\u1ea3 l\u00e3i (theo m\u1eabu c\u1ee7a b\u00ean cho vay)<br \/>\nTrong tr\u01b0\u1eddng h\u1ee3p c\u00e1 nh\u00e2n mua kh\u00f4ng \u0111\u1ee7 \u0111i\u1ec1u ki\u1ec7n, c\u00f3 th\u1ec3 nh\u1edd ng\u01b0\u1eddi th\u00e2n c\u00f3 kh\u1ea3 n\u0103ng thu nh\u1eadp t\u1ed1t l\u00e0m gi\u1ea5y b\u1ea3o l\u00e3nh cho Ng\u00e2n h\u00e0ng th\u1ea9m \u0111\u1ecbnh.<\/p>\n<h3>V\u1edbi c\u00f4ng ty ho\u1eb7c doanh nghi\u1ec7p mua xe<\/h3>\n<p>&#8211; Gi\u1ea5y ph\u00e9p kinh doanh.<br \/>\n&#8211; Gi\u1ea5y b\u1ed5 nhi\u1ec7m Gi\u00e1m \u0111\u1ed1c, b\u1ed5 nhi\u1ec7m k\u1ebf to\u00e1n tr\u01b0\u1edfng.<br \/>\n&#8211; Gi\u1ea5y \u0111\u0103ng k\u00fd s\u1eed d\u1ee5ng m\u1eabu d\u1ea5u (b\u1ea3n copy).<br \/>\n&#8211; M\u00e3 s\u1ed1 thu\u1ebf.<br \/>\n&#8211; B\u00e1o c\u00e1o thu\u1ebf 01 n\u0103m g\u1ea7n nh\u1ea5t.<br \/>\n&#8211; B\u00e1o c\u00e1o ho\u00e1 \u0111\u01a1n VAT 01 n\u0103m g\u1ea7n nh\u1ea5t.<br \/>\n&#8211; \u0110i\u1ec1u l\u1ec7 c\u00f4ng ty.<br \/>\n&#8211; Bi\u00ean b\u1ea3n h\u1ecdp c\u1ee7a h\u1ed9i \u0111\u1ed3ng qu\u1ea3n tr\u1ecb.<br \/>\n&#8211; H\u1ee3p \u0111\u1ed3ng kinh t\u1ebf \u0111\u1ea7u ra, \u0111\u1ea7u v\u00e0o.<br \/>\n&#8211; Gi\u1ea5y s\u1edf h\u1eefu c\u01a1 s\u1edf v\u1eadt ch\u1ea5t: nh\u00e0 m\u00e1y, d\u00e2y chuy\u1ec1n, m\u00e1y m\u00f3c, thi\u1ebft b\u1ecb, nh\u00e0 x\u01b0\u1edfng, \u00f4t\u00f4 kh\u00e1c.<br \/>\n&#8211; \u0110\u01a1n xin vay v\u1ed1n v\u00e0 ph\u01b0\u01a1ng \u00e1n tr\u1ea3 l\u00e3i<br \/>\nKh\u00e1ch h\u00e0ng s\u1ebd cung c\u1ea5p gi\u1ea5y t\u1edd t\u00f9y theo y\u00eau c\u1ea7u c\u1ee7a b\u00ean cho vay.<\/p>\n<h2>Quy tr\u00ecnh mua xe tr\u1ea3 g\u00f3p<\/h2>\n<p>&#8211; Kh\u00e1ch h\u00e0ng chu\u1ea9n b\u1ecb \u0111\u1ea7y \u0111\u1ee7 h\u1ed3 s\u01a1 theo h\u01b0\u1edbng d\u1eabn c\u1ee7a nh\u00e2n vi\u00ean t\u00edn d\u1ee5ng.<br \/>\n&#8211; Nh\u00e2n vi\u00ean th\u1ea9m \u0111\u1ecbnh \u0111\u1ebfn t\u1eadn nh\u00e0 \u0111\u1ec3 th\u1ea9m \u0111\u1ecbnh v\u00e0 l\u1ea5y h\u1ed3 s\u01a1.<br \/>\n&#8211; N\u1ebfu vay qua ng\u00e2n h\u00e0ng:<\/p>\n<ul>\n<li>Sau khi c\u00f3 gi\u1ea5y t\u00e0i tr\u1ee3 t\u00edn d\u1ee5ng v\u00e0 h\u1ed3 s\u01a1 xe, kh\u00e1ch h\u00e0ng ph\u1ea3i ti\u1ebfn h\u00e0nh \u0111\u00f3ng ti\u1ec1n xe v\u00e0 chi ph\u00ed l\u00e0m th\u1ee7 t\u1ee5c \u0111\u0103ng k\u00fd xe (\u0111\u00f3ng ti\u1ec1n cho \u0111\u1ea1i l\u00ed b\u00e1n xe).<\/li>\n<li>Khi c\u00f3 bi\u1ec3n s\u1ed1 xe v\u00e0 c\u00f3 gi\u1ea5y h\u1eb9n, kh\u00e1ch h\u00e0ng l\u00ean ng\u00e2n h\u00e0ng k\u00fd h\u1ee3p \u0111\u1ed3ng t\u00edn d\u1ee5ng, \u0111\u00f3ng ph\u00ed h\u00e0nh ch\u00ednh v\u00e0 gi\u1ea5y nh\u1eadn n\u1ee3 c\u1ee7a ng\u00e2n h\u00e0ng.<\/li>\n<li>Khi ti\u1ec1n chuy\u1ec3n kho\u1ea3n c\u1ee7a ng\u00e2n h\u00e0ng v\u00e0o t\u00e0i kho\u1ea3n c\u1ee7a \u0111\u1ea1i l\u00ed b\u00e1n xe th\u00ec kh\u00e1ch h\u00e0ng mang theo CMND v\u00e0 gi\u1ea5y gi\u1edbi thi\u1ec7u l\u00ean nh\u1eadn xe, k\u00fd bi\u00ean b\u1ea3n b\u00e0n giao xe v\u1edbi gi\u1ea5y t\u1edd xe h\u1ee3p l\u1ec7 theo ph\u00e1p lu\u1eadt.<\/li>\n<li>Khi c\u00f3 gi\u1ea5y \u0111\u0103ng k\u00fd xe, Ng\u00e2n h\u00e0ng s\u1ebd \u0111i \u0111\u0103ng k\u00fd v\u00e0 sao y cho kh\u00e1ch h\u00e0ng m\u1ed9t b\u1ea3n \u0111\u1ec3 s\u1eed d\u1ee5ng.<\/li>\n<\/ul>\n<p>&#8211; Tr\u01b0\u1eddng h\u1ee3p kh\u00e1ch mua qua C\u00f4ng ty cho thu\u00ea t\u00e0i ch\u00ednh th\u00ec kh\u00e1ch h\u00e0ng \u0111\u00f3ng ti\u1ec1n xe t\u1ea1i C\u00f4ng ty cho thu\u00ea t\u00e0i ch\u00ednh. Chi ph\u00ed \u0111\u0103ng k\u00fd xe kh\u00e1ch h\u00e0ng ph\u1ea3i ch\u1ecbu, Bi\u00ean b\u1ea3n b\u00e0n giao xe 03 b\u00ean c\u00f9ng k\u00fd \u0111\u1ec3 c\u00f4ng ty cho thu\u00ea t\u00e0i ch\u00ednh gi\u1ea3i ng\u00e2n cho h\u00e3ng xe.<\/p>\n<p><em>\u0110\u1ec3 bi\u1ebft th\u00eam th\u00f4ng tin v\u00e0 \u0111\u01b0\u1ee3c t\u01b0 v\u1ea5n, gi\u1ea3i \u0111\u00e1p m\u1ecdi th\u1eafc m\u1eafc c\u1ee7a Qu\u00fd kh\u00e1ch h\u00e0ng mua xe \u00f4 t\u00f4 tr\u1ea3 g\u00f3p t\u1ea1i Qu\u1ea3ng B\u00ecnh\u00a0xin li\u00ean h\u1ec7\u00a0<\/em>:<\/p>\n<p><strong>\u0110\u1ecba ch\u1ec9:<\/strong> xxx H\u1eefu Ngh\u1ecb, TP. \u0110\u1ed3ng H\u1edbi, Qu\u1ea3ng B\u00ecnh<br \/>\n<strong>Hotline:<\/strong>\u00a0<a href=\"tel:0916913xxx\">0916.913.xxx<\/a>\u00a0\u2013 MR. T\u00c2N<br \/>\n<strong>Email:<\/strong>\u00a0<a href=\"mailto:webdemo@gmail.com\">webdemo@gmail.com<\/a><br \/>\n<strong>Website:<\/strong>\u00a0<a href=\"http:\/\/honda2.maugiaodien.com\/\">webdemo.com<\/a><\/p>\n","protected":false},"excerpt":{"rendered":"<p>MUA \u00d4 T\u00d4 HONDA TR\u1ea2 G\u00d3P Qu\u00fd kh\u00e1ch h\u00e0ng c\u00f3 nhu c\u1ea7u mua \u00f4 t\u00f4 tr\u1ea3 g\u00f3p t\u1ea1i Qu\u1ea3ng B\u00ecnh, h\u00e3y li\u00ean h\u1ec7 v\u1edbi \u0110\u1ea1i L\u00fd Honda Qu\u1ea3ng B\u00ecnh \u0111\u1ec3 \u0111\u01b0\u1ee3c t\u01b0 v\u1ea5n mua xe \u00f4 t\u00f4 Honda tr\u1ea3 g\u00f3p \u1edf Qu\u1ea3ng B\u00ecnh Nh\u1eefng gi\u1ea5y t\u1edd c\u1ea7n chu\u1ea9n b\u1ecb \u0111\u1ec3 mua xe tr\u1ea3 g\u00f3p? V\u1edbi&#8230;<\/p>\n","protected":false},"author":1,"featured_media":0,"parent":0,"menu_order":0,"comment_status":"open","ping_status":"closed","template":"page-right-sidebar.php","meta":{"_acf_changed":false,"footnotes":""},"class_list":["post-1899","page","type-page","status-publish","hentry"],"acf":[],"_links":{"self":[{"href":"https:\/\/khowordpress.com\/honda1\/wp-json\/wp\/v2\/pages\/1899","targetHints":{"allow":["GET"]}}],"collection":[{"href":"https:\/\/khowordpress.com\/honda1\/wp-json\/wp\/v2\/pages"}],"about":[{"href":"https:\/\/khowordpress.com\/honda1\/wp-json\/wp\/v2\/types\/page"}],"author":[{"embeddable":true,"href":"https:\/\/khowordpress.com\/honda1\/wp-json\/wp\/v2\/users\/1"}],"replies":[{"embeddable":true,"href":"https:\/\/khowordpress.com\/honda1\/wp-json\/wp\/v2\/comments?post=1899"}],"version-history":[{"count":17,"href":"https:\/\/khowordpress.com\/honda1\/wp-json\/wp\/v2\/pages\/1899\/revisions"}],"predecessor-version":[{"id":4135,"href":"https:\/\/khowordpress.com\/honda1\/wp-json\/wp\/v2\/pages\/1899\/revisions\/4135"}],"wp:attachment":[{"href":"https:\/\/khowordpress.com\/honda1\/wp-json\/wp\/v2\/media?parent=1899"}],"curies":[{"name":"wp","href":"https:\/\/api.w.org\/{rel}","templated":true}]}}