{"id":194,"date":"2017-08-26T11:46:31","date_gmt":"2017-08-26T04:46:31","guid":{"rendered":"http:\/\/laptopquangbinh.sonqb.com\/?page_id=194"},"modified":"2022-11-27T03:22:55","modified_gmt":"2022-11-26T20:22:55","slug":"lien-he","status":"publish","type":"page","link":"https:\/\/khowordpress.com\/honda1\/lien-he","title":{"rendered":"Li\u00ean h\u1ec7"},"content":{"rendered":"\n\t<script type=\"text\/javascript\">\n  jQuery( document ).ready(function() {\n    function initialize() {\n        var styles = {\n            'flatsome':  [{\n            \"featureType\": \"administrative\",\n            \"stylers\": [\n              { \"visibility\": \"on\" }\n            ]\n          },\n          {\n            \"featureType\": \"road\",\n            \"stylers\": [\n              { \"visibility\": \"on\" },\n              { \"hue\": \"#033b7a\" }\n            ]\n          },\n          {\n            \"stylers\": [\n\t\t\t  { \"visibility\": \"on\" },\n\t\t\t  { \"hue\": \"#033b7a\" },\n\t\t\t  { \"saturation\": -30 }\n            ]\n          }\n        ]};\n\n        var myLatlng = new google.maps.LatLng(17.444935, 106.631984);\n        var myOptions = {\n            zoom: 16,\n            center: myLatlng,\n            mapTypeId: google.maps.MapTypeId.ROADMAP,\n            disableDefaultUI: true,\n            mapTypeId: 'flatsome',\n            draggable: true,\n            zoomControl: true,\n            zoomControlOptions: {\n              position: google.maps.ControlPosition.TOP_LEFT\n            },\n      \t\t\t\/\/ panControl: true,\n            \/\/ panControlOptions: {\n            \/\/   position: google.maps.ControlPosition.TOP_LEFT\n            \/\/ },\n      \t\t\tmapTypeControl: true,\n            mapTypeControlOptions: {\n              position: google.maps.ControlPosition.TOP_LEFT\n            },\n      \t\t\t\/\/ scaleControl: true,\n            \/\/ scaleControlOptions: {\n            \/\/   position: google.maps.ControlPosition.TOP_LEFT\n            \/\/ },\n      \t\t\tstreetViewControl: false,\n            streetViewControlOptions: {\n              position: google.maps.ControlPosition.TOP_LEFT\n            },\n      \t\t\t\/\/ overviewMapControl: true,\n            \/\/ overviewMapControlOptions: {\n            \/\/   position: google.maps.ControlPosition.TOP_LEFT\n            \/\/ },\n            scrollwheel: false,\n            disableDoubleClickZoom: true\n        }\n        var map = new google.maps.Map(document.getElementById(\"map-2086713585-inner\"), myOptions);\n        var styledMapType = new google.maps.StyledMapType(styles['flatsome'], {name: 'flatsome'});\n        map.mapTypes.set('flatsome', styledMapType);\n\n        var marker = new google.maps.Marker({\n            position: myLatlng,\n            map: map,\n            title:\"\"\n        });\n    }\n\n    \/\/ Required to proceed\n    if (!(typeof google === 'object' && typeof google.maps === 'object')) {\n      return\n    }\n\n    initialize()\n    google.maps.event.addDomListener(window, 'resize', initialize);\n    });\n    <\/script>\n\n    <div class=\"google-map relative mb\" id=\"map-2086713585\">\n        <div class=\"map-height\" id=\"map-2086713585-inner\"><\/div>\n        <div id=\"map_overlay_top\"><\/div>\n        <div id=\"map_overlay_bottom\"><\/div>\n                  <div class=\"map_inner map-inner last-reset absolute x100 md-x95 lg-x95 y100 md-y95 lg-y95\">\n              \n<p class=\"add-lienhe\"><span style=\"color: #333333;\">\u0110\u1ecba ch\u1ec9: xxx H\u1eefu Ngh\u1ecb, TP. \u0110\u1ed3ng H\u1edbi, Qu\u1ea3ng B\u00ecnh.<br \/>Hotline: 0916.913.xxx &#8211; MR. TU\u1ea4N<\/span><br \/><span style=\"color: #333333; font-size: 100%;\"> T\u01b0 v\u1ea5n mi\u1ec5n ph\u00ed cho qu\u00fd kh\u00e1ch 24\/7.<\/span><\/p>\n         <\/div>\n       \n       \n<style>\n#map-2086713585 .map-inner {\n  background-color: rgb(255, 255, 255);\n  max-width: 100%;\n}\n#map-2086713585 .map-height {\n  height: 380px;\n}\n@media (min-width:550px) {\n  #map-2086713585 .map-inner {\n    max-width: 40%;\n  }\n}\n@media (min-width:850px) {\n  #map-2086713585 .map-inner {\n    max-width: 30%;\n  }\n}\n<\/style>\n    <\/div>\n\n\t\n<div class=\"row\"  id=\"row-892671711\">\n\n\t<div id=\"col-1383053873\" class=\"col hoi-dap-nhanh medium-6 small-12 large-6\"  >\n\t\t\t\t<div class=\"col-inner\"  >\n\t\t\t\n\t\t\t\n<div class=\"container section-title-container\" ><h3 class=\"section-title section-title-normal\"><b><\/b><span class=\"section-title-main\" >H\u1eceI \u0110\u00c1P NHANH<\/span><b><\/b><\/h3><\/div>\n<p class=\"lead\">B\u1ea1n n\u00ean xem qua tr\u01b0\u1edbc khi g\u1eedi email c\u1ea7n h\u1ed7 tr\u1ee3!<\/p>\n<div class=\"accordion\">\n<div id=\"accordion-656082415\" class=\"accordion-item\"><a id=\"accordion-656082415-label\" href=\"#\" class=\"accordion-title plain\" aria-expanded=\"false\" aria-controls=\"accordion-656082415-content\"><button class=\"toggle\" aria-label=\"Toggle\"><i class=\"icon-angle-down\"><\/i><\/button><span>H\u1ec7 th\u1ed1ng chi nh\u00e1nh c\u1eeda h\u00e0ng?<\/span><\/a><div id=\"accordion-656082415-content\" class=\"accordion-inner\" aria-labelledby=\"accordion-656082415-label\">\n<p><strong>\u0110\u1ea0I L\u00dd HONDA \u00d4 T\u00d4 QU\u1ea2NG B\u00ccNH<\/strong><br \/>\n\u0110\u1ecba ch\u1ec9: <strong>xxx H\u1eefu Ngh\u1ecb, TP. \u0110\u1ed3ng H\u1edbi, Qu\u1ea3ng B\u00ecnh.<\/strong><\/p>\n<\/div><\/div>\n<div id=\"accordion-3920993655\" class=\"accordion-item\"><a id=\"accordion-3920993655-label\" href=\"#\" class=\"accordion-title plain\" aria-expanded=\"false\" aria-controls=\"accordion-3920993655-content\"><button class=\"toggle\" aria-label=\"Toggle\"><i class=\"icon-angle-down\"><\/i><\/button><span>Th\u1eddi gian l\u00e0m vi\u1ec7c?<\/span><\/a><div id=\"accordion-3920993655-content\" class=\"accordion-inner\" aria-labelledby=\"accordion-3920993655-label\">\n<p>M\u1edf c\u1eeda t\u1eeb 7h30&#8242; &#8211; 17h30&#8242; h\u00e0ng ng\u00e0y!<\/p>\n<\/div><\/div>\n<div id=\"accordion-1022168214\" class=\"accordion-item\"><a id=\"accordion-1022168214-label\" href=\"#\" class=\"accordion-title plain\" aria-expanded=\"false\" aria-controls=\"accordion-1022168214-content\"><button class=\"toggle\" aria-label=\"Toggle\"><i class=\"icon-angle-down\"><\/i><\/button><span>S\u1ed1 \u0111i\u1ec7n tho\u1ea1i, email li\u00ean h\u1ec7?<\/span><\/a><div id=\"accordion-1022168214-content\" class=\"accordion-inner\" aria-labelledby=\"accordion-1022168214-label\">\n<p>Hotline: 0916.913.xxx &#8211; MR. T\u00e2n <br \/>\nEmail: Tannt.hyundaiqb@gmail.com<\/p>\n<\/div><\/div>\n<div id=\"accordion-1607206825\" class=\"accordion-item\"><a id=\"accordion-1607206825-label\" href=\"#\" class=\"accordion-title plain\" aria-expanded=\"false\" aria-controls=\"accordion-1607206825-content\"><button class=\"toggle\" aria-label=\"Toggle\"><i class=\"icon-angle-down\"><\/i><\/button><span>Th\u1eddi h\u1ea1n b\u1ea3o h\u00e0nh c\u1ee7a Honda l\u00e0 bao nhi\u00eau l\u00e2u?<\/span><\/a><div id=\"accordion-1607206825-content\" class=\"accordion-inner\" aria-labelledby=\"accordion-1607206825-label\">\n<p>Honda Vi\u1ec7t Nam \u0111ang \u00e1p d\u1ee5ng ch\u1ebf \u0111\u1ed9 b\u1ea3o h\u00e0nh 3 n\u0103m ho\u1eb7c 100.000km t\u00f9y tr\u01b0\u1eddng h\u1ee3p n\u00e0o \u0111\u1ebfn tr\u01b0\u1edbc.<\/p>\n<\/div><\/div>\n<div id=\"accordion-325217659\" class=\"accordion-item\"><a id=\"accordion-325217659-label\" href=\"#\" class=\"accordion-title plain\" aria-expanded=\"false\" aria-controls=\"accordion-325217659-content\"><button class=\"toggle\" aria-label=\"Toggle\"><i class=\"icon-angle-down\"><\/i><\/button><span>C\u00e1c gi\u1ea5y t\u1edd kh\u00e1ch h\u00e0ng nh\u1eadn \u0111\u01b0\u1ee3c khi mua xe \u00f4 t\u00f4?<\/span><\/a><div id=\"accordion-325217659-content\" class=\"accordion-inner\" aria-labelledby=\"accordion-325217659-label\">\n<p>Quy\u0301 kha\u0301ch se\u0303 nh\u00e2\u0323n \u0111\u01b0\u01a1\u0323c ca\u0301c loa\u0323i gi\u00e2\u0301y t\u01a1\u0300 sau:<br \/>1. H\u00f3a \u0111\u01a1n GTGT<br \/>2. Gi\u1ea5y ki\u1ec3m tra ch\u1ea5t l\u01b0\u1ee3ng xu\u1ea5t x\u01b0\u1edfng<br \/>3. S\u1ed5 b\u1ea3o h\u00e0nh<br \/>4. S\u00e1ch H\u01b0\u1edbng d\u1eabn s\u1eed d\u1ee5ng<br \/>5. S\u00e1ch h\u01b0\u1edbng d\u1eabn &#8220;T\u00fai kh\u00ed&#8221;<br \/>6. S\u00e1ch h\u01b0\u1edbng d\u1eabn &#8220;K\u1ef9 thu\u1eadt l\u00e1i xe an to\u00e0n&#8221;<\/p>\n<\/div><\/div>\n<\/div>\n\t\t<\/div>\n\t\t\t\t\t<\/div>\n\n\t\n\n\t<div id=\"col-677472429\" class=\"col form-lien-he medium-6 small-12 large-6\"  >\n\t\t\t\t<div class=\"col-inner\"  >\n\t\t\t\n\t\t\t\n<div class=\"container section-title-container\" ><h3 class=\"section-title section-title-normal\"><b><\/b><span class=\"section-title-main\" >G\u1eecI EMAIL LI\u00caN H\u1ec6<\/span><b><\/b><\/h3><\/div>\n\n<div class=\"wpcf7 no-js\" id=\"wpcf7-f4-o1\" lang=\"vi\" dir=\"ltr\" data-wpcf7-id=\"4\">\n<div class=\"screen-reader-response\"><p role=\"status\" aria-live=\"polite\" aria-atomic=\"true\"><\/p> <ul><\/ul><\/div>\n<form action=\"\/honda1\/wp-json\/wp\/v2\/pages\/194#wpcf7-f4-o1\" method=\"post\" class=\"wpcf7-form init\" aria-label=\"Form li\u00ean h\u1ec7\" novalidate=\"novalidate\" data-status=\"init\">\n<fieldset class=\"hidden-fields-container\"><input type=\"hidden\" name=\"_wpcf7\" value=\"4\" \/><input type=\"hidden\" name=\"_wpcf7_version\" value=\"6.1\" \/><input type=\"hidden\" name=\"_wpcf7_locale\" value=\"vi\" \/><input type=\"hidden\" name=\"_wpcf7_unit_tag\" value=\"wpcf7-f4-o1\" \/><input type=\"hidden\" name=\"_wpcf7_container_post\" value=\"0\" \/><input type=\"hidden\" name=\"_wpcf7_posted_data_hash\" value=\"\" \/>\n<\/fieldset>\n<p><label> T\u00ean c\u1ee7a b\u1ea1n (*)<br \/>\n<span class=\"wpcf7-form-control-wrap\" data-name=\"your-name\"><input size=\"40\" maxlength=\"400\" class=\"wpcf7-form-control wpcf7-text wpcf7-validates-as-required\" aria-required=\"true\" aria-invalid=\"false\" value=\"\" type=\"text\" name=\"your-name\" \/><\/span> <\/label>\n<\/p>\n<p><label> S\u1ed1 \u0111i\u1ec7n tho\u1ea1i (*)<br \/>\n<span class=\"wpcf7-form-control-wrap\" data-name=\"your-sdt\"><input size=\"40\" maxlength=\"400\" class=\"wpcf7-form-control wpcf7-tel wpcf7-validates-as-required wpcf7-text wpcf7-validates-as-tel\" aria-required=\"true\" aria-invalid=\"false\" value=\"\" type=\"tel\" name=\"your-sdt\" \/><\/span> <\/label>\n<\/p>\n<p><label> \u0110\u1ecba ch\u1ec9 Email (*)<br \/>\n<span class=\"wpcf7-form-control-wrap\" data-name=\"your-email\"><input size=\"40\" maxlength=\"400\" class=\"wpcf7-form-control wpcf7-email wpcf7-validates-as-required wpcf7-text wpcf7-validates-as-email\" aria-required=\"true\" aria-invalid=\"false\" value=\"\" type=\"email\" name=\"your-email\" \/><\/span> <\/label>\n<\/p>\n<p><label> Th\u00f4ng \u0111i\u1ec7p<br \/>\n<span class=\"wpcf7-form-control-wrap\" data-name=\"your-message\"><textarea cols=\"40\" rows=\"10\" maxlength=\"2000\" class=\"wpcf7-form-control wpcf7-textarea\" aria-invalid=\"false\" name=\"your-message\"><\/textarea><\/span> <\/label>\n<\/p>\n<center>\n\t<p><input class=\"wpcf7-form-control wpcf7-submit has-spinner\" type=\"submit\" value=\"G\u1eedi \u0111i\" \/>\n\t<\/p>\n<\/center><div class=\"wpcf7-response-output\" aria-hidden=\"true\"><\/div>\n<\/form>\n<\/div>\n\n\t\t<\/div>\n\t\t\t\t\t<\/div>\n\n\t\n<\/div>\n","protected":false},"excerpt":{"rendered":"","protected":false},"author":1,"featured_media":0,"parent":0,"menu_order":0,"comment_status":"closed","ping_status":"closed","template":"page-blank.php","meta":{"_acf_changed":false,"footnotes":""},"class_list":["post-194","page","type-page","status-publish","hentry"],"acf":[],"_links":{"self":[{"href":"https:\/\/khowordpress.com\/honda1\/wp-json\/wp\/v2\/pages\/194","targetHints":{"allow":["GET"]}}],"collection":[{"href":"https:\/\/khowordpress.com\/honda1\/wp-json\/wp\/v2\/pages"}],"about":[{"href":"https:\/\/khowordpress.com\/honda1\/wp-json\/wp\/v2\/types\/page"}],"author":[{"embeddable":true,"href":"https:\/\/khowordpress.com\/honda1\/wp-json\/wp\/v2\/users\/1"}],"replies":[{"embeddable":true,"href":"https:\/\/khowordpress.com\/honda1\/wp-json\/wp\/v2\/comments?post=194"}],"version-history":[{"count":17,"href":"https:\/\/khowordpress.com\/honda1\/wp-json\/wp\/v2\/pages\/194\/revisions"}],"predecessor-version":[{"id":4440,"href":"https:\/\/khowordpress.com\/honda1\/wp-json\/wp\/v2\/pages\/194\/revisions\/4440"}],"wp:attachment":[{"href":"https:\/\/khowordpress.com\/honda1\/wp-json\/wp\/v2\/media?parent=194"}],"curies":[{"name":"wp","href":"https:\/\/api.w.org\/{rel}","templated":true}]}}