{"id":2219,"date":"2018-04-06T02:12:36","date_gmt":"2018-04-05T19:12:36","guid":{"rendered":"http:\/\/honda2.maugiaodien.com\/?page_id=2219"},"modified":"2019-04-10T10:10:31","modified_gmt":"2019-04-10T03:10:31","slug":"dang-ky-lai-thu","status":"publish","type":"page","link":"https:\/\/khowordpress.com\/honda1\/dang-ky-lai-thu","title":{"rendered":"\u0110\u0103ng k\u00fd l\u00e1i th\u1eed"},"content":{"rendered":"<h1 style=\"text-align: center;\">CH\u01af\u01a0NG TR\u00ccNH L\u00c1I TH\u1eec XE<\/h1>\n<p>Honda Qu\u1ea3ng B\u00ecnh lu\u00f4n t\u1ea1o \u0111i\u1ec1u ki\u1ec7n cho kh\u00e1ch h\u00e0ng tr\u1ea3i nghi\u1ec7m xe, ch\u00fang t\u00f4i th\u01b0\u1eddng xuy\u00ean c\u00f3 c\u00e1c ch\u01b0\u01a1ng tr\u00ecnh H\u00e0nh tr\u00ecnh tr\u1ea3i nghi\u1ec7m l\u00e1i th\u1eed xe Honda, \u0111\u1eb7c bi\u1ec7t l\u00e0 c\u00e1c d\u00f2ng xe m\u1edbi ra m\u1eaft v\u00e0 nh\u1eadn \u0111\u01b0\u1ee3c s\u1ef1 \u1ee7ng h\u1ed9 c\u1ee7a c\u00e1c kh\u00e1ch h\u00e0ng t\u1ea1i Qu\u1ea3ng B\u00ecnh.<\/p>\n<p>Qu\u00fd kh\u00e1ch h\u00e0ng c\u00f3 nhu c\u1ea7u l\u00e1i th\u1eed tr\u1ea3i nghi\u1ec7m xe \u00f4 t\u00f4 Honda t\u1ea1i Qu\u1ea3ng B\u00ecnh vui l\u00f2ng <strong>ho\u00e0n th\u00e0nh form \u0111\u0103ng k\u00fd<\/strong> ho\u1eb7c<strong> li\u00ean h\u1ec7 ngay<\/strong> \u0110\u1ea0I L\u00dd HONDA QU\u1ea2NG B\u00ccNH v\u1edbi c\u00e1c th\u00f4ng tin d\u01b0\u1edbi \u0111\u00e2y\u00a0\u2193<\/p>\n<p style=\"text-align: center;\">\n\n<div class=\"wpcf7 no-js\" id=\"wpcf7-f4006-o1\" lang=\"vi\" dir=\"ltr\" data-wpcf7-id=\"4006\">\n<div class=\"screen-reader-response\"><p role=\"status\" aria-live=\"polite\" aria-atomic=\"true\"><\/p> <ul><\/ul><\/div>\n<form action=\"\/honda1\/wp-json\/wp\/v2\/pages\/2219#wpcf7-f4006-o1\" method=\"post\" class=\"wpcf7-form init\" aria-label=\"Form li\u00ean h\u1ec7\" novalidate=\"novalidate\" data-status=\"init\">\n<fieldset class=\"hidden-fields-container\"><input type=\"hidden\" name=\"_wpcf7\" value=\"4006\" \/><input type=\"hidden\" name=\"_wpcf7_version\" value=\"6.1\" \/><input type=\"hidden\" name=\"_wpcf7_locale\" value=\"vi\" \/><input type=\"hidden\" name=\"_wpcf7_unit_tag\" value=\"wpcf7-f4006-o1\" \/><input type=\"hidden\" name=\"_wpcf7_container_post\" value=\"0\" \/><input type=\"hidden\" name=\"_wpcf7_posted_data_hash\" value=\"\" \/>\n<\/fieldset>\n<div class=\"form-dang-ky-lai-thu\">\n\t<p><label> T\u00ean c\u1ee7a b\u1ea1n (*)<br \/>\n<span class=\"wpcf7-form-control-wrap\" data-name=\"your-name\"><input size=\"40\" maxlength=\"400\" class=\"wpcf7-form-control wpcf7-text wpcf7-validates-as-required\" aria-required=\"true\" aria-invalid=\"false\" placeholder=\"Nh\u1eadp t\u00ean c\u1ee7a b\u1ea1n...\" value=\"\" type=\"text\" name=\"your-name\" \/><\/span> <\/label>\n\t<\/p>\n\t<p><label> S\u1ed1 \u0111i\u1ec7n tho\u1ea1i (*)<br \/>\n<span class=\"wpcf7-form-control-wrap\" data-name=\"your-sdt\"><input size=\"40\" maxlength=\"400\" class=\"wpcf7-form-control wpcf7-tel wpcf7-validates-as-required wpcf7-text wpcf7-validates-as-tel\" aria-required=\"true\" aria-invalid=\"false\" placeholder=\"Nh\u1eadp s\u0111t b\u1ea1n \u0111ang s\u1eed d\u1ee5ng...\" value=\"\" type=\"tel\" name=\"your-sdt\" \/><\/span> <\/label>\n\t<\/p>\n\t<p><label> \u0110\u1ecba ch\u1ec9 Email (*)<br \/>\n<span class=\"wpcf7-form-control-wrap\" data-name=\"your-email\"><input size=\"40\" maxlength=\"400\" class=\"wpcf7-form-control wpcf7-email wpcf7-validates-as-required wpcf7-text wpcf7-validates-as-email\" aria-required=\"true\" aria-invalid=\"false\" placeholder=\"Nh\u1eadp \u0111\u1ecba ch\u1ec9 email c\u1ee7a b\u1ea1n...\" value=\"\" type=\"email\" name=\"your-email\" \/><\/span> <\/label>\n\t<\/p>\n\t<p><label> B\u1ea1n mu\u1ed1n \u0111\u0103ng k\u00fd l\u00e1i th\u1eed d\u00f2ng xe g\u00ec? (*)<br \/>\n<span class=\"wpcf7-form-control-wrap\" data-name=\"dong-xe\"><select class=\"wpcf7-form-control wpcf7-select wpcf7-validates-as-required\" aria-required=\"true\" aria-invalid=\"false\" name=\"dong-xe\"><option value=\"\">&#8212;Vui l\u00f2ng ch\u1ecdn&#8212;<\/option><option value=\"Honda Jazz\">Honda Jazz<\/option><option value=\"Honda City\">Honda City<\/option><option value=\"Honda Civic\">Honda Civic<\/option><option value=\"Honda HR-V\">Honda HR-V<\/option><option value=\"Honda CR-V\">Honda CR-V<\/option><option value=\"Honda Accord\">Honda Accord<\/option><\/select><\/span> <\/label>\n\t<\/p>\n\t<p><label> Th\u00f4ng tin th\u00eam<br \/>\n<span class=\"wpcf7-form-control-wrap\" data-name=\"your-message\"><textarea cols=\"40\" rows=\"10\" maxlength=\"2000\" class=\"wpcf7-form-control wpcf7-textarea\" aria-invalid=\"false\" placeholder=\"C\u00f3 th\u1ec3 th\u00eam \u0111\u1ecba ch\u1ec9 c\u1ee7a b\u1ea1n, th\u00f4ng tin phi\u00ean b\u1ea3n xe mu\u1ed1n l\u00e1i th\u1eed ho\u1eb7c th\u1eddi gian ph\u00f9 h\u1ee3p \u0111\u1ec3 ch\u00fang t\u00f4i thu\u1eadt ti\u1ec7n s\u1eafp x\u1ebfp l\u1ecbch...\" name=\"your-message\"><\/textarea><\/span> <\/label>\n\t<\/p>\n\t<center>\n\t\t<p><input class=\"wpcf7-form-control wpcf7-submit has-spinner\" type=\"submit\" value=\"\u0110\u0103ng k\u00fd\" \/>\n\t\t<\/p>\n\t<\/center>\n<\/div><div class=\"wpcf7-response-output\" aria-hidden=\"true\"><\/div>\n<\/form>\n<\/div>\n\n<p style=\"text-align: center;\"><strong>\u0110\u1ea0I L\u00dd HONDA \u00d4 T\u00d4 QU\u1ea2NG B\u00ccNH<\/strong><br \/>\n\u0110\u1ecba ch\u1ec9: xxx H\u1eefu Ngh\u1ecb, TP. \u0110\u1ed3ng H\u1edbi, Qu\u1ea3ng B\u00ecnh<br \/>\nHotline:\u00a0<a href=\"tel:0916913xxx\">0916.913.xxx<\/a> &#8211; <strong>MR. T\u00c2N<\/strong><br \/>\nEmail:\u00a0<a href=\"mailto:webdemo@gmail.com\">webdemo@gmail.com<\/a><br \/>\nWebsite:\u00a0<a href=\"http:\/\/honda2.maugiaodien.com\">webdemo.com<\/a><\/p>\n","protected":false},"excerpt":{"rendered":"<p>CH\u01af\u01a0NG TR\u00ccNH L\u00c1I TH\u1eec XE Honda Qu\u1ea3ng B\u00ecnh lu\u00f4n t\u1ea1o \u0111i\u1ec1u ki\u1ec7n cho kh\u00e1ch h\u00e0ng tr\u1ea3i nghi\u1ec7m xe, ch\u00fang t\u00f4i th\u01b0\u1eddng xuy\u00ean c\u00f3 c\u00e1c ch\u01b0\u01a1ng tr\u00ecnh H\u00e0nh tr\u00ecnh tr\u1ea3i nghi\u1ec7m l\u00e1i th\u1eed xe Honda, \u0111\u1eb7c bi\u1ec7t l\u00e0 c\u00e1c d\u00f2ng xe m\u1edbi ra m\u1eaft v\u00e0 nh\u1eadn \u0111\u01b0\u1ee3c s\u1ef1 \u1ee7ng h\u1ed9 c\u1ee7a c\u00e1c kh\u00e1ch h\u00e0ng t\u1ea1i Qu\u1ea3ng&#8230;<\/p>\n","protected":false},"author":1,"featured_media":0,"parent":0,"menu_order":0,"comment_status":"open","ping_status":"closed","template":"page-right-sidebar.php","meta":{"_acf_changed":false,"footnotes":""},"class_list":["post-2219","page","type-page","status-publish","hentry"],"acf":[],"_links":{"self":[{"href":"https:\/\/khowordpress.com\/honda1\/wp-json\/wp\/v2\/pages\/2219","targetHints":{"allow":["GET"]}}],"collection":[{"href":"https:\/\/khowordpress.com\/honda1\/wp-json\/wp\/v2\/pages"}],"about":[{"href":"https:\/\/khowordpress.com\/honda1\/wp-json\/wp\/v2\/types\/page"}],"author":[{"embeddable":true,"href":"https:\/\/khowordpress.com\/honda1\/wp-json\/wp\/v2\/users\/1"}],"replies":[{"embeddable":true,"href":"https:\/\/khowordpress.com\/honda1\/wp-json\/wp\/v2\/comments?post=2219"}],"version-history":[{"count":13,"href":"https:\/\/khowordpress.com\/honda1\/wp-json\/wp\/v2\/pages\/2219\/revisions"}],"predecessor-version":[{"id":4134,"href":"https:\/\/khowordpress.com\/honda1\/wp-json\/wp\/v2\/pages\/2219\/revisions\/4134"}],"wp:attachment":[{"href":"https:\/\/khowordpress.com\/honda1\/wp-json\/wp\/v2\/media?parent=2219"}],"curies":[{"name":"wp","href":"https:\/\/api.w.org\/{rel}","templated":true}]}}