{"id":2230,"date":"2018-04-06T02:24:52","date_gmt":"2018-04-05T19:24:52","guid":{"rendered":"http:\/\/honda2.maugiaodien.com\/?page_id=2230"},"modified":"2018-11-19T00:57:17","modified_gmt":"2018-11-18T17:57:17","slug":"chinh-sach-bao-hanh","status":"publish","type":"page","link":"https:\/\/khowordpress.com\/honda1\/chinh-sach-bao-hanh","title":{"rendered":"Ch\u00ednh s\u00e1ch b\u1ea3o h\u00e0nh"},"content":{"rendered":"<h1 class=\"page-title\" style=\"text-align: center;\">B\u1ea2O H\u00c0NH &amp; GIA H\u1ea0N B\u1ea2O H\u00c0NH<\/h1>\n<h2>1. Ch\u00ednh s\u00e1ch b\u1ea3o h\u00e0nh<\/h2>\n<p><img decoding=\"async\" class=\"aligncenter\" src=\"http:\/\/honda2.maugiaodien.com\/media\/2018\/11\/chinh-sach-bao-hanh-2230.jpg\" \/><\/p>\n<p><img decoding=\"async\" class=\"aligncenter\" src=\"http:\/\/honda2.maugiaodien.com\/media\/2018\/11\/chinh-sach-bao-hanh-2230-1.jpg\" \/><\/p>\n<p class=\"title_reader\"><strong>Bao g\u1ed3m:<\/strong><\/p>\n<ul class=\"list_reader\">\n<li>C\u00e1c \u0111i\u1ec1u kho\u1ea3n b\u1ea3o h\u00e0nh n\u00e0y \u0111\u01b0\u1ee3c \u00e1p d\u1ee5ng cho xe \u00f4t\u00f4 Honda m\u1edbi do c\u00f4ng ty Honda Vi\u1ec7t Nam cung c\u1ea5p v\u00e0 \u0111\u01b0\u1ee3c b\u00e1n t\u1ea1i c\u00e1c \u0111\u1ea1i l\u00fd Honda \u1ee7y nhi\u1ec7m v\u00e0 ch\u1ec9 c\u00f3 gi\u00e1 tr\u1ecb t\u1ea1i Vi\u1ec7t Nam.<\/li>\n<li>C\u00f4ng ty Honda Vi\u1ec7t Nam ch\u1ecbu tr\u00e1ch nhi\u1ec7m b\u1ea3o h\u00e0nh cho m\u1ed7i chi\u1ebfc xe m\u1edbi \u0111\u01b0\u1ee3c b\u00e1n v\u00e0 giao cho kh\u00e1ch h\u00e0ng mua l\u1ebb v\u1ec1 c\u00e1c khi\u1ebfm khuy\u1ebft do v\u1eadt li\u1ec7u hay s\u1ea3n xu\u1ea5t trong \u0111i\u1ec1u ki\u1ec7n s\u1eed d\u1ee5ng v\u00e0 b\u1ea3o d\u01b0\u1ee1ng b\u00ecnh th\u01b0\u1eddng trong 3 n\u0103m ho\u1eb7c 100.000 km, t\u00f9y \u0111i\u1ec1u ki\u1ec7n n\u00e0o \u0111\u1ebfn tr\u01b0\u1edbc.<\/li>\n<li>C\u00e1c \u0110\u1ea1i l\u00fd Honda \u1ee7y nhi\u1ec7m s\u1ebd ti\u1ebfn h\u00e0nh s\u1eeda ch\u1eefa hay thay th\u1ebf mi\u1ec5n ph\u00ed c\u00e1c ph\u1ee5 t\u00f9ng \u0111\u01b0\u1ee3c k\u1ebft lu\u1eadn l\u00e0 c\u00f3 sai h\u1ecfng trong gi\u1edbi h\u1ea1n b\u1ea3o h\u00e0nh (mi\u1ec5n ph\u00ed c\u1ea3 v\u1ec1 nh\u00e2n c\u00f4ng v\u00e0 ph\u1ee5 t\u00f9ng thay th\u1ebf). T\u1ea5t c\u1ea3 c\u00e1c ph\u1ee5 t\u00f9ng sai h\u1ecfng \u0111\u01b0\u1ee3c thay th\u1ebf b\u1eb1ng ph\u1ee5 t\u00f9ng m\u1edbi theo \u0111i\u1ec1u ki\u1ec7n b\u1ea3o h\u00e0nh n\u00e0y s\u1ebd tr\u1edf th\u00e0nh t\u00e0i s\u1ea3n c\u1ee7a Honda Vi\u1ec7t Nam.<\/li>\n<li>C\u00e1c s\u1eeda ch\u1eefa b\u1ea3o h\u00e0nh ph\u1ea3i do \u0110\u1ea1i l\u00fd Honda \u1ee7y nhi\u1ec7m th\u1ef1c hi\u1ec7n. \u0110\u1ea1i l\u00fd Honda \u1ee7y nhi\u1ec7m s\u1ebd ti\u1ebfn h\u00e0nh d\u1ecbch v\u1ee5 b\u1ea3o d\u01b0\u1ee1ng theo y\u00eau c\u1ea7u c\u1ee7a ch\u1ee7 xe v\u00e0 ch\u1ee7 xe ph\u1ea3i tr\u1ea3 cho c\u00e1c chi ph\u00ed ph\u00e1t sinh.<\/li>\n<li>Chuy\u1ec3n b\u1ea3o h\u00e0nh: C\u00e1c ch\u1ee7 xe \u0111\u0103ng k\u00fd ti\u1ebfp sau c\u00f3 th\u1ec3 \u0111\u01b0\u1ee3c h\u01b0\u1edfng nh\u1eefng quy\u1ec1n l\u1ee3i c\u1ee7a c\u00e1c ph\u1ea7n b\u1ea3o h\u00e0nh ch\u01b0a h\u1ebft h\u1ea1n b\u1eb1ng c\u00e1ch ho\u00e0n th\u00e0nh phi\u1ebfu \u0111\u0103ng k\u00fd b\u1ea3o h\u00e0nh cho ch\u1ee7 xe ti\u1ebfp sau v\u00e0 g\u1eedi t\u1edbi Honda Vi\u1ec7t Nam qua \u0110\u1ea1i l\u00fd Honda \u1ee7y nhi\u1ec7m.<\/li>\n<li>Honda Vi\u1ec7t Nam b\u1ea3o l\u01b0u quy\u1ec1n ti\u1ebfn h\u00e0nh b\u1ea5t c\u1ee9 m\u1ed9t thay \u0111\u1ed5i hay s\u1eeda \u0111\u1ed5i n\u00e0o v\u1ec1 thi\u1ebft k\u1ebf khi th\u1ea5y c\u1ea7n thi\u1ebft m\u00e0 kh\u00f4ng c\u1ea7n th\u00f4ng b\u00e1o.<\/li>\n<li>\u1eaec-quy: Th\u1eddi h\u1ea1n b\u1ea3o h\u00e0nh b\u00ecnh \u1eafc-quy l\u00e0 12 th\u00e1ng ho\u1eb7c 20.000 km t\u00f9y theo \u0111i\u1ec1u ki\u1ec7n n\u00e0o \u0111\u1ebfn tr\u01b0\u1edbc.<\/li>\n<\/ul>\n<p class=\"title_reader\"><strong>\u0110i\u1ec1u kho\u1ea3n b\u1ea3o h\u00e0nh s\u1ebd kh\u00f4ng \u0111\u01b0\u1ee3c \u00e1p d\u1ee5ng cho:<\/strong><\/p>\n<ul class=\"list_reader\">\n<li>B\u1ea5t c\u1ee9 m\u1ed9t h\u01b0 h\u1ecfng n\u00e0o x\u1ea3y ra do vi\u1ec7c kh\u00f4ng ti\u1ebfn h\u00e0nh b\u1ea3o d\u01b0\u1ee1ng \u0111\u1ecbnh k\u1ef3 nh\u01b0 ch\u1ec9 d\u1eabn c\u1ee7a Honda Vi\u1ec7t Nam.<\/li>\n<li>B\u1ea5t c\u1ee9 m\u1ed9t h\u01b0 h\u1ecfng n\u00e0o x\u1ea3y ra do vi\u1ec7c s\u1eeda ch\u1eefa hay b\u1ea3o d\u01b0\u1ee1ng kh\u00f4ng tu\u00e2n theo c\u00e1c ph\u01b0\u01a1ng ph\u00e1p nh\u01b0 ch\u1ec9 d\u1eabn c\u1ee7a Honda Vi\u1ec7t Nam v\u00e0 b\u1ea5t c\u1ee9 nh\u1eefng h\u01b0 h\u1ecfng n\u00e0o l\u00e0 nguy\u00ean nh\u00e2n c\u1ee7a vi\u1ec7c s\u1eeda ch\u1eefa\/ \u0111i\u1ec1u ch\u1ec9nh kh\u00f4ng ph\u1ea3i do \u0110\u1ea1i l\u00fd Honda \u1ee7y nhi\u1ec7m ti\u1ebfn h\u00e0nh.<\/li>\n<li>B\u1ea5t c\u1ee9 m\u1ed9t h\u01b0 h\u1ecfng n\u00e0o x\u1ea3y ra do xe l\u00e0m vi\u1ec7c qu\u00e1 t\u1ea3i nh\u01b0 \u0111ua xe t\u1ed1c \u0111\u1ed9, \u0111ua xe \u0111\u01b0\u1eddng tr\u01b0\u1eddng hay l\u00e1i xe tr\u00ean \u0111\u1ecba h\u00ecnh kh\u00f4ng ph\u00f9 h\u1ee3p.<\/li>\n<li>B\u1ea5t c\u1ee9 m\u1ed9t h\u01b0 h\u1ecfng n\u00e0o do vi\u1ec7c ch\u1ea1y xe \u1edf nh\u1eefng khu v\u1ef1c m\u00e0 kh\u00f4ng m\u1ed9t chi\u1ebfc xe \u00f4t\u00f4 c\u00f9ng lo\u1ea1i n\u00e0o c\u00f3 th\u1ec3 v\u1eadn h\u00e0nh m\u1ed9t c\u00e1ch b\u00ecnh th\u01b0\u1eddng.<\/li>\n<li>Xe \u0111\u01b0\u1ee3c s\u1eed d\u1ee5ng v\u1edbi m\u1ee5c \u0111\u00edch ch\u1ea1y taxi hay cho thu\u00ea.<\/li>\n<li>B\u1ea5t c\u1ee9 m\u1ed9t h\u01b0 h\u1ecfng n\u00e0o x\u1ea3y ra do vi\u1ec7c v\u1eadn h\u00e0nh xe kh\u00f4ng theo c\u00e1c ph\u01b0\u01a1ng ph\u00e1p \u0111\u01b0\u1ee3c ch\u1ec9 ra trong s\u00e1ch h\u01b0\u1edbng d\u1eabn s\u1eed d\u1ee5ng hay v\u01b0\u1ee3t qu\u00e1 gi\u1edbi h\u1ea1n quy \u0111\u1ecbnh (t\u1ea3i tr\u1ecdng t\u1ed1i \u0111a, s\u1ed1 l\u01b0\u1ee3ng h\u00e0nh kh\u00e1ch, t\u1ed1c \u0111\u1ed9 \u0111\u1ed9ng c\u01a1 v\u00e0 c\u00e1c \u0111\u1eb7c \u0111i\u1ec3m kh\u00e1c).<\/li>\n<li>B\u1ea5t c\u1ee9 h\u01b0 h\u1ecfng n\u00e0o x\u1ea3y ra do vi\u1ec7c s\u1eed d\u1ee5ng c\u00e1c ph\u1ee5 t\u00f9ng, c\u00e1c lo\u1ea1i d\u1ea7u v\u00e0 ch\u1ea5t l\u1ecfng hay c\u00e1c ph\u1ee5 ki\u1ec7n kh\u00f4ng ch\u00ednh hi\u1ec7u do Honda Vi\u1ec7t Nam ch\u1ec9 \u0111\u1ecbnh. Theo quy \u0111\u1ecbnh, c\u00e1c s\u1ea3n ph\u1ea9m c\u1ee7a Honda Vi\u1ec7t Nam ph\u1ea3i \u0111\u01b0\u1ee3c \u0111\u1ea3m b\u1ea3o s\u1eed d\u1ee5ng c\u00e1c ph\u1ee5 t\u00f9ng do Honda Vi\u1ec7t Nam ch\u1ec9 \u0111\u1ecbnh b\u1ea5t k\u1ec3 l\u00e0 xe c\u00f2n trong th\u1eddi h\u1ea1n b\u1ea3o h\u00e0nh hay kh\u00f4ng. Vi\u1ec7c s\u1eed d\u1ee5ng c\u00e1c ph\u1ee5 t\u00f9ng, c\u00e1c lo\u1ea1i d\u1ea7u v\u00e0 ch\u1ea5t l\u1ecfng hay c\u00e1c ph\u1ee5 ki\u1ec7n kh\u00f4ng ch\u00ednh hi\u1ec7u c\u00f3 th\u1ec3 l\u00e0m gi\u1ea3m kh\u1ea3 n\u0103ng ho\u1ea1t \u0111\u1ed9ng v\u00e0 \u0111\u1ed9 tin c\u1eady c\u1ee7a xe. Honda Vi\u1ec7t Nam s\u1ebd kh\u00f4ng ch\u1ecbu tr\u00e1ch nhi\u1ec7m v\u1ec1 nh\u1eefng chi ph\u00ed li\u00ean quan \u0111\u1ebfn c\u00e1c ph\u1ee5 t\u00f9ng b\u1ecb h\u01b0 h\u1ecfng do vi\u1ec7c s\u1eed d\u1ee5ng c\u00e1c nhi\u00ean li\u1ec7u, c\u00e1c ch\u1ea5t b\u00f4i tr\u01a1n hay c\u00e1c ch\u1ea5t l\u1ecfng (d\u1ea7u, d\u1ea7u phanh, n\u01b0\u1edbc l\u00e0m m\u00e1t v\u00e0 c\u00e1c lo\u1ea1i kh\u00e1c) kh\u00f4ng ch\u00ednh hi\u1ec7u.<\/li>\n<li>B\u1ea5t c\u1ee9 h\u01b0 h\u1ecfng n\u00e0o x\u1ea3y ra do nh\u1eefng s\u1eeda \u0111\u1ed5i m\u00e0 kh\u00f4ng \u0111\u01b0\u1ee3c Honda Vi\u1ec7t Nam ph\u00ea duy\u1ec7t (s\u1eeda \u0111\u1ed5i v\u1ec1 hi\u1ec7u su\u1ea5t ho\u1ea1t \u0111\u1ed9ng c\u1ee7a xe, thay \u0111\u1ed5i \u0111\u00e8n, m\u1edf r\u1ed9ng xe v\u00e0 nh\u1eefng thay \u0111\u1ed5i kh\u00e1c).<\/li>\n<li>C\u00e1c hi\u1ec7n t\u01b0\u1ee3ng nh\u01b0 ti\u1ebfng \u1ed3n, \u0111\u1ed9 rung, r\u00f2 r\u1ec9 d\u1ea7u v\u00e0 c\u00e1c h\u1ec7 c\u1ea3m bi\u1ebfn m\u00e0 kh\u00f4ng \u1ea3nh h\u01b0\u1edfng t\u1edbi ch\u1ea5t l\u01b0\u1ee3ng s\u1ea3n ph\u1ea9m, ch\u1ee9c n\u0103ng v\u00e0 hi\u1ec7u su\u1ea5t l\u00e0m vi\u1ec7c c\u1ee7a xe.<\/li>\n<li>B\u1ea5t c\u1ee9 h\u01b0 h\u1ecfng n\u00e0o x\u1ea3y ra do vi\u1ec7c b\u1ea3o qu\u1ea3n xe hay v\u1eadn chuy\u1ec3n xe kh\u00f4ng \u0111\u00fang c\u00e1ch.<\/li>\n<li>C\u00e1c ph\u1ee5 t\u00f9ng thay th\u1ebf do hao m\u00f2n t\u1ef1 nhi\u00ean, kh\u00e1ch h\u00e0ng ph\u1ea3i t\u1ef1 thanh to\u00e1n. Honda Vi\u1ec7t Nam s\u1ebd kh\u00f4ng b\u1ea3o h\u00e0nh c\u00e1c ph\u1ee5 t\u00f9ng b\u1ecb m\u00f2n do s\u1ef1 \u0103n m\u00f2n t\u1ef1 nhi\u00ean. C\u00e1c ph\u1ee5 t\u00f9ng \u0111\u01b0\u1ee3c li\u1ec7t k\u00ea d\u01b0\u1edbi \u0111\u00e2y \u0111\u01b0\u1ee3c coi l\u00e0 kh\u00f4ng thu\u1ed9c tr\u00e1ch nhi\u1ec7m b\u1ea3o h\u00e0nh:\n<ul>\n<li>Bu-gi, c\u00e1c b\u1ed9 l\u1ecdc nhi\u00ean li\u1ec7u, c\u00e1c b\u1ed9 l\u1ecdc d\u1ea7u, c\u00e1c b\u1ed9 l\u1ecdc gi\u00f3, m\u00e1 phanh, \u0111\u0129a ly h\u1ee3p, \u0111\u00e8n, c\u1ea7u ch\u00ec, ch\u1ed5i than, c\u1ea7n g\u1ea1t n\u01b0\u1edbc, d\u00e2y an to\u00e0n, l\u1ed1p xe v\u00e0 c\u00e1c b\u1ed9 ph\u1eadn b\u1eb1ng cao su kh\u00e1c, k\u00ednh.<\/li>\n<li>D\u1ea7u, m\u1ee1, dung d\u1ecbch \u0111i\u1ec7n ph\u00e2n cho \u1eafc-quy, n\u01b0\u1edbc l\u00e0m m\u00e1t b\u1ed9 t\u1ea3n nhi\u1ec7t, c\u00e1c ph\u1ee5 t\u00f9ng l\u00e0m b\u1eb1ng da, logo ch\u1eef H, \u0111\u1ec7m gh\u1ebf ng\u1ed3i.<\/li>\n<\/ul>\n<\/li>\n<li>L\u00e0m s\u1ea1ch, ki\u1ec3m tra, \u0111i\u1ec1u ch\u1ec9nh v\u00e0 c\u00e1c h\u1ea1ng m\u1ee5c b\u1ea3o d\u01b0\u1ee1ng \u0111\u1ecbnh k\u1ef3 kh\u00e1c. C\u00e1c chi ph\u00ed ph\u00e1t sinh cho vi\u1ec7c ki\u1ec3m tra \u0111\u1ecbnh k\u1ef3 xe \u00f4t\u00f4 do \u0111\u1ea1i l\u00fd th\u1ef1c hi\u1ec7n s\u1ebd kh\u00f4ng n\u1eb1m trong tr\u00e1ch nhi\u1ec7m b\u1ea3o h\u00e0nh c\u1ee7a Honda Vi\u1ec7t Nam.<\/li>\n<li>B\u1ea5t c\u1ee9 m\u1ed9t kho\u1ea3n chi ph\u00ed n\u00e0o \u0111\u1ec3 kh\u1eafc ph\u1ee5c h\u1eadu qu\u1ea3 c\u1ee7a vi\u1ec7c s\u1eeda ch\u1eefa b\u1ea3o d\u01b0\u1ee1ng kh\u00f4ng \u0111\u00fang \u0111\u00e3 \u0111\u01b0\u1ee3c th\u1ef1c hi\u1ec7n tr\u01b0\u1edbc \u0111\u00f3. Chi ph\u00ed s\u1eeda ch\u1eefa n\u00e0y s\u1ebd do \u0110\u1ea1i l\u00fd Honda \u1ee7y nhi\u1ec7m &#8211; n\u01a1i ti\u1ebfn h\u00e0nh c\u00f4ng vi\u1ec7c s\u1eeda ch\u1eefa sai \u0111\u00f3 &#8211; chi tr\u1ea3, k\u1ec3 c\u1ea3 khi th\u1eddi gian b\u1ea3o h\u00e0nh \u0111\u00e3 h\u1ebft. Kh\u00e1ch h\u00e0ng s\u1ebd kh\u00f4ng ph\u1ea3i tr\u1ea3 ti\u1ec1n cho nh\u1eefng c\u00f4ng vi\u1ec7c n\u00e0y.<\/li>\n<li>Ph\u1ee5 ph\u00ed li\u00ean quan \u0111\u1ebfn b\u1ea3o h\u00e0nh m\u00e0 kh\u00e1ch h\u00e0ng ph\u1ea3i tr\u1ea3 khi th\u1ef1c hi\u1ec7n d\u1ecbch v\u1ee5 ngo\u00e0i ph\u1ea1m vi b\u1ea3o h\u00e0nh, ch\u00ednh s\u00e1ch \u0111\u1eb7c bi\u1ec7t hay c\u00e1c chi\u1ebfn d\u1ecbch \u0111i\u1ec1u ch\u1ec9nh bao g\u1ed3m nh\u01b0ng kh\u00f4ng h\u1ea1n ch\u1ebf trong c\u00e1c chi ph\u00ed sau:\n<ul>\n<li>Ph\u1ee5 ph\u00ed cho vi\u1ec7c li\u00ean l\u1ea1c, \u1edf tr\u1ecd, \u0103n u\u1ed1ng v\u00e0 c\u00e1c m\u1ee5c kh\u00e1c do xe h\u1ecfng t\u1ea1i m\u1ed9t \u0111\u1ecba \u0111i\u1ec3m c\u00e1ch xa \u0111\u1ea1i l\u00fd.<\/li>\n<\/ul>\n<\/li>\n<li>B\u1ea5t c\u1ee9 h\u01b0 h\u1ecfng n\u00e0o g\u00e2y ra b\u1edfi c\u00e1c th\u1ea3m h\u1ecda t\u1ef1 nhi\u00ean, ch\u00e1y n\u1ed5, va ch\u1ea1m, tr\u1ed9m c\u1eafp v\u00e0 c\u00e1c h\u01b0 h\u1ecfng x\u1ea3y ra sau \u0111\u00f3 do h\u1eadu qu\u1ea3 c\u1ee7a c\u00e1c s\u1ef1 ki\u1ec7n n\u00e0y.<\/li>\n<li>B\u1ea5t c\u1ee9 h\u01b0 h\u1ecfng n\u00e0o g\u00e2y ra b\u1edfi kh\u00f3i, c\u00e1c ch\u1ea5t h\u00f3a h\u1ecdc, ph\u00e2n chim, n\u01b0\u1edbc bi\u1ec3n, gi\u00f3 bi\u1ec3n, mu\u1ed1i, m\u01b0a ax\u00edt hay c\u00e1c hi\u1ec7n t\u01b0\u1ee3ng t\u01b0\u01a1ng t\u1ef1 kh\u00e1c. Nh\u1eefng h\u01b0 h\u1ecfng do ngo\u1ea1i c\u1ea3nh v\u00e0 m\u00f4i tr\u01b0\u1eddng n\u1eb1m ngo\u00e0i t\u1ea7m ki\u1ec3m so\u00e1t c\u1ee7a Honda Vi\u1ec7t Nam s\u1ebd kh\u00f4ng \u0111\u01b0\u1ee3c b\u1ea3o h\u00e0nh.<\/li>\n<li>T\u1ea5t c\u1ea3 c\u00e1c ph\u1ee5 ki\u1ec7n l\u1eafp \u0111\u1eb7t t\u1ea1i \u0111\u1ea1i l\u00fd nh\u01b0 \u0111\u00e0i, \u1ed5 CD, \u1ed5 DVD\u2026: \u0110\u01b0\u1ee3c b\u1ea3o h\u00e0nh d\u1ef1a theo \u0111i\u1ec1u ki\u1ec7n b\u1ea3o h\u00e0nh c\u1ee7a nh\u00e0 cung c\u1ea5p ph\u1ee5 ki\u1ec7n.<\/li>\n<li>Khi kh\u00e1ch h\u00e0ng th\u1ea5y t\u00edn hi\u1ec7u \u0111\u00e8n b\u00e1o l\u1ed7i ho\u1eb7c\/ v\u00e0 nghe th\u1ea5y xe c\u00f3 hi\u1ec7n t\u01b0\u1ee3ng b\u1ea5t th\u01b0\u1eddng, kh\u00e1ch h\u00e0ng ph\u1ea3i d\u1eebng ch\u1ea1y xe ngay v\u00e0 li\u00ean l\u1ea1c v\u1edbi \u0111\u1ea1i l\u00fd Honda \u0111\u1ec3 \u0111\u01b0\u1ee3c tr\u1ee3 gi\u00fap.<br \/>\nN\u1ebfu kh\u00e1ch h\u00e0ng kh\u00f4ng l\u00e0m theo c\u1ea3nh b\u00e1o tr\u00ean \u0111\u00e2y v\u00e0 ti\u1ebfp t\u1ee5c ch\u1ea1y xe, sau \u0111\u00f3 g\u1eb7p s\u1ef1 c\u1ed1. Trong tr\u01b0\u1eddng h\u1ee3p n\u00e0y kh\u00e1ch h\u00e0ng s\u1ebd ho\u00e0n to\u00e0n ch\u1ecbu tr\u00e1ch nhi\u1ec7m.<\/li>\n<\/ul>\n<h2>2. Gia h\u1ea1n b\u1ea3o h\u00e0nh<\/h2>\n<p><img decoding=\"async\" class=\"aligncenter\" src=\"http:\/\/honda2.maugiaodien.com\/media\/2018\/11\/chinh-sach-bao-hanh-2230-2.jpg\" \/><\/p>\n<p class=\"title_reader\"><strong>A. L\u1ee3i \u00edch c\u1ee7a Gia h\u1ea1n b\u1ea3o h\u00e0nh l\u00e0 g\u00ec?<\/strong><\/p>\n<ul class=\"list_reader2\">\n<li>T\u0103ng gi\u00e1 tr\u1ecb c\u1ee7a xe khi h\u1ebft h\u1ea1n b\u1ea3o h\u00e0nh ti\u00eau chu\u1ea9n (b\u1ea3o h\u00e0nh xe m\u1edbi).<\/li>\n<li>Tham gia v\u00e0o ch\u01b0\u01a1ng tr\u00ecnh Gia h\u1ea1n b\u1ea3o h\u00e0nh c\u1ee7a Honda Vi\u1ec7t Nam, chi\u1ebfc xe c\u1ee7a Qu\u00fd kh\u00e1ch s\u1ebd \u0111\u01b0\u1ee3c k\u00e9o d\u00e0i th\u1eddi h\u1ea1n b\u1ea3o h\u00e0nh ti\u00eau chu\u1ea9n (b\u1ea3o h\u00e0nh xe m\u1edbi) v\u1edbi 2 l\u1ef1a ch\u1ecdn:<br \/>\n+ G\u00f3i Gia h\u1ea1n b\u1ea3o h\u00e0nh 1 n\u0103m ho\u1eb7c 25.000km (t\u00f9y \u0111i\u1ec1u ki\u1ec7n n\u00e0o \u0111\u1ebfn tr\u01b0\u1edbc)<br \/>\n+ G\u00f3i Gia h\u1ea1n b\u1ea3o h\u00e0nh 2 n\u0103m ho\u1eb7c 50.000km (t\u00f9y \u0111i\u1ec1u ki\u1ec7n n\u00e0o \u0111\u1ebfn tr\u01b0\u1edbc)<\/li>\n<li>S\u1eed d\u1ee5ng d\u1ecbch v\u1ee5 t\u1ea1i t\u1ea5t c\u1ea3 \u0110\u1ea1i l\u00fd Honda \u00f4 t\u00f4 tr\u00ean to\u00e0n qu\u1ed1c.<\/li>\n<li>D\u1ecbch v\u1ee5 s\u1eeda ch\u1eefa v\u00e0 c\u1ee9u h\u1ed9 l\u01b0u \u0111\u1ed9ng (chi ph\u00ed th\u1ecfa thu\u1eadn).<\/li>\n<li>Tham gia ch\u01b0\u01a1ng tr\u00ecnh n\u00e0y, Qu\u00fd kh\u00e1ch s\u1ebd lu\u00f4n y\u00ean t\u00e2m v\u1ec1 ch\u1ea5t l\u01b0\u1ee3ng c\u1ee7a xe c\u0169ng nh\u01b0 t\u1eadn h\u01b0\u1edfng d\u1ecbch v\u1ee5 ch\u1ea5t l\u01b0\u1ee3ng cao c\u1ee7a c\u00e1c \u0111\u1ea1i l\u00fd \u00d4 t\u00f4 Honda \u1ee7y quy\u1ec1n.<\/li>\n<\/ul>\n<p class=\"title_reader\"><strong>B. C\u00e1c \u0111i\u1ec1u kho\u1ea3n c\u1ee7a Gia h\u1ea1n b\u1ea3o h\u00e0nh:<\/strong><\/p>\n<ul class=\"list_reader2\">\n<li>T\u1ea5t c\u1ea3 c\u00e1c \u0111i\u1ec1u kho\u1ea3n b\u1ea3o h\u00e0nh v\u00e0 kh\u00f4ng b\u1ea3o h\u00e0nh c\u1ee7a b\u1ea3o h\u00e0nh ti\u00eau chu\u1ea9n (b\u1ea3o h\u00e0nh c\u1ee7a xe m\u1edbi) c\u0169ng c\u00f3 hi\u1ec7u l\u1ef1c trong ch\u01b0\u01a1ng tr\u00ecnh Gia h\u1ea1n b\u1ea3o h\u00e0nh (Tr\u00edch d\u1eabn t\u1eeb s\u1ed5 b\u1ea3o h\u00e0nh).<\/li>\n<\/ul>\n<p class=\"title_reader\"><strong>C. \u0110i\u1ec1u ki\u1ec7n \u00e1p d\u1ee5ng:<\/strong><\/p>\n<ul class=\"list_reader2\">\n<li>Ch\u01b0\u01a1ng tr\u00ecnh \u00e1p d\u1ee5ng cho c\u00e1c xe \u00f4 t\u00f4 do Honda Vi\u1ec7t Nam ph\u00e2n ph\u1ed1i th\u00f4ng qua c\u00e1c \u0111\u1ea1i l\u00fd \u00f4t\u00f4 Honda \u1ee7y quy\u1ec1n, c\u00f3 ch\u1ee9ng nh\u1eadn tham gia ch\u01b0\u01a1ng tr\u00ecnh Gia h\u1ea1n b\u1ea3o h\u00e0nh.<\/li>\n<li>\u0110\u1ec3 tham gia ch\u01b0\u01a1ng tr\u00ecnh Gia h\u1ea1n b\u1ea3o h\u00e0nh, Qu\u00fd kh\u00e1ch c\u1ea7n \u0111\u1ebfn \u0111\u1ea1i l\u00fd \u00f4t\u00f4 Honda \u1ee7y quy\u1ec1n \u0111\u1ec3 mua g\u00f3i Gia h\u1ea1n b\u1ea3o h\u00e0nh tr\u01b0\u1edbc ng\u00e0y h\u1ebft h\u1ea1n c\u1ee7a b\u1ea3o h\u00e0nh ti\u00eau chu\u1ea9n (b\u1ea3o h\u00e0nh xe m\u1edbi).<\/li>\n<\/ul>\n<figure style=\"width: 552px\" class=\"wp-caption aligncenter\"><img loading=\"lazy\" decoding=\"async\" src=\"http:\/\/honda2.maugiaodien.com\/media\/2018\/11\/chinh-sach-bao-hanh-2230-3.jpg\" alt=\"\" width=\"552\" height=\"386\" \/><figcaption class=\"wp-caption-text\">(D\u1ea5u ch\u1ee9ng nh\u1eadn gia h\u1ea1n b\u1ea3o h\u00e0nh)<\/figcaption><\/figure>\n<ul class=\"list_reader2\">\n<li>C\u00f4ng ty Honda Vi\u1ec7t Nam ch\u1ecbu tr\u00e1ch nhi\u1ec7m b\u1ea3o h\u00e0nh cho m\u1ed7i xe tham gia ch\u01b0\u01a1ng tr\u00ecnh Gia h\u1ea1n b\u1ea3o h\u00e0nh v\u1ec1 c\u00e1c khi\u1ebfm khuy\u1ebft do v\u1eadt li\u1ec7u hay do s\u1ea3n xu\u1ea5t, trong \u0111i\u1ec1u ki\u1ec7n s\u1eed d\u1ee5ng v\u00e0 b\u1ea3o d\u01b0\u1ee1ng b\u00ecnh th\u01b0\u1eddng, k\u1ec3 t\u1eeb ng\u00e0y h\u1ebft h\u1ea1n b\u1ea3o h\u00e0nh ti\u00eau chu\u1ea9n (b\u1ea3o h\u00e0nh xe m\u1edbi).<\/li>\n<\/ul>\n<p class=\"title_reader\"><strong>D. Th\u00f4ng tin c\u1ea7n bi\u1ebft:<\/strong><\/p>\n<ul class=\"list_reader2\">\n<li>C\u00e1c y\u00eau c\u1ea7u b\u1ea3o d\u01b0\u1ee1ng \u0111\u00e3 \u0111\u01b0\u1ee3c ch\u1ec9 \u0111\u1ecbnh trong cu\u1ed1n \u201cH\u01b0\u1edbng d\u1eabn s\u1eed d\u1ee5ng\u201d ph\u1ea3i \u0111\u01b0\u1ee3c th\u1ef1c hi\u1ec7n v\u00e0 ghi ch\u00e9p l\u1ea1i trong cu\u1ed1n s\u1ed5 b\u1ea3o h\u00e0nh \u0111\u1ec3 b\u1ea3o h\u00e0nh gia h\u1ea1n c\u00f3 hi\u1ec7u l\u1ef1c. Vi\u1ec7c b\u1ea3o h\u00e0nh trong ch\u01b0\u01a1ng tr\u00ecnh Gia h\u1ea1n b\u1ea3o h\u00e0nh c\u00f3 th\u1ec3 b\u1ecb t\u1eeb ch\u1ed1i n\u1ebfu vi\u1ec7c b\u1ea3o d\u01b0\u1ee1ng kh\u00f4ng \u0111\u01b0\u1ee3c tu\u00e2n th\u1ee7.<\/li>\n<\/ul>\n<figure style=\"width: 551px\" class=\"wp-caption aligncenter\"><img loading=\"lazy\" decoding=\"async\" src=\"http:\/\/honda2.maugiaodien.com\/media\/2018\/11\/chinh-sach-bao-hanh-2230-4.jpg\" alt=\"\" width=\"551\" height=\"386\" \/><figcaption class=\"wp-caption-text\">(Tr\u00edch d\u1eabn t\u1eeb s\u1ed5 b\u1ea3o h\u00e0nh)<\/figcaption><\/figure>\n<ul class=\"list_reader2\">\n<li>Gi\u00e1 b\u00e1n m\u1ed9t g\u00f3i Gia h\u1ea1n b\u1ea3o h\u00e0nh t\u1ea1i th\u1eddi \u0111i\u1ec3m mua xe m\u1edbi th\u1ea5p h\u01a1n kho\u1ea3ng 10% so v\u1edbi gi\u00e1 b\u00e1n c\u1ee7a g\u00f3i Gia h\u1ea1n b\u1ea3o h\u00e0nh \u0111\u00f3 nh\u01b0ng mua sau th\u1eddi \u0111i\u1ec3m mua xe m\u1edbi.<\/li>\n<\/ul>\n<p style=\"text-align: right;\"><strong>Honda Vi\u1ec7t Nam<\/strong><\/p>\n","protected":false},"excerpt":{"rendered":"<p>B\u1ea2O H\u00c0NH &amp; GIA H\u1ea0N B\u1ea2O H\u00c0NH 1. Ch\u00ednh s\u00e1ch b\u1ea3o h\u00e0nh Bao g\u1ed3m: C\u00e1c \u0111i\u1ec1u kho\u1ea3n b\u1ea3o h\u00e0nh n\u00e0y \u0111\u01b0\u1ee3c \u00e1p d\u1ee5ng cho xe \u00f4t\u00f4 Honda m\u1edbi do c\u00f4ng ty Honda Vi\u1ec7t Nam cung c\u1ea5p v\u00e0 \u0111\u01b0\u1ee3c b\u00e1n t\u1ea1i c\u00e1c \u0111\u1ea1i l\u00fd Honda \u1ee7y nhi\u1ec7m v\u00e0 ch\u1ec9 c\u00f3 gi\u00e1 tr\u1ecb t\u1ea1i Vi\u1ec7t Nam. C\u00f4ng&#8230;<\/p>\n","protected":false},"author":1,"featured_media":3856,"parent":0,"menu_order":0,"comment_status":"open","ping_status":"closed","template":"","meta":{"_acf_changed":false,"footnotes":""},"class_list":["post-2230","page","type-page","status-publish","has-post-thumbnail","hentry"],"acf":[],"_links":{"self":[{"href":"https:\/\/khowordpress.com\/honda1\/wp-json\/wp\/v2\/pages\/2230","targetHints":{"allow":["GET"]}}],"collection":[{"href":"https:\/\/khowordpress.com\/honda1\/wp-json\/wp\/v2\/pages"}],"about":[{"href":"https:\/\/khowordpress.com\/honda1\/wp-json\/wp\/v2\/types\/page"}],"author":[{"embeddable":true,"href":"https:\/\/khowordpress.com\/honda1\/wp-json\/wp\/v2\/users\/1"}],"replies":[{"embeddable":true,"href":"https:\/\/khowordpress.com\/honda1\/wp-json\/wp\/v2\/comments?post=2230"}],"version-history":[{"count":7,"href":"https:\/\/khowordpress.com\/honda1\/wp-json\/wp\/v2\/pages\/2230\/revisions"}],"predecessor-version":[{"id":3853,"href":"https:\/\/khowordpress.com\/honda1\/wp-json\/wp\/v2\/pages\/2230\/revisions\/3853"}],"wp:featuredmedia":[{"embeddable":true,"href":"https:\/\/khowordpress.com\/honda1\/wp-json\/wp\/v2\/media\/3856"}],"wp:attachment":[{"href":"https:\/\/khowordpress.com\/honda1\/wp-json\/wp\/v2\/media?parent=2230"}],"curies":[{"name":"wp","href":"https:\/\/api.w.org\/{rel}","templated":true}]}}