{"id":2297,"date":"2018-04-07T11:36:37","date_gmt":"2018-04-07T04:36:37","guid":{"rendered":"http:\/\/honda2.maugiaodien.com\/?page_id=2297"},"modified":"2018-11-19T03:56:52","modified_gmt":"2018-11-18T20:56:52","slug":"bao-duong-dinh-ky","status":"publish","type":"page","link":"https:\/\/khowordpress.com\/honda1\/bao-duong-dinh-ky","title":{"rendered":"B\u1ea3o d\u01b0\u1ee1ng \u0111\u1ecbnh k\u1ef3"},"content":{"rendered":"<h1 style=\"text-align: center;\">B\u1ea2O D\u01af\u1ee0NG \u0110\u1ecaNH K\u1ef2<\/h1>\n<h2 class=\"title_reader\">A. B\u1ea3o d\u01b0\u1ee1ng \u0111\u1ecbnh k\u1ef3 l\u00e0 g\u00ec?<\/h2>\n<p>Hi\u1ec7n nay \u00f4 t\u00f4 \u0111\u00e3 tr\u1edf th\u00e0nh ph\u01b0\u01a1ng ti\u1ec7n giao th\u00f4ng ng\u00e0y c\u00e0ng ph\u1ed5 bi\u1ebfn h\u01a1n t\u1ea1i Vi\u1ec7t Nam. Nh\u1eefng ng\u01b0\u1eddi s\u1eed d\u1ee5ng xe mong mu\u1ed1n xe c\u1ee7a h\u1ecd lu\u00f4n trong \u0111i\u1ec1u ki\u1ec7n t\u1ed1t nh\u1ea5t, an to\u00e0n v\u00e0 kinh t\u1ebf.<\/p>\n<p>M\u1ed9t s\u1ed1 b\u1ed9 ph\u1eadn c\u1ee7a xe b\u1ecb m\u00f2n m\u1ed9t c\u00e1ch t\u1ef1 nhi\u00ean trong qu\u00e1 tr\u00ecnh v\u1eadn h\u00e0nh. N\u1ebfu ch\u00fang kh\u00f4ng \u0111\u01b0\u1ee3c ki\u1ec3m tra, thay th\u1ebf v\u00e0 b\u1ea3o d\u01b0\u1ee1ng \u0111\u1ecbnh k\u1ef3, c\u00e1c t\u00ednh n\u0103ng ho\u1ea1t \u0111\u1ed9ng s\u1ebd gi\u1ea3m \u0111i, d\u1eabn \u0111\u1ebfn h\u01b0 h\u1ecfng n\u1eb7ng th\u1eadm ch\u00ed g\u00e2y m\u1ea5t an to\u00e0n trong qu\u00e1 tr\u00ecnh s\u1eed d\u1ee5ng.<\/p>\n<p><img decoding=\"async\" class=\"aligncenter\" src=\"http:\/\/honda2.maugiaodien.com\/media\/2018\/11\/chuong-trinh-dich-vu-2297.jpg\" \/><\/p>\n<p><strong>V\u00ed d\u1ee5:<\/strong><\/p>\n<ul class=\"list_reader3\">\n<li>D\u1ea7u \u0111\u1ed9ng c\u01a1 c\u00f3 ch\u1ee9c n\u0103ng b\u00f4i tr\u01a1n, l\u00e0m k\u00edn, l\u00e0m m\u00e1t, l\u00e0m s\u1ea1ch v\u00e0 ch\u1ed1ng \u0103n m\u00f2n kim lo\u1ea1i \u0111\u1ed1i v\u1edbi c\u00e1c b\u1ed9 ph\u1eadn b\u00ean trong \u0111\u1ed9ng c\u01a1.<\/li>\n<li>D\u1ea7u \u0111\u1ed9ng c\u01a1 \u0111\u01b0\u1ee3c l\u00e0m s\u1ea1ch qua b\u1ed9 ph\u1eadn l\u1ecdc d\u1ea7u, l\u1ecdc d\u1ea7u c\u00f3 ch\u1ee9c n\u0103ng gi\u1eef l\u1ea1i c\u00e1c c\u1eb7n d\u1ea7u v\u00e0 b\u1ee5i b\u1ea9n sinh ra trong qu\u00e1 tr\u00ecnh v\u1eadn h\u00e0nh.<\/li>\n<li>C\u00e1c t\u00ednh n\u0103ng c\u1ee7a d\u1ea7u v\u00e0 l\u1ecdc d\u1ea7u s\u1ebd gi\u1ea3m d\u1ea7n, do \u0111\u00f3 b\u1ea1n ph\u1ea3i thay th\u1ebf ch\u00fang \u0111\u1ecbnh k\u1ef3 \u0111\u1ec3 \u0111\u1ed9ng c\u01a1 ho\u1ea1t \u0111\u1ed9ng t\u1ed1t.<br \/>\nM\u1ee5c \u0111\u00edch c\u1ee7a b\u1ea3o d\u01b0\u1ee1ng \u0111\u1ecbnh k\u1ef3 l\u00e0 ki\u1ec3m tra, s\u1eeda ch\u1eefa v\u00e0 thay th\u1ebf theo m\u1ed9t l\u1ecbch tr\u00ecnh nh\u1ea5t \u0111\u1ecbnh \u0111\u1ec3 \u0111\u1ea3m b\u1ea3o ho\u1ea1t \u0111\u1ed9ng t\u1ed1t nh\u1ea5t cho t\u1ea5t c\u1ea3 c\u00e1c b\u1ed9 ph\u1eadn tr\u00ean xe. B\u1ea3o d\u01b0\u1ee1ng \u0111\u1ecbnh k\u1ef3 gi\u00fap xe tr\u00e1nh kh\u1ecfi h\u01b0 h\u1ecfng n\u1eb7ng, ti\u1ebft ki\u1ec7m chi ph\u00ed v\u00e0 \u0111\u1ea3m b\u1ea3o t\u00ednh an to\u00e0n cho xe \u00f4t\u00f4. Ngo\u00e0i ra, b\u1ea3o d\u01b0\u1ee1ng \u0111\u1ecbnh k\u1ef3 c\u00f2n gi\u00fap xe c\u1ee7a b\u1ea1n v\u1eadn h\u00e0nh \u0111\u00fang theo c\u00e1c quy \u0111\u1ecbnh v\u1ec1 an to\u00e0n v\u00e0 m\u00f4i tr\u01b0\u1eddng.<br \/>\nB\u1ea3o d\u01b0\u1ee1ng \u0111\u1ecbnh k\u1ef3 l\u00e0 vi\u1ec7c b\u1ea3o d\u01b0\u1ee1ng xe theo m\u1ed9t chu k\u1ef3 nh\u1ea5t \u0111\u1ecbnh (\u0111\u01b0\u1ee3c quy \u0111\u1ecbnh b\u1eb1ng qu\u00e3ng \u0111\u01b0\u1eddng hay th\u1eddi gian s\u1eed d\u1ee5ng).<br \/>\nTh\u1eddi gian v\u00e0 c\u00e1c h\u1ea1ng m\u1ee5c b\u1ea3o d\u01b0\u1ee1ng \u0111\u00e3 \u0111\u01b0\u1ee3c c\u00f4ng ty Honda nghi\u00ean c\u1ee9u ph\u00f9 h\u1ee3p v\u1edbi \u0111i\u1ec1u ki\u1ec7n s\u1eed d\u1ee5ng xe \u1edf Vi\u1ec7t Nam.<br \/>\nXin tham kh\u1ea3o l\u1ecbch b\u1ea3o d\u01b0\u1ee1ng \u0111\u1ecbnh k\u1ef3 trong s\u00e1ch h\u01b0\u1edbng d\u1eabn s\u1eed d\u1ee5ng ho\u1eb7c trong s\u1ed5 b\u1ea3o h\u00e0nh \u0111\u1ec3 bi\u1ebft chi ti\u1ebft.<\/li>\n<\/ul>\n<h2 class=\"title_reader\">B. N\u1ed9I dung c\u00e1c h\u1ea1ng m\u1ee5c b\u1ea3o d\u01b0\u1ee1ng<\/h2>\n<p><img decoding=\"async\" class=\"aligncenter\" src=\"http:\/\/honda2.maugiaodien.com\/media\/2018\/11\/bao-duong-dinh-ky-2297.jpg\" \/><\/p>\n<ul class=\"list_reader\">\n<li>Ki\u1ec3m tra ch\u1ee9c n\u0103ng v\u1eadn h\u00e0nh c\u1ee7a h\u1ec7 th\u1ed1ng \u0111i\u1ec1u khi\u1ec3n trong cabin: \u0111\u00e8n, c\u00f2i, g\u1ea1t m\u01b0a, h\u1ec7 th\u1ed1ng tr\u1ee3 l\u1ef1c l\u00e1i, h\u1ec7 th\u1ed1ng \u0111i\u1ec1u h\u00f2a kh\u00f4ng kh\u00ed\u2026<\/li>\n<li>Ki\u1ec3m tra khoang \u0111\u1ed9ng c\u01a1: D\u1ea7u \u0111\u1ed9ng c\u01a1, d\u1ea7u tr\u1ee3 l\u1ef1c l\u00e1i, dung d\u1ecbch l\u00e0m m\u00e1t \u0111\u1ed9ng c\u01a1, d\u1ea7u phanh, d\u00e2y \u0111ai truy\u1ec1n \u0111\u1ed9ng,\u2026<\/li>\n<li>C\u00e1c h\u1ea1ng m\u1ee5c c\u1ea7n thay th\u1ebf \u0111\u1ecbnh k\u1ef3: d\u1ea7u m\u00e1y, b\u1ed9 l\u1ecdc d\u1ea7u \u0111\u1ed9ng c\u01a1, b\u1ed9 l\u1ecdc nhi\u00ean li\u1ec7u, b\u1ed9 l\u1ecdc gi\u00f3\u2026<\/li>\n<li>Ki\u1ec3m tra g\u1ea7m xe: B\u1ea3o d\u01b0\u1ee1ng h\u1ec7 th\u1ed1ng phanh, ki\u1ec3m tra h\u1ec7 th\u1ed1ng treo, l\u1ed1p xe, \u0111\u01b0\u1eddng \u1ed1ng, \u1ed1ng x\u1ea3, \u0111ai \u1ed1c, ki\u1ec3m tra c\u00e1c r\u00f2 r\u1ec9,\u2026<\/li>\n<li>Ki\u1ec3m tra cu\u1ed1i: Sau khi b\u1ea3o d\u01b0\u1ee1ng, xe s\u1ebd \u0111\u01b0\u1ee3c ki\u1ec3m tra: t\u1ed1c \u0111\u1ed9, l\u1ef1c phanh, \u0111\u1ed9 tr\u01b0\u1ee3t ngang, n\u1ed3ng \u0111\u1ed9 kh\u00ed x\u1ea3\u2026<\/li>\n<\/ul>\n<h2 class=\"title_reader\">C. T\u1ea7m quan tr\u1ecdng c\u1ee7a vi\u1ec7c l\u00e0m b\u1ea3o d\u01b0\u1ee1ng \u0111\u1ecbnh k\u1ef3 t\u1ea1I \u0111\u1ea1I l\u00fd<\/h2>\n<p><strong>Ch\u00fang t\u00f4i khuy\u00ean KH mang xe \u0111\u1ebfn l\u00e0m b\u1ea3o d\u01b0\u1ee1ng \u0111\u1ecbnh k\u1ef3 t\u1ea1i c\u00e1c \u0110\u1ea1i l\u00fd c\u1ee7a Honda v\u00ec nh\u1eefng l\u00fd do sau:<\/strong><\/p>\n<ul class=\"list_reader\">\n<li>C\u00e1c \u0110\u1ea1i l\u00fd Honda l\u00e0 ng\u01b0\u1eddi hi\u1ec3u r\u00f5 v\u1ec1 chi\u1ebfc xe Honda c\u1ee7a b\u1ea1n nh\u1ea5t.<\/li>\n<li>Xe c\u1ee7a b\u1ea1n s\u1ebd \u0111\u01b0\u1ee3c b\u1ea3o d\u01b0\u1ee1ng b\u1edfi \u0111\u1ed9i ng\u0169 K\u1ef9 thu\u1eadt vi\u00ean chuy\u00ean nghi\u1ec7p \u0111\u00e3 \u0111\u01b0\u1ee3c \u0111\u00e0o t\u1ea1o chuy\u00ean s\u00e2u \u0111\u1ec3 c\u00f3 th\u1ec3 b\u1ea3o d\u01b0\u1ee1ng c\u00e1c h\u1ec7 th\u1ed1ng ch\u1ec9 trang b\u1ecb ri\u00eang cho xe \u00f4t\u00f4 Honda c\u1ee7a b\u1ea1n.<\/li>\n<li>KH s\u1ebd \u0111\u01b0\u1ee3c cung c\u1ea5p ph\u1ee5 t\u00f9ng ch\u00ednh h\u00e3ng trong tr\u01b0\u1eddng h\u1ee3p c\u1ea7n thay ph\u1ee5 t\u00f9ng.<\/li>\n<li>C\u00e1c \u0111\u1ea1i l\u00fd c\u1ee7a Honda c\u0169ng ph\u1ee5c v\u1ee5 KH v\u1edbi d\u1ecbch v\u1ee5 b\u1ea3o d\u01b0\u1ee1ng nhanh nh\u1eb1m ti\u1ebft ki\u1ec7m th\u1eddi gian ch\u1edd \u0111\u1ee3i cho KH v\u1edbi chi ph\u00ed kh\u00f4ng \u0111\u1ed5i.<\/li>\n<\/ul>\n<p style=\"text-align: right;\"><strong>Honda Vi\u1ec7t Nam<\/strong><\/p>\n","protected":false},"excerpt":{"rendered":"<p>B\u1ea2O D\u01af\u1ee0NG \u0110\u1ecaNH K\u1ef2 A. B\u1ea3o d\u01b0\u1ee1ng \u0111\u1ecbnh k\u1ef3 l\u00e0 g\u00ec? Hi\u1ec7n nay \u00f4 t\u00f4 \u0111\u00e3 tr\u1edf th\u00e0nh ph\u01b0\u01a1ng ti\u1ec7n giao th\u00f4ng ng\u00e0y c\u00e0ng ph\u1ed5 bi\u1ebfn h\u01a1n t\u1ea1i Vi\u1ec7t Nam. Nh\u1eefng ng\u01b0\u1eddi s\u1eed d\u1ee5ng xe mong mu\u1ed1n xe c\u1ee7a h\u1ecd lu\u00f4n trong \u0111i\u1ec1u ki\u1ec7n t\u1ed1t nh\u1ea5t, an to\u00e0n v\u00e0 kinh t\u1ebf. M\u1ed9t s\u1ed1 b\u1ed9 ph\u1eadn&#8230;<\/p>\n","protected":false},"author":1,"featured_media":3862,"parent":0,"menu_order":0,"comment_status":"open","ping_status":"closed","template":"page-right-sidebar.php","meta":{"_acf_changed":false,"footnotes":""},"class_list":["post-2297","page","type-page","status-publish","has-post-thumbnail","hentry"],"acf":[],"_links":{"self":[{"href":"https:\/\/khowordpress.com\/honda1\/wp-json\/wp\/v2\/pages\/2297","targetHints":{"allow":["GET"]}}],"collection":[{"href":"https:\/\/khowordpress.com\/honda1\/wp-json\/wp\/v2\/pages"}],"about":[{"href":"https:\/\/khowordpress.com\/honda1\/wp-json\/wp\/v2\/types\/page"}],"author":[{"embeddable":true,"href":"https:\/\/khowordpress.com\/honda1\/wp-json\/wp\/v2\/users\/1"}],"replies":[{"embeddable":true,"href":"https:\/\/khowordpress.com\/honda1\/wp-json\/wp\/v2\/comments?post=2297"}],"version-history":[{"count":7,"href":"https:\/\/khowordpress.com\/honda1\/wp-json\/wp\/v2\/pages\/2297\/revisions"}],"predecessor-version":[{"id":3998,"href":"https:\/\/khowordpress.com\/honda1\/wp-json\/wp\/v2\/pages\/2297\/revisions\/3998"}],"wp:featuredmedia":[{"embeddable":true,"href":"https:\/\/khowordpress.com\/honda1\/wp-json\/wp\/v2\/media\/3862"}],"wp:attachment":[{"href":"https:\/\/khowordpress.com\/honda1\/wp-json\/wp\/v2\/media?parent=2297"}],"curies":[{"name":"wp","href":"https:\/\/api.w.org\/{rel}","templated":true}]}}