{"id":3574,"date":"2018-11-18T00:21:18","date_gmt":"2018-11-17T17:21:18","guid":{"rendered":"http:\/\/honda2.maugiaodien.com\/?post_type=product&#038;p=3574"},"modified":"2019-04-19T01:05:14","modified_gmt":"2019-04-18T18:05:14","slug":"honda-jazz-1-5-rs-2018","status":"publish","type":"product","link":"https:\/\/khowordpress.com\/honda1\/honda-jazz\/honda-jazz-1-5-rs-2018.html","title":{"rendered":"Honda Jazz 1.5 RS 2018"},"content":{"rendered":"<p><a href=\"http:\/\/honda2.maugiaodien.com\/media\/2018\/11\/honda-jazz-1-5-rs-2018-3574-31.jpg\"><img loading=\"lazy\" decoding=\"async\" class=\"aligncenter\" src=\"http:\/\/honda2.maugiaodien.com\/media\/2018\/11\/honda-jazz-1-5-rs-2018-3574-31.jpg\" alt=\"honda jazz\" width=\"1440\" height=\"550\" \/><\/a><\/p>\n<h2 style=\"text-align: center;\">TH\u00d4NG \u0110I\u1ec6P<\/h2>\n<p><a href=\"http:\/\/honda2.maugiaodien.com\/media\/2018\/11\/honda-jazz-1-5-rs-2018-3574-1.jpg\"><img loading=\"lazy\" decoding=\"async\" class=\"alignnone\" src=\"http:\/\/honda2.maugiaodien.com\/media\/2018\/11\/honda-jazz-1-5-rs-2018-3574-1.jpg\" alt=\"Honda Jazz1\" width=\"1500\" height=\"604\" \/><\/a><\/p>\n<p><a href=\"http:\/\/honda2.maugiaodien.com\/media\/2018\/11\/honda-jazz-1-5-rs-2018-3574-2.jpg\"><img loading=\"lazy\" decoding=\"async\" class=\"alignnone\" src=\"http:\/\/honda2.maugiaodien.com\/media\/2018\/11\/honda-jazz-1-5-rs-2018-3574-2.jpg\" alt=\"Honda Jazz 3\" width=\"1500\" height=\"539\" \/><\/a><\/p>\n<h2 style=\"text-align: center;\">NGO\u1ea0I TH\u1ea4T<\/h2>\n<p><img decoding=\"async\" src=\"http:\/\/honda2.maugiaodien.com\/media\/2018\/11\/honda-jazz-1-5-rs-2018-3574-3.jpg\" alt=\"Honda Jazz ngoai that\" \/><\/p>\n<h3 style=\"text-align: center;\"><em>BI\u1ec2U T\u01af\u1ee2NG \u0110\u1ea6Y CU\u1ed0N H\u00daT<\/em><\/h3>\n<p>B\u1ea1n ph\u1ea3i ngo\u00e1i nh\u00ecn khi th\u1ea5y Honda Jazz l\u01b0\u1edbt tr\u00ean ph\u1ed1. L\u1ee3i th\u1ebf v\u1ebb ngo\u00e0i s\u1eafc s\u1ea3o pha ch\u00fat quy\u1ebfn r\u0169 c\u00f9ng d\u00e1ng v\u1ebb nh\u1ecf g\u1ecdn, linh ho\u1ea1t v\u00e0 c\u00e1 t\u00ednh, \u0111i\u1ec1u khi\u1ec3n Jazz gi\u00fap t\u00f4n th\u00eam n\u00e9t ri\u00eang \u0111\u1eadm phong c\u00e1ch th\u1eddi th\u01b0\u1ee3ng c\u1ee7a b\u1ea1n.<\/p>\n<p><a href=\"http:\/\/honda2.maugiaodien.com\/media\/2018\/11\/honda-jazz-1-5-rs-2018-3574-4.jpg\"><img loading=\"lazy\" decoding=\"async\" class=\"alignnone\" src=\"http:\/\/honda2.maugiaodien.com\/media\/2018\/11\/honda-jazz-1-5-rs-2018-3574-4.jpg\" alt=\"Honda Jazz ngoai that (1)\" width=\"1500\" height=\"331\" \/><\/a><\/p>\n<h3 style=\"text-align: center;\">M\u00c0U S\u1eaeC<\/h3>\n<figure style=\"width: 726px\" class=\"wp-caption aligncenter\"><img loading=\"lazy\" decoding=\"async\" src=\"http:\/\/honda2.maugiaodien.com\/media\/2018\/11\/honda-jazz-1-5-rs-2018-3574-5.jpg\" alt=\"mau sac den\" width=\"726\" height=\"308\" \/><figcaption class=\"wp-caption-text\">\u0110en \u00e1nh \u0111\u1ed9c t\u00f4n<\/figcaption><\/figure>\n<figure style=\"width: 726px\" class=\"wp-caption aligncenter\"><img loading=\"lazy\" decoding=\"async\" src=\"http:\/\/honda2.maugiaodien.com\/media\/2018\/11\/honda-jazz-1-5-rs-2018-3574-6.jpg\" alt=\"\" width=\"726\" height=\"308\" \/><figcaption class=\"wp-caption-text\">M\u00e0u \u0111\u1ecf \u0111am m\u00ea<\/figcaption><\/figure>\n<figure style=\"width: 726px\" class=\"wp-caption aligncenter\"><img loading=\"lazy\" decoding=\"async\" src=\"http:\/\/honda2.maugiaodien.com\/media\/2018\/11\/honda-jazz-1-5-rs-2018-3574-32.jpg\" alt=\"mau sac cam\" width=\"726\" height=\"308\" \/><figcaption class=\"wp-caption-text\">M\u00e0u cam s\u00e0nh \u0111i\u1ec7u<\/figcaption><\/figure>\n<figure style=\"width: 726px\" class=\"wp-caption aligncenter\"><img loading=\"lazy\" decoding=\"async\" src=\"http:\/\/honda2.maugiaodien.com\/media\/2018\/11\/honda-jazz-1-5-rs-2018-3574-8.jpg\" alt=\"mau sac ghi bac\" width=\"726\" height=\"308\" \/><figcaption class=\"wp-caption-text\">Ghi b\u1ea1c th\u1eddi trang<\/figcaption><\/figure>\n<figure style=\"width: 726px\" class=\"wp-caption aligncenter\"><img loading=\"lazy\" decoding=\"async\" src=\"http:\/\/honda2.maugiaodien.com\/media\/2018\/11\/honda-jazz-1-5-rs-2018-3574-9.jpg\" alt=\"mau sac xam\" width=\"726\" height=\"308\" \/><figcaption class=\"wp-caption-text\">M\u00e0u x\u00e1m phong c\u00e1ch<\/figcaption><\/figure>\n<figure style=\"width: 726px\" class=\"wp-caption aligncenter\"><img loading=\"lazy\" decoding=\"async\" src=\"http:\/\/honda2.maugiaodien.com\/media\/2018\/11\/honda-jazz-1-5-rs-2018-3574-10.jpg\" alt=\"mau sac\" width=\"726\" height=\"308\" \/><figcaption class=\"wp-caption-text\">Tr\u1eafng ng\u00e0 tinh t\u1ebf<\/figcaption><\/figure>\n<h3 style=\"text-align: center;\">MAGIC SEAT &#8211; CH\u1ede TR\u1eccN NI\u1ec0M VUI<\/h3>\n<p>V\u1edbi thi\u1ebft k\u1ebf \u1ea5n t\u01b0\u1ee3ng v\u00e0 \u0111\u1ed9c nh\u1ea5t c\u1ee7a hai h\u00e0ng gh\u1ebf Magic Seat, ch\u1ec9 c\u1ea7n thao t\u00e1c g\u1eadp r\u1ea5t \u0111\u01a1n gi\u1ea3n, chi\u1ebfc Honda Jazz linh ho\u1ea1t c\u00f3 th\u1ec3 \u0111\u01b0\u1ee3c chuy\u1ec3n sang 4 ch\u1ebf \u0111\u1ed9 kh\u00e1c nhau, gi\u00fap b\u1ea1n mang theo m\u1ecdi h\u00e0nh l\u00fd, m\u1ecdi v\u1eadt d\u1ee5ng b\u1ea5t k\u1ec3 d\u00e1ng h\u00ecnh, \u0111\u1ec3 h\u00e0nh tr\u00ecnh th\u00eam h\u1ee9ng kh\u1edfi, \u0111\u1ec3 cu\u1ed9c vui th\u00eam tr\u1ecdn v\u1eb9n.<\/p>\n<p><a href=\"http:\/\/honda2.maugiaodien.com\/media\/2018\/11\/honda-jazz-1-5-rs-2018-3574-11.jpg\"><img loading=\"lazy\" decoding=\"async\" class=\"alignnone\" src=\"http:\/\/honda2.maugiaodien.com\/media\/2018\/11\/honda-jazz-1-5-rs-2018-3574-11.jpg\" alt=\"thiet ke\" width=\"1500\" height=\"535\" \/><\/a><\/p>\n<h2 style=\"text-align: center;\">N\u1ed8I TH\u1ea4T<\/h2>\n<p><a href=\"http:\/\/honda2.maugiaodien.com\/media\/2018\/11\/honda-jazz-1-5-rs-2018-3574-12.jpg\"><img loading=\"lazy\" decoding=\"async\" class=\"aligncenter\" src=\"http:\/\/honda2.maugiaodien.com\/media\/2018\/11\/honda-jazz-1-5-rs-2018-3574-12.jpg\" alt=\"Noi that dep\" width=\"1500\" height=\"635\" \/><\/a><\/p>\n<p><a href=\"http:\/\/honda2.maugiaodien.com\/media\/2018\/11\/honda-jazz-1-5-rs-2018-3574-13.jpg\"><img loading=\"lazy\" decoding=\"async\" class=\"aligncenter\" src=\"http:\/\/honda2.maugiaodien.com\/media\/2018\/11\/honda-jazz-1-5-rs-2018-3574-13.jpg\" alt=\"noi that dep1\" width=\"826\" height=\"471\" \/><\/a><\/p>\n<p><a href=\"http:\/\/honda2.maugiaodien.com\/media\/2018\/11\/honda-jazz-1-5-rs-2018-3574-14.jpg\"><img loading=\"lazy\" decoding=\"async\" class=\"aligncenter\" src=\"http:\/\/honda2.maugiaodien.com\/media\/2018\/11\/honda-jazz-1-5-rs-2018-3574-14.jpg\" alt=\"noi that dep 2\" width=\"823\" height=\"334\" \/><\/a><\/p>\n<p><a href=\"http:\/\/honda2.maugiaodien.com\/media\/2018\/11\/honda-jazz-1-5-rs-2018-3574-15.jpg\"><img loading=\"lazy\" decoding=\"async\" class=\"aligncenter\" src=\"http:\/\/honda2.maugiaodien.com\/media\/2018\/11\/honda-jazz-1-5-rs-2018-3574-15.jpg\" alt=\"noi that dep 3\" width=\"798\" height=\"354\" \/><\/a><\/p>\n<p><a href=\"http:\/\/honda2.maugiaodien.com\/media\/2018\/11\/honda-jazz-1-5-rs-2018-3574-16.jpg\"><img loading=\"lazy\" decoding=\"async\" class=\"aligncenter\" src=\"http:\/\/honda2.maugiaodien.com\/media\/2018\/11\/honda-jazz-1-5-rs-2018-3574-16.jpg\" alt=\"noi that dep 5\" width=\"814\" height=\"289\" \/><\/a><\/p>\n<h3 style=\"text-align: center;\">V\u1eacN H\u00c0NH<\/h3>\n<p><a href=\"http:\/\/honda2.maugiaodien.com\/media\/2018\/11\/honda-jazz-1-5-rs-2018-3574-17.jpg\"><img loading=\"lazy\" decoding=\"async\" class=\"aligncenter\" src=\"http:\/\/honda2.maugiaodien.com\/media\/2018\/11\/honda-jazz-1-5-rs-2018-3574-17.jpg\" alt=\"Van hanh\" width=\"1500\" height=\"551\" \/><\/a><\/p>\n<p><a href=\"http:\/\/honda2.maugiaodien.com\/media\/2018\/11\/honda-jazz-1-5-rs-2018-3574-18.jpg\"><img loading=\"lazy\" decoding=\"async\" class=\"aligncenter\" src=\"http:\/\/honda2.maugiaodien.com\/media\/2018\/11\/honda-jazz-1-5-rs-2018-3574-18.jpg\" alt=\"van hanh1\" width=\"1500\" height=\"321\" \/><\/a><\/p>\n<p><a href=\"http:\/\/honda2.maugiaodien.com\/media\/2018\/11\/honda-jazz-1-5-rs-2018-3574-19.jpg\"><img loading=\"lazy\" decoding=\"async\" class=\"aligncenter\" src=\"http:\/\/honda2.maugiaodien.com\/media\/2018\/11\/honda-jazz-1-5-rs-2018-3574-19.jpg\" alt=\"van hanh 5\" width=\"1500\" height=\"363\" \/><\/a><\/p>\n<p><a href=\"http:\/\/honda2.maugiaodien.com\/media\/2018\/11\/honda-jazz-1-5-rs-2018-3574-20.jpg\"><img loading=\"lazy\" decoding=\"async\" class=\"aligncenter\" src=\"http:\/\/honda2.maugiaodien.com\/media\/2018\/11\/honda-jazz-1-5-rs-2018-3574-20.jpg\" alt=\"van hanh 6\" width=\"1500\" height=\"328\" \/><\/a><\/p>\n<p><a href=\"http:\/\/honda2.maugiaodien.com\/media\/2018\/11\/honda-jazz-1-5-rs-2018-3574-21.jpg\"><img loading=\"lazy\" decoding=\"async\" class=\"aligncenter\" src=\"http:\/\/honda2.maugiaodien.com\/media\/2018\/11\/honda-jazz-1-5-rs-2018-3574-21.jpg\" alt=\"van hanh 7\" width=\"1500\" height=\"366\" \/><\/a><\/p>\n<h3 style=\"text-align: center;\">AN TO\u00c0N<\/h3>\n<p><a href=\"http:\/\/honda2.maugiaodien.com\/media\/2018\/11\/honda-jazz-1-5-rs-2018-3574-22.jpg\"><img loading=\"lazy\" decoding=\"async\" class=\"aligncenter\" src=\"http:\/\/honda2.maugiaodien.com\/media\/2018\/11\/honda-jazz-1-5-rs-2018-3574-22.jpg\" alt=\"An toan\" width=\"1500\" height=\"465\" \/><\/a><\/p>\n<p><a href=\"http:\/\/honda2.maugiaodien.com\/media\/2018\/11\/honda-jazz-1-5-rs-2018-3574-23.jpg\"><img loading=\"lazy\" decoding=\"async\" class=\"aligncenter\" src=\"http:\/\/honda2.maugiaodien.com\/media\/2018\/11\/honda-jazz-1-5-rs-2018-3574-23.jpg\" alt=\"an toan1\" width=\"1500\" height=\"343\" \/><\/a><\/p>\n<p><a href=\"http:\/\/honda2.maugiaodien.com\/media\/2018\/11\/honda-jazz-1-5-rs-2018-3574-24.jpg\"><img loading=\"lazy\" decoding=\"async\" class=\"aligncenter\" src=\"http:\/\/honda2.maugiaodien.com\/media\/2018\/11\/honda-jazz-1-5-rs-2018-3574-24.jpg\" alt=\"van hanh2\" width=\"1500\" height=\"309\" \/><\/a><\/p>\n<p><a href=\"http:\/\/honda2.maugiaodien.com\/media\/2018\/11\/honda-jazz-1-5-rs-2018-3574-25.jpg\"><img loading=\"lazy\" decoding=\"async\" class=\"aligncenter\" src=\"http:\/\/honda2.maugiaodien.com\/media\/2018\/11\/honda-jazz-1-5-rs-2018-3574-25.jpg\" alt=\"van hanh 3\" width=\"1500\" height=\"354\" \/><\/a><\/p>\n<p><a href=\"http:\/\/honda2.maugiaodien.com\/media\/2018\/11\/honda-jazz-1-5-rs-2018-3574-26.jpg\"><img loading=\"lazy\" decoding=\"async\" class=\"aligncenter\" src=\"http:\/\/honda2.maugiaodien.com\/media\/2018\/11\/honda-jazz-1-5-rs-2018-3574-26.jpg\" alt=\"van hanh 4\" width=\"909\" height=\"367\" \/><\/a><\/p>\n<h3 style=\"text-align: center;\">PH\u1ee4 KI\u1ec6N<\/h3>\n<p><a href=\"http:\/\/honda2.maugiaodien.com\/media\/2018\/11\/honda-jazz-1-5-rs-2018-3574-27.jpg\"><img loading=\"lazy\" decoding=\"async\" class=\"aligncenter\" src=\"http:\/\/honda2.maugiaodien.com\/media\/2018\/11\/honda-jazz-1-5-rs-2018-3574-27.jpg\" alt=\"Phu kien\" width=\"1500\" height=\"549\" \/><\/a><\/p>\n<figure style=\"width: 1500px\" class=\"wp-caption aligncenter\"><a href=\"http:\/\/honda2.maugiaodien.com\/media\/2018\/11\/honda-jazz-1-5-rs-2018-3574-28.jpg\"><img loading=\"lazy\" decoding=\"async\" src=\"http:\/\/honda2.maugiaodien.com\/media\/2018\/11\/honda-jazz-1-5-rs-2018-3574-28.jpg\" alt=\"phu kien 1\" width=\"1500\" height=\"517\" \/><\/a><figcaption class=\"wp-caption-text\">Ph\u1ee5 ki\u1ec7n ti\u1ec7n \u00edch<\/figcaption><\/figure>\n<figure style=\"width: 1500px\" class=\"wp-caption aligncenter\"><a href=\"http:\/\/honda2.maugiaodien.com\/media\/2018\/11\/honda-jazz-1-5-rs-2018-3574-29.jpg\"><img loading=\"lazy\" decoding=\"async\" src=\"http:\/\/honda2.maugiaodien.com\/media\/2018\/11\/honda-jazz-1-5-rs-2018-3574-29.jpg\" alt=\"phu kien2\" width=\"1500\" height=\"515\" \/><\/a><figcaption class=\"wp-caption-text\">Ph\u1ee5 ki\u1ec7n hi\u1ec7n \u0111\u1ea1i<\/figcaption><\/figure>\n<figure style=\"width: 1500px\" class=\"wp-caption aligncenter\"><a href=\"http:\/\/honda2.maugiaodien.com\/media\/2018\/11\/honda-jazz-1-5-rs-2018-3574-30.jpg\"><img loading=\"lazy\" decoding=\"async\" src=\"http:\/\/honda2.maugiaodien.com\/media\/2018\/11\/honda-jazz-1-5-rs-2018-3574-30.jpg\" alt=\"phu kien 3\" width=\"1500\" height=\"558\" \/><\/a><figcaption class=\"wp-caption-text\">Ph\u1ee5 ki\u1ec7n trang tr\u00ed<\/figcaption><\/figure>\n","protected":false},"excerpt":{"rendered":"<ul>\n<li>H\u1ed7 tr\u1ee3 mua xe tr\u1ea3 g\u00f3p<\/li>\n<li>\u0110\u0103ng k\u00fd l\u00e1i th\u1eed mi\u1ec5n ph\u00ed<\/li>\n<li>Nhi\u1ec1u ch\u01b0\u01a1ng tr\u00ecnh \u01b0u \u0111\u00e3i &amp; khuy\u1ebfn m\u00e3i<\/li>\n<li>Li\u00ean h\u1ec7 \u0111\u1ec3 \u0111\u01b0\u1ee3c t\u01b0 v\u1ea5n tr\u1ef1c ti\u1ebfp<\/li>\n<\/ul>\n","protected":false},"featured_media":3579,"template":"","meta":{"_acf_changed":false},"product_brand":[],"product_cat":[269],"product_tag":[354,355,353],"class_list":{"0":"post-3574","1":"product","2":"type-product","3":"status-publish","4":"has-post-thumbnail","6":"product_cat-honda-jazz","7":"product_tag-mua-xe-honda-jazz-tai-ba-don","8":"product_tag-mua-xe-honda-jazz-tai-dong-hoi","9":"product_tag-mua-xe-honda-jazz-tai-quang-binh","11":"first","12":"instock","13":"shipping-taxable","14":"product-type-simple"},"acf":[],"_links":{"self":[{"href":"https:\/\/khowordpress.com\/honda1\/wp-json\/wp\/v2\/product\/3574","targetHints":{"allow":["GET"]}}],"collection":[{"href":"https:\/\/khowordpress.com\/honda1\/wp-json\/wp\/v2\/product"}],"about":[{"href":"https:\/\/khowordpress.com\/honda1\/wp-json\/wp\/v2\/types\/product"}],"wp:featuredmedia":[{"embeddable":true,"href":"https:\/\/khowordpress.com\/honda1\/wp-json\/wp\/v2\/media\/3579"}],"wp:attachment":[{"href":"https:\/\/khowordpress.com\/honda1\/wp-json\/wp\/v2\/media?parent=3574"}],"wp:term":[{"taxonomy":"product_brand","embeddable":true,"href":"https:\/\/khowordpress.com\/honda1\/wp-json\/wp\/v2\/product_brand?post=3574"},{"taxonomy":"product_cat","embeddable":true,"href":"https:\/\/khowordpress.com\/honda1\/wp-json\/wp\/v2\/product_cat?post=3574"},{"taxonomy":"product_tag","embeddable":true,"href":"https:\/\/khowordpress.com\/honda1\/wp-json\/wp\/v2\/product_tag?post=3574"}],"curies":[{"name":"wp","href":"https:\/\/api.w.org\/{rel}","templated":true}]}}