{"id":3669,"date":"2018-11-18T17:58:05","date_gmt":"2018-11-18T10:58:05","guid":{"rendered":"http:\/\/honda2.maugiaodien.com\/?post_type=product&#038;p=3669"},"modified":"2019-04-19T01:08:22","modified_gmt":"2019-04-18T18:08:22","slug":"honda-civic-1-8-e-2018","status":"publish","type":"product","link":"https:\/\/khowordpress.com\/honda1\/honda-civic\/honda-civic-1-8-e-2018.html","title":{"rendered":"Honda Civic 1.8 E 2019"},"content":{"rendered":"<p><strong>K\u1ef6 NGUY\u00caN CIVIC, K\u1ef6 NGUY\u00caN C\u1ee6A B\u1ee8T PH\u00c1<\/strong><\/p>\n<p>Khi m\u1ecdi xu h\u01b0\u1edbng \u0111\u00e3 tr\u1edf n\u00ean c\u0169 k\u1ef9 v\u00e0 b\u00e3o h\u00f2a, h\u00e3y ph\u00e1 v\u1ee1 n\u00f3 b\u1eb1ng \u0111\u1ecbnh lu\u1eadt c\u1ee7a ri\u00eang b\u1ea1n. V\u1edbi Civic m\u1edbi, b\u1ea1n ho\u00e0n to\u00e0n c\u00f3 \u0111\u1ee7 quy\u1ec1n n\u0103ng v\u00e0 s\u1ef1 ki\u00ean nh\u1eabn \u0111\u1ec3 b\u1ee9t ph\u00e1, ki\u1ebfn t\u1ea1o v\u00e0 d\u1eabn \u0111\u1ea7u xu h\u01b0\u1edbng.<\/p>\n<p><img decoding=\"async\" src=\"http:\/\/honda2.maugiaodien.com\/media\/2018\/11\/honda-civic-1-5l-2018-3632.jpg\" \/><\/p>\n<p><strong>\u0110\u1ed8NG C\u01a0 1.5L VTEC TURBO M\u1edaI &#8211; V\u1eacN H\u00c0NH B\u1ee8T PH\u00c1<\/strong><\/p>\n<p>\u0110\u1ed9ng c\u01a1 1.5L VTEC TURBO t\u0103ng t\u1ed1c nhanh v\u00e0 m\u1ea1nh m\u1ebd t\u01b0\u01a1ng \u0111\u01b0\u01a1ng \u0111\u1ed9ng c\u01a1 2.4L th\u01b0\u1eddng m\u00e0 v\u1eabn ti\u1ebft ki\u1ec7m nhi\u00ean li\u1ec7u tr\u00ean m\u1ecdi \u0111i\u1ec1u ki\u1ec7n giao th\u00f4ng khi m\u1ee9c ti\u00eau th\u1ee5 nhi\u00ean li\u1ec7u t\u01b0\u01a1ng \u0111\u01b0\u01a1ng \u0111\u1ed9ng c\u01a1 1.5L th\u01b0\u1eddng.<\/p>\n<p><iframe loading=\"lazy\" src=\"https:\/\/www.youtube.com\/embed\/PHK2IOM4QVQ\" width=\"800\" height=\"450\" frameborder=\"0\" allowfullscreen=\"allowfullscreen\"><\/iframe><\/p>\n<p><img decoding=\"async\" src=\"http:\/\/honda2.maugiaodien.com\/media\/2018\/11\/honda-civic-1-5l-2018-3632-1.jpg\" \/><\/p>\n<p><img decoding=\"async\" src=\"http:\/\/honda2.maugiaodien.com\/media\/2018\/11\/honda-civic-1-5l-2018-3632-2.jpg\" \/><\/p>\n<p><img decoding=\"async\" src=\"http:\/\/honda2.maugiaodien.com\/media\/2018\/11\/honda-civic-1-5l-2018-3632-3.jpg\" \/><\/p>\n<p><strong>CIVIC M\u1edaI \u0110\u01af\u1ee2C TRANG B\u1eca H\u00c0NG LO\u1ea0T C\u00c1C TRANG B\u1eca V\u1eacN H\u00c0NH TI\u00caN TI\u1ebeN<\/strong><\/p>\n<p><img decoding=\"async\" src=\"http:\/\/honda2.maugiaodien.com\/media\/2018\/11\/honda-civic-1-5l-2018-3632-4.jpg\" \/><\/p>\n<p><img decoding=\"async\" src=\"http:\/\/honda2.maugiaodien.com\/media\/2018\/11\/honda-civic-1-5l-2018-3632-5.jpg\" \/><\/p>\n<p><img decoding=\"async\" src=\"http:\/\/honda2.maugiaodien.com\/media\/2018\/11\/honda-civic-1-5l-2018-3632-6.jpg\" \/><\/p>\n<p><strong>K\u1ef6 NGUY\u00caN M\u1edaI V\u1ec0 THI\u1ebeT K\u1ebe<\/strong><\/p>\n<p>Ki\u1ec3u d\u00e1ng ph\u00e1 c\u00e1ch v\u1edbi nh\u1eefng d\u01b0\u1eddng n\u00e9t r\u1eafn r\u1ecfi m\u00e0 v\u1eabn uy\u1ec3n chuy\u1ec3n \u0111\u1ea7y c\u1ea3m x\u00fac c\u00f9ng c\u00e1c chi ti\u1ebft cao c\u1ea5p, mang \u0111\u1ebfn cho Civic di\u1ec7n m\u1ea1o tr\u1ebb trung, hi\u1ec7n \u0111\u1ea1i v\u00e0 th\u1ec3 thao h\u01a1n bao gi\u1edd h\u1ebft. \u0110\u1eb7c bi\u1ec7t, phong c\u00e1ch thi\u1ebft k\u1ebf kh\u00ed \u0111\u1ed9ng h\u1ecdc c\u0169ng gi\u00fap ho\u00e0n thi\u1ec7n hi\u1ec7u su\u1ea5t nhi\u00ean li\u1ec7u v\u00e0 s\u1ef1 t\u0129nh l\u1eb7ng c\u1ee7a cabin.<\/p>\n<p><img decoding=\"async\" src=\"http:\/\/honda2.maugiaodien.com\/media\/2018\/11\/honda-civic-1-5l-2018-3632-7.jpg\" \/><\/p>\n<p><img decoding=\"async\" src=\"http:\/\/honda2.maugiaodien.com\/media\/2018\/11\/honda-civic-1-5l-2018-3632-8.jpg\" \/><\/p>\n<p><img decoding=\"async\" src=\"http:\/\/honda2.maugiaodien.com\/media\/2018\/11\/honda-civic-1-5l-2018-3632-9.jpg\" \/><\/p>\n<p><strong>N\u1ed8I TH\u1ea4T CHINH PH\u1ee4C M\u1eccI TR\u00c1I TIM<\/strong><\/p>\n<p>Kh\u00f4ng gian n\u1ed9i th\u1ea5t c\u1ee7a Civic m\u1edbi \u0111\u1ea1t \u0111\u1ebfn s\u1ef1 ho\u00e0n m\u1ef9 m\u00e0 b\u1ea5t c\u1ee9 ai c\u0169ng ph\u1ea3i khao kh\u00e1t. R\u1ed9ng r\u00e3i v\u00e0 ti\u1ec7n nghi n\u00e2ng t\u1ea7m, ch\u1ea5t li\u1ec7u cao c\u1ea5p \u0111\u00e1p \u1ee9ng nh\u1eefng h\u00e0nh kh\u00e1ch mu\u1ed1n t\u1eadn d\u1ee5ng s\u1ef1 th\u01b0 gi\u00e3n, sang tr\u1ecdng. Kh\u00f4ng gian thi\u1ebft k\u1ebf th\u1ec3 thao hay nh\u1eefng trang b\u1ecb giao ti\u1ebfp th\u00f4ng minh l\u1ea1i mang l\u1ea1i cho ch\u1ee7 nh\u00e2n c\u00e1 t\u00ednh nh\u1eefng tr\u1ea3i nghi\u1ec7m \u0111\u1ea7y c\u1ea3m h\u1ee9ng.<\/p>\n<p><img decoding=\"async\" src=\"http:\/\/honda2.maugiaodien.com\/media\/2018\/11\/honda-civic-1-5l-2018-3632-10.jpg\" \/><\/p>\n<p><strong>GIAO TI\u1ebeP TH\u00d4NG MINH<\/strong><\/p>\n<p><img decoding=\"async\" src=\"http:\/\/honda2.maugiaodien.com\/media\/2018\/11\/honda-civic-1-5l-2018-3632-11.jpg\" \/><\/p>\n<p><img decoding=\"async\" src=\"http:\/\/honda2.maugiaodien.com\/media\/2018\/11\/honda-civic-1-5l-2018-3632-12.jpg\" \/><\/p>\n<p><strong>AN TO\u00c0N TI\u00caN PHONG<\/strong><\/p>\n<p>S\u1ef1 an to\u00e0n c\u1ee7a ng\u01b0\u1eddi l\u00e1i lu\u00f4n l\u00e0 m\u1ed1i quan t\u00e2m h\u00e0ng \u0111\u1ea7u c\u1ee7a Honda. V\u1edbi h\u1ec7 th\u1ed1ng an to\u00e0n ch\u1ee7 \u0111\u1ed9ng v\u00e0 b\u1ecb \u0111\u1ed9ng v\u01b0\u1ee3t tr\u1ed9i, b\u1ea1n ho\u00e0n to\u00e0n an t\u00e2m t\u1eadn h\u01b0\u1edfng ni\u1ec1m vui c\u1ea7m l\u00e1i c\u00f9ng Civic.<\/p>\n<p><img decoding=\"async\" src=\"http:\/\/honda2.maugiaodien.com\/media\/2018\/11\/honda-civic-1-5l-2018-3632-13.jpg\" \/><\/p>\n<p><strong>N\u1ed8I TH\u1ea4T HI\u1ec6N \u0110\u1ea0I \u2013 CAO C\u1ea4P \u2013 TI\u1ec6N L\u1ee2I<\/strong><\/p>\n<p><img decoding=\"async\" src=\"http:\/\/honda2.maugiaodien.com\/media\/2018\/11\/honda-civic-1-5l-2018-3632-14.jpg\" \/><\/p>\n<p><img decoding=\"async\" src=\"http:\/\/honda2.maugiaodien.com\/media\/2018\/11\/honda-civic-1-5l-2018-3632-15.jpg\" \/><\/p>\n<p><img decoding=\"async\" src=\"http:\/\/honda2.maugiaodien.com\/media\/2018\/11\/honda-civic-1-5l-2018-3632-16.jpg\" \/><\/p>\n<p><strong>AN TO\u00c0N TI\u00caN PHONG<\/strong><\/p>\n<p>S\u1ef1 an to\u00e0n c\u1ee7a ng\u01b0\u1eddi l\u00e1i lu\u00f4n l\u00e0 m\u1ed1i quan t\u00e2m h\u00e0ng \u0111\u1ea7u c\u1ee7a Honda. V\u1edbi h\u1ec7 th\u1ed1ng an to\u00e0n ch\u1ee7 \u0111\u1ed9ng v\u00e0 b\u1ecb \u0111\u1ed9ng v\u01b0\u1ee3t tr\u1ed9i, b\u1ea1n ho\u00e0n to\u00e0n an t\u00e2m t\u1eadn h\u01b0\u1edfng ni\u1ec1m vui c\u1ea7m l\u00e1i c\u00f9ng Civic.<\/p>\n<p><img decoding=\"async\" src=\"http:\/\/honda2.maugiaodien.com\/media\/2018\/11\/honda-civic-1-5l-2018-3632-17.jpg\" \/><\/p>\n<p><img decoding=\"async\" src=\"http:\/\/honda2.maugiaodien.com\/media\/2018\/11\/honda-civic-1-5l-2018-3632-18.jpg\" \/><\/p>\n<p><img decoding=\"async\" src=\"http:\/\/honda2.maugiaodien.com\/media\/2018\/11\/honda-civic-1-5l-2018-3632-19.jpg\" \/><\/p>\n<p><strong>PH\u1ee4 KI\u1ec6N T\u00d9Y CH\u1eccN CH\u00cdNH H\u00c3NG<\/strong><\/p>\n<p>B\u1ea1n c\u00f3 th\u1ec3 l\u1ef1a ch\u1ecdn nh\u1eefng ph\u1ee5 ki\u1ec7n trang tr\u00ed gi\u00fap cho chi\u1ebfc Civic s\u1edf h\u1eefu phong c\u00e1ch th\u1ec3 thao n\u1ed5i b\u1eadt hay sang tr\u1ecdng c\u00e1 t\u00ednh h\u01a1n v\u00e0 trang b\u1ecb th\u00eam nh\u1eefng chi ti\u1ebft gi\u00fap cho m\u1ecdi h\u00e0nh tr\u00ecnh tr\u1edf n\u00ean ti\u1ec7n l\u1ee3i v\u00e0 h\u1eefu d\u1ee5ng.<\/p>\n<p><img decoding=\"async\" src=\"http:\/\/honda2.maugiaodien.com\/media\/2018\/11\/honda-civic-1-5l-2018-3632-20.jpg\" \/><\/p>\n<p><strong>PH\u1ee4 KI\u1ec6N MODULO<\/strong><\/p>\n<p><img decoding=\"async\" src=\"http:\/\/honda2.maugiaodien.com\/media\/2018\/11\/honda-civic-1-5l-2018-3632-21.jpg\" \/><\/p>\n<p><iframe loading=\"lazy\" src=\"https:\/\/www.youtube.com\/embed\/kHxmFkd7Jug\" width=\"800\" height=\"450\" frameborder=\"0\" allowfullscreen=\"allowfullscreen\"><\/iframe><\/p>\n","protected":false},"excerpt":{"rendered":"<ul>\n<li>H\u1ed7 tr\u1ee3 mua xe tr\u1ea3 g\u00f3p<\/li>\n<li>\u0110\u0103ng k\u00fd l\u00e1i th\u1eed mi\u1ec5n ph\u00ed<\/li>\n<li>Nhi\u1ec1u ch\u01b0\u01a1ng tr\u00ecnh \u01b0u \u0111\u00e3i &amp; khuy\u1ebfn m\u00e3i<\/li>\n<li>Li\u00ean h\u1ec7 \u0111\u1ec3 \u0111\u01b0\u1ee3c t\u01b0 v\u1ea5n tr\u1ef1c ti\u1ebfp<\/li>\n<\/ul>\n","protected":false},"featured_media":3670,"template":"","meta":{"_acf_changed":false},"product_brand":[],"product_cat":[349],"product_tag":[357,358,356],"class_list":{"0":"post-3669","1":"product","2":"type-product","3":"status-publish","4":"has-post-thumbnail","6":"product_cat-honda-civic","7":"product_tag-mua-xe-honda-civic-tai-ba-don","8":"product_tag-mua-xe-honda-civic-tai-dong-hoi","9":"product_tag-mua-xe-honda-civic-tai-quang-binh","11":"first","12":"instock","13":"featured","14":"shipping-taxable","15":"product-type-simple"},"acf":[],"_links":{"self":[{"href":"https:\/\/khowordpress.com\/honda1\/wp-json\/wp\/v2\/product\/3669","targetHints":{"allow":["GET"]}}],"collection":[{"href":"https:\/\/khowordpress.com\/honda1\/wp-json\/wp\/v2\/product"}],"about":[{"href":"https:\/\/khowordpress.com\/honda1\/wp-json\/wp\/v2\/types\/product"}],"wp:featuredmedia":[{"embeddable":true,"href":"https:\/\/khowordpress.com\/honda1\/wp-json\/wp\/v2\/media\/3670"}],"wp:attachment":[{"href":"https:\/\/khowordpress.com\/honda1\/wp-json\/wp\/v2\/media?parent=3669"}],"wp:term":[{"taxonomy":"product_brand","embeddable":true,"href":"https:\/\/khowordpress.com\/honda1\/wp-json\/wp\/v2\/product_brand?post=3669"},{"taxonomy":"product_cat","embeddable":true,"href":"https:\/\/khowordpress.com\/honda1\/wp-json\/wp\/v2\/product_cat?post=3669"},{"taxonomy":"product_tag","embeddable":true,"href":"https:\/\/khowordpress.com\/honda1\/wp-json\/wp\/v2\/product_tag?post=3669"}],"curies":[{"name":"wp","href":"https:\/\/api.w.org\/{rel}","templated":true}]}}