{"id":3711,"date":"2018-11-18T19:07:21","date_gmt":"2018-11-18T12:07:21","guid":{"rendered":"http:\/\/honda2.maugiaodien.com\/?post_type=product&#038;p=3711"},"modified":"2019-04-19T01:11:10","modified_gmt":"2019-04-18T18:11:10","slug":"honda-accord-2-4-2018","status":"publish","type":"product","link":"https:\/\/khowordpress.com\/honda1\/honda-accord\/honda-accord-2-4-2018.html","title":{"rendered":"Honda Accord 2.4 2018"},"content":{"rendered":"<p>Kh\u00f4ng n\u1ed5i b\u1eadt nh\u01b0 nh\u1eefng \u0111\u1ed1i th\u1ee7 trong c\u0169ng ph\u00e2n kh\u00fac sedan h\u1ea1ng D, <strong>Honda Accord 2018<\/strong> v\u1eabn c\u00f3 cho m\u00ecnh nh\u1eefng d\u1ea5u \u1ea5n ri\u00eang khi\u1ebfn nh\u1eefng ng\u01b0\u1eddi y\u00eau th\u00edch m\u1eabu xe n\u00e0y v\u1eabn ch\u00e0o \u0111\u00f3n, m\u1eb7c d\u00f9 m\u1eabu xe n\u00e0y ra m\u1eaft m\u1ed9t c\u00e1ch kh\u00f4ng th\u1ec3 \u0111\u01a1n gi\u1ea3n h\u01a1n v\u1edbi ch\u1ec9 m\u1ed9t m\u1eabu th\u00f4ng c\u00e1o b\u00e1o ch\u00ed v\u00e0o th\u00e1ng 5\/2016.<\/p>\n<p>Phi\u00ean b\u1ea3n <strong>Honda Accord 2018<\/strong> l\u00e0 phi\u00ean b\u1ea3n n\u00e2ng c\u1ea5p c\u1ee7a th\u1ebf h\u1ec7 th\u1ee9 9 ra m\u1eaft tr\u01b0\u1edbc \u0111\u00f3 v\u00e0o th\u00e1ng 8\/2015 t\u1ea1i Vi\u1ec7t Nam, tuy v\u1eady di\u1ec7n m\u1ea1o c\u1ee7a Accord 2018 thay \u0111\u1ed5i ho\u00e0n to\u00e0n so v\u1edbi phi\u00ean b\u1ea3n tr\u01b0\u1edbc. T\u1ed5ng th\u1ec3 thi\u1ebft k\u1ebf c\u1ee7a Accord tr\u1edf n\u00ean hi\u1ec7n \u0111\u1ea1i, m\u1ea1nh m\u1ebd v\u00e0 tr\u1ebb trung h\u01a1n nhi\u1ec1u.<\/p>\n<h2>NGO\u1ea0I TH\u1ea4T<\/h2>\n<h3>PHONG C\u00c1CH \u0110AM M\u00ca<\/h3>\n<p>V\u1eabn sang tr\u1ecdng nh\u01b0ng th\u1ec3 thao v\u00e0 phong c\u00e1ch tr\u1ebb trung h\u01a1n, thi\u1ebft k\u1ebf m\u1edbi c\u1ee7a Honda Accord l\u00e0 t\u1ed5ng h\u00f2a c\u1ee7a nhi\u1ec1u chi ti\u1ebft tinh t\u1ebf \u0111\u1ec3 ki\u1ebfn t\u1ea1o n\u00ean m\u1ed9t di\u1ec7n m\u1ea1o m\u1edbi m\u1ebb \u0111\u1ea7y cu\u1ed1n h\u00fat.<\/p>\n<p><img decoding=\"async\" src=\"http:\/\/honda2.maugiaodien.com\/media\/2018\/11\/honda-accord-2018-3711.jpg\" \/><\/p>\n<p><strong>M\u1eb7t tr\u01b0\u1edbc<\/strong><br \/>\nPh\u1ea7n m\u1eb7t tr\u01b0\u1edbc v\u1edbi thanh cr\u00f4m k\u00e9o d\u00e0i, li\u1ec1n m\u1ea1ch v\u1edbi c\u1ee5m \u0111\u00e8n tr\u01b0\u1edbc t\u1ea1o n\u00ean h\u00ecnh \u1ea3nh sang tr\u1ecdng tinh t\u1ebf m\u00e0 m\u1ea1nh m\u1ebd \u0111\u1ea7y h\u1ee9ng kh\u1edfi.<\/p>\n<p><img decoding=\"async\" src=\"http:\/\/honda2.maugiaodien.com\/media\/2018\/11\/honda-accord-2018-3711-1.jpg\" \/><\/p>\n<p><strong>C\u1ee5m \u0111\u00e8n tr\u01b0\u1edbc<\/strong><br \/>\nC\u1ee5m \u0111\u00e8n tr\u01b0\u1edbc hi\u1ec7n \u0111\u1ea1i v\u1edbi \u0111i\u1ec3m nh\u1ea5n l\u00e0 d\u1ea3i \u0111\u00e8n LED ch\u1ea1y ban ng\u00e0y cu\u1ed1n h\u00fat bao \u00e1nh nh\u00ecn ng\u01b0\u1ee1ng m\u1ed9.<\/p>\n<p><img decoding=\"async\" src=\"http:\/\/honda2.maugiaodien.com\/media\/2018\/11\/honda-accord-2018-3711-2.jpg\" \/><\/p>\n<p><strong>C\u1ee5m \u0111\u00e8n sau<\/strong><br \/>\nC\u1ee5m \u0111\u00e8n sau v\u1edbi d\u1ea3i \u0111\u00e8n LED trang tr\u00ed th\u1eddi trang.<\/p>\n<p><img decoding=\"async\" src=\"http:\/\/honda2.maugiaodien.com\/media\/2018\/11\/honda-accord-2018-3711-3.jpg\" \/><\/p>\n<p><strong>La-z\u0103ng<\/strong><br \/>\nLa z\u0103ng thi\u1ebft k\u1ebf 7 ch\u1ea5u m\u1edbi t\u00f4 \u0111i\u1ec3m cho d\u00e1ng v\u1ebb n\u0103ng \u0111\u1ed9ng th\u1ec3 thao.<\/p>\n<p><img decoding=\"async\" src=\"http:\/\/honda2.maugiaodien.com\/media\/2018\/11\/honda-accord-2018-3711-4.jpg\" \/><\/p>\n<p><strong>\u0110\u00e8n s\u01b0\u01a1ng m\u00f9<\/strong><br \/>\n\u0110\u00e8n s\u01b0\u01a1ng m\u00f9 d\u1ea1ng LED bi m\u1edbi \u1ea5n t\u01b0\u1ee3ng.<\/p>\n<p><img decoding=\"async\" src=\"http:\/\/honda2.maugiaodien.com\/media\/2018\/11\/honda-accord-2018-3711-5.jpg\" \/><\/p>\n<p><strong>G\u01b0\u01a1ng chi\u1ebfu h\u1eadu<\/strong><br \/>\nG\u01b0\u01a1ng chi\u1ebfu h\u1eadu g\u1eadp \u0111i\u1ec7n t\u00edch h\u1ee3p \u0111\u00e8n b\u00e1o r\u1ebd gia t\u0103ng th\u00eam s\u1ef1 an to\u00e0n nh\u1edd kh\u1ea3 n\u0103ng ch\u1ed1ng \u0111\u1ecdng n\u01b0\u1edbc X Tay n\u1eafm c\u1eeda m\u1ea1 cr\u00f4m tinh t\u1ebf tr\u00ean m\u1eb7t g\u01b0\u01a1ng.<\/p>\n<p><img decoding=\"async\" src=\"http:\/\/honda2.maugiaodien.com\/media\/2018\/11\/honda-accord-2018-3711-6.jpg\" \/><\/p>\n<p><strong>Ch\u1ee5p \u1ed1ng x\u1ea3<\/strong><br \/>\nCh\u1ee5p \u1ed1ng x\u1ea3 m\u1ea1 cr\u00f4m sang tr\u1ecdng.<\/p>\n<p><img decoding=\"async\" src=\"http:\/\/honda2.maugiaodien.com\/media\/2018\/11\/honda-accord-2018-3711-7.jpg\" \/><\/p>\n<p><strong>\u0110\u00e8n phanh<\/strong><br \/>\n\u0110\u00e8n phanh treo cao d\u1ea1ng LED n\u00e2ng cao t\u00ednh an to\u00e0n cho xe \u1edf m\u1ee9c cao nh\u1ea5t.<\/p>\n<p><img decoding=\"async\" src=\"http:\/\/honda2.maugiaodien.com\/media\/2018\/11\/honda-accord-2018-3711-8.jpg\" \/><\/p>\n<h2>N\u1ed8I TH\u1ea4T<\/h2>\n<h3>TI\u1ec6N NGHI &#8211; \u0110AM M\u00ca<\/h3>\n<p>R\u1ed9ng l\u1edbn, ti\u1ec7n nghi v\u00e0 sang tr\u1ecdng l\u00e0 nh\u1eefng g\u00ec \u0111\u1ec3 n\u00f3i v\u1ec1 kh\u00f4ng gian \u0111\u1eb3ng c\u1ea5p c\u1ee7a si\u00eau ph\u1ea9m Honda Accord. Kh\u00f4ng ch\u1ec9 \u0111\u00e1p \u1ee9ng c\u1ea3m gi\u00e1c tho\u1ea3i m\u00e1i cho ng\u01b0\u1eddi l\u00e1i, nh\u1eefng trang b\u1ecb ti\u1ec7n nghi cao c\u1ea5p nh\u1ea5t s\u1ebd mang \u0111\u1ebfn s\u1ef1 th\u01b0 th\u00e1i t\u1ed1i \u0111a cho ng\u01b0\u1eddi \u0111i c\u00f9ng ngay c\u1ea3 tr\u00ean nh\u1eefng ch\u1eb7ng \u0111\u01b0\u1eddng d\u00e0i.<\/p>\n<p><img decoding=\"async\" src=\"http:\/\/honda2.maugiaodien.com\/media\/2018\/11\/honda-accord-2018-3711-9.jpg\" \/><\/p>\n<p><strong>M\u00e0n h\u00ecnh c\u1ea3m \u1ee9ng 7-inch<\/strong><br \/>\nM\u00e0n h\u00ecnh c\u1ea3m \u1ee9ng 7-inch th\u1eddi th\u01b0\u1ee3ng, c\u00f3 th\u1ec3 k\u1ebft n\u1ed1i tr\u1ef1c ti\u1ebfp v\u1edbi \u0111i\u1ec7n tho\u1ea1i th\u00f4ng minh (\u1ee9ng d\u1ee5ng h\u1ec7 \u0111i\u1ec1u h\u00e0nh i.OS 7.1 ho\u1eb7c Android 5.0 tr\u1edf l\u00ean) cho ph\u00e9p ng\u01b0\u1eddi l\u00e1i nghe nh\u1ea1c, g\u1ecdi \u0111i\u1ec7n tho\u1ea1i, s\u1eed d\u1ee5ng b\u1ea3n \u0111\u1ed3\u2026 m\u00e0 kh\u00f4ng c\u1ea7n thao t\u00e1c tr\u00ean \u0111i\u1ec7n tho\u1ea1i; hay s\u1eed d\u1ee5ng h\u1ec7 th\u1ed1ng d\u1eabn \u0111\u01b0\u1eddng Sygic qua k\u1ebft n\u1ed1i HDMI.<\/p>\n<p><img decoding=\"async\" src=\"http:\/\/honda2.maugiaodien.com\/media\/2018\/11\/honda-accord-2018-3711-56.jpg\" alt=\"Untitled1\" \/><\/p>\n<p><strong>\u0110\u00e0m tho\u1ea1i r\u1ea3nh tay (HFT)<\/strong><br \/>\nCh\u1ee9c n\u0103ng \u0111\u00e0m tho\u1ea1i r\u1ea3nh tay (HFT) gi\u00fap b\u1ea1n d\u1ec5 d\u00e0ng nh\u1eadn v\u00e0 ng\u1eaft cu\u1ed9c g\u1ecdi m\u00e0 kh\u00f4ng c\u1ea7n r\u1eddi tay kh\u1ecfi v\u00f4-l\u0103ng, \u0111\u1ed3ng th\u1eddi t\u00edch h\u1ee3p ch\u1ebf \u0111\u1ed9 g\u1ecdi b\u1eb1ng gi\u1ecdng n\u00f3i ti\u1ec7n l\u1ee3i.<\/p>\n<p><img decoding=\"async\" src=\"http:\/\/honda2.maugiaodien.com\/media\/2018\/11\/honda-accord-2018-3711-62.jpg\" \/><\/p>\n<p><strong>V\u00f4-l\u0103ng<\/strong><br \/>\nV\u00f4-l\u0103ng b\u1ecdc da \u0111\u01b0\u1ee3c \u1ed1p v\u00e2n g\u1ed7 sang tr\u1ecdng t\u00edch h\u1ee3p \u0111a d\u1ea1ng n\u00fat \u0111i\u1ec1u ch\u1ec9nh \u00e2m thanh, \u0111\u00e0m tho\u1ea1i r\u1ea3nh tay hay \u0111i\u1ec1u khi\u1ec3n h\u00e0nh tr\u00ecnh, l\u1eaby chuy\u1ec3n s\u1ed1, gi\u00fap gia t\u0103ng s\u1ef1 ti\u1ec7n nghi l\u00e1i \u1edf m\u1ee9c cao nh\u1ea5t.<\/p>\n<p><img decoding=\"async\" src=\"http:\/\/honda2.maugiaodien.com\/media\/2018\/11\/honda-accord-2018-3711-12.jpg\" \/><\/p>\n<p><strong>H\u1ec7 th\u1ed1ng n\u00fat b\u1ea5m<\/strong><br \/>\nH\u1ec7 th\u1ed1ng n\u00fat b\u1ea5m \u0111i\u1ec1u ch\u1ec9nh \u00e2m thanh v\u00e0 \u0111i\u1ec1u h\u00f2a \u0111\u01b0\u1ee3c b\u1ed1 tr\u00ed ti\u1ec7n l\u1ee3i cho ng\u01b0\u1eddi s\u1eed d\u1ee5ng. H\u1ec7 th\u1ed1ng \u0111i\u1ec1u h\u00f2a t\u1ef1 \u0111\u1ed9ng 2 v\u00f9ng gi\u00fap l\u00e0m m\u00e1t nhanh ch\u00f3ng h\u00e0nh kh\u00e1ch tr\u00ean xe.<\/p>\n<p><img decoding=\"async\" src=\"http:\/\/honda2.maugiaodien.com\/media\/2018\/11\/honda-accord-2018-3711-63.jpg\" \/><\/p>\n<p><strong>T\u1ef1a tay gh\u1ebf tr\u01b0\u1edbc t\u00edch h\u1ee3p gi\u1eafc c\u1eafm<\/strong><br \/>\nT\u1ef1a tay gh\u1ebf tr\u01b0\u1edbc t\u00edch h\u1ee3p gi\u1eafc c\u1eafm USB\/AUX cho b\u1ea1n t\u1eadn h\u01b0\u1edfng nh\u1eefng b\u1ea3n nh\u1ea1c y\u00eau th\u00edch.<\/p>\n<p><img decoding=\"async\" src=\"http:\/\/honda2.maugiaodien.com\/media\/2018\/11\/honda-accord-2018-3711-14.jpg\" \/><\/p>\n<h2>TI\u1ec6N \u00cdCH<\/h2>\n<h3>TI\u1ec6N \u00cdCH &#8211; \u0110\u1ea6Y \u0110AM M\u00ca<\/h3>\n<p>\u0110\u00e1p \u1ee9ng c\u1ea3m gi\u00e1c tho\u1ea3i m\u00e1i cho ng\u01b0\u1eddi l\u00e1i v\u00e0 s\u1ef1 h\u1ee9ng kh\u1edfi khi s\u1eed d\u1ee5ng l\u00e0 ti\u00eau ch\u00ed d\u00f2ng xe Honda Accord lu\u00f4n h\u01b0\u1edbng t\u1edbi. Nh\u1eefng ti\u1ec7n \u00edch cao c\u1ea5p \u0111\u01b0\u1ee3c trang b\u1ecb c\u00f9ng kh\u00f4ng gian tho\u00e1ng \u0111\u00e3ng v\u1edbi nhi\u1ec1u h\u1ed9c, ng\u0103n ch\u1ee9a \u0111\u1ed3\u2026 gi\u00fap ch\u1ee7 nh\u00e2n t\u1eadn h\u01b0\u1edfng s\u1ef1 th\u01b0 th\u00e1i t\u1ed1i \u0111a tr\u00ean m\u1ecdi h\u00e0nh tr\u00ecnh.<\/p>\n<p><img decoding=\"async\" src=\"http:\/\/honda2.maugiaodien.com\/media\/2018\/11\/honda-accord-2018-3711-15.jpg\" \/><\/p>\n<p><strong>C\u1eeda s\u1ed5 tr\u1eddi<\/strong><br \/>\nC\u1eeda s\u1ed5 tr\u1eddi gi\u00fap b\u1ea1n t\u1eadn h\u01b0\u1edfng s\u1ef1 tho\u00e1ng \u0111\u00e3ng t\u1eeb thi\u00ean nhi\u00ean hay \u0111\u00f3n nh\u1eadn nh\u1eefng tia n\u1eafng m\u1eb7t tr\u1eddi \u1ea5m \u00e1p.<\/p>\n<p><img decoding=\"async\" src=\"http:\/\/honda2.maugiaodien.com\/media\/2018\/11\/honda-accord-2018-3711-16.jpg\" \/><\/p>\n<p><strong>N\u00fat \u0111i\u1ec1u ch\u1ec9nh \u00e2m thanh<\/strong><br \/>\nN\u00fat \u0111i\u1ec1u ch\u1ec9nh \u00e2m thanh tr\u00ean t\u1ef1a tay gh\u1ebf sau ti\u1ec7n l\u1ee3i.<\/p>\n<p><img decoding=\"async\" src=\"http:\/\/honda2.maugiaodien.com\/media\/2018\/11\/honda-accord-2018-3711-17.jpg\" \/><\/p>\n<p><strong>C\u1eeda gi\u00f3 sau<\/strong><br \/>\nC\u1eeda gi\u00f3 \u0111i\u1ec1u h\u00f2a sau gi\u00fap l\u00e0m l\u1ea1nh nhanh b\u0103ng gh\u1ebf sau.<\/p>\n<p><img decoding=\"async\" src=\"http:\/\/honda2.maugiaodien.com\/media\/2018\/11\/honda-accord-2018-3711-18.jpg\" \/><\/p>\n<p><strong>G\u01b0\u01a1ng trang \u0111i\u1ec3m<\/strong><br \/>\nG\u01b0\u01a1ng trang \u0111i\u1ec3m t\u00edch h\u1ee3p \u0111\u00e8n chi\u1ebfu s\u00e1ng \u0111\u01b0\u1ee3c b\u1ed1 tr\u00ed ti\u1ec7n l\u1ee3i.<\/p>\n<p><img decoding=\"async\" src=\"http:\/\/honda2.maugiaodien.com\/media\/2018\/11\/honda-accord-2018-3711-19.jpg\" \/><\/p>\n<p><strong>H\u1ed9c ch\u1ee9a \u0111\u1ed3<\/strong><br \/>\nH\u1ed9c ch\u1ee9a \u0111\u1ed3 b\u1ed1 tr\u00ed d\u1ecdc c\u1eeda xe thu\u1eadn ti\u1ec7n.<\/p>\n<p><img decoding=\"async\" src=\"http:\/\/honda2.maugiaodien.com\/media\/2018\/11\/honda-accord-2018-3711-20.jpg\" \/><\/p>\n<p><strong>H\u1ed9c ch\u1ee9a c\u1ed1c<\/strong><br \/>\n<img decoding=\"async\" src=\"http:\/\/honda2.maugiaodien.com\/media\/2018\/11\/honda-accord-2018-3711-21.jpg\" \/><\/p>\n<h2>V\u1eacN H\u00c0NH<\/h2>\n<h3>EARTH DREAMS TECHNOLOGY<\/h3>\n<p>\u201cEDT\u201d l\u00e0 nh\u1eefng c\u1ea3i ti\u1ebfn m\u1edbi \u0111\u1ed9t ph\u00e1 v\u1ec1 c\u00f4ng ngh\u1ec7 nh\u1eb1m n\u00e2ng cao t\u00ednh n\u0103ng v\u1eadn h\u00e0nh v\u00e0 hi\u1ec7u qu\u1ea3 s\u1eed d\u1ee5ng nhi\u00ean li\u1ec7u \u1edf m\u1ee9c cao nh\u1ea5t.<\/p>\n<p><img decoding=\"async\" src=\"http:\/\/honda2.maugiaodien.com\/media\/2018\/11\/honda-accord-2018-3711-22.jpg\" alt=\"bg new 0 (1)\" \/><\/p>\n<p><strong>\u0110\u1ed9ng c\u01a1 2.4L i-VTEC<\/strong><br \/>\n\u1ee8ng d\u1ee5ng c\u00f4ng ngh\u1ec7 EARTH DREAMS TECHNOLOGY, \u0111\u1ed9ng c\u01a1 2.4L i-VTEC \u0111\u01b0\u1ee3c \u00e1p d\u1ee5ng c\u1ea5u tr\u00fac m\u1edbi v\u1edbi tr\u1ecdng l\u01b0\u1ee3ng gi\u1ea3m \u0111\u00e1ng k\u1ec3. H\u01a1n n\u1eefa, vi\u1ec7c n\u00e2ng c\u1ea5p \u0111\u1ec3 t\u1ed1i \u01b0u h\u00f3a h\u1ec7 th\u1ed1ng VTEC nh\u1eb1m n\u00e2ng cao hi\u1ec7u su\u1ea5t nhi\u1ec7t \u0111\u1ed9ng v\u00e0 gi\u1ea3m thi\u1ec3u ma s\u00e1t gi\u00fap c\u1ea3i thi\u1ec7n m\u00f4-men xo\u1eafn, \u0111em l\u1ea1i c\u00f4ng su\u1ea5t \u0111\u1ea7u ra cao trong khi v\u1eabn t\u1ed1i \u01b0u kh\u1ea3 n\u0103ng ti\u1ebft ki\u1ec7m nhi\u00ean li\u1ec7u v\u00e0 th\u00e2n thi\u1ec7n v\u1edbi m\u00f4i tr\u01b0\u1eddng.<\/p>\n<p><img decoding=\"async\" src=\"http:\/\/honda2.maugiaodien.com\/media\/2018\/11\/honda-accord-2018-3711-23.jpg\" alt=\"bg new 1 (1)\" \/><\/p>\n<p><strong>H\u1ed9p s\u1ed1 t\u1ef1 \u0111\u1ed9ng 5 c\u1ea5p<\/strong><br \/>\nH\u1ed9p s\u1ed1 t\u1ef1 \u0111\u1ed9ng 5 c\u1ea5p gi\u00fap sang s\u1ed1 m\u1ea1nh m\u1ebd linh ho\u1ea1t.<\/p>\n<p><img decoding=\"async\" src=\"http:\/\/honda2.maugiaodien.com\/media\/2018\/11\/honda-accord-2018-3711-24.jpg\" alt=\"bg new 2 (1)\" \/><\/p>\n<p><strong>L\u1eaby chuy\u1ec3n s\u1ed1<\/strong><br \/>\nL\u1eaby chuy\u1ec3n s\u1ed1 th\u1ec3 thao tr\u00ean v\u00f4-l\u0103ng cho b\u1ea1n t\u1eadn h\u01b0\u1edfng c\u1ea3m gi\u00e1c l\u00e1i ph\u1ea5n kh\u00edch.<\/p>\n<p><img decoding=\"async\" src=\"http:\/\/honda2.maugiaodien.com\/media\/2018\/11\/honda-accord-2018-3711-25.jpg\" alt=\"bg new 3 (1)\" \/><\/p>\n<p><strong>H\u1ec7 th\u1ed1ng l\u00e1i tr\u1ee3 l\u1ef1c \u0111i\u1ec7n<\/strong><br \/>\nH\u1ec7 th\u1ed1ng l\u00e1i tr\u1ee3 l\u1ef1c \u0111i\u1ec7n mang l\u1ea1i ph\u1ea3n h\u1ed3i nh\u1ea1y v\u00e0 ch\u00ednh x\u00e1c t\u1edbi tay l\u00e1i, \u0111\u1ec3 m\u1ed7i chuy\u1ec3n \u0111\u1ed9ng c\u1ee7a v\u00f4-l\u0103ng th\u1eadt s\u1ef1 nh\u1eb9 nh\u00e0ng d\u00f9 l\u00e0 \u0111\u00e1nh l\u00e1i v\u00e0o cua hay chuy\u1ec3n h\u01b0\u1edbng.<\/p>\n<p><img decoding=\"async\" src=\"http:\/\/honda2.maugiaodien.com\/media\/2018\/11\/honda-accord-2018-3711-26.jpg\" alt=\"bg new 4\" \/><\/p>\n<p><strong>Ga t\u1ef1 \u0111\u1ed9ng th\u00f4ng minh Cruise Control<\/strong><br \/>\nGa t\u1ef1 \u0111\u1ed9ng th\u00f4ng minh Cruise Control gi\u00fap xe l\u01b0\u1edbt \u00eam v\u00e0 \u0111\u1ec1u.<\/p>\n<p><img decoding=\"async\" src=\"http:\/\/honda2.maugiaodien.com\/media\/2018\/11\/honda-accord-2018-3711-64.jpg\" alt=\"bg new 5\" \/><\/p>\n<p><strong>CH\u1ebe \u0110\u1ed8 L\u00c1I TI\u1ebeT KI\u1ec6M NHI\u00caN LI\u1ec6U ECON MODE<\/strong><br \/>\nKhi \u0111\u01b0\u1ee3c k\u00edch ho\u1ea1t t\u1eeb l\u00fac nh\u1ea5n n\u00fat ECON, ch\u1ebf \u0111\u1ed9 s\u1ebd \u0111i\u1ec1u ch\u1ec9nh h\u1ec7 th\u1ed1ng l\u00e0m vi\u1ec7c c\u1ee7a \u0111\u1ed9ng c\u01a1 v\u00e0 \u0111i\u1ec1u h\u00f2a kh\u00f4ng kh\u00ed \u0111\u1ec3 gi\u1ea3m thi\u1ec3u nh\u1eefng ti\u00eau hao nhi\u00ean li\u1ec7u kh\u00f4ng c\u1ea7n thi\u1ebft.<\/p>\n<p><img decoding=\"async\" src=\"http:\/\/honda2.maugiaodien.com\/media\/2018\/11\/honda-accord-2018-3711-28.jpg\" alt=\"bg new 6\" \/><\/p>\n<p><strong>Ch\u1ebf \u0111\u1ed9 kh\u1edfi \u0111\u1ed9ng b\u1eb1ng n\u00fat b\u1ea5m th\u00f4ng minh\u200b\u200b\u200b\u200b\u200b\u200b\u200b<\/strong><br \/>\nCh\u1ebf \u0111\u1ed9 kh\u1edfi \u0111\u1ed9ng b\u1eb1ng n\u00fat b\u1ea5m th\u00f4ng minh gi\u00fap ng\u01b0\u1eddi l\u00e1i d\u1ec5 d\u00e0ng kh\u1edfi \u0111\u1ed9ng ho\u1eb7c ng\u1eebng \u0111\u1ed9ng c\u01a1 m\u00e0 kh\u00f4ng c\u1ea7n tra ch\u00eca kh\u00f3a v\u00e0o \u1ed5.<\/p>\n<p><img decoding=\"async\" src=\"http:\/\/honda2.maugiaodien.com\/media\/2018\/11\/honda-accord-2018-3711-29.jpg\" alt=\"bg new 7 (1)\" \/><\/p>\n<p><strong>H\u1ec7 th\u1ed1ng ch\u1ee7 \u0111\u1ed9ng ki\u1ec3m so\u00e1t ti\u1ebfng \u1ed3n<\/strong><br \/>\nH\u1ec7 th\u1ed1ng ch\u1ee7 \u0111\u1ed9ng ki\u1ec3m so\u00e1t ti\u1ebfng \u1ed3n Active Noise Control gi\u00fap tri\u1ec7t ti\u00eau ti\u1ebfng \u1ed3n b\u1eb1ng c\u00e1ch ph\u00e1t ra t\u1ea7n s\u1ed1 \u00e2m thanh t\u01b0\u01a1ng \u0111\u01b0\u01a1ng nh\u01b0ng ng\u01b0\u1ee3c pha t\u1eeb h\u1ec7 th\u1ed1ng loa, \u0111\u1ec3 b\u1ea1n th\u01b0\u1edfng th\u1ee9c kh\u00f4ng gian khoang l\u00e1i y\u00ean t\u0129nh.<\/p>\n<p><img decoding=\"async\" src=\"http:\/\/honda2.maugiaodien.com\/media\/2018\/11\/honda-accord-2018-3711-30.jpg\" alt=\"bg new 8\" \/><\/p>\n<p><strong>H\u1ec7 th\u1ed1ng treo<\/strong><br \/>\nH\u1ec7 th\u1ed1ng treo tr\u01b0\u1edbc Mac Pherson v\u00e0 h\u1ec7 th\u1ed1ng treo sau thanh gi\u1eb1ng xo\u1eafn k\u00e9p li\u00ean k\u1ebft \u0111a \u0111i\u1ec3m ti\u00ean ti\u1ebfn t\u0103ng c\u01b0\u1eddng s\u1ef1 \u1ed5n \u0111\u1ecbnh, ch\u1eafc ch\u1eafn khi v\u1eadn h\u00e0nh.<\/p>\n<p><img decoding=\"async\" src=\"http:\/\/honda2.maugiaodien.com\/media\/2018\/11\/honda-accord-2018-3711-31.jpg\" alt=\"bg new 9\" \/><\/p>\n<p><strong>ECO COACHING \u2013 CH\u1ebe \u0110\u1ed8 H\u01af\u1edaNG D\u1eaaN L\u00c1I XE TI\u1ebeT KI\u1ec6M NHI\u00caN LI\u1ec6U\u200b\u200b\u200b\u200b\u200b\u200b\u200b.<\/strong><br \/>\nEco coaching &#8211; Ch\u1ebf \u0111\u1ed9 h\u01b0\u1edbng d\u1eabn l\u00e1i xe ti\u1ebft ki\u1ec7m nhi\u00ean li\u1ec7u ch\u1ec9 ra c\u00e1ch th\u1ee9c h\u00e0nh vi l\u00e1i \u1ea3nh h\u01b0\u1edfng \u0111\u1ebfn. M\u1ee9c ti\u00eau th\u1ee5 nhi\u00ean li\u1ec7u, qua \u0111\u00f3 gi\u00fap \u0111\u01b0a ra l\u1eddi khuy\u00ean \u0111\u1ec3 ng\u01b0\u1eddi l\u00e1i s\u1eed d\u1ee5ng nhi\u00ean li\u1ec7u theo c\u00e1ch t\u1ed1i \u01b0u v\u00e0 x\u00e2y d\u1ef1ng \u00fd th\u1ee9c l\u00e1i ti\u1ebft ki\u1ec7m nhi\u00ean li\u1ec7u, th\u00e2n thi\u1ec7n v\u1edbi m\u00f4i tr\u01b0\u1eddng.<\/p>\n<p><img decoding=\"async\" src=\"http:\/\/honda2.maugiaodien.com\/media\/2018\/11\/honda-accord-2018-3711-32.jpg\" \/><\/p>\n<h3>AN TO\u00c0N \u200b\u200b\u200b\u200b\u200b\u200b\u200b<\/h3>\n<p><strong>C\u1ea3m bi\u1ebfn\u200b\u200b\u200b\u200b\u200b\u200b\u200b<\/strong><br \/>\nC\u1ea3m bi\u1ebfn va ch\u1ea1m g\u00f3c ph\u00eda tr\u01b0\u1edbc (2 m\u1eaft) v\u00e0 c\u1ea3m bi\u1ebfn l\u00f9i (4 m\u1eaft) c\u1ea3nh b\u00e1o k\u1ecbp th\u1eddi cho ng\u01b0\u1eddi l\u00e1i trong tr\u01b0\u1eddng h\u1ee3p s\u1eafp x\u1ea3y ra va ch\u1ea1m.<\/p>\n<p><img decoding=\"async\" src=\"http:\/\/honda2.maugiaodien.com\/media\/2018\/11\/honda-accord-2018-3711-33.jpg\" alt=\"bg new 0 (2)\" \/><\/p>\n<p><strong>Camera l\u00f9i hi\u1ec3n th\u1ecb 3 g\u00f3c quay<\/strong><br \/>\nCamera l\u00f9i hi\u1ec3n th\u1ecb 3 g\u00f3c quay cho ng\u01b0\u1eddi l\u00e1i quan s\u00e1t nh\u1eefng g\u00f3c khu\u1ea5t m\u00e0 k\u00ednh chi\u1ebfu h\u1eadu kh\u00f4ng th\u1ea5y \u0111\u01b0\u1ee3c gi\u00fap l\u00f9i xe an to\u00e0n h\u01a1n.<\/p>\n<p><img decoding=\"async\" src=\"http:\/\/honda2.maugiaodien.com\/media\/2018\/11\/honda-accord-2018-3711-65.jpg\" alt=\"bg new 1\" \/><\/p>\n<p><img decoding=\"async\" src=\"http:\/\/honda2.maugiaodien.com\/media\/2018\/11\/honda-accord-2018-3711-35.jpg\" alt=\"bg new 2\" \/><\/p>\n<p><img decoding=\"async\" src=\"http:\/\/honda2.maugiaodien.com\/media\/2018\/11\/honda-accord-2018-3711-36.jpg\" alt=\"bg new 3\" \/><br \/>\n<img decoding=\"async\" src=\"http:\/\/honda2.maugiaodien.com\/media\/2018\/11\/honda-accord-2018-3711-37.jpg\" alt=\"bg new 4\" \/><br \/>\n<img decoding=\"async\" src=\"http:\/\/honda2.maugiaodien.com\/media\/2018\/11\/honda-accord-2018-3711-38.jpg\" alt=\"bg new 5\" \/><\/p>\n<p><strong>H\u1ec7 th\u1ed1ng t\u00fai kh\u00ed<\/strong><br \/>\nH\u1ec7 th\u1ed1ng ti\u00ean ti\u1ebfn 6 t\u00fai kh\u00ed v\u1edbi 2 t\u00fai tr\u01b0\u1edbc trang b\u1ecb c\u00f4ng ngh\u1ec7 i-SRS, 2 t\u00fai b\u00ean h\u00f4ng th\u00f4ng minh OPDS, 2 t\u00fai kh\u00ed r\u00e8m cho c\u1ea3 h\u00e0ng gh\u1ebf tr\u01b0\u1edbc v\u00e0 h\u00e0ng gh\u1ebf sau mang l\u1ea1i s\u1ef1 b\u1ea3o v\u1ec7 t\u1ed1i \u01b0u cho nh\u1eefng ng\u01b0\u1eddi ng\u1ed3i tr\u00ean xe.<\/p>\n<p><img decoding=\"async\" src=\"http:\/\/honda2.maugiaodien.com\/media\/2018\/11\/honda-accord-2018-3711-39.jpg\" alt=\"bg new 2 (2)\" \/><\/p>\n<p><strong>HSA \u2013 H\u1ec7 th\u1ed1ng h\u1ed7 tr\u1ee3 kh\u1edfi h\u00e0nh ngang d\u1ed1c\u200b\u200b\u200b\u200b\u200b\u200b\u200b<\/strong><br \/>\nHSA \u2013 H\u1ec7 th\u1ed1ng h\u1ed7 tr\u1ee3 kh\u1edfi h\u00e0nh ngang d\u1ed1c, gi\u00fap ng\u01b0\u1eddi l\u00e1i an t\u00e2m v\u00e0 t\u1ef1 tin h\u01a1n \u1edf nh\u1eefng cung \u0111\u01b0\u1eddng d\u1ed1c ho\u1eb7c nh\u1ea5p nh\u00f4.<\/p>\n<p><img decoding=\"async\" src=\"http:\/\/honda2.maugiaodien.com\/media\/2018\/11\/honda-accord-2018-3711-40.jpg\" alt=\"bg new 3 (2)\" \/><\/p>\n<p><strong>H\u1ec7 th\u1ed1ng c\u00e2n b\u1eb1ng \u0111i\u1ec7n t\u1eed VSA<\/strong><br \/>\nH\u1ec7 th\u1ed1ng c\u00e2n b\u1eb1ng \u0111i\u1ec7n t\u1eed VSA \u01b0u vi\u1ec7t ki\u1ec3m so\u00e1t nh\u1eefng thay \u0111\u1ed5i \u0111\u1ed9t ng\u1ed9t, gi\u1eef cho xe lu\u00f4n trong t\u1ea7m ki\u1ec3m so\u00e1t c\u1ee7a ng\u01b0\u1eddi l\u00e1i.<\/p>\n<p><img decoding=\"async\" src=\"http:\/\/honda2.maugiaodien.com\/media\/2018\/11\/honda-accord-2018-3711-41.jpg\" alt=\"bg new 4 (1)\" \/><\/p>\n<p><strong>KHUNG H\u1ea4P TH\u1ee4 L\u1ef0C AN TO\u00c0N G-CON<\/strong><br \/>\nS\u1eed d\u1ee5ng th\u00e9p c\u00f3 \u0111\u1ed9 c\u1ee9ng cao v\u00e0 t\u00edch h\u1ee3p c\u1ea5u tr\u00fac ACE (Advanced Compatibility Engineering \u2013 k\u1ef9 thu\u1eadt t\u01b0\u01a1ng th\u00edch ti\u00ean ti\u1ebfn) gi\u00fap h\u1ea5p th\u1ee5 l\u1ef1c t\u00e1c \u0111\u1ed9ng c\u1ee7a va ch\u1ea1m, gi\u1ea3m thi\u1ec3u nguy c\u01a1 ch\u1ea5n th\u01b0\u01a1ng.<\/p>\n<p><img decoding=\"async\" src=\"http:\/\/honda2.maugiaodien.com\/media\/2018\/11\/honda-accord-2018-3711-42.jpg\" alt=\"bg new 5 (1)\" \/><\/p>\n<h2>\u200b\u200b\u200b\u200b\u200b\u200b\u200bPH\u1ee4 KI\u1ec6N TU\u1ef2 CH\u1eccN<\/h2>\n<p>\u0110\u01b0\u1ee3c ch\u1ebf t\u1ea1o m\u1ed9t c\u00e1ch \u0111\u1ed3ng b\u1ed9 v\u1edbi ti\u00eau chu\u1ea9n qu\u1ed1c t\u1ebf c\u1ee7a xe \u00d4 t\u00f4 Honda, ph\u1ee5 ki\u1ec7n ch\u00ednh h\u00e3ng Modulo gi\u00fap trau chu\u1ed1t v\u1ebb b\u1ec1 ngo\u00e0i v\u00e0 n\u00e2ng cao kh\u1ea3 n\u0103ng v\u1eadn h\u00e0nh c\u1ee7a xe. Ki\u1ec3u d\u00e1ng th\u1ec3 thao, thi\u1ebft k\u1ebf kh\u00ed \u0111\u1ed9ng h\u1ecdc, c\u00f9ng v\u1edbi s\u1ef1 an t\u00e2m v\u00e0 \u0111\u1ed9 tin c\u1eady c\u00f3 \u0111\u01b0\u1ee3c nh\u1edd ch\u1ea5t l\u01b0\u1ee3ng Honda to\u00e0n c\u1ea7u, mang l\u1ea1i s\u1ef1 t\u1ef1 h\u00e0o cho ch\u1ee7 nh\u00e2n chi\u1ebfc xe.<\/p>\n<p><strong>Vi\u1ec1n che m\u01b0a\u200b\u200b\u200b\u200b\u200b\u200b\u200b<\/strong><br \/>\nT\u0103ng v\u1ebb l\u1ecbch l\u00e3m, th\u00eam ph\u1ea7n ti\u1ec7n nghi.<\/p>\n<p><img decoding=\"async\" src=\"http:\/\/honda2.maugiaodien.com\/media\/2018\/11\/honda-accord-2018-3711-43.jpg\" alt=\"bg new 0 (3)\" \/><\/p>\n<p><strong>N\u1eb9p trang tr\u00ed th\u00e2n xe<\/strong><br \/>\nT\u1ea1o \u0111i\u1ec3m nh\u1ea5n m\u1ea1nh m\u1ebd m\u00e0 sang tr\u1ecdng.<\/p>\n<p><img decoding=\"async\" src=\"http:\/\/honda2.maugiaodien.com\/media\/2018\/11\/honda-accord-2018-3711-44.jpg\" alt=\"bg new 1 (2)\" \/><\/p>\n<p><strong>N\u1eb9p b\u01b0\u1edbc ch\u00e2n ph\u00e1t s\u00e1ng\u200b\u200b\u200b\u200b\u200b\u200b\u200b<\/strong><br \/>\nKh\u1eb3ng \u0111\u1ecbnh ni\u1ec1m t\u1ef1 h\u00e0o s\u1edf h\u1eefu.<\/p>\n<p><img decoding=\"async\" src=\"http:\/\/honda2.maugiaodien.com\/media\/2018\/11\/honda-accord-2018-3711-45.jpg\" alt=\"bg new 2 (3)\" \/><\/p>\n<p><strong>B\u1ea1t ph\u1ee7 xe<\/strong><br \/>\nGi\u00fap b\u1ea3o v\u1ec7 xe ho\u00e0n h\u1ea3o.<\/p>\n<p><img decoding=\"async\" src=\"http:\/\/honda2.maugiaodien.com\/media\/2018\/11\/honda-accord-2018-3711-46.jpg\" alt=\"bg new 3 (3)\" \/><\/p>\n<p><strong>Khay \u0111\u1ec3 \u0111\u1ed3\u200b\u200b\u200b\u200b\u200b\u200b\u200b<\/strong><br \/>\nGi\u00fap c\u1ed1 \u0111\u1ecbnh h\u00e0nh l\u00fd, ch\u1ed1ng va \u0111\u1eadp.<\/p>\n<p><img decoding=\"async\" src=\"http:\/\/honda2.maugiaodien.com\/media\/2018\/11\/honda-accord-2018-3711-47.jpg\" alt=\"bg new 4 (2)\" \/><\/p>\n<p><strong>Th\u1ea3m tr\u1ea3i s\u00e0n<\/strong><br \/>\nTh\u00eam sang tr\u1ecdng, ho\u00e0n ch\u1ec9nh n\u1ed9i th\u1ea5t xe.<\/p>\n<p><img decoding=\"async\" src=\"http:\/\/honda2.maugiaodien.com\/media\/2018\/11\/honda-accord-2018-3711-66.jpg\" alt=\"bg new 5 (2)\" \/><\/p>\n<p><iframe loading=\"lazy\" src=\"https:\/\/www.youtube.com\/embed\/IeoYBrfHDGY\" width=\"800\" height=\"450\" frameborder=\"0\" allowfullscreen=\"allowfullscreen\"><span data-mce-type=\"bookmark\" style=\"display: inline-block; width: 0px; overflow: hidden; line-height: 0;\" class=\"mce_SELRES_start\">\ufeff<\/span><\/iframe><\/p>\n","protected":false},"excerpt":{"rendered":"<ul>\n<li>H\u1ed7 tr\u1ee3 mua xe tr\u1ea3 g\u00f3p<\/li>\n<li>\u0110\u0103ng k\u00fd l\u00e1i th\u1eed mi\u1ec5n ph\u00ed<\/li>\n<li>Nhi\u1ec1u ch\u01b0\u01a1ng tr\u00ecnh \u01b0u \u0111\u00e3i &amp; khuy\u1ebfn m\u00e3i<\/li>\n<li>Li\u00ean h\u1ec7 \u0111\u1ec3 \u0111\u01b0\u1ee3c t\u01b0 v\u1ea5n tr\u1ef1c ti\u1ebfp<\/li>\n<\/ul>\n","protected":false},"featured_media":3712,"template":"","meta":{"_acf_changed":false},"product_brand":[],"product_cat":[352],"product_tag":[363,364,362],"class_list":{"0":"post-3711","1":"product","2":"type-product","3":"status-publish","4":"has-post-thumbnail","6":"product_cat-honda-accord","7":"product_tag-mua-xe-honda-accord-tai-ba-don","8":"product_tag-mua-xe-honda-accord-tai-dong-hoi","9":"product_tag-mua-xe-honda-accord-tai-quang-binh","11":"first","12":"instock","13":"shipping-taxable","14":"product-type-simple"},"acf":[],"_links":{"self":[{"href":"https:\/\/khowordpress.com\/honda1\/wp-json\/wp\/v2\/product\/3711","targetHints":{"allow":["GET"]}}],"collection":[{"href":"https:\/\/khowordpress.com\/honda1\/wp-json\/wp\/v2\/product"}],"about":[{"href":"https:\/\/khowordpress.com\/honda1\/wp-json\/wp\/v2\/types\/product"}],"wp:featuredmedia":[{"embeddable":true,"href":"https:\/\/khowordpress.com\/honda1\/wp-json\/wp\/v2\/media\/3712"}],"wp:attachment":[{"href":"https:\/\/khowordpress.com\/honda1\/wp-json\/wp\/v2\/media?parent=3711"}],"wp:term":[{"taxonomy":"product_brand","embeddable":true,"href":"https:\/\/khowordpress.com\/honda1\/wp-json\/wp\/v2\/product_brand?post=3711"},{"taxonomy":"product_cat","embeddable":true,"href":"https:\/\/khowordpress.com\/honda1\/wp-json\/wp\/v2\/product_cat?post=3711"},{"taxonomy":"product_tag","embeddable":true,"href":"https:\/\/khowordpress.com\/honda1\/wp-json\/wp\/v2\/product_tag?post=3711"}],"curies":[{"name":"wp","href":"https:\/\/api.w.org\/{rel}","templated":true}]}}