{"id":3788,"date":"2018-11-18T19:40:32","date_gmt":"2018-11-18T12:40:32","guid":{"rendered":"http:\/\/honda2.maugiaodien.com\/?post_type=product&#038;p=3788"},"modified":"2019-05-29T09:30:45","modified_gmt":"2019-05-29T02:30:45","slug":"honda-city-1-5-l-2018","status":"publish","type":"product","link":"https:\/\/khowordpress.com\/honda1\/honda-city\/honda-city-1-5-l-2018.html","title":{"rendered":"Honda City 1.5 L 2018"},"content":{"rendered":"<p>Ra \u0111\u1eddi v\u00e0o n\u0103m 1996, qua h\u01a1n 20 n\u0103m ph\u00e1t tri\u1ec3n, Honda City \u0111\u00e3 tr\u1edf th\u00e0nh m\u1ed9t m\u1eabu xe to\u00e0n c\u1ea7u c\u1ee7a Honda v\u1edbi g\u1ea7n 3.5 tri\u1ec7u xe \u0111\u01b0\u1ee3c giao \u0111\u1ebfn tay kh\u00e1ch h\u00e0ng tr\u00ean to\u00e0n c\u1ea7u t\u00ednh \u0111\u1ebfn h\u1ebft th\u00e1ng 4\/2017.<\/p>\n<p>Ch\u00ednh th\u1ee9c \u0111\u01b0\u1ee3c gi\u1edbi thi\u1ec7u \u0111\u1ebfn th\u1ecb tr\u01b0\u1eddng Vi\u1ec7t Nam t\u1eeb th\u00e1ng 9\/2014, City th\u1ebf h\u1ec7 4 \u0111\u00e3 r\u1ea5t th\u00e0nh c\u00f4ng, l\u00e0 m\u1ed9t trong nh\u1eefng xe sedan c\u1ee1 nh\u1ecf b\u00e1n ch\u1ea1y nh\u1ea5t ph\u00e2n kh\u00fac B v\u1edbi c\u00e1c gi\u00e1 tr\u1ecb v\u01b0\u1ee3t tr\u1ed9i v\u1ec1 v\u1eadn h\u00e0nh v\u00e0 ti\u1ebft ki\u1ec7m nhi\u00ean li\u1ec7u. \u0110\u1eb7c bi\u1ec7t, n\u0103m 2016, City l\u00e0 m\u1eabu xe c\u00f3 m\u1ee9c t\u0103ng tr\u01b0\u1edfng v\u1ec1 doanh s\u1ed1 b\u00e1n v\u00e0 th\u1ecb ph\u1ea7n cao nh\u1ea5t trong ph\u00e2n kh\u00fac.<\/p>\n<p>Ti\u1ebfp n\u1ed1i th\u00e0nh c\u00f4ng, ng\u00e0y 19 th\u00e1ng 6 n\u0103m 2017, C\u00f4ng ty Honda Vi\u1ec7t Nam ch\u00ednh th\u1ee9c gi\u1edbi thi\u1ec7u City phi\u00ean b\u1ea3n m\u1edbi 2017-2018. \u0110\u00e2y l\u00e0 phi\u00ean b\u1ea3n \u0111\u00e3 ra m\u1eaft r\u1ea5t th\u00e0nh c\u00f4ng t\u1ea1i c\u00e1c th\u1ecb tr\u01b0\u1eddng Th\u00e1i Lan, Malaysia, \u1ea4n \u0110\u1ed9, Indonesia, Phillippines v\u00e0 Australia.<\/p>\n<h3><em><strong>V\u1ec1 thi\u1ebft k\u1ebf<\/strong><\/em><\/h3>\n<p>N\u1ed9i th\u1ea5t\u00a0<strong>Honda City 2019<\/strong>\u00a0c\u00f3 thi\u1ebft k\u1ebf sang tr\u1ecdng v\u00e0 hi\u1ec7n \u0111\u1ea1i. M\u1eabu sedan n\u00e0y \u0111\u01b0\u1ee3c trang b\u1ecb b\u1ed9 gh\u1ebf da m\u00e0u \u0111en \u1edf c\u1ea3 hai h\u00e0ng gh\u1ebf, \u0111em \u0111\u1ebfn kh\u00f4ng gian kh\u00e1 sang tr\u1ecdng. \u1ede khoang l\u00e1i, gh\u1ebf l\u00e1i thi\u1ebft k\u1ebf \u00f4m l\u01b0ng, cho c\u1ea3m gi\u00e1c l\u00e1i t\u1ed1t h\u01a1n. V\u00f4-l\u0103ng ba ch\u1ea5u b\u1ecdc da, thi\u1ebft k\u1ebf th\u1ec3 thao, t\u00edch h\u1ee3p nhi\u1ec1u n\u00fat b\u1ea5m hi\u1ec7n \u0111\u1ea1i. Sau v\u00f4-l\u0103ng, b\u1ea3ng \u0111\u1ed3ng h\u1ed3 hi\u1ec3n th\u1ecb \u0111a th\u00f4ng tin v\u1eadn h\u00e0nh, d\u1ea1ng Analog, m\u00e0u s\u1eafc sinh \u0111\u1ed9ng, hi\u1ec3n th\u1ecb r\u00f5 n\u00e9t, d\u1ec5 quan s\u00e1t v\u00e0 \u0111\u00e1nh gi\u00e1.<\/p>\n<p><img decoding=\"async\" src=\"http:\/\/honda2.maugiaodien.com\/media\/2018\/11\/honda-city-1-5l-2018-3788.jpg\" alt=\"KV Honda City\" \/><\/p>\n<p>V\u1edbi \u00fd t\u01b0\u1edfng ph\u00e1t tri\u1ec3n t\u1ed5ng th\u1ec3\u201dChi\u1ebfc xe th\u00f4ng minh m\u1ea1nh m\u1ebd v\u01b0\u1ee3t tr\u1ed9i\u201d. Honda City 2018 t\u1eadp trung v\u00e0o 3 y\u1ebfu t\u1ed1:Thi\u1ebft k\u1ebf cao c\u1ea5p \u2013 Ti\u1ec7n \u00edch t\u1ed1i \u01b0u \u2013 An to\u00e0n v\u01b0\u1ee3t tr\u1ed9i, h\u01b0\u1edbng t\u1edbi c\u00e1c kh\u00e1ch h\u00e0ng tr\u1ebb trung, \u01b0a th\u00edch s\u1ef1 n\u0103ng \u0111\u1ed9ng, hi\u1ec7n \u0111\u1ea1i c\u00f9ng s\u1ef1 ti\u1ec7n nghi v\u00e0 an to\u00e0n t\u1ed1i \u0111a.<\/p>\n<p><img decoding=\"async\" src=\"http:\/\/honda2.maugiaodien.com\/media\/2018\/11\/honda-city-1-5l-2018-3788-1.jpg\" alt=\"City 111\" \/><\/p>\n<p>Honda City 2018 \u2013 Phong c\u00e1ch h\u01a1n \u2013 Hi\u1ec7n \u0111\u1ea1i h\u01a1n \u2013 Ti\u1ec7n \u00edch h\u01a1n \u2013 An to\u00e0n h\u01a1n s\u1ebd ch\u00ednh th\u1ee9c \u0111\u01b0\u1ee3c cung c\u1ea5p t\u1ea1i Vi\u1ec7t Nam:<\/p>\n<ul>\n<li>Gi\u00e1 phi\u00ean b\u1ea3n <strong>Honda City 1.5G <\/strong> : 559.000.000 \u0111<\/li>\n<li>Gi\u00e1 phi\u00ean b\u1ea3n <strong>Honda City 1.5L TOP<\/strong> (b\u1ea3n cao c\u1ea5p) : 599.000.000 \u0111<\/li>\n<li><strong>6 M\u00e0u<\/strong>, bao g\u1ed3m 5 m\u00e0u hi\u1ec7n t\u1ea1i l\u00e0 \u0110\u1ecf, Tr\u1eafng ng\u00e0, Titan, \u0110en \u00e1nh, Ghi b\u1ea1c v\u00e0 th\u00eam m\u1ed9t m\u00e0u m\u1edbi \u2013 Xanh \u0111\u1eadm c\u00e1 t\u00ednh.<\/li>\n<\/ul>\n<p><img decoding=\"async\" src=\"http:\/\/honda2.maugiaodien.com\/media\/2018\/11\/honda-city-1-5l-2018-3788-2.jpg\" alt=\"Honda-City-V-2017-22-1024x680-1\" \/><\/p>\n<h3><em><strong>\u0110\u1ea7u xe<\/strong><\/em><\/h3>\n<p>Ph\u00eda tr\u01b0\u1edbc \u0111\u1ea7u\u00a0<strong>xe City 2019<\/strong>, ng\u00f4n ng\u1eef chung c\u1ee7a Honda th\u1ec3 hi\u1ec7n r\u00f5. \u201c\u0110\u00f4i c\u00e1nh v\u1eefng ch\u00e3i\u201d v\u1edbi thanh chrome s\u00e1ng b\u00f3ng tr\u1ea3i d\u00e0i tr\u00ean l\u01b0\u1edbi t\u1ea3n nhi\u1ec7t, ch\u00ednh gi\u1eefa l\u00e0 l\u00f4-g\u00f4 Honda c\u1ee1 l\u1edbn, d\u1ea3i chrome n\u00e0y tr\u1ea3i d\u00e0i \u0111\u1ebfn g\u1ea7n \u0111u\u00f4i m\u1eaft hai c\u1ee5m \u0111\u00e8n pha ph\u00eda tr\u01b0\u1edbc, r\u1ea5t s\u1eafc n\u00e9t v\u00e0 hi\u1ec7n \u0111\u1ea1i. B\u00ean d\u01b0\u1edbi, Honda c\u00f2n \u0111\u1eb7t m\u1ed9t d\u1ea3i chrome m\u1ecfng tr\u00ean l\u01b0\u1edbi t\u1ea3n nhi\u1ec7t, \u0103n kh\u1edbp v\u1edbi c\u1ea3n va ph\u00eda tr\u01b0\u1edbc v\u00e0 c\u0169ng kh\u1edbp v\u1edbi d\u1ea3i \u0111\u00e8n LED ch\u1ea1y ban ng\u00e0y hai b\u00ean.<\/p>\n<p>&nbsp;<\/p>\n<p><img loading=\"lazy\" decoding=\"async\" class=\"alignnone size-full wp-image-4091\" src=\"http:\/\/honda2.maugiaodien.com\/media\/2018\/12\/honda-viet-nam-tham-gia-trien-lam-o-to-viet-nam-2018-voi-chu-de-thach-thuc-va-dam-me-4081-9.jpg\" alt=\"\" width=\"850\" height=\"567\" srcset=\"https:\/\/khowordpress.com\/honda1\/wp-content\/uploads\/2018\/12\/honda-viet-nam-tham-gia-trien-lam-o-to-viet-nam-2018-voi-chu-de-thach-thuc-va-dam-me-4081-9.jpg 850w, https:\/\/khowordpress.com\/honda1\/wp-content\/uploads\/2018\/12\/honda-viet-nam-tham-gia-trien-lam-o-to-viet-nam-2018-voi-chu-de-thach-thuc-va-dam-me-4081-9-768x512.jpg 768w, https:\/\/khowordpress.com\/honda1\/wp-content\/uploads\/2018\/12\/honda-viet-nam-tham-gia-trien-lam-o-to-viet-nam-2018-voi-chu-de-thach-thuc-va-dam-me-4081-9-800x534.jpg 800w\" sizes=\"auto, (max-width: 850px) 100vw, 850px\" \/><\/p>\n<p>&nbsp;<\/p>\n<p>B\u00ean d\u01b0\u1edbi l\u01b0\u1edbi t\u1ea3n nhi\u1ec7t v\u00e0 c\u1ee5m \u0111\u00e8n pha, thi\u1ebft k\u1ebf kh\u00e1c bi\u1ec7t so v\u1edbi ng\u01b0\u1eddi ti\u1ec1n nhi\u1ec7m, h\u1ea7m h\u1ed1 v\u00e0 kh\u00e1 th\u1ec3 thao, t\u1eeb h\u1ed1c \u0111\u00e8n s\u01b0\u01a1ng m\u00f9, h\u1ed1c h\u00fat gi\u00f3 cho \u0111\u1ebfn nh\u1eefng \u0111\u01b0\u1eddng d\u1eadp n\u1ed5i ph\u1ee9c t\u1ea1p hai b\u00ean. Tr\u00ean ca-p\u00f4, t\u00ednh th\u1ec3 thao c\u0169ng \u0111\u01b0\u1ee3c th\u1ec3 hi\u1ec7n v\u1edbi nh\u1eefng \u0111\u01b0\u1eddng d\u1eadp ch\u00ecm n\u1ed5i \u1edf ch\u00ednh gi\u1eefa v\u00e0 hai b\u00ean, khi\u1ebfn m\u1eabu xe n\u00e0y tr\u1edf n\u00ean kh\u00ed \u0111\u1ed9ng h\u1ecdc h\u01a1n so v\u1edbi ng\u01b0\u1eddi ti\u1ec1n nhi\u1ec7m. C\u00f4ng ngh\u1ec7 \u1edf \u0111\u1ea7u xe l\u00e0 c\u1ee5m \u0111\u00e8n pha LED to\u00e0n ph\u1ea7n thi\u1ebft k\u1ebf m\u1edbi, hai b\u00ean c\u00f2n \u0111\u01b0\u1ee3c t\u00edch h\u1ee3p d\u1ea3i \u0111\u00e8n LED ch\u1ea1y ban ng\u00e0y th\u1eddi trang. C\u1ee5m \u0111\u00e8n s\u01b0\u01a1ng m\u00f9 b\u00ean d\u01b0\u1edbi c\u0169ng d\u1ea1ng LED.<\/p>\n<p><img decoding=\"async\" src=\"http:\/\/honda2.maugiaodien.com\/media\/2018\/11\/honda-city-1-5l-2018-3788-5.jpg\" alt=\"Honda-City-V-2017-06-1024x680\" \/><\/p>\n<h3><em><strong>Th\u00e2n xe<\/strong><\/em><\/h3>\n<p>Th\u00e2n xe s\u1eafc n\u00e9t nh\u1ea5n m\u1ea1nh r\u00f5 t\u00ednh kh\u00ed \u0111\u1ed9ng h\u1ecdc. C\u1ed9t A kh\u00e1 x\u00e9o h\u01b0\u1edbng v\u1ec1 ph\u00eda sau, kho\u1ea3ng k\u00ednh l\u00e1i th\u1ea5p, \u0111em \u0111\u1ebfn c\u1ea3m gi\u00e1c th\u1ec3 thao. Tr\u00ean h\u00f4ng xe, c\u00e1c \u0111\u01b0\u1eddng g\u00e2n d\u1eadp ch\u00ecm h\u01a1i s\u00e2u ch\u1ea1y xuy\u00ean su\u1ed1t t\u1eeb b\u00e1nh tr\u01b0\u1edbc h\u01b0\u1edbng v\u1ec1 \u0111u\u00f4i xe, song song v\u1edbi m\u00e9p k\u00ednh b\u00ean, kh\u1edbp l\u1ec7nh v\u1edbi c\u1ee5m \u0111\u00e8n h\u1eadu, khi\u1ebfn th\u00e2n xe tr\u00f4ng r\u1ea5t hi\u1ec7n \u0111\u1ea1i. T\u1ea1o h\u00ecnh ph\u1ea7n \u0111\u1ea7u xe v\u00e0 \u0111u\u00f4i xe khi nh\u00ecn t\u1eeb c\u1ea1nh b\u00ean, c\u0169ng th\u1ec3 hi\u1ec7n \u00edt nhi\u1ec1u t\u00ednh c\u01a1 b\u1eafp c\u1ee7a m\u1eabu sedan h\u1ea1ng B n\u00e0y.<\/p>\n<p><img loading=\"lazy\" decoding=\"async\" class=\"alignnone size-full wp-image-3797\" src=\"http:\/\/honda2.maugiaodien.com\/media\/2018\/11\/honda-city-1-5l-2018-3788-3.jpg\" alt=\"\" width=\"1024\" height=\"680\" srcset=\"https:\/\/khowordpress.com\/honda1\/wp-content\/uploads\/2018\/11\/honda-city-1-5l-2018-3788-3.jpg 1024w, https:\/\/khowordpress.com\/honda1\/wp-content\/uploads\/2018\/11\/honda-city-1-5l-2018-3788-3-768x510.jpg 768w, https:\/\/khowordpress.com\/honda1\/wp-content\/uploads\/2018\/11\/honda-city-1-5l-2018-3788-3-800x531.jpg 800w\" sizes=\"auto, (max-width: 1024px) 100vw, 1024px\" \/><\/p>\n<h3><em><strong>\u0110u\u00f4i xe<\/strong><\/em><\/h3>\n<p>\u1ede \u0111u\u00f4i xe, b\u1ea3n n\u00e2ng c\u1ea5p m\u1edbi c\u1ee7a Honda City 2019 kh\u00f4ng c\u00f3 nhi\u1ec1u \u0111i\u1ec3m m\u1edbi. C\u1ee5m \u0111\u00e8n h\u1eadu t\u01b0\u01a1ng \u0111\u1ed3ng v\u1edbi ng\u01b0\u1eddi ti\u1ec1n nhi\u1ec7m, nh\u01b0ng thi\u1ebft k\u1ebf s\u1eafc n\u00e9t h\u01a1n. B\u00ean d\u01b0\u1edbi, c\u00e1c \u0111\u01b0\u1eddng d\u1eadp n\u1ed5i th\u1ec3 hi\u1ec7n kh\u00e1 nhi\u1ec1u t\u00ednh hi\u1ec7n \u0111\u1ea1i c\u1ee7a chi\u1ebfc xe, \u0103n kh\u1edbp v\u1edbi thi\u1ebft k\u1ebf \u1edf ph\u1ea7n th\u00e2n xe. H\u1ed1c tho\u00e1t gi\u00f3 ph\u00eda sau \u0111\u01b0\u1ee3c k\u00e9o d\u00e0i, n\u1ed1i li\u1ec1n hai c\u1ee5m \u0111\u00e8n ph\u1ea3n quang. Ph\u1ea7n \u0111u\u00f4i c\u00f2n c\u00f3 \u0111\u00e8n b\u00e1o phanh treo cao v\u00e0 \u0103ng-ten v\u00e2y c\u00e1.<\/p>\n<p><img loading=\"lazy\" decoding=\"async\" class=\"alignnone size-full wp-image-3798\" src=\"http:\/\/honda2.maugiaodien.com\/media\/2018\/11\/honda-city-1-5l-2018-3788-4.jpg\" alt=\"\" width=\"1024\" height=\"680\" srcset=\"https:\/\/khowordpress.com\/honda1\/wp-content\/uploads\/2018\/11\/honda-city-1-5l-2018-3788-4.jpg 1024w, https:\/\/khowordpress.com\/honda1\/wp-content\/uploads\/2018\/11\/honda-city-1-5l-2018-3788-4-768x510.jpg 768w, https:\/\/khowordpress.com\/honda1\/wp-content\/uploads\/2018\/11\/honda-city-1-5l-2018-3788-4-800x531.jpg 800w\" sizes=\"auto, (max-width: 1024px) 100vw, 1024px\" \/><\/p>\n<h3><em><strong>Th\u00f4ng s\u1ed1 k\u1ef9 thu\u1eadt c\u01a1 b\u1ea3n<\/strong><\/em><\/h3>\n<p>Phi\u00ean b\u1ea3n\u00a0<strong>Honda City 2019<\/strong>\u00a0ho\u00e0n to\u00e0n m\u1edbi s\u1edf h\u1eefu k\u00edch th\u01b0\u1edbc D\u00e0i x R\u1ed9ng x Cao l\u00e0 4.440 x 1.694 x 1.447 (mm), v\u1edbi 04 c\u1eeda b\u00ean, 01 c\u1eeda c\u1ed1p v\u00e0 05 ch\u1ed7 ng\u1ed3i. Chi\u1ec1u d\u00e0i c\u01a1 s\u1edf 2.600 (mm), chi\u1ec1u r\u1ed9ng c\u01a1 s\u1edf tr\u01b0\u1edbc sau l\u00e0 1.474\/1.465 (mm). Kho\u1ea3ng s\u00e1ng g\u1ea7m xe 135 (mm), b\u00e1n k\u00ednh v\u00f2ng quay t\u1ed1i thi\u1ec3u l\u00e0 5,61 (m). La-z\u0103ng 16 (inches), c\u1ee1 l\u1ed1p 185\/55R16. Tr\u1ecdng l\u01b0\u1ee3ng kh\u00f4ng t\u1ea3i v\u00e0 to\u00e0n t\u1ea3i t\u01b0\u01a1ng \u1ee9ng l\u00e0 1.124\/1.5330 (kg). Khoang ch\u1ee9a \u0111\u1ed3 c\u00f3 dung t\u00edch 536L.<img loading=\"lazy\" decoding=\"async\" class=\"alignnone size-full wp-image-3794\" src=\"http:\/\/honda2.maugiaodien.com\/media\/2018\/11\/honda-city-1-5l-2018-3788.jpg\" alt=\"\" width=\"2105\" height=\"1488\" srcset=\"https:\/\/khowordpress.com\/honda1\/wp-content\/uploads\/2018\/11\/honda-city-1-5l-2018-3788.jpg 2105w, https:\/\/khowordpress.com\/honda1\/wp-content\/uploads\/2018\/11\/honda-city-1-5l-2018-3788-768x543.jpg 768w, https:\/\/khowordpress.com\/honda1\/wp-content\/uploads\/2018\/11\/honda-city-1-5l-2018-3788-800x566.jpg 800w\" sizes=\"auto, (max-width: 2105px) 100vw, 2105px\" \/><\/p>\n<h2 id=\"noi-that\"><strong>N\u1ed9i th\u1ea5t xe Honda City 2019<\/strong><\/h2>\n<p>B\u00ean trong n\u1ed9i th\u1ea5t,\u00a0<strong>Honda City 2019<\/strong>\u00a0s\u1edf h\u1eefu m\u1ed9t kh\u00f4ng gian r\u1ed9ng r\u00e3i v\u1edbi thi\u1ebft k\u1ebf sang tr\u1ecdng, \u0111i\u1ec3m m\u1ea1nh c\u1ee7a m\u1eabu xe \u0111\u00f4 th\u1ecb n\u00e0y c\u00f2n l\u00e0 d\u00e0n c\u00f4ng ngh\u1ec7 m\u1edbi \u0111\u01b0\u1ee3c t\u00edch h\u1ee3p tr\u00ean xe, v\u1ed1n \u0111\u01b0\u1ee3c ng\u01b0\u1eddi d\u00f9ng \u0111\u00e1nh gi\u00e1 r\u1ea5t cao t\u1eeb nh\u1eefng phi\u00ean b\u1ea3n ti\u1ec1n nhi\u1ec7m.<\/p>\n<p>&nbsp;<\/p>\n<p><img decoding=\"async\" src=\"http:\/\/honda2.maugiaodien.com\/media\/2018\/11\/honda-city-1-5l-2018-3788-7.jpg\" alt=\"Honda-City-V-2017-32-1024x680\" \/><\/p>\n<p>T\u1ea1i khoang l\u00e1i, c\u00e1c kho\u1ea3ng \u0111\u1ea7u vai v\u00e0 ch\u00e2n \u0111\u1ec1u \u0111\u01b0\u1ee3c t\u1ed1i \u01b0u, \u0111\u00e1p \u1ee9ng t\u1ed1t cho nh\u1eefng ng\u01b0\u1eddi c\u00f3 th\u1ec3 h\u00ecnh t\u1ed1t, ng\u01b0\u1eddi l\u00e1i d\u1ec5 d\u00e0ng th\u1ef1c hi\u1ec7n c\u00e1c thao t\u00e1c trong khi v\u1eadn h\u00e0nh. \u1ede ph\u00eda sau, h\u00e0ng gh\u1ebf th\u1ee9 hai c\u1ee7a City \u0111\u01b0\u1ee3c \u0111\u00e1nh gi\u00e1 l\u00e0 r\u1ed9ng nh\u1ea5t ph\u00e2n kh\u00fac sedan h\u1ea1ng B, r\u1ea5t tho\u1ea3i m\u00e1i cho ng\u01b0\u1eddi ng\u1ed3i sau. C\u1ed1p sau c\u00f3 dung t\u00edch 536L, ch\u1ee9a d\u1ec5 d\u00e0ng nh\u1eefng \u0111\u1ed3 v\u1eadt c\u00f3 k\u00edch th\u01b0\u1edbc l\u1edbn, c\u1ed3ng k\u1ec1nh v\u00e0 c\u0169ng th\u1eeba ch\u1ed7 cho m\u1ed9t chuy\u1ebfn du l\u1ecbch ng\u1eafn ng\u00e0y.<\/p>\n<p><img decoding=\"async\" src=\"http:\/\/honda2.maugiaodien.com\/media\/2018\/11\/honda-city-1-5l-2018-3788-8.jpg\" alt=\"Honda-City-V-2017-34-1024x680\" \/><\/p>\n<h3><em><strong>V\u1ec1 kh\u00f4ng gian<\/strong><\/em><\/h3>\n<p>Kh\u00f4ng gian b\u00ean trong\u00a0<strong>n\u1ed9i th\u1ea5t City 2019<\/strong>\u00a0r\u1ed9ng r\u00e3i t\u1eeb tr\u01b0\u1edbc ra sau, \u0111em \u0111\u1ebfn s\u1ef1 tho\u1ea3i m\u00e1i cho c\u1ea3 ng\u01b0\u1eddi l\u00e1i v\u00e0 th\u00e0nh vi\u00ean theo xe. \u0110\u1ea1t \u0111\u01b0\u1ee3c ti\u00eau ch\u00ed n\u00e0y l\u00e0 nh\u1edd v\u00e0o tri\u1ebft l\u00fd M-M c\u1ee7a Honda, t\u1ee9c Man Maximum &#8211; Machine Minimum, t\u1ed1i \u0111a h\u00f3a kh\u00f4ng gian cho ng\u01b0\u1eddi d\u00f9ng v\u00e0 t\u1ed1i thi\u1ec3u h\u00f3a kh\u00f4ng gian cho m\u00e1y m\u00f3c, m\u1ed9t tri\u1ebft l\u00fd r\u1ea5t n\u1ed5i ti\u1ebfng c\u1ee7a Honda. Ngo\u00e0i ra, l\u1ee3i th\u1ebf n\u00e0y c\u00f2n \u0111\u1ebfn t\u1eeb nhi\u1ec1u \u0111\u1ee3t n\u00e2ng c\u1ea5p to\u00e0n di\u1ec7n c\u1ee7a Honda trong vi\u1ec7c k\u00e9o gi\u00e3n chi\u1ec1u d\u00e0i c\u01a1 s\u1edf v\u00e0 s\u1ef1 s\u1eafp x\u1ebfp h\u1ee3p l\u00fd b\u00ean trong kh\u00f4ng gian n\u1ed9i th\u1ea5t.<\/p>\n<p><img decoding=\"async\" src=\"http:\/\/honda2.maugiaodien.com\/media\/2018\/11\/honda-city-1-5l-2018-3788-9.jpg\" alt=\"Honda-City-V-2017-31-1024x680\" \/><\/p>\n<h3><em><strong>V\u1ec1 ti\u1ec7n nghi v\u00e0 c\u00f4ng ngh\u1ec7<\/strong><\/em><\/h3>\n<p>X\u00e9t v\u1ec1 m\u1eb7t ti\u1ec7n nghi v\u00e0 c\u00f4ng ngh\u1ec7, v\u1ed1n d\u0129 l\u00e0 t\u00f4n ch\u1ec9 c\u1ee7a nh\u00e0 s\u1ea3n xu\u1ea5t \u0111\u1ebfn t\u1eeb \u0111\u1ea5t n\u01b0\u1edbc m\u1eb7t tr\u1eddi m\u1ecdc. Nh\u1edd v\u1eady, m\u1eabu x\u1ebf \u0103n kh\u00e1ch\u00a0<strong>Honda City 2019<\/strong>\u00a0c\u0169ng \u0111\u01b0\u1ee3c h\u00e3ng m\u1eb9 t\u00edch h\u1ee3p \u0111\u1ea7y \u0111\u1ee7 c\u00e1c ti\u1ec7n nghi v\u00e0 c\u00f4ng ngh\u1ec7 nh\u1eb1m \u0111em \u0111\u1ebfn nh\u1eefng tr\u1ea3i nghi\u1ec7m ho\u00e0n h\u1ea3o cho ng\u01b0\u1eddi d\u00f9ng, x\u1ee9ng \u0111\u00e1ng l\u00e0 m\u1eabu xe \u0111\u00e1ng ti\u1ec1n nh\u1ea5t c\u1ee7a ph\u00e2n kh\u00fac sedan h\u1ea1ng B t\u1ea1i Vi\u1ec7t Nam.<\/p>\n<p><img loading=\"lazy\" decoding=\"async\" class=\"alignnone size-full wp-image-3782\" src=\"http:\/\/honda2.maugiaodien.com\/media\/2018\/11\/honda-accord-2018-3711-64.jpg\" alt=\"\" width=\"1500\" height=\"844\" srcset=\"https:\/\/khowordpress.com\/honda1\/wp-content\/uploads\/2018\/11\/honda-accord-2018-3711-64.jpg 1500w, https:\/\/khowordpress.com\/honda1\/wp-content\/uploads\/2018\/11\/honda-accord-2018-3711-64-768x432.jpg 768w, https:\/\/khowordpress.com\/honda1\/wp-content\/uploads\/2018\/11\/honda-accord-2018-3711-64-320x180.jpg 320w, https:\/\/khowordpress.com\/honda1\/wp-content\/uploads\/2018\/11\/honda-accord-2018-3711-64-800x450.jpg 800w\" sizes=\"auto, (max-width: 1500px) 100vw, 1500px\" \/><\/p>\n<p>Ch\u00ednh gi\u1eefa khoang l\u00e1i l\u00e0 b\u1ea3ng \u0111i\u1ec1u khi\u1ec3n trung t\u00e2m v\u1edbi m\u00e0n h\u00ecnh c\u1ea3m \u1ee9ng 6.8 (inches), \u0111\u00e2y l\u00e0 h\u1ec7 th\u1ed1ng th\u00f4ng gi\u1ea3i tr\u00ed \u0111a ph\u01b0\u01a1ng ti\u1ec7n c\u1ee7a Honda City. V\u1edbi h\u1ec7 th\u1ed1ng n\u00e0y, ng\u01b0\u1eddi d\u00f9ng c\u00f3 th\u1ec3 th\u1ef1c hi\u1ec7n hi\u1ec7n c\u00e1c ch\u1ee9c n\u0103ng nh\u01b0 \u0111\u00e0m tho\u1ea1i r\u1ea3nh tay, nghe nh\u1ea1c, video, nghe \u0111\u00e0i AM\/FM v\u1edbi \u00e2m thanh \u0111\u01b0\u1ee3c xu\u1ea5t ra b\u1eb1ng 08 loa \u0111\u1eb7t quanh xe. H\u1ec7 th\u1ed1ng n\u00e0y c\u0169ng c\u00f3 th\u1ec3 k\u1ebft n\u1ed1i v\u1edbi c\u00e1c thi\u1ebft b\u1ecb th\u00f4ng minh th\u00f4ng qua c\u00e1c c\u1ed5ng HDMI, Bluetooth v\u00e0 USB.<\/p>\n<p>&nbsp;<\/p>\n<p><img loading=\"lazy\" decoding=\"async\" class=\"alignnone size-full wp-image-3793\" src=\"http:\/\/honda2.maugiaodien.com\/media\/2018\/11\/honda-city-5.jpg\" alt=\"\" width=\"852\" height=\"500\" srcset=\"https:\/\/khowordpress.com\/honda1\/wp-content\/uploads\/2018\/11\/honda-city-5.jpg 852w, https:\/\/khowordpress.com\/honda1\/wp-content\/uploads\/2018\/11\/honda-city-5-768x451.jpg 768w, https:\/\/khowordpress.com\/honda1\/wp-content\/uploads\/2018\/11\/honda-city-5-800x469.jpg 800w\" sizes=\"auto, (max-width: 852px) 100vw, 852px\" \/><\/p>\n<p>B\u00ean d\u01b0\u1edbi m\u00e0n h\u00ecnh trung t\u00e2m l\u00e0 h\u1ec7 th\u1ed1ng \u0111i\u1ec1u ch\u1ec9nh \u0111i\u1ec1u h\u00f2a t\u1ef1 \u0111\u1ed9ng c\u1ea3m \u1ee9ng, m\u1ed9t trang b\u1ecb l\u1ea7n \u0111\u1ea7u ti\u00ean c\u00f3 m\u1eb7t trong ph\u00e2n kh\u00fac sedan h\u1ea1ng B. \u1ede h\u00e0ng gh\u1ebf sau, Honda \u0111\u1eb7t th\u00eam m\u1ed9t c\u1eeda gi\u00f3 \u0111i\u1ec1u h\u00f2a, m\u1ed9t trang b\u1ecb \u0111\u00e1ng ti\u1ec1n cho kh\u00ed h\u1eadu nhi\u1ec7t \u0111\u1edbi. H\u00e0ng gh\u1ebf th\u1ee9 hai n\u00e0y c\u0169ng c\u00f3 th\u1ec3 g\u1eadp 60:40 v\u00e0 th\u00f4ng ho\u00e0n to\u00e0n v\u1edbi c\u1ed1p sau.<\/p>\n<p>Ngo\u00e0i c\u00e1c ti\u1ec7n nghi v\u00e0 c\u00f4ng ngh\u1ec7 ch\u00ednh, c\u00e1c chi ti\u1ebft nh\u1ecf kh\u00e1c c\u00f3 th\u1ec3 k\u1ec3 \u0111\u1ebfn nh\u01b0: h\u1ec7 th\u1ed1ng ngu\u1ed3n s\u1ea1c cho c\u00e1c thi\u1ebft b\u1ecb th\u00f4ng minh, b\u1ec7 t\u1ef1a tay cho ng\u01b0\u1eddi l\u00e1i, h\u1ed9c \u0111\u1ed3 khu v\u1ef1c khoang l\u00e1i, t\u1ef1a tay cho h\u00e0ng gh\u1ebf sau k\u00e8m h\u1ed9c \u0111\u1ef1ng c\u1ed1c, ng\u0103n \u0111\u1ef1ng t\u00e0i li\u1ec7u cho h\u00e0ng gh\u1ebf sau v\u00e0 \u0111\u00e8n c\u1ed1p.<\/p>\n<p><img loading=\"lazy\" decoding=\"async\" class=\"alignnone size-full wp-image-3805\" src=\"http:\/\/honda2.maugiaodien.com\/media\/2018\/11\/honda-city-1-5l-2018-3788-11.jpg\" alt=\"\" width=\"1024\" height=\"680\" srcset=\"https:\/\/khowordpress.com\/honda1\/wp-content\/uploads\/2018\/11\/honda-city-1-5l-2018-3788-11.jpg 1024w, https:\/\/khowordpress.com\/honda1\/wp-content\/uploads\/2018\/11\/honda-city-1-5l-2018-3788-11-768x510.jpg 768w, https:\/\/khowordpress.com\/honda1\/wp-content\/uploads\/2018\/11\/honda-city-1-5l-2018-3788-11-800x531.jpg 800w\" sizes=\"auto, (max-width: 1024px) 100vw, 1024px\" \/><\/p>\n<h2 id=\"van-hanh\"><strong>\u0110\u1ed9ng c\u01a1 v\u00e0 v\u1eadn h\u00e0nh<\/strong><\/h2>\n<p>B\u00ean d\u01b0\u1edbi n\u1eafp ca-p\u00f4, c\u1ea3 hai phi\u00ean b\u1ea3n\u00a0<strong>Honda City 2019<\/strong>\u00a01.5 ti\u00eau chu\u1ea9n v\u00e0 1.5TOP \u0111\u1ec1u \u0111\u01b0\u1ee3c nh\u00e0 s\u1ea3n xu\u1ea5t trang b\u1ecb cho kh\u1ed1i \u0111\u1ed9ng c\u01a1\u00a0<strong>1.5L<\/strong>\u00a0SOHC i-VTEC, 4 xy-lanh 16 van. Kh\u1ed1i \u0111\u1ed9ng c\u01a1 n\u00e0y s\u1ebd s\u1ea3n sinh\u00a0<strong>s\u1ee9c m\u1ea1nh c\u1ef1c \u0111\u1ea1i l\u00e0 118 (m\u00e3 l\u1ef1c)<\/strong>\u00a0t\u1ea1i 6.600 (v\u00f2ng\/ph\u00fat), \u0111i c\u00f9ng v\u1edbi\u00a0<strong>m\u00f4-men xo\u1eafn c\u1ef1c \u0111\u1ea1i 145 (Nm)<\/strong>\u00a0t\u1ea1i v\u00f2ng tua 4.600 (v\u00f2ng\/ph\u00fat).\u00a0Hai phi\u00ean b\u1ea3n n\u00e0y c\u0169ng \u0111\u1ec1u \u0111\u01b0\u1ee3c trang b\u1ecb\u00a0<strong>h\u1ed9p s\u1ed1 t\u1ef1 \u0111\u1ed9ng v\u00f4 c\u1ea5p CVT<\/strong>, \u1ee9ng d\u1ee5ng c\u00f4ng ngh\u1ec7\u00a0<strong>Earth Dreams<\/strong>c\u1ee7a h\u00e3ng m\u1eb9.<\/p>\n<p><strong>Theo c\u00f4ng b\u1ed1 t\u1eeb Honda, m\u1ee9c ti\u00eau th\u1ee5 nhi\u00ean li\u1ec7u c\u1ee7a City 2019 nh\u01b0 sau:<\/strong><\/p>\n<table cellspacing=\"0\" align=\"center\">\n<tbody>\n<tr>\n<th>PHI\u00caN B\u1ea2N<\/th>\n<th>1.5 TI\u00caU CHU\u1ea8N<\/th>\n<th>1.5TOP<\/th>\n<\/tr>\n<tr>\n<th><strong>Chu tr\u00ecnh t\u1ed5 h\u1ee3p (l\u00edt\/100km)<\/strong><\/th>\n<th>6,1<\/th>\n<th>5,8<\/th>\n<\/tr>\n<tr>\n<th><strong>Chu tr\u00ecnh \u0111\u00f4 th\u1ecb c\u01a1 b\u1ea3n (l\u00edt\/100km)<\/strong><\/th>\n<th>7,97<\/th>\n<th>7,59<\/th>\n<\/tr>\n<tr>\n<th><strong>Chu tr\u00ecnh \u0111\u00f4 th\u1ecb ph\u1ee5 (l\u00edt\/100km)<\/strong><\/th>\n<th>5,01<\/th>\n<th>4,86<\/th>\n<\/tr>\n<\/tbody>\n<\/table>\n<blockquote><p>M\u1ee9c ti\u00eau hao nhi\u00ean li\u1ec7u c\u1ee7a Honda City 2019 \u0111\u01b0\u1ee3c th\u1eed nghi\u1ec7m b\u1edfi Trung t\u00e2m Th\u1eed nghi\u1ec7m kh\u00ed th\u1ea3i ph\u01b0\u01a1ng ti\u1ec7n giao th\u00f4ng c\u01a1 gi\u1edbi v\u00e0 \u0111\u01b0\u1eddng b\u1ed9 (NETC). C\u1ee5c \u0111\u0103ng ki\u1ec3m Vi\u1ec7t Nam theo Quy chu\u1ea9n QCVN 86:2015\/BGTVT<br \/>\n\u0110\u01b0\u1ee3c ki\u1ec3m tra v\u00e0 ph\u00ea duy\u1ec7t b\u1edfi Ph\u00f2ng Ch\u1ee9ng nh\u1eadn ch\u1ea5t l\u01b0\u1ee3ng xe c\u01a1 gi\u1edbi (VAQ). C\u1ee5c \u0111\u0103ng ki\u1ec3m Vi\u1ec7t Nam.<br \/>\nM\u1ee9c ti\u00eau th\u1ee5 nhi\u00ean li\u1ec7u th\u1ef1c t\u1ebf c\u00f3 th\u1ec3 thay \u0111\u1ed5i do \u0111i\u1ec1u ki\u1ec7n s\u1eed d\u1ee5ng, k\u1ef9 n\u0103ng l\u00e1i xe v\u00e0 t\u00ecnh tr\u1ea1ng b\u1ea3o d\u01b0\u1ee1ng k\u1ef9 thu\u1eadt c\u1ee7a xe.<\/p><\/blockquote>\n<h2><img loading=\"lazy\" decoding=\"async\" class=\"alignnone size-full wp-image-3795\" src=\"http:\/\/honda2.maugiaodien.com\/media\/2018\/11\/honda-city-1-5l-2018-3788-1.jpg\" alt=\"\" width=\"2201\" height=\"1272\" srcset=\"https:\/\/khowordpress.com\/honda1\/wp-content\/uploads\/2018\/11\/honda-city-1-5l-2018-3788-1.jpg 2201w, https:\/\/khowordpress.com\/honda1\/wp-content\/uploads\/2018\/11\/honda-city-1-5l-2018-3788-1-768x444.jpg 768w, https:\/\/khowordpress.com\/honda1\/wp-content\/uploads\/2018\/11\/honda-city-1-5l-2018-3788-1-800x462.jpg 800w\" sizes=\"auto, (max-width: 2201px) 100vw, 2201px\" \/><\/h2>\n<h2 id=\"thong-so\"><strong>Th\u00f4ng s\u1ed1 k\u1ef9 thu\u1eadt<\/strong><\/h2>\n<table frame=\"void\" cellspacing=\"0\" align=\"center\">\n<tbody>\n<tr>\n<td><strong>\u00a0<\/strong><\/td>\n<th>1.5 TI\u00caU CHU\u1ea8N<\/th>\n<th>1.5TOP<\/th>\n<\/tr>\n<tr>\n<td><strong>Ki\u1ec3u \u0111\u1ed9ng c\u01a1<\/strong><\/td>\n<td colspan=\"2\">SOHC i-VTEC, 4 xy lanh th\u1eb3ng h\u00e0ng<\/td>\n<\/tr>\n<tr>\n<td><strong>H\u1ed9p s\u1ed1<\/strong><\/td>\n<td colspan=\"2\">V\u00f4 c\u1ea5p CVT \u1ee8ng d\u1ee5ng c\u00f4ng ngh\u1ec7 Earth Dreams Technology<\/td>\n<\/tr>\n<tr>\n<td><strong>Dung t\u00edch xy-lanh<\/strong><\/td>\n<td colspan=\"2\">1.497 Cm\u00b3<\/td>\n<\/tr>\n<tr>\n<td><strong>C\u00f4ng su\u1ea5t c\u1ef1c \u0111\u1ea1i (Hp\/rpm)<\/strong><\/td>\n<td colspan=\"2\">117\/6.600<\/td>\n<\/tr>\n<tr>\n<td><strong>M\u00f4-men xo\u1eafn c\u1ef1c \u0111\u1ea1i (Nm\/rpm)<\/strong><\/td>\n<td colspan=\"2\">145\/4.600<\/td>\n<\/tr>\n<tr>\n<td><strong>D\u00e0i x R\u1ed9ng x Cao (mm)<\/strong><\/td>\n<td colspan=\"2\">4.400 x 1.694 x 1.477<\/td>\n<\/tr>\n<tr>\n<td><strong>Chi\u1ec1u d\u00e0i c\u01a1 s\u1edf (mm)<\/strong><\/td>\n<td colspan=\"2\">2.600<\/td>\n<\/tr>\n<tr>\n<td><strong>Chi\u1ec1u r\u1ed9ng c\u01a1 s\u1edf (mm)<\/strong><\/td>\n<td>1.474<\/td>\n<td>1.465<\/td>\n<\/tr>\n<tr>\n<td><strong>Kho\u1ea3ng s\u00e1ng g\u1ea7m (mm)<\/strong><\/td>\n<td colspan=\"2\">135<\/td>\n<\/tr>\n<tr>\n<td><strong>B\u00e1n k\u00ednh v\u00f2ng quay t\u1ed1i thi\u1ec3u (m)<\/strong><\/td>\n<td colspan=\"2\">5.61<\/td>\n<\/tr>\n<tr>\n<td><strong>Dung t\u00edch khoang ch\u1ee9a \u0111\u1ed3 (l\u00edt)<\/strong><\/td>\n<td colspan=\"2\">536<\/td>\n<\/tr>\n<tr>\n<td><strong>C\u1ee1 l\u1ed1p<\/strong><\/td>\n<td colspan=\"2\">185\/55 R16<\/td>\n<\/tr>\n<tr>\n<td><strong>La-z\u0103ng \u0111\u00fac h\u1ee3p kim<\/strong><\/td>\n<td colspan=\"2\">16 inches<\/td>\n<\/tr>\n<\/tbody>\n<\/table>\n<p><strong>(*) B\u1ea3ng tr\u00ean l\u00e0 th\u00f4ng s\u1ed1 k\u1ef9 thu\u1eadt c\u01a1 b\u1ea3n c\u1ee7a phi\u00ean b\u1ea3n m\u1edbi Honda City 2019, \u0111\u1ec3 xem\u00a0<a href=\"http:\/\/honda2.maugiaodien.com\">th\u00f4ng s\u1ed1 k\u1ef9 thu\u1eadt Honda City<\/a>\u00a0chi ti\u1ebft, vui l\u00f2ng tham kh\u1ea3o <a href=\"http:\/\/honda2.maugiaodien.com\">t\u1ea1i \u0111\u00e2y<\/a>.<\/strong><\/p>\n","protected":false},"excerpt":{"rendered":"<ul>\n<li>H\u1ed7 tr\u1ee3 mua xe tr\u1ea3 g\u00f3p<\/li>\n<li>\u0110\u0103ng k\u00fd l\u00e1i th\u1eed mi\u1ec5n ph\u00ed<\/li>\n<li>Nhi\u1ec1u ch\u01b0\u01a1ng tr\u00ecnh \u01b0u \u0111\u00e3i &amp; khuy\u1ebfn m\u00e3i<\/li>\n<li>Li\u00ean h\u1ec7 \u0111\u1ec3 \u0111\u01b0\u1ee3c t\u01b0 v\u1ea5n tr\u1ef1c ti\u1ebfp<\/li>\n<\/ul>\n","protected":false},"featured_media":3791,"template":"","meta":{"_acf_changed":false},"product_brand":[],"product_cat":[348],"product_tag":[366,367,365],"class_list":{"0":"post-3788","1":"product","2":"type-product","3":"status-publish","4":"has-post-thumbnail","6":"product_cat-honda-city","7":"product_tag-mua-xe-honda-city-tai-ba-don","8":"product_tag-mua-xe-honda-city-tai-dong-hoi","9":"product_tag-mua-xe-honda-city-tai-quang-binh","11":"first","12":"instock","13":"shipping-taxable","14":"product-type-simple"},"acf":[],"_links":{"self":[{"href":"https:\/\/khowordpress.com\/honda1\/wp-json\/wp\/v2\/product\/3788","targetHints":{"allow":["GET"]}}],"collection":[{"href":"https:\/\/khowordpress.com\/honda1\/wp-json\/wp\/v2\/product"}],"about":[{"href":"https:\/\/khowordpress.com\/honda1\/wp-json\/wp\/v2\/types\/product"}],"wp:featuredmedia":[{"embeddable":true,"href":"https:\/\/khowordpress.com\/honda1\/wp-json\/wp\/v2\/media\/3791"}],"wp:attachment":[{"href":"https:\/\/khowordpress.com\/honda1\/wp-json\/wp\/v2\/media?parent=3788"}],"wp:term":[{"taxonomy":"product_brand","embeddable":true,"href":"https:\/\/khowordpress.com\/honda1\/wp-json\/wp\/v2\/product_brand?post=3788"},{"taxonomy":"product_cat","embeddable":true,"href":"https:\/\/khowordpress.com\/honda1\/wp-json\/wp\/v2\/product_cat?post=3788"},{"taxonomy":"product_tag","embeddable":true,"href":"https:\/\/khowordpress.com\/honda1\/wp-json\/wp\/v2\/product_tag?post=3788"}],"curies":[{"name":"wp","href":"https:\/\/api.w.org\/{rel}","templated":true}]}}