{"id":4286,"date":"2020-11-22T13:10:15","date_gmt":"2020-11-22T06:10:15","guid":{"rendered":"http:\/\/honda2.maugiaodien.com\/?post_type=product&#038;p=4286"},"modified":"2021-12-02T10:41:15","modified_gmt":"2021-12-02T03:41:15","slug":"honda-brio-2020","status":"publish","type":"product","link":"https:\/\/khowordpress.com\/honda1\/honda-brio\/honda-brio-2020.html","title":{"rendered":"Honda BRIO 2020"},"content":{"rendered":"<p><img decoding=\"async\" src=\"http:\/\/honda2.maugiaodien.com\/media\/2020\/11\/honda-brio-2020-4286.jpg\" alt=\"\" \/><br \/>\n<img decoding=\"async\" src=\"http:\/\/honda2.maugiaodien.com\/media\/2020\/11\/honda-brio-2020-4286-1.jpg\" alt=\"\" \/><br \/>\n<img decoding=\"async\" src=\"http:\/\/honda2.maugiaodien.com\/media\/2020\/11\/honda-brio-2020-4286-2.jpg\" alt=\"\" \/><br \/>\n<img decoding=\"async\" src=\"http:\/\/honda2.maugiaodien.com\/media\/2020\/11\/honda-brio-2020-4286-3.jpg\" alt=\"\" \/><br \/>\n<img decoding=\"async\" src=\"http:\/\/honda2.maugiaodien.com\/media\/2020\/11\/honda-brio-2020-4286-4.jpg\" alt=\"\" \/><br \/>\n<img decoding=\"async\" src=\"http:\/\/honda2.maugiaodien.com\/media\/2020\/11\/honda-brio-2020-4286-5.jpg\" alt=\"\" \/><br \/>\n<img decoding=\"async\" src=\"http:\/\/honda2.maugiaodien.com\/media\/2020\/11\/honda-brio-2020-4286-6.jpg\" alt=\"\" \/><br \/>\n<img decoding=\"async\" src=\"http:\/\/honda2.maugiaodien.com\/media\/2020\/11\/honda-brio-2020-4286-7.jpg\" alt=\"\" \/><br \/>\n<img decoding=\"async\" src=\"http:\/\/honda2.maugiaodien.com\/media\/2020\/11\/honda-brio-2020-4286-8.jpg\" alt=\"\" \/><br \/>\n<img decoding=\"async\" src=\"http:\/\/honda2.maugiaodien.com\/media\/2020\/11\/honda-brio-2020-4286-9.jpg\" alt=\"\" \/><br \/>\n<img decoding=\"async\" src=\"http:\/\/honda2.maugiaodien.com\/media\/2020\/11\/honda-brio-2020-4286-10.jpg\" alt=\"\" \/><\/p>\n","protected":false},"excerpt":{"rendered":"<ul>\n<li>H\u1ed7 tr\u1ee3 mua xe tr\u1ea3 g\u00f3p<\/li>\n<li>\u0110\u0103ng k\u00fd l\u00e1i th\u1eed mi\u1ec5n ph\u00ed<\/li>\n<li>Nhi\u1ec1u ch\u01b0\u01a1ng tr\u00ecnh \u01b0u \u0111\u00e3i &amp; khuy\u1ebfn m\u00e3i<\/li>\n<li>Li\u00ean h\u1ec7 \u0111\u1ec3 \u0111\u01b0\u1ee3c t\u01b0 v\u1ea5n tr\u1ef1c ti\u1ebfp<\/li>\n<\/ul>\n","protected":false},"featured_media":4298,"template":"","meta":{"_acf_changed":false},"product_brand":[],"product_cat":[395],"product_tag":[396,397,398],"class_list":{"0":"post-4286","1":"product","2":"type-product","3":"status-publish","4":"has-post-thumbnail","6":"product_cat-honda-brio","7":"product_tag-mua-xe-honda-brio-tai-ba-don","8":"product_tag-mua-xe-honda-brio-tai-dong-hoi","9":"product_tag-mua-xe-honda-brio-tai-quang-binh","11":"first","12":"instock","13":"shipping-taxable","14":"product-type-simple"},"acf":[],"_links":{"self":[{"href":"https:\/\/khowordpress.com\/honda1\/wp-json\/wp\/v2\/product\/4286","targetHints":{"allow":["GET"]}}],"collection":[{"href":"https:\/\/khowordpress.com\/honda1\/wp-json\/wp\/v2\/product"}],"about":[{"href":"https:\/\/khowordpress.com\/honda1\/wp-json\/wp\/v2\/types\/product"}],"wp:featuredmedia":[{"embeddable":true,"href":"https:\/\/khowordpress.com\/honda1\/wp-json\/wp\/v2\/media\/4298"}],"wp:attachment":[{"href":"https:\/\/khowordpress.com\/honda1\/wp-json\/wp\/v2\/media?parent=4286"}],"wp:term":[{"taxonomy":"product_brand","embeddable":true,"href":"https:\/\/khowordpress.com\/honda1\/wp-json\/wp\/v2\/product_brand?post=4286"},{"taxonomy":"product_cat","embeddable":true,"href":"https:\/\/khowordpress.com\/honda1\/wp-json\/wp\/v2\/product_cat?post=4286"},{"taxonomy":"product_tag","embeddable":true,"href":"https:\/\/khowordpress.com\/honda1\/wp-json\/wp\/v2\/product_tag?post=4286"}],"curies":[{"name":"wp","href":"https:\/\/api.w.org\/{rel}","templated":true}]}}