{"id":4323,"date":"2020-11-22T13:48:14","date_gmt":"2020-11-22T06:48:14","guid":{"rendered":"http:\/\/honda2.maugiaodien.com\/?post_type=product&#038;p=4323"},"modified":"2021-12-02T10:40:37","modified_gmt":"2021-12-02T03:40:37","slug":"honda-crv-2020","status":"publish","type":"product","link":"https:\/\/khowordpress.com\/honda1\/honda-crv\/honda-crv-2020.html","title":{"rendered":"Honda CRV 2020"},"content":{"rendered":"<h2>Honda CR-V &#8211; Khai ph\u00e1 gi\u00e1c quan th\u1ee9 s\u00e1u!<\/h2>\n<p>Cu\u1ed9c s\u1ed1ng l\u00e0 chu\u1ed7i nh\u1eefng h\u00e0nh tr\u00ecnh b\u1ea5t t\u1eadn \u2013 n\u01a1i b\u1ea3n l\u0129nh \u0111\u1ed1i \u0111\u1ea7u th\u00e1ch th\u1ee9c, n\u01a1i uy l\u1ef1c ph\u00e1 v\u1ee1 m\u1ecdi gi\u1edbi h\u1ea1n. Honda \u0111\u00e3 ch\u00ednh th\u1ee9c gi\u1edbi thi\u1ec7u d\u00f2ng xe\u00a0Honda\u00a0CRV 2020\u00a0th\u1ebf h\u1ec7 th\u1ee9 5 v\u1edbi m\u1ed9t thi\u1ebft k\u1ebf c\u0169ng nh\u01b0 \u0111\u1ed9ng c\u01a1 ho\u00e0n to\u00e0n m\u1ea1nh m\u1ebd h\u01a1n r\u1ea5t nhi\u1ec1u phi\u00ean b\u1ea3n\u00a0Honda CRV 2020.<\/p>\n<p>An to\u00e0n, \u0111a d\u1ee5ng v\u00e0 v\u1eadn h\u00e0nh v\u00f4 \u0111\u1ed1i l\u00e0 nh\u1eefng l\u1eddi \u0111\u00e1nh gi\u00e1 m\u00e0 kh\u00e1ch h\u00e0ng lu\u00f4n d\u00e0nh cho m\u1eabu xe th\u1ec3 thao \u0111a d\u1ee5ng SUV\/Crossover\u00a0k\u1ec3 t\u1eeb khi \u0111\u01b0\u1ee3c tr\u00ecnh l\u00e0ng l\u1ea7n \u0111\u1ea7u ti\u00ean.<\/p>\n<p>\u0110i\u1ec1u \u0111\u00e1ng n\u00f3i cho v\u00e0i n\u0103m g\u1ea7n \u0111\u00e2y l\u00e0 s\u1ef1 chuy\u1ec3n bi\u1ebfn m\u1ea1nh m\u1ebd c\u1ee7a d\u00f2ng xe Honda CR-V, \u0111a ph\u1ea7n th\u1ecb hi\u1ebfu ng\u01b0\u1eddi d\u00f9ng \u0111ang c\u1ea7n nh\u1eefng lo\u1ea1i xe c\u00f3 thi\u1ebft k\u00ea kh\u00f4ng gian r\u1ed9ng r\u00e3i\u00a0h\u01a1n, nhi\u1ec1u c\u00f4ng ngh\u1ec7 ti\u1ec7n nghi h\u01a1n , c\u00f4ng ngh\u1ec7 v\u00e0 kh\u1ea3 n\u0103ng v\u1eadn h\u00e0nh th\u1ef1c d\u1ee5ng h\u01a1n, v\u1ed1n l\u00e0 \u0111\u1eb7c tr\u01b0ng c\u1ee7a nh\u1eefng m\u1eabu\u00a0SUV\/Crossover\u00a0\u0111a d\u1ee5ng.<\/p>\n<p>Honda CRV\u00a0\u0111\u1ee9ng\u00a0v\u1ecb tr\u00ed th\u1ee9 6\u00a0trong\u00a0Top 10 c\u00e1c m\u1eabu xe b\u00e1n ch\u1ea1y nh\u1ea5t tr\u00ean to\u00e0n th\u1ebf gi\u1edbi\u00a0(theo\u00a0Focus2move), c\u0169ng \u0111\u1ee7 \u0111\u1ec3 kh\u1eb3ng \u0111\u1ecbnh r\u00f5 v\u1ecb th\u1ebf v\u1eefng ch\u1eafc c\u1ee7a m\u1eabu SUV \u0103n kh\u00e1ch n\u00e0y tr\u00ean tr\u01b0\u1eddng qu\u1ed1c t\u1ebf.<\/p>\n<figure style=\"width: 1102px\" class=\"wp-caption alignnone\"><img loading=\"lazy\" decoding=\"async\" src=\"http:\/\/honda2.maugiaodien.com\/media\/2020\/11\/honda-crv-2020-4323.jpg\" alt=\"&quot; N\u01a1i ch\u1ee9a \u0111\u1ed3 &quot; r\u1ed9ng r\u00e3i\" width=\"1102\" height=\"704\" \/><figcaption class=\"wp-caption-text\">&#8221; N\u01a1i ch\u1ee9a \u0111\u1ed3 &#8221; r\u1ed9ng r\u00e3i<\/figcaption><\/figure>\n<p>\u1ede th\u1ebf h\u1ec7 th\u1ee9 5\u00a0All New\u00a0Honda CRV 2020\u00a0t\u1ea1i th\u1ecb tr\u01b0\u1eddng Vi\u1ec7t Nam, m\u1eabu xe n\u00e0y \u0111\u01b0\u1ee3c b\u1ed5 sung th\u00eam h\u00e0ng gh\u1ebf th\u1ee9 ba v\u1edbi\u00a07 ch\u1ed7 ng\u1ed3i, c\u1ea5u h\u00ecnh\u00a05 + 2, \u0111i c\u00f9ng v\u1edbi kh\u1ed1i \u0111\u1ed9ng c\u01a1\u00a0t\u0103ng \u00e1p Turbo 1.5L\u00a0ho\u00e0n to\u00e0n m\u1edbi. \u0110\u00e2y c\u0169ng l\u00e0 hai \u0111i\u1ec3m n\u00e2ng c\u1ea5p n\u1ed5i b\u1eadt nh\u1ea5t \u0111\u00e3 khi\u1ebfn \u0111\u1ee9a con nh\u00e0 Honda t\u1ea1o \u0111\u01b0\u1ee3c nhi\u1ec1u c\u01a1n s\u1ed1t tr\u00ean kh\u1eafp c\u00e1c th\u1ecb tr\u01b0\u1eddng \u0110\u00f4ng Nam \u00c1. T\u1eeb phi\u00ean b\u1ea3n\u00a0Honda CRV 2020\u00a0\u0111\u1ebfn CRV 2020 \u0111ang kh\u1edfi \u0111\u1ea7u m\u1ed9t cu\u1ed9c th\u1eadp t\u1ef1 chinh m\u1edbi tr\u00ean m\u1ed9t ph\u00e2n kh\u00fac m\u1edbi: Ph\u00e2n kh\u00fac SUV \u0111a d\u1ee5ng 7 ch\u1ed7.<\/p>\n<p>Hi\u1ec7n nay, phi\u00ean b\u1ea3n\u00a0Honda CRV 2020\u00a0t\u1ea1i\u00a0Vi\u1ec7t Nam g\u1ed3m c\u00f3: Honda CRV 1.5E,\u00a0CRV 1.5G\u00a0v\u00e0\u00a0CRV 1.5L\u00a0v\u1edbi m\u1ee9c gi\u00e1 \u0111\u01b0\u1ee3c ni\u00eam y\u1ebft v\u00e0o 03\/2020<\/p>\n<figure style=\"width: 1102px\" class=\"wp-caption alignnone\"><img loading=\"lazy\" decoding=\"async\" src=\"http:\/\/honda2.maugiaodien.com\/media\/2020\/11\/honda-crv-2020-4323-1.jpg\" alt=\"N\u1ed9i th\u1ea5t sang tr\u1ecdng\u00a0\" width=\"1102\" height=\"704\" \/><figcaption class=\"wp-caption-text\">N\u1ed9i th\u1ea5t sang tr\u1ecdng<\/figcaption><\/figure>\n<p>V\u1edbi th\u00f4ng \u0111i\u1ec7p\u00a0\u201cUy l\u1ef1c v\u01b0\u1ee3t m\u1ecdi gi\u1edbi h\u1ea1n\u201d,\u00a0Honda Vi\u1ec7t Nam\u00a0k\u1ef3 v\u1ecdng \u1edf\u00a0th\u1ebf h\u1ec7 th\u1ee9 5 ho\u00e0n to\u00e0n m\u1edbi Honda CRV 2020\u00a0s\u1ebd \u0111\u1eb7t th\u00eam nhi\u1ec1u c\u1ed9t m\u1ed1c th\u00e0nh c\u00f4ng v\u00e0 b\u1ee9t ph\u00e1 m\u1ecdi gi\u1edbi h\u1ea1n cho ng\u01b0\u1eddi d\u00f9ng tr\u00ean m\u1ecdi h\u00e0nh tr\u00ecnh cu\u1ed9c s\u1ed1ng, c\u0169ng nh\u01b0 ti\u1ebfp t\u1ee5c kh\u1eb3ng \u0111\u1ecbnh v\u1ecb th\u1ebf c\u1ee7a ch\u00ednh m\u00ecnh tr\u00ean ph\u00e2n kh\u00fac SUV \u0111a d\u1ee5ng t\u1ea1i Vi\u1ec7t Nam.<\/p>\n<figure style=\"width: 1600px\" class=\"wp-caption alignnone\"><img loading=\"lazy\" decoding=\"async\" src=\"http:\/\/honda2.maugiaodien.com\/media\/2020\/11\/honda-crv-2020-4323-2.jpg\" alt=\"Thi\u1ebft k\u1ebf tr\u1ebb trung\" width=\"1600\" height=\"1022\" \/><figcaption class=\"wp-caption-text\">Thi\u1ebft k\u1ebf tr\u1ebb trung<\/figcaption><\/figure>\n<h2>NGO\u1ea0I TH\u1ea4T HONDA CR-V\u00a0X\u1ee8NG T\u1ea6M KH\u00cd CH\u1ea4T D\u1eaaN \u0110\u1ea6U<\/h2>\n<p>So v\u1edbi th\u1ebf h\u1ec7 ti\u1ec1n nhi\u1ec7m Honda CR-V 2020 , th\u1ebf h\u1ec7 th\u1ee9 5 ho\u00e0n to\u00e0n m\u1edbi c\u1ee7a\u00a0Honda CRV 2020\u00a0l\u00e0 cu\u1ed9c c\u00e1ch m\u1ea1ng trong ng\u00f4n ng\u1eef thi\u1ebft k\u1ebf c\u1ee7a m\u1eabu SUV \u0103n kh\u00e1ch con nh\u00e0 Honda. \u0110\u01b0\u1ee3c thi\u1ebft k\u1ebf v\u00e0 l\u1ed9t x\u00e1c ngo\u1ea1n m\u1ee5c mang l\u1ea1i ki\u1ec3u d\u00e1ng m\u1ea1nh m\u1ebd, h\u1ea5p d\u1eabn theo t\u1eebng chi ti\u1ebft l\u00e0 nh\u1eefng kh\u1ed1i t\u1ea1o h\u00ecnh c\u01a1 b\u1eafp, \u0111\u1ea7y uy l\u1ef1c m\u00e0 sang tr\u1ecdng v\u00e0 \u0111\u1ea7y tinh t\u1ebf, phong c\u00e1ch hi\u1ec7n \u0111\u1ea1i v\u00e0 th\u1ec3 thao, gi\u00fap m\u1eabu xe n\u00e0y \u0111\u1eadm ch\u1ea5t SUV h\u01a1n r\u1ea5t nhi\u1ec1u.<\/p>\n<p>To\u00e0n b\u1ed9 ph\u1ea7n \u0111\u1ea7u tr\u01b0\u1edbc c\u1ee7a xe \u0111\u00e3 to\u00e1t l\u00ean s\u1ef1 m\u1ea1nh m\u1ebd, t\u1eeb h\u1ec7 th\u1ed1ng n\u1eafp capo cao, l\u01b0\u1edbi t\u1ea3n nhi\u1ec7t c\u00f3 d\u1ea1ng t\u1ed5 ong l\u1edbn v\u00e0 c\u00f9ng c\u00e1c thanh \u0111\u01b0\u1ee3c m\u1ea1 crom l\u00e0m cho Honda CR-V tr\u00f4ng c\u01a1 b\u1eafp h\u01a1n r\u1ea5t nhi\u1ec1u.<\/p>\n<figure style=\"width: 1102px\" class=\"wp-caption alignnone\"><img loading=\"lazy\" decoding=\"async\" src=\"http:\/\/honda2.maugiaodien.com\/media\/2020\/11\/honda-crv-2020-4323-3.jpg\" alt=\"Kh\u00f4ng gian ti\u1ec7n nghi\" width=\"1102\" height=\"704\" \/><figcaption class=\"wp-caption-text\">Kh\u00f4ng gian ti\u1ec7n nghi<\/figcaption><\/figure>\n<p>Th\u00e2n\u00a0xe\u00a0Honda CRV 2020 th\u1ec3 hi\u1ec7n r\u00f5 t\u00ednh c\u01a1 b\u1eafp v\u00e0 m\u1ea1nh m\u1ebd c\u1ee7a m\u1ed9t m\u1eabu SUV, thi\u1ebft k\u1ebf r\u1ea5t \u1ea5n t\u01b0\u1ee3ng. C\u1ed9t A gi\u1eadt x\u00e9o v\u1ec1 ph\u00eda sau l\u00e0m t\u0103ng t\u00ednh kh\u00ed \u0111\u1ed9ng h\u1ecdc, m\u00e1i kh\u00e1 d\u1ed1c h\u01b0\u1edbng v\u1ec1 \u0111u\u00f4i xe v\u00e0 n\u1eafp ca-p\u00f4 d\u00e0i c\u0169ng \u0111em \u0111\u1ebfn c\u1ea3m gi\u00e1c tr\u01b0\u1eddng xe h\u01a1n. \u0110\u1ea7u xe v\u00e0 \u0111u\u00f4i xe nh\u00ecn t\u1eeb b\u00ean h\u00f4ng r\u1ea5t h\u1ea7m h\u1ed1, v\u00f2m b\u00e1nh xe nh\u00f4 ra, l\u00e0m t\u00ednh c\u01a1 b\u1eafp th\u1ec3 hi\u1ec7n r\u00f5 r\u1ec7t. Kho\u1ea3ng k\u00ednh h\u00f4ng xe ng\u1eafn, k\u00ednh c\u1ed9t C gi\u1eadt x\u00e9o h\u01b0\u1edbng l\u00ean, khi\u1ebfn kho\u1ea3ng s\u01a1n \u1edf th\u00e2n xe d\u00e0y, CRV \u0111em \u0111\u1ebfn g\u00f3c nh\u00ecn b\u1ec1 th\u1ebf \u1edf c\u1ea1nh h\u00f4ng.<\/p>\n","protected":false},"excerpt":{"rendered":"<ul>\n<li>H\u1ed7 tr\u1ee3 mua xe tr\u1ea3 g\u00f3p<\/li>\n<li>\u0110\u0103ng k\u00fd l\u00e1i th\u1eed mi\u1ec5n ph\u00ed<\/li>\n<li>Nhi\u1ec1u ch\u01b0\u01a1ng tr\u00ecnh \u01b0u \u0111\u00e3i &amp; khuy\u1ebfn m\u00e3i<\/li>\n<li>Li\u00ean h\u1ec7 \u0111\u1ec3 \u0111\u01b0\u1ee3c t\u01b0 v\u1ea5n tr\u1ef1c ti\u1ebfp<\/li>\n<\/ul>\n","protected":false},"featured_media":4329,"template":"","meta":{"_acf_changed":false},"product_brand":[],"product_cat":[351],"product_tag":[360,361,359],"class_list":{"0":"post-4323","1":"product","2":"type-product","3":"status-publish","4":"has-post-thumbnail","6":"product_cat-honda-crv","7":"product_tag-mua-xe-honda-cr-v-tai-ba-don","8":"product_tag-mua-xe-honda-cr-v-tai-dong-hoi","9":"product_tag-mua-xe-honda-cr-v-tai-quang-binh","11":"first","12":"instock","13":"shipping-taxable","14":"product-type-simple"},"acf":[],"_links":{"self":[{"href":"https:\/\/khowordpress.com\/honda1\/wp-json\/wp\/v2\/product\/4323","targetHints":{"allow":["GET"]}}],"collection":[{"href":"https:\/\/khowordpress.com\/honda1\/wp-json\/wp\/v2\/product"}],"about":[{"href":"https:\/\/khowordpress.com\/honda1\/wp-json\/wp\/v2\/types\/product"}],"wp:featuredmedia":[{"embeddable":true,"href":"https:\/\/khowordpress.com\/honda1\/wp-json\/wp\/v2\/media\/4329"}],"wp:attachment":[{"href":"https:\/\/khowordpress.com\/honda1\/wp-json\/wp\/v2\/media?parent=4323"}],"wp:term":[{"taxonomy":"product_brand","embeddable":true,"href":"https:\/\/khowordpress.com\/honda1\/wp-json\/wp\/v2\/product_brand?post=4323"},{"taxonomy":"product_cat","embeddable":true,"href":"https:\/\/khowordpress.com\/honda1\/wp-json\/wp\/v2\/product_cat?post=4323"},{"taxonomy":"product_tag","embeddable":true,"href":"https:\/\/khowordpress.com\/honda1\/wp-json\/wp\/v2\/product_tag?post=4323"}],"curies":[{"name":"wp","href":"https:\/\/api.w.org\/{rel}","templated":true}]}}