{"id":4354,"date":"2021-12-02T10:47:50","date_gmt":"2021-12-02T03:47:50","guid":{"rendered":"http:\/\/honda2.maugiaodien.com\/?post_type=product&#038;p=4354"},"modified":"2021-12-02T10:52:05","modified_gmt":"2021-12-02T03:52:05","slug":"honda-city-2021","status":"publish","type":"product","link":"https:\/\/khowordpress.com\/honda1\/honda-city\/honda-city-2021.html","title":{"rendered":"Honda City 2021"},"content":{"rendered":"<h3 style=\"text-align: center;\">HONDA CITY 2021 \u2013 M\u1ea0NH M\u1ebc TR\u1ea2I L\u1ed0I TH\u00c0NH C\u00d4NG<\/h3>\n<p><iframe loading=\"lazy\" title=\"YouTube video player\" src=\"https:\/\/www.youtube.com\/embed\/5C53TYnwpoE\" width=\"800\" height=\"450\" frameborder=\"0\" allowfullscreen=\"allowfullscreen\"><\/iframe><\/p>\n<p>Ng\u00e0y 9\/12\/2020 Honda City Th\u1ebf H\u1ec7 Th\u1ee9 5\u00a0ra m\u1eaft t\u1ea1i th\u1ecb tr\u01b0\u1eddng\u00a0\u00a0 Vi\u1ec7t Nam v\u1edbi 3 phi\u00ean b\u1ea3n\u00a0Honda City RS, Honda City L, Honda City G.\u00a0V\u1edbi 5 m\u00e0u s\u1eafc\u00a0 c\u1ee5 th\u1ec3 l\u00e0 :\u00a0Tr\u1eafng, Ghi b\u1ea1c, Xanh, Titan, \u0110en v\u00e0 \u0110\u1ecf.\u00a0\u00a0V\u00e0 s\u1ebd ch\u00ednh th\u1ee9c \u0111\u01b0\u1ee3c ph\u00e2n ph\u1ed1i t\u1ea1i c\u00e1c \u0111\u1ea1i l\u00fd v\u00e0 \u0111\u1ebfn tay qu\u00fd kh\u00e1ch h\u00e0ng v\u00e0o th\u00e1ng 1\/2021. \u0110\u1eb7c bi\u1ec7t t\u00e1t c\u1ea3 c\u00e1c xe \u0111\u1ec1u s\u1ea3n xu\u1ea5t n\u0103m 2021 v\u00e0 \u0111\u01b0\u1ee3c Honda Vi\u1ec7t Nam \u0111\u1ecbnh gi\u00e1 th\u1ea5p h\u01a1n so v\u1edbi d\u1ef1 ki\u1ebfn ban \u0111\u1ea7u v\u00e0o kho\u1ea3ng 30 tri\u1ec7u \u0111\u1ed3ng.\u00a0\u00a0\u0110\u1ec3 bi\u1ebft th\u00eam th\u00f4ng tin chi ti\u1ebft v\u1ec1 ch\u01b0\u01a1ng tr\u00ecnh h\u1ed7 tr\u1ee3 kh\u00e1ch h\u00e0ng vui l\u00f2ng li\u00ean h\u1ec7<\/p>\n<h3 style=\"text-align: center;\"><span style=\"color: #ff0000;\">KHUY\u1ebeN M\u00c3I T\u1ed0T NH\u1ea4T TH\u1eca TR\u01af\u1edcNG<\/span><\/h3>\n<h3 style=\"text-align: center;\"><span style=\"color: #ff0000;\">G\u1eccI NGAY HOTLINE : 0916.913.xxx<\/span><\/h3>\n<div>\n<p data-placeholder=\"[nh\u1eadp ch\u00fa th\u00edch]\">Honda City 2021 ch\u00ednh th\u1ee9c b\u01b0\u1edbc sang th\u1ebf h\u1ec7 th\u1ee9 5 t\u1ea1i Vi\u1ec7t Nam. M\u1eabu xe n\u00e0y \u0111\u01b0\u1ee3c b\u00e1n ra v\u1edbi 3 phi\u00ean b\u1ea3n, thay v\u00ec 2 b\u1ea3n nh\u01b0 tr\u01b0\u1edbc, g\u1ed3m G, L v\u00e0 RS. B\u1ea3n cao c\u1ea5p nh\u1ea5t l\u00e0 RS.<\/p>\n<p data-placeholder=\"[nh\u1eadp ch\u00fa th\u00edch]\">Ph\u1ea7n \u0111\u1ea7u City 2021 mang nh\u1eefng \u0111\u01b0\u1eddng n\u00e9t thi\u1ebft k\u1ebf \u0111\u1eb7c tr\u01b0ng c\u1ee7a c\u00e1c m\u1eabu xe Honda hi\u1ec7n h\u00e0nh, v\u1edbi thanh kim lo\u1ea1i l\u1edbn ch\u1ee9a logo Honda tr\u00ean m\u1eb7t ca-l\u0103ng. C\u1ee5m \u0111\u00e8n pha LED (tr\u00ean phi\u00ean b\u1ea3n cao), v\u1edbi t\u1ea1o h\u00ecnh s\u1eafc m\u1ea3nh, chia 9 khoang v\u00e0 mang nhi\u1ec1u \u0111i\u1ec3m t\u01b0\u01a1ng \u0111\u1ed3ng v\u1edbi Civic hay Accord.<\/p>\n<p data-placeholder=\"[nh\u1eadp ch\u00fa th\u00edch]\"><img decoding=\"async\" class=\"aligncenter\" src=\"http:\/\/honda2.maugiaodien.com\/media\/2021\/12\/honda-city-2021-4354.jpg\" alt=\"29-honda-city-rs-2020-group-test-official\" \/><\/p>\n<p data-placeholder=\"[nh\u1eadp ch\u00fa th\u00edch]\">\u0110u\u00f4i xe c\u00f3 thi\u1ebft k\u1ebf chia kh\u1ed1i r\u00f5 n\u00e9t, \u0111i k\u00e8m c\u1ee5m \u0111\u00e8n h\u1eadu k\u00edch c\u1ee1 l\u1edbn h\u01a1n, \u0103n s\u00e2u v\u00e0o c\u1eeda c\u1ed1p v\u00e0 c\u00f3 h\u1ecda ti\u1ebft LED d\u1ea1ng ch\u1eef L k\u00e9o d\u00e0i. Trong khi \u0111\u00f3, phi\u00ean b\u1ea3n City ti\u00eau chu\u1ea9n v\u1eabn ch\u1ec9 s\u1eed d\u1ee5ng b\u00f3ng halogen.<\/p>\n<p data-placeholder=\"[nh\u1eadp ch\u00fa th\u00edch]\">Honda City 2021 c\u00f3 c\u00e1c th\u00f4ng s\u1ed1 d\u00e0i x r\u1ed9ng x cao t\u01b0\u01a1ng \u1ee9ng\u00a04.549 x 1.748 x 1.467\u00a0(mm). Nh\u1edd v\u1eady, t\u1ed5ng th\u1ec3 c\u1ee7a xe cho c\u1ea3m gi\u00e1c \u201ctr\u01b0\u1eddng d\u00e1ng\u201d h\u01a1n th\u1ebf h\u1ec7 c\u0169, \u0111\u1ed3ng th\u1eddi l\u1ecdt nh\u00f3m nh\u1eefng sedan B c\u00f3 k\u00edch c\u1ee1 l\u1edbn nh\u1ea5t ph\u00e2n kh\u00fac. B\u00ean c\u1ea1nh b\u1ed9 m\u00e2m 16 inch 2 tone m\u00e0u, \u0111i\u1ec3m nh\u1ea5n th\u1ee9 hai tr\u00ean th\u00e2n City m\u1edbi l\u00e0 \u0111\u01b0\u1eddng beltline d\u1eadp n\u1ed5i r\u00f5 n\u00e9t, ch\u1ea1y xuy\u00ean su\u1ed1t, n\u1ed1i li\u1ec1n c\u1ee5m \u0111\u00e8n tr\u01b0\u1edbc v\u00e0 \u0111\u00e8n h\u1eadu c\u1ee7a xe.<\/p>\n<p data-placeholder=\"[nh\u1eadp ch\u00fa th\u00edch]\"><img decoding=\"async\" class=\"aligncenter\" src=\"http:\/\/honda2.maugiaodien.com\/media\/2021\/12\/honda-city-2021-4354-1.jpg\" alt=\"q1itzv9fjTPWz1Hf2WR-o\" \/><\/p>\n<p data-placeholder=\"[nh\u1eadp ch\u00fa th\u00edch]\">Kh\u00f4ng gian n\u1ed9i th\u1ea5t c\u1ee7a Honda City 2021 c\u00f3 thi\u1ebft k\u1ebf hi\u1ec7n \u0111\u1ea1i v\u00e0 g\u1ecdn g\u00e0ng h\u01a1n \u0111\u00e1ng k\u1ec3 th\u1ebf h\u1ec7 c\u0169. Di\u1ec7n t\u00edch b\u1ec1 m\u1eb7t t\u00e1p-l\u00f4 \u0111\u01b0\u1ee3c thu g\u1ecdn, h\u1ec7 th\u1ed1ng n\u00fat b\u1ea5m \u0111i\u1ec1u khi\u1ec3n \u0111\u01b0\u1ee3c gi\u1ea3n l\u01b0\u1ee3c. \u0110i\u1ec3m nh\u1ea5n ch\u00ednh tr\u00ean b\u1ea3ng \u0111i\u1ec1u khi\u1ec3n trung t\u00e2m l\u00e0 m\u00e0n h\u00ecnh gi\u1ea3i tr\u00ed \u0111\u01b0\u1ee3c \u0111\u1eb7t ch\u00ecm trong t\u00e1p-l\u00f4.<\/p>\n<p data-placeholder=\"[nh\u1eadp ch\u00fa th\u00edch]\"><img decoding=\"async\" src=\"http:\/\/honda2.maugiaodien.com\/media\/2021\/12\/honda-city-2021-4354-2.jpg\" alt=\"1012_honda_city_2021_12\" \/><\/p>\n<p data-placeholder=\"[nh\u1eadp ch\u00fa th\u00edch]\"><img decoding=\"async\" src=\"http:\/\/honda2.maugiaodien.com\/media\/2021\/12\/honda-city-2021-4354-3.jpg\" alt=\"1027_honda_city_2021_14\" \/><\/p>\n<p data-placeholder=\"[nh\u1eadp ch\u00fa th\u00edch]\">V\u1edbi c\u00e1c th\u00f4ng s\u1ed1 k\u00edch th\u01b0\u1edbc \u0111\u01b0\u1ee3c c\u1ea3i thi\u1ec7n, Honda cho bi\u1ebft City m\u1edbi c\u00f3 khoang cabin r\u1ed9ng r\u00e3i nh\u1ea5t ph\u00e2n kh\u00fac. M\u1ed9t s\u1ed1 trang b\u1ecb ti\u1ec7n nghi ti\u00eau bi\u1ec3u c\u1ee7a xe g\u1ed3m c\u00f3 m\u00e0n h\u00ecnh gi\u1ea3i tr\u00edch 8 inch, h\u1ed7 tr\u1ee3 k\u1ebft n\u1ed1i Apple CarPlay\/Android Auto, c\u1eeda gi\u00f3 h\u00e0ng gh\u1ebf sau, ch\u00eca kh\u00f3a th\u00f4ng minh (b\u1ea3n L, RS), t\u00ednh n\u0103ng kh\u1edfi \u0111\u1ed9ng xe t\u1eeb xa v\u00e0 d\u00e0n \u00e2m thanh 8 loa.<\/p>\n<p data-placeholder=\"[nh\u1eadp ch\u00fa th\u00edch]\">T\u1ea5t c\u1ea3 phi\u00ean b\u1ea3n Honda City 2021 \u0111\u01b0\u1ee3c trang b\u1ecb \u0111\u1ed9ng c\u01a1 1.5L DOHC i-VTEC 4 xy-lanh th\u1eb3ng h\u00e0ng, 16 van, s\u1ea3n sinh c\u00f4ng su\u1ea5t c\u1ef1c \u0111\u1ea1i 119 m\u00e3 l\u1ef1c t\u1ea1i 6.600 v\u00f2ng\/ph\u00fat v\u00e0 m\u00f4-men xo\u1eafn c\u1ef1c \u0111\u1ea1i 145 Nm t\u1ea1i 4.300 v\u00f2ng\/ph\u00fat, \u0111i k\u00e8m h\u1ed9p s\u1ed1 CVT. So v\u1edbi th\u1ebf h\u1ec7 c\u0169, City 2021 nh\u1ec9nh h\u01a1n v\u1ec1 c\u00f4ng su\u1ea5t.<\/p>\n<p data-placeholder=\"[nh\u1eadp ch\u00fa th\u00edch]\">M\u1ed9t s\u1ed1 trang b\u1ecb an to\u00e0n \u0111\u00e1ng ch\u00fa \u00fd tr\u00ean Honda City 2021 g\u1ed3m c\u00f3 ga t\u1ef1 \u0111\u1ed9ng, 6 t\u00fai kh\u00ed (phi\u00ean b\u1ea3n RS), phanh ABS\/EBD\/BA, c\u00e2n b\u1eb1ng \u0111i\u1ec7n t\u1eed, h\u1ed7 tr\u1ee3 kh\u1edfi h\u00e0nh ngang d\u1ed1c v\u00e0 camera l\u00f9i (phi\u00ean b\u1ea3n L v\u00e0 RS).<\/p>\n<\/div>\n","protected":false},"excerpt":{"rendered":"<ul>\n<li>H\u1ed7 tr\u1ee3 mua xe tr\u1ea3 g\u00f3p<\/li>\n<li>\u0110\u0103ng k\u00fd l\u00e1i th\u1eed mi\u1ec5n ph\u00ed<\/li>\n<li>Nhi\u1ec1u ch\u01b0\u01a1ng tr\u00ecnh \u01b0u \u0111\u00e3i &amp; khuy\u1ebfn m\u00e3i<\/li>\n<li>Li\u00ean h\u1ec7 \u0111\u1ec3 \u0111\u01b0\u1ee3c t\u01b0 v\u1ea5n tr\u1ef1c ti\u1ebfp<\/li>\n<\/ul>\n","protected":false},"featured_media":4356,"template":"","meta":{"_acf_changed":false},"product_brand":[],"product_cat":[348],"product_tag":[366,367,365],"class_list":{"0":"post-4354","1":"product","2":"type-product","3":"status-publish","4":"has-post-thumbnail","6":"product_cat-honda-city","7":"product_tag-mua-xe-honda-city-tai-ba-don","8":"product_tag-mua-xe-honda-city-tai-dong-hoi","9":"product_tag-mua-xe-honda-city-tai-quang-binh","11":"first","12":"instock","13":"shipping-taxable","14":"product-type-simple"},"acf":[],"_links":{"self":[{"href":"https:\/\/khowordpress.com\/honda1\/wp-json\/wp\/v2\/product\/4354","targetHints":{"allow":["GET"]}}],"collection":[{"href":"https:\/\/khowordpress.com\/honda1\/wp-json\/wp\/v2\/product"}],"about":[{"href":"https:\/\/khowordpress.com\/honda1\/wp-json\/wp\/v2\/types\/product"}],"wp:featuredmedia":[{"embeddable":true,"href":"https:\/\/khowordpress.com\/honda1\/wp-json\/wp\/v2\/media\/4356"}],"wp:attachment":[{"href":"https:\/\/khowordpress.com\/honda1\/wp-json\/wp\/v2\/media?parent=4354"}],"wp:term":[{"taxonomy":"product_brand","embeddable":true,"href":"https:\/\/khowordpress.com\/honda1\/wp-json\/wp\/v2\/product_brand?post=4354"},{"taxonomy":"product_cat","embeddable":true,"href":"https:\/\/khowordpress.com\/honda1\/wp-json\/wp\/v2\/product_cat?post=4354"},{"taxonomy":"product_tag","embeddable":true,"href":"https:\/\/khowordpress.com\/honda1\/wp-json\/wp\/v2\/product_tag?post=4354"}],"curies":[{"name":"wp","href":"https:\/\/api.w.org\/{rel}","templated":true}]}}