{"id":4359,"date":"2021-12-02T11:35:43","date_gmt":"2021-12-02T04:35:43","guid":{"rendered":"http:\/\/honda2.maugiaodien.com\/?post_type=product&#038;p=4359"},"modified":"2021-12-02T11:38:10","modified_gmt":"2021-12-02T04:38:10","slug":"honda-crv-2021","status":"publish","type":"product","link":"https:\/\/khowordpress.com\/honda1\/honda-crv\/honda-crv-2021.html","title":{"rendered":"Honda CRV 2021"},"content":{"rendered":"<p>K\u1ebf th\u1eeba nh\u1eefng gi\u00e1 tr\u1ecb c\u1ed1t l\u00f5i \u0111\u00e3 l\u00e0m n\u00ean th\u01b0\u01a1ng hi\u1ec7u CR-V \u0111\u01b0\u1ee3c \u01b0a chu\u1ed9ng tr\u00ean to\u00e0n th\u1ebf gi\u1edbi: Hi\u1ec7u qu\u1ea3, B\u1ec1n b\u1ec9 v\u00e0 Linh ho\u1ea1t, \u0111\u1ed3ng th\u1eddi \u1ee9ng d\u1ee5ng thi\u1ebft k\u1ebf v\u00e0 h\u1ec7 truy\u1ec1n \u0111\u1ed9ng ho\u00e0n to\u00e0n m\u1edbi c\u00f9ng nhi\u1ec1u c\u00f4ng ngh\u1ec7 ti\u00ean ti\u1ebfn,\u00a0<strong>Honda CRV 2021<\/strong>\u00a0s\u1ebd chinh ph\u1ee5c m\u1ecdi \u0111\u1ed1i th\u1ee7 trong trong ph\u00e2n kh\u00fac SUV D v\u1ec1 c\u00e1c gi\u00e1 tr\u1ecb \u201c<strong>M\u1ea1nh m\u1ebd \u2013 An to\u00e0n h\u00e0ng \u0111\u1ea7u \u2013 Tho\u1ea3i m\u00e1i \u2013\u00a0 Cao c\u1ea5p<\/strong>\u201d, ch\u1eafc ch\u1eafn s\u1ebd l\u00e0m h\u00e0i l\u00f2ng kh\u00e1ch h\u00e0ng Vi\u1ec7t Nam v\u1edbi nh\u1eefng tr\u1ea3i nghi\u1ec7m tinh t\u1ebf, s\u1ef1 th\u0103ng hoa trong t\u1eebng ph\u00fat gi\u00e2y c\u1ea7m l\u00e1i.<\/p>\n<h3 style=\"text-align: center;\"><span style=\"color: #ff0000;\">KHUY\u1ebeN M\u00c3I T\u1ed0T NH\u1ea4T TH\u1eca TR\u01af\u1edcNG<\/span><\/h3>\n<h3 style=\"text-align: center;\"><span style=\"color: #ff0000;\">G\u1eccI NGAY HOTLINE: 0916.913.xxx<\/span><\/h3>\n<p><img decoding=\"async\" class=\"aligncenter\" src=\"http:\/\/honda2.maugiaodien.com\/media\/2021\/12\/honda-crv-2021-4359.jpg\" alt=\"C\u1eadn c\u1ea3nh Honda CR-V 2021 gi\u00e1 t\u1eeb 1,05 t\u1ef7 \u0111\u1ed3ng t\u1ea1i Th\u00e1i Lan\" \/><\/p>\n<p><strong>Honda CR-V\u00a0 2021<\/strong>\u00a0b\u1ea3n n\u00e2ng c\u1ea5p\u00a0 m\u1edbi\u00a0l\u1eafp r\u00e1p t\u1ea1i Vi\u1ec7t Nam\u00a0v\u1edbi 3 phi\u00ean b\u1ea3n:\u00a0<strong>L<\/strong>,\u00a0<strong>G<\/strong>,\u00a0<strong>E<\/strong>\u00a0c\u00f9ng\u00a0<strong>5 l\u1ef1a ch\u1ecdn m\u00e0u s\u1eafc<\/strong>\u00a0bao g\u1ed3m:\u00a0<strong>Tr\u1eafng ng\u00e0 tinh t\u1ebf, Ghi b\u1ea1c th\u1eddi trang, Titan m\u1ea1nh m\u1ebd, \u0110en \u00e1nh \u0111\u1ed9c t\u00f4n, Xanh \u0111\u1eadm c\u00e1 t\u00ednh<\/strong><\/p>\n<p><strong>I. T\u1ed4NG QUAN V\u1ec0 S\u1ea2N PH\u1ea8M<\/strong><\/p>\n<p>V\u1edbi doanh s\u1ed1 \u1ea5n t\u01b0\u1ee3ng lu\u00f4n l\u1ecdt v\u00e0o top 10 d\u00f2ng xe b\u00e1n ch\u1ea1y v\u1edbi b\u1ea3n nh\u1eadp kh\u1ea9u th\u00e1i lan \u0111\u01b0\u1ee3c ph\u00e2n ph\u1ed1i t\u1ea1i th\u1ecb tr\u01b0\u1eddng Vi\u1ec7t Nam.\u00a0<strong>Honda CR-V 2021<\/strong>\u00a0b\u1ea3n n\u00e2ng c\u1ea5p\u00a0 l\u1eafp r\u00e1p t\u1ea1i Vi\u1ec7t Nam\u00a0v\u1edbi nhi\u1ec1u trang b\u1ecb c\u00f4ng ngh\u1ec7 v\u1ec1 an to\u00e0n hi\u1ec7n \u0111\u1ea1i nh\u01b0\u00a0<strong>Honda Sensing<\/strong>\u00a0v\u00e0\u00a0<strong>Honda LaneWatch\u00a0<\/strong>s\u1ebd s\u1edbm \u0111\u01b0\u1ee3c ph\u00e2n ph\u1ed1i t\u1ea1i Th\u1ecb tr\u01b0\u1eddng Vi\u1ec7t Nam trong n\u0103m 2020.<\/p>\n<p><strong>Honda Sensing :\u00a0 H\u1ec7 th\u1ed1ng h\u1ed9 tr\u1ee3 l\u00e1i xe ti\u1ebfn ti\u1ebfn bao g\u1ed3m<\/strong><\/p>\n<ul>\n<li><strong>H\u1ec7 th\u1ed1ng phanh gi\u1ea3m thi\u1ec3u va ch\u1ea1m (CMBS):<\/strong>\u00a0C\u1ea3nh b\u00e1o ng\u01b0\u1eddi l\u00e1i khi ph\u00e1t hi\u1ec7n v\u1eadt c\u1ea3n ph\u00eda tr\u01b0\u1edbc. \u00a0Ngo\u00e0i ra, trong tr\u01b0\u1eddng h\u1ee3p ng\u01b0\u1eddi l\u00e1i kh\u00f4ng th\u1ec3 tr\u00e1nh kh\u1ecfi va ch\u1ea1m, h\u1ec7 th\u1ed1ng s\u1ebd t\u1ef1 \u0111\u1ed9ng phanh \u0111\u1ec3 gi\u1ea3m thi\u1ec3u thi\u1ec7t h\u1ea1i.<\/li>\n<\/ul>\n<p><img decoding=\"async\" src=\"http:\/\/honda2.maugiaodien.com\/media\/2021\/12\/honda-crv-2021-4359-1.jpg\" alt=\"z1983857402734_09200548312539245050d40fde8882a8\" \/><\/p>\n<ul>\n<li><strong>H\u1ec7 th\u1ed1ng \u0111\u00e8n pha th\u00edch \u1ee9ng t\u1ef1 \u0111\u1ed9ng (AHB):<\/strong>\u00a0Trong \u0111i\u1ec1u ki\u1ec7n l\u00e1i xe v\u00e0o ban \u0111\u00eam, h\u1ec7 th\u1ed1ng t\u1ef1 \u0111\u1ed9ng chuy\u1ec3n \u0111\u1ed5i gi\u1eefa \u0111\u00e8n chi\u1ebfu g\u1ea7n v\u00e0 \u0111\u00e8n chi\u1ebfu xa t\u00f9y thu\u1ed9c v\u00e0o t\u00ecnh tr\u1ea1ng giao th\u00f4ng.<\/li>\n<\/ul>\n<p><img decoding=\"async\" src=\"http:\/\/honda2.maugiaodien.com\/media\/2021\/12\/honda-crv-2021-4359-2.jpg\" alt=\"z1983857404563_4b79710fd81a1c1e7de47dcf8e2019ea\" \/><\/p>\n<ul>\n<li><strong>H\u1ec7 th\u1ed1ng ki\u1ec3m so\u00e1t h\u00e0nh tr\u00ecnh th\u00edch \u1ee9ng bao g\u1ed3m d\u1ea3i t\u1ed1c \u0111\u1ed9 th\u1ea5p (ACC with LSF):<\/strong>\u00a0H\u1ed7 tr\u1ee3 duy tr\u00ec kho\u1ea3ng c\u00e1ch v\u1edbi ph\u01b0\u01a1ng ti\u1ec7n ph\u00eda tr\u01b0\u1edbc khi l\u00e1i xe tr\u00ean \u0111\u01b0\u1eddng cao t\u1ed1c. H\u1ec7 th\u1ed1ng s\u1ebd t\u1ef1 \u0111\u1ed9ng t\u0103ng t\u1ed1c v\u00e0 gi\u1ea3m t\u1ed1c gi\u00fap vi\u1ec7c l\u00e1i xe tho\u1ea3i m\u00e1i h\u01a1n.<\/li>\n<\/ul>\n<p><img decoding=\"async\" src=\"http:\/\/honda2.maugiaodien.com\/media\/2021\/12\/honda-crv-2021-4359-3.jpg\" alt=\"z1983857402605_1a1e9e8402b95ec6b1494f7778053474\" \/><\/p>\n<ul>\n<li><strong>H\u1ec7 th\u1ed1ng gi\u1ea3m thi\u1ec3u ch\u1ec7ch l\u00e0n \u0111\u01b0\u1eddng (RDM):<\/strong>\u00a0C\u1ea3nh b\u00e1o v\u00e0 h\u1ed7 tr\u1ee3 ng\u01b0\u1eddi l\u00e1i \u0111i \u0111\u00fang l\u00e0n \u0111\u01b0\u1eddng khi h\u1ec7 th\u1ed1ng ph\u00e1t hi\u1ec7n xe di chuy\u1ec3n qu\u00e1 g\u1ea7n ho\u1eb7c \u0111\u00e8 l\u00ean v\u1ea1ch k\u1ebb ph\u00e2n c\u00e1ch c\u00e1c l\u00e0n \u0111\u01b0\u1eddng.<\/li>\n<\/ul>\n<p><img decoding=\"async\" src=\"http:\/\/honda2.maugiaodien.com\/media\/2021\/12\/honda-crv-2021-4359-4.jpg\" alt=\"z1983857403360_0cd7da14c6e41d7f6c0e652d4a8391ca\" \/><\/p>\n<ul>\n<li><strong>H\u1ec7 th\u1ed1ng h\u1ed7 tr\u1ee3 gi\u1eef l\u00e0n \u0111\u01b0\u1eddng (LKAS):<\/strong>\u00a0H\u1ed7 tr\u1ee3 \u0111\u00e1nh l\u00e1i \u0111\u1ec3 gi\u1eef cho xe lu\u00f4n \u0111i \u1edf gi\u1eefa l\u00e0n \u0111\u01b0\u1eddng, \u0111\u1ed3ng th\u1eddi hi\u1ec3n th\u1ecb c\u1ea3nh b\u00e1o trong tr\u01b0\u1eddng h\u1ee3p xe \u0111i ch\u1ec7ch kh\u1ecfi l\u00e0n \u0111\u01b0\u1eddng.<\/li>\n<\/ul>\n<p><img decoding=\"async\" src=\"http:\/\/honda2.maugiaodien.com\/media\/2021\/12\/honda-crv-2021-4359-5.jpg\" alt=\"z1983857402603_0b4ed31093747a842c1530eb8c5bec40\" \/><\/p>\n<p>B\u00ean c\u1ea1nh \u0111\u00f3, phi\u00ean b\u1ea3n m\u1edbi\u00a0<strong>Honda CR-V 2021<\/strong>\u00a0c\u00f2n \u0111\u01b0\u1ee3c trang b\u1ecb\u00a0<strong>Camera quan s\u00e1t l\u00e0n \u0111\u01b0\u1eddng (Honda LaneWatch)<\/strong>\u00a0gi\u00fap c\u1ea3i thi\u1ec7n t\u1ea7m nh\u00ecn c\u1ee7a ng\u01b0\u1eddi l\u00e1i l\u1edbn h\u01a1n g\u1ea7n b\u1ed1n l\u1ea7n so v\u1edbi ch\u1ec9 s\u1eed d\u1ee5ng g\u01b0\u01a1ng ph\u00eda h\u00e0nh kh\u00e1ch. Nh\u1edd v\u1eady, ng\u01b0\u1eddi l\u00e1i xe c\u00f3 th\u1ec3 d\u1ec5 d\u00e0ng nh\u00ecn th\u1ea5y to\u00e0n c\u1ea3nh giao th\u00f4ng, ng\u01b0\u1eddi \u0111i b\u1ed9 ho\u1eb7c c\u00e1c v\u1eadt th\u1ec3 th\u01b0\u1eddng xuy\u00ean xu\u1ea5t hi\u1ec7n trong v\u00f9ng \u0111i\u1ec3m m\u00f9. H\u01a1n th\u1ebf n\u1eefa, nh\u1eb1m t\u1ed1i \u0111a h\u00f3a s\u1ef1 ti\u1ec7n nghi cho kh\u00e1ch h\u00e0ng, Honda c\u00f2n trang b\u1ecb th\u00eam c\u00e1c c\u00f4ng ngh\u1ec7 \u01b0u vi\u1ec7t cho\u00a0<strong>Honda CR-V 2021<\/strong>:\u00a0<strong>C\u00f4ng ngh\u1ec7 s\u1ea1c kh\u00f4ng d\u00e2y v\u00e0 C\u1ed1p ch\u1ec9nh \u0111i\u1ec7n v\u1edbi t\u00ednh n\u0103ng m\u1edf c\u1ed1p r\u1ea3nh tay.<\/strong><\/p>\n<p><strong>II. NH\u1eeeNG GI\u00c1 TR\u1eca N\u1ed4I B\u1eacT C\u1ee6A CR-V TH\u1ebe H\u1ec6 M\u1edaI<\/strong><\/p>\n<p><strong>1. M\u1ea0NH M\u1ebc<\/strong><\/p>\n<p><strong>Honda CRV 2021<\/strong>\u00a0b\u1ea3n n\u00e2ng c\u1ea5p cho th\u1ea5y s\u1ee9c m\u1ea1nh v\u00f4 song v\u00e0 uy l\u1ef1c v\u01b0\u1ee3t tr\u1ed9i \u0111\u1ebfn t\u1eeb kh\u1ea3 n\u0103ng v\u1eadn h\u00e0nh c\u0169ng nh\u01b0 ki\u1ec3u d\u00e1ng thi\u1ebft k\u1ebf, v\u01b0\u01a1n xa h\u01a1n gi\u1edbi h\u1ea1n c\u1ee7a m\u1ed9t chi\u1ebfc SUV th\u00f4ng th\u01b0\u1eddng.<\/p>\n<p><img decoding=\"async\" src=\"http:\/\/honda2.maugiaodien.com\/media\/2021\/12\/honda-crv-2021-4359-6.jpg\" alt=\"1.5L VTEC TURBO engine\" \/><\/p>\n<p><span lang=\"TH\">V\u1edbi h\u00e0ng<\/span><span lang=\"TH\">\u00a0<\/span><span lang=\"TH\">lo\u1ea1t c\u1ea3i ti\u1ebfn v\u1ec1 c\u00f4ng ngh\u1ec7, \u0111\u1eb7c bi\u1ec7t l\u00e0 vi\u1ec7c n\u00e2ng c\u1ea5p \u0111\u1ed9ng c\u01a1,\u00a0<strong>Honda CRV 2021<\/strong>\u00a0v<\/span>\u1edbi<span lang=\"TH\">\u00a0kh\u1ea3 n\u0103ng v\u1eadn h\u00e0nh m\u1ea1nh m\u1ebd<\/span><span lang=\"TH\">\u00a0<\/span><span lang=\"TH\">s\u1ebd kh\u01a1i d\u1eady \u1edf kh\u00e1ch h\u00e0ng s\u1ef1 h\u1ee9ng kh\u1edfi v\u00e0 ni\u1ec1m vui c\u1ea7m l\u00e1i b\u1ea5t t\u1eadn tr\u00ean m\u1ecdi\u00a0<\/span>h\u00e0nh tr\u00ecnh.<span lang=\"TH\">\u00a0<\/span>\u201cTr\u00e1i tim\u201d c\u1ee7a\u00a0<strong>Honda CRV 2021<\/strong>\u00a0l\u00e0 \u0111\u1ed9ng c\u01a1 t\u0103ng \u00e1p 1.5L VTEC TURBO v\u1eadn h\u00e0nh m\u1ea1nh m\u1ebd, v\u01b0\u1ee3t tr\u1ed9i v\u1edbi c\u00f4ng su\u1ea5t c\u1ef1c \u0111\u1ea1i l\u00ean t\u1edbi 188hp\/5600rpm t\u01b0\u01a1ng \u0111\u01b0\u01a1ng v\u1edbi \u0111\u1ed9ng c\u01a1 2.5L kh\u00ed n\u1ea1p th\u00f4ng th\u01b0\u1eddng nh\u01b0ng v\u1eabn ti\u1ebft ki\u1ec7m nhi\u00ean li\u1ec7u v\u1edbi m\u1ee9c ti\u00eau hao trung b\u00ecnh ch\u1ec9 6,9L\/100km, hi\u1ec7u qu\u1ea3 h\u01a1n so v\u1edbi m\u1ee9c 8,4L\/100km c\u1ee7a \u0111\u1ed9ng c\u01a1 2.4L tr\u00ean th\u1ebf h\u1ec7 tr\u01b0\u1edbc. H\u1ed9p s\u1ed1 v\u00f4 c\u1ea5p CVT c\u1ee7a\u00a0<strong>Honda CRV 2021<\/strong>\u00a0l\u00e0 b\u01b0\u1edbc c\u1ea3i ti\u1ebfn v\u01b0\u1ee3t b\u1eadc v\u1edbi thi\u1ebft k\u1ebf b\u1ed9 gi\u1ea3m ch\u1ea5n k\u00e9p c\u1ee7a tua bin cho b\u1ed9 bi\u1ebfn m\u00f4, gi\u00fap ki\u1ec3m so\u00e1t chuy\u1ec3n s\u1ed1 ch\u1eb7t ch\u1ebd h\u01a1n v\u00e0 gi\u1ea3m \u0111\u1ed9 tr\u1ec5 t\u0103ng \u00e1p. H\u1ed9p s\u1ed1 c\u0169ng k\u1ebft h\u1ee3p nh\u1eefng tinh ch\u1ec9nh trong gi\u1ea3m ch\u1ea5n ly h\u1ee3p kh\u00f3a v\u00e0 b\u1ed9 bi\u1ebfn m\u00f4 khi \u0111\u01b0\u1ee3c trang b\u1ecb c\u00f9ng v\u1edbi \u0111\u1ed9ng c\u01a1 t\u0103ng \u00e1p mang \u0111\u1ebfn c\u1ea3m gi\u00e1c \u00eam \u00e1i khi b\u1eaft \u0111\u1ea7u t\u0103ng t\u1ed1c.<\/p>\n<p><img decoding=\"async\" src=\"http:\/\/honda2.maugiaodien.com\/media\/2021\/12\/honda-crv-2021-4359-7.jpg\" alt=\"2HY Suspension image\" \/><\/p>\n<p>Xoay quanh \u00fd t\u01b0\u1edfng v\u1ec1 m\u1ed9t \u201cChi\u1ebfc xe N\u0103ng \u0111\u1ed9ng, Ti\u1ec7n d\u1ee5ng v\u00e0 Th\u1eddi th\u01b0\u1ee3ng\u201d,\u00a0<strong>Honda CRV 2021\u00a0<\/strong>s\u1edf h\u1eefu ki\u1ec3u d\u00e1ng thi\u1ebft k\u1ebf g\u00f3c c\u1ea1nh v\u00e0 \u0111\u1ea7y uy l\u1ef1c. Y\u1ebfu t\u1ed1 ch\u1ee7 \u0111\u1ea1o \u0111em \u0111\u1ebfn cho\u00a0<strong>Honda CRV 2021<\/strong>\u00a0s\u1ef1 kh\u1ecfe kho\u1eafn v\u00e0 v\u1eefng ch\u00e3i l\u00e0 c\u00e1c chi ti\u1ebft: v\u00f2m b\u00e1nh xe \u0111\u1eadm ch\u1ea5t th\u1ec3 thao, ph\u1ea7n mui xe \u0111\u01b0\u1ee3c k\u00e9o d\u00e0i c\u00f9ng nh\u1eefng \u0111\u01b0\u1eddng g\u00e2n \u1ea5n t\u01b0\u1ee3ng ch\u1ea1y d\u1ecdc th\u00e2n xe mang t\u00ednh kh\u00ed \u0111\u1ed9ng h\u1ecdc cao, ph\u1ea7n \u0111u\u00f4i xe \u0111\u01b0\u1ee3c thi\u1ebft k\u1ebf l\u1ea1i g\u1ecdn v\u00e0 s\u1eafc s\u1ea3o h\u01a1n, kho\u1ea3ng s\u00e1ng g\u1ea7m t\u0103ng l\u00ean \u0111\u00e1ng k\u1ec3 \u0111em l\u1ea1i cho chi\u1ebfc xe d\u00e1ng v\u1ebb nam t\u00ednh \u0111\u1ea7y cu\u1ed1n h\u00fat. H\u00f4ng xe v\u00e0 ph\u1ea7n ch\u1eafn b\u00f9n \u0111\u01b0\u1ee3c m\u1edf r\u1ed9ng mang l\u1ea1i c\u1ea3m gi\u00e1c v\u1eefng v\u00e0ng tuy\u1ec7t \u0111\u1ed1i.<\/p>\n<p><strong>2. TI\u1ec6N NGHI<\/strong><\/p>\n<p><strong>Honda CRV 2021\u00a0<\/strong>\u00a0ti\u1ebfp t\u1ee5c n\u00e2ng t\u1ea7m n\u00e9t \u0111\u1eb7c tr\u01b0ng \u1ea5n t\u01b0\u1ee3ng v\u1ed1n c\u00f3 c\u1ee7a d\u00f2ng xe CR-V, \u0111\u00f3 ch\u00ednh l\u00e0 kh\u00f4ng gian r\u1ed9ng r\u00e3i v\u1edbi chi\u1ec1u\u00a0<strong>d\u00e0i t\u1ed5ng th\u1ec3 t\u0103ng 39mm<\/strong>\u00a0 v\u00e0 linh ho\u1ea1t, s\u1ef1 ti\u1ec7n nghi, c\u1ea3m gi\u00e1c tho\u1ea3i m\u00e1i d\u00f9 ng\u1ed3i \u1edf v\u1ecb tr\u00ed c\u1ea7m l\u00e1i hay ng\u1ed3i \u1edf c\u00e1c v\u1ecb tr\u00ed kh\u00e1c tr\u00ean xe. V\u00e0 quan tr\u1ecdng nh\u1ea5t, v\u1edbi c\u00f4ng ngh\u1ec7 an to\u00e0n v\u01b0\u1ee3t tr\u1ed9i\u00a0<strong>Honda Sensing<\/strong>\u00a0v\u00e0\u00a0<strong>Honda LaneWatch<\/strong>\u00a0c\u1ee7a Honda, l\u00e1i xe s\u1ebd lu\u00f4n an t\u00e2m v\u1eefng b\u01b0\u1edbc tr\u00ean m\u1ecdi ch\u1eb7ng \u0111\u01b0\u1eddng.<\/p>\n<p><img decoding=\"async\" src=\"http:\/\/honda2.maugiaodien.com\/media\/2021\/12\/honda-crv-2021-4359-8.jpg\" alt=\"Noi that 7 cho\" \/><\/p>\n<p>Thay \u0111\u1ed5i l\u1edbn nh\u1ea5t \u1edf n\u1ed9i th\u1ea5t c\u1ee7a\u00a0<strong>Honda CRV 2021<\/strong>\u00a0l\u00e0 s\u1ef1 xu\u1ea5t hi\u1ec7n c\u1ee7a h\u00e0ng gh\u1ebf th\u1ee9 3, mang t\u1edbi kh\u00f4ng gian r\u1ed9ng r\u00e3i v\u00e0 linh ho\u1ea1t b\u1ea5t ng\u1edd, \u0111\u1ee7 ch\u1ed7 cho 7 ng\u01b0\u1eddi. H\u00e0ng gh\u1ebf th\u1ee9 2 v\u00e0 th\u1ee9 3 \u0111\u01b0\u1ee3c thi\u1ebft k\u1ebf t\u00f9y ch\u1ec9nh c\u00f3 th\u1ec3 g\u1eadp ph\u1eb3ng ho\u00e0n to\u00e0n ho\u1eb7c 60\/40, h\u1ebft s\u1ee9c linh ho\u1ea1t \u0111\u00e1p \u1ee9ng cho \u0111a d\u1ea1ng c\u00e1c m\u1ee5c \u0111\u00edch s\u1eed d\u1ee5ng, ch\u1edf 5-7 h\u00e0nh kh\u00e1ch ho\u1eb7c t\u1ed1i \u0111a h\u00f3a ho\u00e0n to\u00e0n khoang ch\u1ee9a \u0111\u1ed3.<\/p>\n<p><img decoding=\"async\" class=\"aligncenter\" src=\"http:\/\/honda2.maugiaodien.com\/media\/2021\/12\/honda-crv-2021-4359-9.jpg\" alt=\"a4seat\" \/><\/p>\n<p><strong>Honda CRV 2021<\/strong>\u00a0v\u1edbi m\u1ee5c ti\u00eau \u0111em \u0111\u1ebfn m\u1ed9t chi\u1ebfc xe an to\u00e0n t\u1ed1i \u01b0u, t\u0103ng c\u01b0\u1eddng b\u1ea3o v\u1ec7 to\u00e0n di\u1ec7n ng\u01b0\u1eddi l\u00e1i, ng\u01b0\u1eddi \u0111i \u0111\u01b0\u1eddng v\u00e0 c\u00e1c ph\u01b0\u01a1ng ti\u1ec7n xung quanh.\u00a0<strong>Honda CRV 2021<\/strong>\u00a0\u0111\u00e3 tr\u1edf th\u00e0nh m\u1eabu xe \u0111\u1ea7u ti\u00ean \u0111\u1ea1t ti\u00eau chu\u1ea9n an to\u00e0n 5 sao ASEAN NCAP theo khung ti\u00eau chu\u1ea9n \u0111\u00e1nh gi\u00e1 m\u1edbi 2017-2020. M\u1eabu xe \u0111\u01b0\u1ee3c trang b\u1ecb h\u1ec7 th\u1ed1ng an to\u00e0n h\u00e0ng \u0111\u1ea7u c\u1ee7a Honda, trong \u0111\u00f3 H\u1ec7 th\u1ed1ng c\u1ea3nh b\u00e1o ch\u1ed1ng bu\u1ed3n ng\u1ee7, Phanh tay \u0111i\u1ec7n t\u1eed v\u00e0 Ch\u1ebf \u0111\u1ed9 gi\u1eef phanh t\u1ef1 \u0111\u1ed9ng l\u1ea7n \u0111\u1ea7u ti\u00ean \u0111\u01b0\u1ee3c trang b\u1ecb tr\u00ean\u00a0<strong>Honda CRV 2021<\/strong>. \u0110\u1eb7c bi\u1ec7t,\u00a0<strong>H\u1ec7 th\u1ed1ng c\u1ea3nh b\u00e1o ch\u1ed1ng bu\u1ed3n ng\u1ee7 (Driver Attention Monitoring)<\/strong>\u00a0ph\u00e1t hi\u1ec7n t\u00ecnh tr\u1ea1ng m\u1ea5t t\u1eadp trung c\u1ee7a ng\u01b0\u1eddi l\u00e1i khi \u0111i\u1ec1u khi\u1ec3n xe, v\u00ed d\u1ee5 nh\u01b0: m\u1ec7t m\u1ecfi, v\u00f4 th\u1ee9c ch\u1ee3p m\u1eaft c\u00f3 th\u1ec3 d\u1eabn \u0111\u1ebfn h\u1eadu qu\u1ea3 g\u00e2y ra tai n\u1ea1n giao th\u00f4ng, \u0111\u1ed3ng th\u1eddi, ph\u00e1t ra t\u00edn hi\u1ec7u c\u1ea3nh b\u00e1o b\u1eb1ng h\u00ecnh \u1ea3nh, \u00e2m thanh v\u00e0 rung v\u00f4 l\u0103ng \u0111\u1ec3 nh\u1eafc nh\u1edf l\u00e1i xe ngh\u1ec9 ng\u01a1i khi c\u1ea7n thi\u1ebft.<\/p>\n<p><strong>3. CAO C\u1ea4P<\/strong><\/p>\n<p><strong>Honda CRV 2021<\/strong>\u00a0kh\u01a1i d\u1eady c\u1ea3m gi\u00e1c tinh t\u1ebf, sang tr\u1ecdng \u0111\u1ebfn t\u1eeb nh\u1eefng t\u00ednh n\u0103ng v\u00e0 trang b\u1ecb \u01b0u vi\u1ec7t c\u00f9ng ch\u1ea5t li\u1ec7u n\u1ed9i th\u1ea5t \u0111\u01b0\u1ee3c n\u00e2ng c\u1ea5p m\u1ed9t c\u00e1ch to\u00e0n di\u1ec7n.<\/p>\n<p>Khoang l\u00e1i c\u1ee7a\u00a0<strong>Honda CRV 2021<\/strong>\u00a0g\u00e2y \u1ea5n t\u01b0\u1ee3ng nh\u1edd s\u1ef1 c\u00e2n b\u1eb1ng ho\u00e0n h\u1ea3o gi\u1eefa kh\u00f4ng gian r\u1ed9ng r\u00e3i, ch\u1ea5t li\u1ec7u cao c\u1ea5p, thi\u1ebft k\u1ebf sang tr\u1ecdng c\u00f9ng c\u00f4ng ngh\u1ec7 ti\u00ean ti\u1ebfn.<\/p>\n<p><img decoding=\"async\" class=\"aligncenter\" src=\"http:\/\/honda2.maugiaodien.com\/media\/2021\/12\/honda-crv-2021-4359-10.jpg\" alt=\"aseat12\" \/><\/p>\n<div>V\u1edbi \u00fd t\u01b0\u1edfng thi\u1ebft k\u1ebf h\u01b0\u1edbng t\u1edbi m\u1ed9t m\u1eabu xe \u0111\u00f4 th\u1ecb tuy\u1ec7t v\u1eddi, \u0111\u00e1p \u1ee9ng nhu c\u1ea7u th\u1ea9m m\u1ef9 v\u00e0 ti\u1ec7n \u00edch\u00a0(Urban BASE Beautility), n\u1ed9i th\u1ea5t c\u1ee7a\u00a0<strong>Honda CRV 2021<\/strong>\u00a0t\u1eadp trung v\u00e0o hai y\u1ebfu t\u1ed1 ch\u00ednh:\u00a0\u201cthi\u1ebft k\u1ebf sang tr\u1ecdng\u201d\u00a0v\u00e0\u00a0\u201cti\u1ec7n nghi cao c\u1ea5p\u201d; \u0111em \u0111\u1ebfn kh\u00f4ng gian r\u1ed9ng r\u00e3i, hi\u1ec7n \u0111\u1ea1i, an to\u00e0n v\u00e0 ti\u1ec7n d\u1ee5ng h\u00e0ng \u0111\u1ea7u. Ch\u1ea5t li\u1ec7u gh\u1ebf da cao c\u1ea5p c\u00f9ng c\u00e1c chi ti\u1ebft \u1ed1p g\u1ed7 v\u00e0 c\u00e1c t\u00ednh n\u0103ng hi\u1ec7n \u0111\u1ea1i khi\u1ebfn cho khoang l\u00e1i c\u1ee7a\u00a0<strong>Honda CRV 2021<\/strong>\u00a0tr\u1edf n\u00ean sang tr\u1ecdng v\u00e0 th\u1eddi th\u01b0\u1ee3ng. Nh\u1eb1m m\u1ee5c ti\u00eau th\u1ecfa m\u00e3n nhu c\u1ea7u gi\u1ea3i tr\u00ed, th\u01b0 gi\u00e3n,\u00a0<strong>Honda CRV 2021<\/strong>\u00a0trang b\u1ecb h\u1ec7 th\u1ed1ng m\u00e0n h\u00ecnh m\u00e0u 7 inch hi\u1ec3n th\u1ecb th\u00f4ng s\u1ed1 h\u00e0nh tr\u00ecnh (DII) v\u00e0 m\u00e0n h\u00ecnh gi\u1ea3i tr\u00ed Audio Display 7 inch v\u1edbi \u0111\u1ed9 ph\u00e2n gi\u1ea3i cao v\u00e0 c\u1ea3m \u1ee9ng m\u01b0\u1ee3t m\u00e0. H\u1ec7 th\u1ed1ng h\u1ed7 tr\u1ee3 k\u1ebft n\u1ed1i v\u1edbi \u0111i\u1ec7n tho\u1ea1i th\u00f4ng minh s\u1eed d\u1ee5ng h\u1ec7 \u0111i\u1ec1u h\u00e0nh iOS v\u00e0 Android (L, G) th\u00f4ng qua c\u1ed5ng k\u1ebft n\u1ed1i USB v\u00e0 Bluetooth, cho ph\u00e9p s\u1eed d\u1ee5ng t\u00ednh n\u0103ng \u0111i\u1ec1u khi\u1ec3n b\u1eb1ng gi\u1ecdng n\u00f3i \u0111\u1ec3 g\u1ecdi \u0111i\u1ec7n, nh\u1eafn tin (SMS), b\u1ea3n \u0111\u1ed3\/\u0111i\u1ec1u h\u01b0\u1edbng, ph\u00e1t nh\u1ea1c\u2026<br \/>\n<img decoding=\"async\" class=\"aligncenter\" src=\"http:\/\/honda2.maugiaodien.com\/media\/2021\/12\/honda-crv-2021-4359-11.jpg\" alt=\"aseat13\" \/>C\u1eeda s\u1ed5 tr\u1eddi to\u00e0n c\u1ea3nh Panorama (L) gi\u00fap kh\u00f4ng gian tr\u1ea7n xe tr\u1edf n\u00ean r\u1ed9ng r\u00e3i v\u00e0 tho\u00e1ng \u0111\u00e3ng b\u1ea5t ng\u1edd nh\u1edd t\u1ea5m tr\u01b0\u1ee3t c\u00f3 th\u1ec3 t\u00f9y ch\u1ec9nh t\u1eeb b\u00ean trong v\u1edbi 3 ch\u1ebf \u0111\u1ed9 kh\u00e1c nhau: Ch\u1ebf \u0111\u1ed9 th\u00f4ng gi\u00f3, Ch\u1ebf \u0111\u1ed9 \u0111\u00f3n \u00e1nh s\u00e1ng v\u00e0 Ch\u1ebf \u0111\u1ed9 ch\u1eafn s\u00e1ng, \u0111em \u0111\u1ebfn cho t\u1ea5t c\u1ea3 c\u00e1c h\u00e0nh kh\u00e1ch c\u1ea3m gi\u00e1c th\u01b0 th\u00e1i h\u01a1n bao gi\u1edd h\u1ebft.<\/div>\n<p><img decoding=\"async\" src=\"http:\/\/honda2.maugiaodien.com\/media\/2021\/12\/honda-crv-2021-4359-12.jpg\" alt=\"Cua so troi panorama\" \/><\/p>\n","protected":false},"excerpt":{"rendered":"<ul>\n<li>H\u1ed7 tr\u1ee3 mua xe tr\u1ea3 g\u00f3p<\/li>\n<li>\u0110\u0103ng k\u00fd l\u00e1i th\u1eed mi\u1ec5n ph\u00ed<\/li>\n<li>Nhi\u1ec1u ch\u01b0\u01a1ng tr\u00ecnh \u01b0u \u0111\u00e3i &amp; khuy\u1ebfn m\u00e3i<\/li>\n<li>Li\u00ean h\u1ec7 \u0111\u1ec3 \u0111\u01b0\u1ee3c t\u01b0 v\u1ea5n tr\u1ef1c ti\u1ebfp<\/li>\n<\/ul>\n","protected":false},"featured_media":4364,"template":"","meta":{"_acf_changed":false},"product_brand":[],"product_cat":[351],"product_tag":[360,361,359],"class_list":{"0":"post-4359","1":"product","2":"type-product","3":"status-publish","4":"has-post-thumbnail","6":"product_cat-honda-crv","7":"product_tag-mua-xe-honda-cr-v-tai-ba-don","8":"product_tag-mua-xe-honda-cr-v-tai-dong-hoi","9":"product_tag-mua-xe-honda-cr-v-tai-quang-binh","11":"first","12":"instock","13":"shipping-taxable","14":"product-type-simple"},"acf":[],"_links":{"self":[{"href":"https:\/\/khowordpress.com\/honda1\/wp-json\/wp\/v2\/product\/4359","targetHints":{"allow":["GET"]}}],"collection":[{"href":"https:\/\/khowordpress.com\/honda1\/wp-json\/wp\/v2\/product"}],"about":[{"href":"https:\/\/khowordpress.com\/honda1\/wp-json\/wp\/v2\/types\/product"}],"wp:featuredmedia":[{"embeddable":true,"href":"https:\/\/khowordpress.com\/honda1\/wp-json\/wp\/v2\/media\/4364"}],"wp:attachment":[{"href":"https:\/\/khowordpress.com\/honda1\/wp-json\/wp\/v2\/media?parent=4359"}],"wp:term":[{"taxonomy":"product_brand","embeddable":true,"href":"https:\/\/khowordpress.com\/honda1\/wp-json\/wp\/v2\/product_brand?post=4359"},{"taxonomy":"product_cat","embeddable":true,"href":"https:\/\/khowordpress.com\/honda1\/wp-json\/wp\/v2\/product_cat?post=4359"},{"taxonomy":"product_tag","embeddable":true,"href":"https:\/\/khowordpress.com\/honda1\/wp-json\/wp\/v2\/product_tag?post=4359"}],"curies":[{"name":"wp","href":"https:\/\/api.w.org\/{rel}","templated":true}]}}