{"id":2219,"date":"2018-04-06T02:12:36","date_gmt":"2018-04-05T19:12:36","guid":{"rendered":"http:\/\/hyundai3.maugiaodien.com\/?page_id=2219"},"modified":"2020-07-07T16:38:22","modified_gmt":"2020-07-07T09:38:22","slug":"dang-ky-lai-thu","status":"publish","type":"page","link":"https:\/\/khowordpress.com\/huyndai3\/dang-ky-lai-thu\/","title":{"rendered":"\u0110\u0103ng k\u00fd l\u00e1i th\u1eed"},"content":{"rendered":"<h1 style=\"text-align: center;\"><span style=\"color: #000080;\">CH\u01af\u01a0NG TR\u00ccNH L\u00c1I TH\u1eec XE<\/span><\/h1>\n<p><img loading=\"lazy\" decoding=\"async\" class=\"aligncenter size-full wp-image-3234\" src=\"http:\/\/hyundai3.maugiaodien.com\/wp-content\/uploads\/2020\/04\/after-global-title.png\" alt=\"After Global Title\" width=\"448\" height=\"8\" \/><\/p>\n<p>Hyundai Qu\u1ea3ng B\u00ecnh lu\u00f4n t\u1ea1o \u0111i\u1ec1u ki\u1ec7n cho kh\u00e1ch h\u00e0ng tr\u1ea3i nghi\u1ec7m xe, ch\u00fang t\u00f4i th\u01b0\u1eddng xuy\u00ean c\u00f3 c\u00e1c ch\u01b0\u01a1ng tr\u00ecnh H\u00e0nh tr\u00ecnh tr\u1ea3i nghi\u1ec7m l\u00e1i th\u1eed xe Hyundai, \u0111\u1eb7c bi\u1ec7t l\u00e0 c\u00e1c d\u00f2ng xe m\u1edbi ra m\u1eaft v\u00e0 nh\u1eadn \u0111\u01b0\u1ee3c s\u1ef1 \u1ee7ng h\u1ed9 c\u1ee7a c\u00e1c kh\u00e1ch h\u00e0ng t\u1ea1i Qu\u1ea3ng B\u00ecnh.<\/p>\n<p>Qu\u00fd kh\u00e1ch h\u00e0ng c\u00f3 nhu c\u1ea7u l\u00e1i th\u1eed tr\u1ea3i nghi\u1ec7m xe \u00f4 t\u00f4 Hyundai t\u1ea1i Qu\u1ea3ng B\u00ecnh vui l\u00f2ng <strong>ho\u00e0n th\u00e0nh form \u0111\u0103ng k\u00fd<\/strong> ho\u1eb7c<strong> li\u00ean h\u1ec7 ngay<\/strong> \u0110\u1ea0I L\u00dd HYUNDAI QU\u1ea2NG B\u00ccNH v\u1edbi c\u00e1c th\u00f4ng tin d\u01b0\u1edbi \u0111\u00e2y\u00a0\u2193<\/p>\n<p style=\"text-align: center;\">\n\n<div class=\"wpcf7 no-js\" id=\"wpcf7-f3279-o1\" lang=\"vi\" dir=\"ltr\" data-wpcf7-id=\"3279\">\n<div class=\"screen-reader-response\"><p role=\"status\" aria-live=\"polite\" aria-atomic=\"true\"><\/p> <ul><\/ul><\/div>\n<form action=\"\/huyndai3\/wp-json\/wp\/v2\/pages\/2219#wpcf7-f3279-o1\" method=\"post\" class=\"wpcf7-form init\" aria-label=\"Form li\u00ean h\u1ec7\" novalidate=\"novalidate\" data-status=\"init\">\n<fieldset class=\"hidden-fields-container\"><input type=\"hidden\" name=\"_wpcf7\" value=\"3279\" \/><input type=\"hidden\" name=\"_wpcf7_version\" value=\"6.1.4\" \/><input type=\"hidden\" name=\"_wpcf7_locale\" value=\"vi\" \/><input type=\"hidden\" name=\"_wpcf7_unit_tag\" value=\"wpcf7-f3279-o1\" \/><input type=\"hidden\" name=\"_wpcf7_container_post\" value=\"0\" \/><input type=\"hidden\" name=\"_wpcf7_posted_data_hash\" value=\"\" \/>\n<\/fieldset>\n<div class=\"form-dang-ky-lai-thu\">\n\t<h3 class=\"fancy-underline\">FORM \u0110\u0102NG K\u00dd L\u00c1I TH\u1eec\n\t<\/h3>\n\t<p><label> T\u00ean c\u1ee7a b\u1ea1n (*)<br \/>\n<span class=\"wpcf7-form-control-wrap\" data-name=\"your-name\"><input size=\"40\" maxlength=\"400\" class=\"wpcf7-form-control wpcf7-text wpcf7-validates-as-required\" aria-required=\"true\" aria-invalid=\"false\" placeholder=\"Nh\u1eadp t\u00ean c\u1ee7a b\u1ea1n...\" value=\"\" type=\"text\" name=\"your-name\" \/><\/span> <\/label>\n\t<\/p>\n\t<p><label> S\u1ed1 \u0111i\u1ec7n tho\u1ea1i (*)<br \/>\n<span class=\"wpcf7-form-control-wrap\" data-name=\"your-sdt\"><input size=\"40\" maxlength=\"400\" class=\"wpcf7-form-control wpcf7-tel wpcf7-validates-as-required wpcf7-text wpcf7-validates-as-tel\" aria-required=\"true\" aria-invalid=\"false\" placeholder=\"Nh\u1eadp s\u0111t b\u1ea1n \u0111ang s\u1eed d\u1ee5ng...\" value=\"\" type=\"tel\" name=\"your-sdt\" \/><\/span> <\/label>\n\t<\/p>\n\t<p><label> \u0110\u1ecba ch\u1ec9 Email (n\u1ebfu c\u00f3)<br \/>\n<span class=\"wpcf7-form-control-wrap\" data-name=\"your-email\"><input size=\"40\" maxlength=\"400\" class=\"wpcf7-form-control wpcf7-email wpcf7-text wpcf7-validates-as-email\" aria-invalid=\"false\" placeholder=\"Nh\u1eadp \u0111\u1ecba ch\u1ec9 email...\" value=\"\" type=\"email\" name=\"your-email\" \/><\/span> <\/label>\n\t<\/p>\n\t<p><label> B\u1ea1n mu\u1ed1n \u0111\u0103ng k\u00fd l\u00e1i th\u1eed d\u00f2ng xe g\u00ec? (*)<br \/>\n<span class=\"wpcf7-form-control-wrap\" data-name=\"dong-xe\"><select class=\"wpcf7-form-control wpcf7-select wpcf7-validates-as-required\" aria-required=\"true\" aria-invalid=\"false\" name=\"dong-xe\"><option value=\"\">&#8212;Vui l\u00f2ng ch\u1ecdn&#8212;<\/option><option value=\"Grand i10\">Grand i10<\/option><option value=\"Accent\">Accent<\/option><option value=\"Elantra\">Elantra<\/option><option value=\"Kona\">Kona<\/option><option value=\"Tucson\">Tucson<\/option><option value=\"Santafe\">Santafe<\/option><option value=\"Creta\">Creta<\/option><option value=\"Sonata\">Sonata<\/option><option value=\"Solati\">Solati<\/option><option value=\"Starex\">Starex<\/option><option value=\"County\">County<\/option><option value=\"I20 Active\">I20 Active<\/option><\/select><\/span> <\/label>\n\t<\/p>\n\t<p><label> Th\u00f4ng tin th\u00eam<br \/>\n<span class=\"wpcf7-form-control-wrap\" data-name=\"your-message\"><textarea cols=\"40\" rows=\"10\" maxlength=\"2000\" class=\"wpcf7-form-control wpcf7-textarea\" aria-invalid=\"false\" placeholder=\"C\u00f3 th\u1ec3 th\u00eam \u0111\u1ecba ch\u1ec9 c\u1ee7a b\u1ea1n, th\u00f4ng tin phi\u00ean b\u1ea3n xe mu\u1ed1n l\u00e1i th\u1eed ho\u1eb7c th\u1eddi gian ph\u00f9 h\u1ee3p \u0111\u1ec3 ch\u00fang t\u00f4i thu\u1eadt ti\u1ec7n s\u1eafp x\u1ebfp l\u1ecbch...\" name=\"your-message\"><\/textarea><\/span> <\/label>\n\t<\/p>\n\t<center>\n\t\t<p><input class=\"wpcf7-form-control wpcf7-submit has-spinner\" type=\"submit\" value=\"\u0110\u0103ng k\u00fd\" \/>\n\t\t<\/p>\n\t<\/center>\n<\/div><div class=\"wpcf7-response-output\" aria-hidden=\"true\"><\/div>\n<\/form>\n<\/div>\n\n<h3 style=\"text-align: center;\">\u0110\u1ea0I L\u00dd HYUNDAI QU\u1ea2NG B\u00ccNH<\/h3>\n<p style=\"text-align: center;\">\u0110C: QL1A, P. Ph\u00fa H\u1ea3i, TP. \u0110\u1ed3ng H\u1edbi, Qu\u1ea3ng B\u00ecnh<br \/>\nHotline: <a href=\"tel:0877222xxx\">0877.222.xxx<\/a> &#8211; MR. S\u01a0N<br \/>\nEmail: <a href=\"mailto:webdemo@gmail.com\">webdemo@gmail.com<\/a><br \/>\nWebsite: <a href=\"http:\/\/hyundai3.maugiaodien.com\/\">webdemo.com<\/a><\/p>\n","protected":false},"excerpt":{"rendered":"<p>CH\u01af\u01a0NG TR\u00ccNH L\u00c1I TH\u1eec XE Hyundai Qu\u1ea3ng B\u00ecnh lu\u00f4n t\u1ea1o \u0111i\u1ec1u ki\u1ec7n cho kh\u00e1ch h\u00e0ng tr\u1ea3i nghi\u1ec7m xe, ch\u00fang t\u00f4i th\u01b0\u1eddng xuy\u00ean c\u00f3 c\u00e1c ch\u01b0\u01a1ng tr\u00ecnh H\u00e0nh tr\u00ecnh tr\u1ea3i nghi\u1ec7m l\u00e1i th\u1eed xe Hyundai, \u0111\u1eb7c bi\u1ec7t l\u00e0 c\u00e1c d\u00f2ng xe m\u1edbi ra m\u1eaft v\u00e0 nh\u1eadn \u0111\u01b0\u1ee3c s\u1ef1 \u1ee7ng h\u1ed9 c\u1ee7a c\u00e1c kh\u00e1ch h\u00e0ng t\u1ea1i Qu\u1ea3ng..<\/p>\n","protected":false},"author":1,"featured_media":0,"parent":0,"menu_order":0,"comment_status":"open","ping_status":"closed","template":"page-right-sidebar.php","meta":{"footnotes":""},"class_list":["post-2219","page","type-page","status-publish","hentry"],"yoast_head":"<!-- This site is optimized with the Yoast SEO plugin v26.8 - https:\/\/yoast.com\/product\/yoast-seo-wordpress\/ -->\n<title>\u0110\u0103ng k\u00fd l\u00e1i th\u1eed - \u0110\u1ea1i L\u00fd Hyundai Qu\u1ea3ng B\u00ecnh<\/title>\n<meta name=\"description\" content=\"Hyundai Qu\u1ea3ng B\u00ecnh lu\u00f4n t\u1ea1o \u0111i\u1ec1u ki\u1ec7n cho kh\u00e1ch h\u00e0ng tr\u1ea3i nghi\u1ec7m xe, ch\u00fang t\u00f4i th\u01b0\u1eddng xuy\u00ean c\u00f3 c\u00e1c ch\u01b0\u01a1ng tr\u00ecnh H\u00e0nh tr\u00ecnh tr\u1ea3i nghi\u1ec7m l\u00e1i th\u1eed xe Hyundai, \u0111\u1eb7c bi\u1ec7t l\u00e0 c\u00e1c d\u00f2ng xe m\u1edbi ra m\u1eaft v\u00e0 nh\u1eadn \u0111\u01b0\u1ee3c s\u1ef1 \u1ee7ng h\u1ed9 c\u1ee7a c\u00e1c kh\u00e1ch h\u00e0ng t\u1ea1i Qu\u1ea3ng B\u00ecnh.\" \/>\n<meta name=\"robots\" content=\"noindex, follow, max-snippet:-1, max-image-preview:large, max-video-preview:-1\" \/>\n<meta property=\"og:locale\" content=\"vi_VN\" \/>\n<meta property=\"og:type\" content=\"article\" \/>\n<meta property=\"og:title\" content=\"\u0110\u0103ng k\u00fd l\u00e1i th\u1eed - \u0110\u1ea1i L\u00fd Hyundai Qu\u1ea3ng B\u00ecnh\" \/>\n<meta property=\"og:description\" content=\"Hyundai Qu\u1ea3ng B\u00ecnh lu\u00f4n t\u1ea1o \u0111i\u1ec1u ki\u1ec7n cho kh\u00e1ch h\u00e0ng tr\u1ea3i nghi\u1ec7m xe, ch\u00fang t\u00f4i th\u01b0\u1eddng xuy\u00ean c\u00f3 c\u00e1c ch\u01b0\u01a1ng tr\u00ecnh H\u00e0nh tr\u00ecnh tr\u1ea3i nghi\u1ec7m l\u00e1i th\u1eed xe Hyundai, \u0111\u1eb7c bi\u1ec7t l\u00e0 c\u00e1c d\u00f2ng xe m\u1edbi ra m\u1eaft v\u00e0 nh\u1eadn \u0111\u01b0\u1ee3c s\u1ef1 \u1ee7ng h\u1ed9 c\u1ee7a c\u00e1c kh\u00e1ch h\u00e0ng t\u1ea1i Qu\u1ea3ng B\u00ecnh.\" \/>\n<meta property=\"og:url\" content=\"https:\/\/khowordpress.com\/huyndai3\/dang-ky-lai-thu\/\" \/>\n<meta property=\"og:site_name\" content=\"\u0110\u1ea1i l\u00fd Hyundai\" \/>\n<meta property=\"article:publisher\" content=\"https:\/\/www.facebook.com\/sonqb.team\" \/>\n<meta property=\"article:modified_time\" content=\"2020-07-07T09:38:22+00:00\" \/>\n<meta property=\"og:image\" content=\"https:\/\/khowordpress.com\/huyndai3\/wp-content\/uploads\/2020\/04\/after-global-title.png\" \/>\n\t<meta property=\"og:image:width\" content=\"448\" \/>\n\t<meta property=\"og:image:height\" content=\"8\" \/>\n\t<meta property=\"og:image:type\" content=\"image\/png\" \/>\n<meta name=\"twitter:card\" content=\"summary_large_image\" \/>\n<meta name=\"twitter:site\" content=\"@sonqb_vn\" \/>\n<meta name=\"twitter:label1\" content=\"\u01af\u1edbc t\u00ednh th\u1eddi gian \u0111\u1ecdc\" \/>\n\t<meta name=\"twitter:data1\" content=\"1 ph\u00fat\" \/>\n<script type=\"application\/ld+json\" class=\"yoast-schema-graph\">{\"@context\":\"https:\/\/schema.org\",\"@graph\":[{\"@type\":\"WebPage\",\"@id\":\"https:\/\/khowordpress.com\/huyndai3\/dang-ky-lai-thu\/\",\"url\":\"https:\/\/khowordpress.com\/huyndai3\/dang-ky-lai-thu\/\",\"name\":\"\u0110\u0103ng k\u00fd l\u00e1i th\u1eed - \u0110\u1ea1i L\u00fd Hyundai Qu\u1ea3ng B\u00ecnh\",\"isPartOf\":{\"@id\":\"https:\/\/khowordpress.com\/huyndai3\/#website\"},\"primaryImageOfPage\":{\"@id\":\"https:\/\/khowordpress.com\/huyndai3\/dang-ky-lai-thu\/#primaryimage\"},\"image\":{\"@id\":\"https:\/\/khowordpress.com\/huyndai3\/dang-ky-lai-thu\/#primaryimage\"},\"thumbnailUrl\":\"http:\/\/hyundai3.maugiaodien.com\/wp-content\/uploads\/2020\/04\/after-global-title.png\",\"datePublished\":\"2018-04-05T19:12:36+00:00\",\"dateModified\":\"2020-07-07T09:38:22+00:00\",\"description\":\"Hyundai Qu\u1ea3ng B\u00ecnh lu\u00f4n t\u1ea1o \u0111i\u1ec1u ki\u1ec7n cho kh\u00e1ch h\u00e0ng tr\u1ea3i nghi\u1ec7m xe, ch\u00fang t\u00f4i th\u01b0\u1eddng xuy\u00ean c\u00f3 c\u00e1c ch\u01b0\u01a1ng tr\u00ecnh H\u00e0nh tr\u00ecnh tr\u1ea3i nghi\u1ec7m l\u00e1i th\u1eed xe Hyundai, \u0111\u1eb7c bi\u1ec7t l\u00e0 c\u00e1c d\u00f2ng xe m\u1edbi ra m\u1eaft v\u00e0 nh\u1eadn \u0111\u01b0\u1ee3c s\u1ef1 \u1ee7ng h\u1ed9 c\u1ee7a c\u00e1c kh\u00e1ch h\u00e0ng t\u1ea1i Qu\u1ea3ng B\u00ecnh.\",\"breadcrumb\":{\"@id\":\"https:\/\/khowordpress.com\/huyndai3\/dang-ky-lai-thu\/#breadcrumb\"},\"inLanguage\":\"vi\",\"potentialAction\":[{\"@type\":\"ReadAction\",\"target\":[\"https:\/\/khowordpress.com\/huyndai3\/dang-ky-lai-thu\/\"]}]},{\"@type\":\"ImageObject\",\"inLanguage\":\"vi\",\"@id\":\"https:\/\/khowordpress.com\/huyndai3\/dang-ky-lai-thu\/#primaryimage\",\"url\":\"http:\/\/hyundai3.maugiaodien.com\/wp-content\/uploads\/2020\/04\/after-global-title.png\",\"contentUrl\":\"http:\/\/hyundai3.maugiaodien.com\/wp-content\/uploads\/2020\/04\/after-global-title.png\"},{\"@type\":\"BreadcrumbList\",\"@id\":\"https:\/\/khowordpress.com\/huyndai3\/dang-ky-lai-thu\/#breadcrumb\",\"itemListElement\":[{\"@type\":\"ListItem\",\"position\":1,\"name\":\"Home\",\"item\":\"https:\/\/khowordpress.com\/huyndai3\/\"},{\"@type\":\"ListItem\",\"position\":2,\"name\":\"\u0110\u0103ng k\u00fd l\u00e1i th\u1eed\"}]},{\"@type\":\"WebSite\",\"@id\":\"https:\/\/khowordpress.com\/huyndai3\/#website\",\"url\":\"https:\/\/khowordpress.com\/huyndai3\/\",\"name\":\"\u0110\u1ea1i l\u00fd Hyundai\",\"description\":\"\",\"publisher\":{\"@id\":\"https:\/\/khowordpress.com\/huyndai3\/#organization\"},\"potentialAction\":[{\"@type\":\"SearchAction\",\"target\":{\"@type\":\"EntryPoint\",\"urlTemplate\":\"https:\/\/khowordpress.com\/huyndai3\/?s={search_term_string}\"},\"query-input\":{\"@type\":\"PropertyValueSpecification\",\"valueRequired\":true,\"valueName\":\"search_term_string\"}}],\"inLanguage\":\"vi\"},{\"@type\":\"Organization\",\"@id\":\"https:\/\/khowordpress.com\/huyndai3\/#organization\",\"name\":\"\u0110\u1ea1i l\u00fd Hyundai t\u1ea1i Qu\u1ea3ng B\u00ecnh\",\"url\":\"https:\/\/khowordpress.com\/huyndai3\/\",\"logo\":{\"@type\":\"ImageObject\",\"inLanguage\":\"vi\",\"@id\":\"https:\/\/khowordpress.com\/huyndai3\/#\/schema\/logo\/image\/\",\"url\":\"http:\/\/hyundai3.maugiaodien.com\/wp-content\/uploads\/2018\/03\/hyunhdai-quangbinh-logo-ok.png\",\"contentUrl\":\"http:\/\/hyundai3.maugiaodien.com\/wp-content\/uploads\/2018\/03\/hyunhdai-quangbinh-logo-ok.png\",\"width\":350,\"height\":100,\"caption\":\"\u0110\u1ea1i l\u00fd Hyundai t\u1ea1i Qu\u1ea3ng B\u00ecnh\"},\"image\":{\"@id\":\"https:\/\/khowordpress.com\/huyndai3\/#\/schema\/logo\/image\/\"},\"sameAs\":[\"https:\/\/www.facebook.com\/sonqb.team\",\"https:\/\/x.com\/sonqb_vn\"]}]}<\/script>\n<!-- \/ Yoast SEO plugin. -->","yoast_head_json":{"title":"\u0110\u0103ng k\u00fd l\u00e1i th\u1eed - \u0110\u1ea1i L\u00fd Hyundai Qu\u1ea3ng B\u00ecnh","description":"Hyundai Qu\u1ea3ng B\u00ecnh lu\u00f4n t\u1ea1o \u0111i\u1ec1u ki\u1ec7n cho kh\u00e1ch h\u00e0ng tr\u1ea3i nghi\u1ec7m xe, ch\u00fang t\u00f4i th\u01b0\u1eddng xuy\u00ean c\u00f3 c\u00e1c ch\u01b0\u01a1ng tr\u00ecnh H\u00e0nh tr\u00ecnh tr\u1ea3i nghi\u1ec7m l\u00e1i th\u1eed xe Hyundai, \u0111\u1eb7c bi\u1ec7t l\u00e0 c\u00e1c d\u00f2ng xe m\u1edbi ra m\u1eaft v\u00e0 nh\u1eadn \u0111\u01b0\u1ee3c s\u1ef1 \u1ee7ng h\u1ed9 c\u1ee7a c\u00e1c kh\u00e1ch h\u00e0ng t\u1ea1i Qu\u1ea3ng B\u00ecnh.","robots":{"index":"noindex","follow":"follow","max-snippet":"max-snippet:-1","max-image-preview":"max-image-preview:large","max-video-preview":"max-video-preview:-1"},"og_locale":"vi_VN","og_type":"article","og_title":"\u0110\u0103ng k\u00fd l\u00e1i th\u1eed - \u0110\u1ea1i L\u00fd Hyundai Qu\u1ea3ng B\u00ecnh","og_description":"Hyundai Qu\u1ea3ng B\u00ecnh lu\u00f4n t\u1ea1o \u0111i\u1ec1u ki\u1ec7n cho kh\u00e1ch h\u00e0ng tr\u1ea3i nghi\u1ec7m xe, ch\u00fang t\u00f4i th\u01b0\u1eddng xuy\u00ean c\u00f3 c\u00e1c ch\u01b0\u01a1ng tr\u00ecnh H\u00e0nh tr\u00ecnh tr\u1ea3i nghi\u1ec7m l\u00e1i th\u1eed xe Hyundai, \u0111\u1eb7c bi\u1ec7t l\u00e0 c\u00e1c d\u00f2ng xe m\u1edbi ra m\u1eaft v\u00e0 nh\u1eadn \u0111\u01b0\u1ee3c s\u1ef1 \u1ee7ng h\u1ed9 c\u1ee7a c\u00e1c kh\u00e1ch h\u00e0ng t\u1ea1i Qu\u1ea3ng B\u00ecnh.","og_url":"https:\/\/khowordpress.com\/huyndai3\/dang-ky-lai-thu\/","og_site_name":"\u0110\u1ea1i l\u00fd Hyundai","article_publisher":"https:\/\/www.facebook.com\/sonqb.team","article_modified_time":"2020-07-07T09:38:22+00:00","og_image":[{"width":448,"height":8,"url":"https:\/\/khowordpress.com\/huyndai3\/wp-content\/uploads\/2020\/04\/after-global-title.png","type":"image\/png"}],"twitter_card":"summary_large_image","twitter_site":"@sonqb_vn","twitter_misc":{"\u01af\u1edbc t\u00ednh th\u1eddi gian \u0111\u1ecdc":"1 ph\u00fat"},"schema":{"@context":"https:\/\/schema.org","@graph":[{"@type":"WebPage","@id":"https:\/\/khowordpress.com\/huyndai3\/dang-ky-lai-thu\/","url":"https:\/\/khowordpress.com\/huyndai3\/dang-ky-lai-thu\/","name":"\u0110\u0103ng k\u00fd l\u00e1i th\u1eed - \u0110\u1ea1i L\u00fd Hyundai Qu\u1ea3ng B\u00ecnh","isPartOf":{"@id":"https:\/\/khowordpress.com\/huyndai3\/#website"},"primaryImageOfPage":{"@id":"https:\/\/khowordpress.com\/huyndai3\/dang-ky-lai-thu\/#primaryimage"},"image":{"@id":"https:\/\/khowordpress.com\/huyndai3\/dang-ky-lai-thu\/#primaryimage"},"thumbnailUrl":"http:\/\/hyundai3.maugiaodien.com\/wp-content\/uploads\/2020\/04\/after-global-title.png","datePublished":"2018-04-05T19:12:36+00:00","dateModified":"2020-07-07T09:38:22+00:00","description":"Hyundai Qu\u1ea3ng B\u00ecnh lu\u00f4n t\u1ea1o \u0111i\u1ec1u ki\u1ec7n cho kh\u00e1ch h\u00e0ng tr\u1ea3i nghi\u1ec7m xe, ch\u00fang t\u00f4i th\u01b0\u1eddng xuy\u00ean c\u00f3 c\u00e1c ch\u01b0\u01a1ng tr\u00ecnh H\u00e0nh tr\u00ecnh tr\u1ea3i nghi\u1ec7m l\u00e1i th\u1eed xe Hyundai, \u0111\u1eb7c bi\u1ec7t l\u00e0 c\u00e1c d\u00f2ng xe m\u1edbi ra m\u1eaft v\u00e0 nh\u1eadn \u0111\u01b0\u1ee3c s\u1ef1 \u1ee7ng h\u1ed9 c\u1ee7a c\u00e1c kh\u00e1ch h\u00e0ng t\u1ea1i Qu\u1ea3ng B\u00ecnh.","breadcrumb":{"@id":"https:\/\/khowordpress.com\/huyndai3\/dang-ky-lai-thu\/#breadcrumb"},"inLanguage":"vi","potentialAction":[{"@type":"ReadAction","target":["https:\/\/khowordpress.com\/huyndai3\/dang-ky-lai-thu\/"]}]},{"@type":"ImageObject","inLanguage":"vi","@id":"https:\/\/khowordpress.com\/huyndai3\/dang-ky-lai-thu\/#primaryimage","url":"http:\/\/hyundai3.maugiaodien.com\/wp-content\/uploads\/2020\/04\/after-global-title.png","contentUrl":"http:\/\/hyundai3.maugiaodien.com\/wp-content\/uploads\/2020\/04\/after-global-title.png"},{"@type":"BreadcrumbList","@id":"https:\/\/khowordpress.com\/huyndai3\/dang-ky-lai-thu\/#breadcrumb","itemListElement":[{"@type":"ListItem","position":1,"name":"Home","item":"https:\/\/khowordpress.com\/huyndai3\/"},{"@type":"ListItem","position":2,"name":"\u0110\u0103ng k\u00fd l\u00e1i th\u1eed"}]},{"@type":"WebSite","@id":"https:\/\/khowordpress.com\/huyndai3\/#website","url":"https:\/\/khowordpress.com\/huyndai3\/","name":"\u0110\u1ea1i l\u00fd Hyundai","description":"","publisher":{"@id":"https:\/\/khowordpress.com\/huyndai3\/#organization"},"potentialAction":[{"@type":"SearchAction","target":{"@type":"EntryPoint","urlTemplate":"https:\/\/khowordpress.com\/huyndai3\/?s={search_term_string}"},"query-input":{"@type":"PropertyValueSpecification","valueRequired":true,"valueName":"search_term_string"}}],"inLanguage":"vi"},{"@type":"Organization","@id":"https:\/\/khowordpress.com\/huyndai3\/#organization","name":"\u0110\u1ea1i l\u00fd Hyundai t\u1ea1i Qu\u1ea3ng B\u00ecnh","url":"https:\/\/khowordpress.com\/huyndai3\/","logo":{"@type":"ImageObject","inLanguage":"vi","@id":"https:\/\/khowordpress.com\/huyndai3\/#\/schema\/logo\/image\/","url":"http:\/\/hyundai3.maugiaodien.com\/wp-content\/uploads\/2018\/03\/hyunhdai-quangbinh-logo-ok.png","contentUrl":"http:\/\/hyundai3.maugiaodien.com\/wp-content\/uploads\/2018\/03\/hyunhdai-quangbinh-logo-ok.png","width":350,"height":100,"caption":"\u0110\u1ea1i l\u00fd Hyundai t\u1ea1i Qu\u1ea3ng B\u00ecnh"},"image":{"@id":"https:\/\/khowordpress.com\/huyndai3\/#\/schema\/logo\/image\/"},"sameAs":["https:\/\/www.facebook.com\/sonqb.team","https:\/\/x.com\/sonqb_vn"]}]}},"_links":{"self":[{"href":"https:\/\/khowordpress.com\/huyndai3\/wp-json\/wp\/v2\/pages\/2219","targetHints":{"allow":["GET"]}}],"collection":[{"href":"https:\/\/khowordpress.com\/huyndai3\/wp-json\/wp\/v2\/pages"}],"about":[{"href":"https:\/\/khowordpress.com\/huyndai3\/wp-json\/wp\/v2\/types\/page"}],"author":[{"embeddable":true,"href":"https:\/\/khowordpress.com\/huyndai3\/wp-json\/wp\/v2\/users\/1"}],"replies":[{"embeddable":true,"href":"https:\/\/khowordpress.com\/huyndai3\/wp-json\/wp\/v2\/comments?post=2219"}],"version-history":[{"count":10,"href":"https:\/\/khowordpress.com\/huyndai3\/wp-json\/wp\/v2\/pages\/2219\/revisions"}],"predecessor-version":[{"id":3393,"href":"https:\/\/khowordpress.com\/huyndai3\/wp-json\/wp\/v2\/pages\/2219\/revisions\/3393"}],"wp:attachment":[{"href":"https:\/\/khowordpress.com\/huyndai3\/wp-json\/wp\/v2\/media?parent=2219"}],"curies":[{"name":"wp","href":"https:\/\/api.w.org\/{rel}","templated":true}]}}