{"id":2230,"date":"2018-04-06T02:24:52","date_gmt":"2018-04-05T19:24:52","guid":{"rendered":"http:\/\/hyundai3.maugiaodien.com\/?page_id=2230"},"modified":"2018-04-12T02:14:17","modified_gmt":"2018-04-11T19:14:17","slug":"chinh-sach-bao-hanh","status":"publish","type":"page","link":"https:\/\/khowordpress.com\/huyndai3\/chinh-sach-bao-hanh\/","title":{"rendered":"Ch\u00ednh s\u00e1ch b\u1ea3o h\u00e0nh"},"content":{"rendered":"<h1 class=\"page-title\" style=\"text-align: center;\">CH\u00cdNH S\u00c1CH B\u1ea2O H\u00c0NH<\/h1>\n<p>Kh\u00e1ch h\u00e0ng c\u00f3 quy\u1ec1n b\u1ea3o h\u00e0nh \u1edf b\u1ea5t c\u1ee9 \u0110\u1ea1i l\u00fd n\u00e0o c\u1ee7a Hyundai tr\u00ean to\u00e0n l\u00e3nh th\u1ed5 Vi\u1ec7t Nam v\u00e0 \u0111\u01b0\u1ee3c h\u01b0\u1edfng ch\u1ebf \u0111\u1ed9 b\u1ea3o h\u00e0nh theo ch\u00ednh s\u00e1ch theo qui \u0111\u1ecbnh.<\/p>\n<p><strong>Bao g\u1ed3m:<\/strong><\/p>\n<p>1. C\u00e1c \u0111i\u1ec1u kho\u1ea3n b\u1ea3o h\u00e0nh n\u00e0y \u0111\u01b0\u1ee3c \u00e1p d\u1ee5ng cho xe \u00f4 t\u00f4 Hyundai Th\u00e0nh C\u00f4ng Vi\u1ec7t Nam ph\u00e2n ph\u1ed1i th\u00f4ng qua c\u00e1c \u0110\u1ea1i l\u00fd \u1ee7y nhi\u1ec7m v\u00e0 ch\u1ec9 c\u00f3 gi\u00e1 tr\u1ecb trong ph\u1ea1m vi n\u01b0\u1edbc C\u1ed9ng h\u00f2a x\u00e3 h\u1ed9i ch\u1ee7 ngh\u0129a Vi\u1ec7t Nam.<\/p>\n<p>2. C\u00f4ng ty C\u1ed5 ph\u1ea7n \u00d4 t\u00f4 Hyundai Th\u00e0nh C\u00f4ng Vi\u1ec7t Nam ch\u1ecbu tr\u00e1ch nhi\u1ec7m b\u1ea3o h\u00e0nh cho m\u1ed7i chi\u1ebfc xe m\u1edbi \u0111\u01b0\u1ee3c ph\u00e2n ph\u1ed1i qua c\u00e1c \u0110\u1ea1i l\u00fd \u1ee7y nhi\u1ec7m v\u1ec1 c\u00e1c khi\u1ebfm khuy\u1ebft do v\u1eadt li\u1ec7u hay s\u1ea3n xu\u1ea5t trong \u0111i\u1ec1u ki\u1ec7n s\u1eed d\u1ee5ng v\u00e0 b\u1ea3o d\u01b0\u1ee1ng b\u00ecnh th\u01b0\u1eddng trong 2 n\u0103m ho\u1eb7c 50.000 km, t\u00f9y \u0111i\u1ec1u ki\u1ec7n n\u00e0o \u0111\u1ebfn tr\u01b0\u1edbc.<\/p>\n<p>3. C\u00e1c \u0110\u1ea1i l\u00fd \u1ee7y nhi\u1ec7m s\u1ebd ti\u1ebfn h\u00e0nh s\u1eeda ch\u1eefa hay thay th\u1ebf mi\u1ec5n ph\u00ed c\u00e1c ph\u1ee5 t\u00f9ng \u0111\u01b0\u1ee3c k\u1ebft lu\u1eadn l\u00e0 c\u00f3 sai h\u1ecfng trong gi\u1edbi h\u1ea1n b\u1ea3o h\u00e0nh (mi\u1ec5n ph\u00ed c\u1ea3 v\u1ec1 nh\u00e2n c\u00f4ng v\u00e0 ph\u1ee5 t\u00f9ng thay th\u1ebf). T\u1ea5t c\u1ea3 c\u00e1c ph\u1ee5 t\u00f9ng sai h\u1ecfng \u0111\u01b0\u1ee3c thay th\u1ebf b\u1eb1ng ph\u1ee5 t\u00f9ng m\u1edbi theo \u0111i\u1ec1u ki\u1ec7n b\u1ea3o h\u00e0nh s\u1ebd tr\u1edf th\u00e0nh t\u00e0i s\u1ea3n c\u1ee7a C\u00f4ng ty C\u1ed5 ph\u1ea7n \u00d4 t\u00f4 Hyundai Th\u00e0nh C\u00f4ng Vi\u1ec7t Nam.<\/p>\n<p>4. \u1eaec quy: Th\u1eddi h\u1ea1n b\u1ea3o h\u00e0nh b\u00ecnh \u1eafc quy l\u00e0 12 th\u00e1ng ho\u1eb7c 20.000 km t\u00f9y theo \u0111i\u1ec1u ki\u1ec7n n\u00e0o \u0111\u1ebfn tr\u01b0\u1edbc.<\/p>\n<p>5. T\u1ea5t c\u1ea3 c\u00e1c ph\u1ee5 ki\u1ec7n l\u1eafp \u0111\u1eb7t t\u1ea1i c\u00e1c \u0110\u1ea1i l\u00fd nh\u01b0: \u0111\u00e0i, \u1ed5 CD, \u1ed5 DVD, \u2026.b\u1ea3o h\u00e0nh d\u1ef1a theo \u0111i\u1ec1u ki\u1ec7n b\u1ea3o h\u00e0nh c\u1ee7a nh\u00e0 cung c\u1ea5p ph\u1ee5 ki\u1ec7n.<\/p>\n<p>\u0110i\u1ec1u ki\u1ec7n b\u1ea3o h\u00e0nh s\u1ebd kh\u00f4ng \u0111\u01b0\u1ee3c \u00e1p d\u1ee5ng cho<\/p>\n<p>1. B\u1ea5t c\u1ee9 m\u1ed9t h\u01b0 h\u1ecfng n\u00e0o x\u1ea3y ra do vi\u1ec7c kh\u00f4ng ti\u1ebfn h\u00e0nh b\u1ea3o d\u01b0\u1ee1ng \u0111\u1ecbnh k\u1ef3, b\u1ea3o qu\u1ea3n xe hay v\u1eadn chuy\u1ec3n xe kh\u00f4ng \u0111\u00fang quy c\u00e1ch.<\/p>\n<p>2. B\u1ea5t c\u1ee9 m\u1ed9t h\u01b0 h\u1ecfng n\u00e0o x\u1ea3y ra do vi\u1ec7c s\u1eeda ch\u1eefa hay b\u1ea3o d\u01b0\u1ee1ng kh\u00f4ng tu\u00e2n theo c\u00e1c ph\u01b0\u01a1ng ph\u00e1p nh\u01b0 ch\u1ec9 d\u1eabn c\u1ee7a C\u00f4ng ty C\u1ed5 ph\u1ea7n \u00d4 t\u00f4 Hyundai Th\u00e0nh C\u00f4ng Vi\u1ec7t Nam v\u00e0 b\u1ea5t c\u1ee9 h\u01b0 h\u1ecfng n\u00e0o l\u00e0 nguy\u00ean nh\u00e2n c\u1ee7a vi\u1ec7c s\u1eeda ch\u1eefa, \u0111i\u1ec1u ch\u1ec9nh kh\u00f4ng ph\u1ea3i do \u0110\u1ea1i l\u00fd \u1ee7y nhi\u1ec7m ti\u1ebfn h\u00e0nh.<\/p>\n<p>3. B\u1ea5t c\u1ee9 m\u1ed9t h\u01b0 h\u1ecfng n\u00e0o x\u1ea3y ra do xe l\u00e0m vi\u1ec7c qu\u00e1 t\u1ea3i, l\u00e1i xe tr\u00ean \u0111\u1ecba h\u00ecnh kh\u00f4ng ph\u00f9 h\u1ee3p hay v\u1eadn h\u00e0nh xe kh\u00f4ng theo c\u00e1c ph\u01b0\u01a1ng ph\u00e1p \u0111\u01b0\u1ee3c ch\u1ec9 ra trong s\u00e1ch h\u01b0\u1edbng d\u1eabn s\u1eed d\u1ee5ng hay v\u01b0\u1ee3t qu\u00e1 gi\u1edbi h\u1ea1n quy \u0111\u1ecbnh (t\u1ea3i tr\u1ecdng t\u1ed1i \u0111a, s\u1ed1 l\u01b0\u1ee3ng h\u00e0nh kh\u00e1ch, t\u1ed1c \u0111\u1ed9 \u0111\u1ed9ng c\u01a1 v\u00e0 c\u00e1c \u0111\u1eb7c \u0111i\u1ec3m kh\u00e1c).<\/p>\n<p>4. B\u1ea5t c\u1ee9 m\u1ed9t h\u01b0 h\u1ecfng n\u00e0o x\u1ea3y ra do vi\u1ec7c s\u1eed d\u1ee5ng c\u00e1c ph\u1ee5 t\u00f9ng, c\u00e1c lo\u1ea1i d\u1ea7u v\u00e0 h\u00f3a ch\u1ea5t hay c\u00e1c ph\u1ee5 ki\u1ec7n kh\u00f4ng ch\u00ednh hi\u1ec7u. Vi\u1ec7c s\u1eed d\u1ee5ng c\u00e1c ph\u1ee5 t\u00f9ng, c\u00e1c lo\u1ea1i d\u1ea7u v\u00e0 h\u00f3a ch\u1ea5t hay c\u00e1c ph\u1ee5 ki\u1ec7n kh\u00f4ng ch\u00ednh hi\u1ec7u c\u00f3 th\u1ec3 l\u00e0m gi\u1ea3m kh\u1ea3 n\u0103ng ho\u1ea1t \u0111\u1ed9ng v\u00e0 \u0111\u1ed9 tin c\u1eady c\u1ee7a xe. C\u00f4ng ty C\u1ed5 ph\u1ea7n \u00d4 t\u00f4 Hyundai Th\u00e0nh C\u00f4ng Vi\u1ec7t Nam s\u1ebd kh\u00f4ng ch\u1ecbu tr\u00e1ch nhi\u1ec7m v\u1ec1 c\u00e1c chi ph\u00ed li\u00ean quan \u0111\u1ebfn c\u00e1c ph\u1ee5 t\u00f9ng b\u1ecb h\u01b0 h\u1ecfng do vi\u1ec7c s\u1eed d\u1ee5ng c\u00e1c nhi\u00ean li\u1ec7u, c\u00e1c ch\u1ea5t b\u00f4i tr\u01a1n hay c\u00e1c h\u00f3a ch\u1ea5t (d\u1ea7u, d\u1ea7u phanh, n\u01b0\u1edbc l\u00e0m m\u00e1t v\u00e0 c\u00e1c lo\u1ea1i kh\u00e1c) kh\u00f4ng ch\u00ednh hi\u1ec7u.<\/p>\n<p>5. B\u1ea5t c\u1ee9 m\u1ed9t h\u01b0 h\u1ecfng n\u00e0o x\u1ea3y ra do nh\u1eefng s\u1eeda \u0111\u1ed5i m\u00e0 kh\u00f4ng \u0111\u01b0\u1ee3c C\u00f4ng ty C\u1ed5 ph\u1ea7n \u00d4 t\u00f4 Hyundai Th\u00e0nh C\u00f4ng Vi\u1ec7t Nam ph\u00ea duy\u1ec7t.<\/p>\n<p>6. C\u00e1c hi\u1ec7n t\u01b0\u1ee3ng nh\u01b0 ti\u1ebfng \u1ed3n, \u0111\u1ed9 rung, th\u1ea5m d\u1ea7u, \u0103n m\u00f2n hay gi\u1ea3m gi\u00e1 tr\u1ecb t\u1ef1 nhi\u00ean m\u00e0 kh\u00f4ng \u1ea3nh h\u01b0\u1edfng t\u1edbi ch\u1ea5t l\u01b0\u1ee3ng s\u1ea3n ph\u1ea9m, ch\u1ee9c n\u0103ng v\u00e0 hi\u1ec7u su\u1ea5t l\u00e0m vi\u1ec7c c\u1ee7a xe.<\/p>\n<p>7. C\u00e1c ph\u1ee5 t\u00f9ng hao m\u00f2n do s\u1eed d\u1ee5ng nh\u01b0 bu-gi, c\u00e1c b\u1ed9 l\u1ecdc nhi\u00ean li\u1ec7u, c\u00e1c b\u1ed9 l\u1ecdc d\u1ea7u, c\u00e1c b\u1ed9 l\u1ecdc gi\u00f3, m\u00e1 phanh, \u0111\u0129a ly h\u1ee3p, \u0111\u00e8n, c\u1ea7u ch\u00ec, ch\u1ed5i than, c\u1ea7n g\u1ea1t n\u01b0\u1edbc, d\u00e2y \u0111ai, l\u1ed1p xe v\u00e0 c\u00e1c b\u1ed9 ph\u1eadn b\u1eb1ng cao su, k\u00ednh v\u00e0 c\u00e1c danh m\u1ee5c ph\u1ee5 t\u00f9ng kh\u00e1c do C\u00f4ng ty C\u1ed5 ph\u1ea7n \u00d4 t\u00f4 Hyundai Th\u00e0nh C\u00f4ng Vi\u1ec7t Nam quy \u0111\u1ecbnh.<\/p>\n<p>8. C\u00e1c dung d\u1ecbch nh\u01b0 d\u1ea7u, m\u1ee1, dung d\u1ecbch \u0111i\u1ec7n ph\u00e2n cho \u1eafc quy, n\u01b0\u1edbc l\u00e0m m\u00e1t, b\u1ed9 t\u1ea3n nhi\u1ec7t v\u00e0 c\u00e1c danh m\u1ee5c kh\u00e1c do C\u00f4ng ty C\u1ed5 ph\u1ea7n \u00d4 t\u00f4 Hyundai Th\u00e0nh C\u00f4ng Vi\u1ec7t Nam quy \u0111\u1ecbnh.<\/p>\n<p>9. L \u00e0m s\u1ea1ch, ki\u1ec3m tra, \u0111i\u1ec1u ch\u1ec9nh v\u00e0 c\u00e1c h\u1ea1ng m\u1ee5c b\u1ea3o d\u01b0\u1ee1ng \u0111\u1ecbnh k\u1ef3 kh\u00e1c. C\u00e1c chi ph\u00ed ph\u00e1t sinh cho vi\u1ec7c ki\u1ec3m tra \u0111\u1ecbnh k\u1ef3 xe \u00f4 t\u00f4 do \u0110\u1ea1i l\u00fd th\u1ef1c hi\u1ec7n s\u1ebd kh\u00f4ng n\u1eb1m trong tr\u00e1ch nhi\u1ec7m b\u1ea3o h\u00e0nh c\u1ee7a C\u00f4ng ty C\u1ed5 ph\u1ea7n \u00d4 t\u00f4 Hyundai Th\u00e0nh C\u00f4ng Vi\u1ec7t Nam.<\/p>\n<p>10. B\u1ea5t c\u1ee9 m\u1ed9t kho\u1ea3n chi ph\u00ed n\u00e0o \u0111\u1ec3 kh\u1eafc ph\u1ee5c h\u1eadu qu\u1ea3 c\u1ee7a vi\u1ec7c s\u1eeda ch\u1eefa b\u1ea3o d\u01b0\u1ee1ng kh\u00f4ng \u0111\u00fang \u0111\u00e3 \u0111\u01b0\u1ee3c th\u1ef1c hi\u1ec7n tr\u01b0\u1edbc \u0111\u00f3. Chi ph\u00ed s\u1eefa ch\u1eefa n\u00e0y s\u1ebd do \u0110\u1ea1i l\u00fd \u1ee7y nhi\u1ec7m \u2013 n\u01a1i ti\u1ebfn h\u00e0nh c\u00f4ng vi\u1ec7c s\u1eeda ch\u1eefa sai \u0111\u00f3 \u2013 chi tr\u1ea3, k\u1ec3 c\u1ea3 khi th\u1eddi gian b\u1ea3o h\u00e0nh \u0111\u00e3 k\u00fd h\u1ebft. Kh\u00e1ch h\u00e0ng s\u1ebd kh\u00f4ng ph\u1ea3i tr\u1ea3 ti\u1ec1n cho nh\u1eefng c\u00f4ng vi\u1ec7c n\u00e0y.<\/p>\n<p>11. B\u1ea5t c\u1ee9 h\u01b0 h\u1ecfng n\u00e0o g\u00e2y ra b\u1edfi c\u00e1c y\u1ebfu t\u1ed1 ngo\u00e0i t\u1ea7m ki\u1ec3m so\u00e1t c\u1ee7a nh\u00e0 s\u1ea3n xu\u1ea5t nh\u01b0 th\u1ea3m h\u1ecda t\u1ef1 nhi\u00ean, ch\u00e1y n\u1ed5, va ch\u1ea1m, \u0111\u00e1 v\u0103ng, tr\u1ed9m c\u1eafp v\u00e0 c\u00e1c h\u01b0 h\u1ecfng x\u1ea3y ra sau \u0111\u00f3 do h\u1eadu qu\u1ea3 c\u1ee7a c\u00e1c s\u1ef1 ki\u1ec7n n\u00e0y, h\u01b0 h\u1ecfng n\u00e0o g\u00e2y ra b\u1edfi kh\u00f3i, c\u00e1c ch\u1ea5t h\u00f3a h\u1ecdc, ph\u00e2n chim, n\u01b0\u1edbc bi\u1ec3n, gi\u00f3 bi\u1ec3n, m\u01b0a ax\u00edt hay c\u00e1c hi\u1ec7n t\u01b0\u1ee3ng t\u01b0\u01a1ng t\u1ef1 kh\u00e1c.<\/p>\n<p>Ph\u1ee5 ph\u00ed li\u00ean quan \u0111\u1ebfn b\u1ea3o h\u00e0nh m\u00e0 kh\u00e1ch h\u00e0ng ph\u1ea3i tr\u1ea3:<\/p>\n<p>+ Ph\u1ee5 ph\u00ed cho vi\u1ec7c li\u00ean l\u1ea1c, \u1edf tr\u1ecd, \u0103n u\u1ed1ng v\u00e0 c\u00e1c m\u1ee5c kh\u00e1c do xe h\u1ecfng t\u1ea1i m\u1ed9t \u0111\u1ecba \u0111i\u1ec3m c\u00e1ch xa \u0110\u1ea1i l\u00fd<\/p>\n<p>+ B\u1ea5t c\u1ee9 chi ph\u00ed n\u00e0o li\u00ean quan \u0111\u1ebfn th\u01b0\u01a1ng t\u00edch c\u1ee7a ng\u01b0\u1eddi v\u00e0 thi\u1ec7t h\u1ea1i v\u1ec1 t\u00e0i s\u1ea3n (tr\u1eeb xe). Nh\u1eefng \u0111\u1ec1n b\u00f9 v\u1ec1 th\u1eddi gian, thi\u1ec7t h\u1ea1i trong vi\u1ec7c kinh doanh hay chi ph\u00ed thu\u00ea xe \u0111\u1ec3 s\u1eed d\u1ee5ng trong su\u1ed1t th\u1eddi gian s\u1eeda ch\u1eefa.<\/p>\n","protected":false},"excerpt":{"rendered":"<p>CH\u00cdNH S\u00c1CH B\u1ea2O H\u00c0NH Kh\u00e1ch h\u00e0ng c\u00f3 quy\u1ec1n b\u1ea3o h\u00e0nh \u1edf b\u1ea5t c\u1ee9 \u0110\u1ea1i l\u00fd n\u00e0o c\u1ee7a Hyundai tr\u00ean to\u00e0n l\u00e3nh th\u1ed5 Vi\u1ec7t Nam v\u00e0 \u0111\u01b0\u1ee3c h\u01b0\u1edfng ch\u1ebf \u0111\u1ed9 b\u1ea3o h\u00e0nh theo ch\u00ednh s\u00e1ch theo qui \u0111\u1ecbnh. Bao g\u1ed3m: 1. C\u00e1c \u0111i\u1ec1u kho\u1ea3n b\u1ea3o h\u00e0nh n\u00e0y \u0111\u01b0\u1ee3c \u00e1p d\u1ee5ng cho xe \u00f4 t\u00f4 Hyundai Th\u00e0nh..<\/p>\n","protected":false},"author":1,"featured_media":0,"parent":0,"menu_order":0,"comment_status":"open","ping_status":"closed","template":"page-right-sidebar.php","meta":{"footnotes":""},"class_list":["post-2230","page","type-page","status-publish","hentry"],"yoast_head":"<!-- This site is optimized with the Yoast SEO plugin v26.8 - https:\/\/yoast.com\/product\/yoast-seo-wordpress\/ -->\n<title>Ch\u00ednh s\u00e1ch b\u1ea3o h\u00e0nh - \u0110\u1ea1i L\u00fd Hyundai Qu\u1ea3ng B\u00ecnh<\/title>\n<meta name=\"robots\" content=\"noindex, follow, max-snippet:-1, max-image-preview:large, max-video-preview:-1\" \/>\n<meta property=\"og:locale\" content=\"vi_VN\" \/>\n<meta property=\"og:type\" content=\"article\" \/>\n<meta property=\"og:title\" content=\"Ch\u00ednh s\u00e1ch b\u1ea3o h\u00e0nh - \u0110\u1ea1i L\u00fd Hyundai Qu\u1ea3ng B\u00ecnh\" \/>\n<meta property=\"og:description\" content=\"CH\u00cdNH S\u00c1CH B\u1ea2O H\u00c0NH Kh\u00e1ch h\u00e0ng c\u00f3 quy\u1ec1n b\u1ea3o h\u00e0nh \u1edf b\u1ea5t c\u1ee9 \u0110\u1ea1i l\u00fd n\u00e0o c\u1ee7a Hyundai tr\u00ean to\u00e0n l\u00e3nh th\u1ed5 Vi\u1ec7t Nam v\u00e0 \u0111\u01b0\u1ee3c h\u01b0\u1edfng ch\u1ebf \u0111\u1ed9 b\u1ea3o h\u00e0nh theo ch\u00ednh s\u00e1ch theo qui \u0111\u1ecbnh. Bao g\u1ed3m: 1. C\u00e1c \u0111i\u1ec1u kho\u1ea3n b\u1ea3o h\u00e0nh n\u00e0y \u0111\u01b0\u1ee3c \u00e1p d\u1ee5ng cho xe \u00f4 t\u00f4 Hyundai Th\u00e0nh..\" \/>\n<meta property=\"og:url\" content=\"https:\/\/khowordpress.com\/huyndai3\/chinh-sach-bao-hanh\/\" \/>\n<meta property=\"og:site_name\" content=\"\u0110\u1ea1i l\u00fd Hyundai\" \/>\n<meta property=\"article:publisher\" content=\"https:\/\/www.facebook.com\/sonqb.team\" \/>\n<meta property=\"article:modified_time\" content=\"2018-04-11T19:14:17+00:00\" \/>\n<meta property=\"og:image\" content=\"https:\/\/khowordpress.com\/huyndai3\/wp-content\/uploads\/2018\/04\/bg-facebook.png\" \/>\n\t<meta property=\"og:image:width\" content=\"940\" \/>\n\t<meta property=\"og:image:height\" content=\"492\" \/>\n\t<meta property=\"og:image:type\" content=\"image\/png\" \/>\n<meta name=\"twitter:card\" content=\"summary_large_image\" \/>\n<meta name=\"twitter:site\" content=\"@sonqb_vn\" \/>\n<meta name=\"twitter:label1\" content=\"\u01af\u1edbc t\u00ednh th\u1eddi gian \u0111\u1ecdc\" \/>\n\t<meta name=\"twitter:data1\" content=\"8 ph\u00fat\" \/>\n<script type=\"application\/ld+json\" class=\"yoast-schema-graph\">{\"@context\":\"https:\/\/schema.org\",\"@graph\":[{\"@type\":\"WebPage\",\"@id\":\"https:\/\/khowordpress.com\/huyndai3\/chinh-sach-bao-hanh\/\",\"url\":\"https:\/\/khowordpress.com\/huyndai3\/chinh-sach-bao-hanh\/\",\"name\":\"Ch\u00ednh s\u00e1ch b\u1ea3o h\u00e0nh - \u0110\u1ea1i L\u00fd Hyundai Qu\u1ea3ng B\u00ecnh\",\"isPartOf\":{\"@id\":\"https:\/\/khowordpress.com\/huyndai3\/#website\"},\"datePublished\":\"2018-04-05T19:24:52+00:00\",\"dateModified\":\"2018-04-11T19:14:17+00:00\",\"breadcrumb\":{\"@id\":\"https:\/\/khowordpress.com\/huyndai3\/chinh-sach-bao-hanh\/#breadcrumb\"},\"inLanguage\":\"vi\",\"potentialAction\":[{\"@type\":\"ReadAction\",\"target\":[\"https:\/\/khowordpress.com\/huyndai3\/chinh-sach-bao-hanh\/\"]}]},{\"@type\":\"BreadcrumbList\",\"@id\":\"https:\/\/khowordpress.com\/huyndai3\/chinh-sach-bao-hanh\/#breadcrumb\",\"itemListElement\":[{\"@type\":\"ListItem\",\"position\":1,\"name\":\"Home\",\"item\":\"https:\/\/khowordpress.com\/huyndai3\/\"},{\"@type\":\"ListItem\",\"position\":2,\"name\":\"Ch\u00ednh s\u00e1ch b\u1ea3o h\u00e0nh\"}]},{\"@type\":\"WebSite\",\"@id\":\"https:\/\/khowordpress.com\/huyndai3\/#website\",\"url\":\"https:\/\/khowordpress.com\/huyndai3\/\",\"name\":\"\u0110\u1ea1i l\u00fd Hyundai\",\"description\":\"\",\"publisher\":{\"@id\":\"https:\/\/khowordpress.com\/huyndai3\/#organization\"},\"potentialAction\":[{\"@type\":\"SearchAction\",\"target\":{\"@type\":\"EntryPoint\",\"urlTemplate\":\"https:\/\/khowordpress.com\/huyndai3\/?s={search_term_string}\"},\"query-input\":{\"@type\":\"PropertyValueSpecification\",\"valueRequired\":true,\"valueName\":\"search_term_string\"}}],\"inLanguage\":\"vi\"},{\"@type\":\"Organization\",\"@id\":\"https:\/\/khowordpress.com\/huyndai3\/#organization\",\"name\":\"\u0110\u1ea1i l\u00fd Hyundai t\u1ea1i Qu\u1ea3ng B\u00ecnh\",\"url\":\"https:\/\/khowordpress.com\/huyndai3\/\",\"logo\":{\"@type\":\"ImageObject\",\"inLanguage\":\"vi\",\"@id\":\"https:\/\/khowordpress.com\/huyndai3\/#\/schema\/logo\/image\/\",\"url\":\"http:\/\/hyundai3.maugiaodien.com\/wp-content\/uploads\/2018\/03\/hyunhdai-quangbinh-logo-ok.png\",\"contentUrl\":\"http:\/\/hyundai3.maugiaodien.com\/wp-content\/uploads\/2018\/03\/hyunhdai-quangbinh-logo-ok.png\",\"width\":350,\"height\":100,\"caption\":\"\u0110\u1ea1i l\u00fd Hyundai t\u1ea1i Qu\u1ea3ng B\u00ecnh\"},\"image\":{\"@id\":\"https:\/\/khowordpress.com\/huyndai3\/#\/schema\/logo\/image\/\"},\"sameAs\":[\"https:\/\/www.facebook.com\/sonqb.team\",\"https:\/\/x.com\/sonqb_vn\"]}]}<\/script>\n<!-- \/ Yoast SEO plugin. -->","yoast_head_json":{"title":"Ch\u00ednh s\u00e1ch b\u1ea3o h\u00e0nh - \u0110\u1ea1i L\u00fd Hyundai Qu\u1ea3ng B\u00ecnh","robots":{"index":"noindex","follow":"follow","max-snippet":"max-snippet:-1","max-image-preview":"max-image-preview:large","max-video-preview":"max-video-preview:-1"},"og_locale":"vi_VN","og_type":"article","og_title":"Ch\u00ednh s\u00e1ch b\u1ea3o h\u00e0nh - \u0110\u1ea1i L\u00fd Hyundai Qu\u1ea3ng B\u00ecnh","og_description":"CH\u00cdNH S\u00c1CH B\u1ea2O H\u00c0NH Kh\u00e1ch h\u00e0ng c\u00f3 quy\u1ec1n b\u1ea3o h\u00e0nh \u1edf b\u1ea5t c\u1ee9 \u0110\u1ea1i l\u00fd n\u00e0o c\u1ee7a Hyundai tr\u00ean to\u00e0n l\u00e3nh th\u1ed5 Vi\u1ec7t Nam v\u00e0 \u0111\u01b0\u1ee3c h\u01b0\u1edfng ch\u1ebf \u0111\u1ed9 b\u1ea3o h\u00e0nh theo ch\u00ednh s\u00e1ch theo qui \u0111\u1ecbnh. Bao g\u1ed3m: 1. C\u00e1c \u0111i\u1ec1u kho\u1ea3n b\u1ea3o h\u00e0nh n\u00e0y \u0111\u01b0\u1ee3c \u00e1p d\u1ee5ng cho xe \u00f4 t\u00f4 Hyundai Th\u00e0nh..","og_url":"https:\/\/khowordpress.com\/huyndai3\/chinh-sach-bao-hanh\/","og_site_name":"\u0110\u1ea1i l\u00fd Hyundai","article_publisher":"https:\/\/www.facebook.com\/sonqb.team","article_modified_time":"2018-04-11T19:14:17+00:00","og_image":[{"width":940,"height":492,"url":"https:\/\/khowordpress.com\/huyndai3\/wp-content\/uploads\/2018\/04\/bg-facebook.png","type":"image\/png"}],"twitter_card":"summary_large_image","twitter_site":"@sonqb_vn","twitter_misc":{"\u01af\u1edbc t\u00ednh th\u1eddi gian \u0111\u1ecdc":"8 ph\u00fat"},"schema":{"@context":"https:\/\/schema.org","@graph":[{"@type":"WebPage","@id":"https:\/\/khowordpress.com\/huyndai3\/chinh-sach-bao-hanh\/","url":"https:\/\/khowordpress.com\/huyndai3\/chinh-sach-bao-hanh\/","name":"Ch\u00ednh s\u00e1ch b\u1ea3o h\u00e0nh - \u0110\u1ea1i L\u00fd Hyundai Qu\u1ea3ng B\u00ecnh","isPartOf":{"@id":"https:\/\/khowordpress.com\/huyndai3\/#website"},"datePublished":"2018-04-05T19:24:52+00:00","dateModified":"2018-04-11T19:14:17+00:00","breadcrumb":{"@id":"https:\/\/khowordpress.com\/huyndai3\/chinh-sach-bao-hanh\/#breadcrumb"},"inLanguage":"vi","potentialAction":[{"@type":"ReadAction","target":["https:\/\/khowordpress.com\/huyndai3\/chinh-sach-bao-hanh\/"]}]},{"@type":"BreadcrumbList","@id":"https:\/\/khowordpress.com\/huyndai3\/chinh-sach-bao-hanh\/#breadcrumb","itemListElement":[{"@type":"ListItem","position":1,"name":"Home","item":"https:\/\/khowordpress.com\/huyndai3\/"},{"@type":"ListItem","position":2,"name":"Ch\u00ednh s\u00e1ch b\u1ea3o h\u00e0nh"}]},{"@type":"WebSite","@id":"https:\/\/khowordpress.com\/huyndai3\/#website","url":"https:\/\/khowordpress.com\/huyndai3\/","name":"\u0110\u1ea1i l\u00fd Hyundai","description":"","publisher":{"@id":"https:\/\/khowordpress.com\/huyndai3\/#organization"},"potentialAction":[{"@type":"SearchAction","target":{"@type":"EntryPoint","urlTemplate":"https:\/\/khowordpress.com\/huyndai3\/?s={search_term_string}"},"query-input":{"@type":"PropertyValueSpecification","valueRequired":true,"valueName":"search_term_string"}}],"inLanguage":"vi"},{"@type":"Organization","@id":"https:\/\/khowordpress.com\/huyndai3\/#organization","name":"\u0110\u1ea1i l\u00fd Hyundai t\u1ea1i Qu\u1ea3ng B\u00ecnh","url":"https:\/\/khowordpress.com\/huyndai3\/","logo":{"@type":"ImageObject","inLanguage":"vi","@id":"https:\/\/khowordpress.com\/huyndai3\/#\/schema\/logo\/image\/","url":"http:\/\/hyundai3.maugiaodien.com\/wp-content\/uploads\/2018\/03\/hyunhdai-quangbinh-logo-ok.png","contentUrl":"http:\/\/hyundai3.maugiaodien.com\/wp-content\/uploads\/2018\/03\/hyunhdai-quangbinh-logo-ok.png","width":350,"height":100,"caption":"\u0110\u1ea1i l\u00fd Hyundai t\u1ea1i Qu\u1ea3ng B\u00ecnh"},"image":{"@id":"https:\/\/khowordpress.com\/huyndai3\/#\/schema\/logo\/image\/"},"sameAs":["https:\/\/www.facebook.com\/sonqb.team","https:\/\/x.com\/sonqb_vn"]}]}},"_links":{"self":[{"href":"https:\/\/khowordpress.com\/huyndai3\/wp-json\/wp\/v2\/pages\/2230","targetHints":{"allow":["GET"]}}],"collection":[{"href":"https:\/\/khowordpress.com\/huyndai3\/wp-json\/wp\/v2\/pages"}],"about":[{"href":"https:\/\/khowordpress.com\/huyndai3\/wp-json\/wp\/v2\/types\/page"}],"author":[{"embeddable":true,"href":"https:\/\/khowordpress.com\/huyndai3\/wp-json\/wp\/v2\/users\/1"}],"replies":[{"embeddable":true,"href":"https:\/\/khowordpress.com\/huyndai3\/wp-json\/wp\/v2\/comments?post=2230"}],"version-history":[{"count":5,"href":"https:\/\/khowordpress.com\/huyndai3\/wp-json\/wp\/v2\/pages\/2230\/revisions"}],"predecessor-version":[{"id":2452,"href":"https:\/\/khowordpress.com\/huyndai3\/wp-json\/wp\/v2\/pages\/2230\/revisions\/2452"}],"wp:attachment":[{"href":"https:\/\/khowordpress.com\/huyndai3\/wp-json\/wp\/v2\/media?parent=2230"}],"curies":[{"name":"wp","href":"https:\/\/api.w.org\/{rel}","templated":true}]}}