{"id":3240,"date":"2020-04-07T20:59:27","date_gmt":"2020-04-07T13:59:27","guid":{"rendered":"http:\/\/hyundai3.maugiaodien.com\/?page_id=3240"},"modified":"2020-04-08T14:04:30","modified_gmt":"2020-04-08T07:04:30","slug":"bang-gia-xe-hyundai-tai-quang-binh","status":"publish","type":"page","link":"https:\/\/khowordpress.com\/huyndai3\/bang-gia-xe-hyundai-tai-quang-binh\/","title":{"rendered":"B\u1ea3ng gi\u00e1 xe Hyundai t\u1ea1i Qu\u1ea3ng B\u00ecnh"},"content":{"rendered":"            <div class=\"devvn_muaoto_wrap\">\r\n                <div class=\"devvn_muaoto_title\"><img decoding=\"async\" src=\"https:\/\/khowordpress.com\/huyndai3\/wp-content\/plugins\/devvn-baogia-muaoto\/assets\/frontend\/du-toan-chi-phi.png\" alt=\"\"><\/div>\r\n                <div class=\"devvn_muaoto_left\">\r\n                    <table>\r\n                        <tbody>\r\n                            <tr>\r\n                                <td>D\u00f2ng xe:<\/td>\r\n                                <td>\r\n                                    <select name=\"devvn_nhomxe\" id=\"devvn_nhomxe\">\r\n                                        <option value=\"\">Vui l\u00f2ng ch\u1ecdn<\/option>\r\n                                                                                                                                    <option value=\"357\">T\u1ea5t c\u1ea3<\/option>\r\n                                                                                            <option value=\"356\">Xe du l\u1ecbch<\/option>\r\n                                                                                            <option value=\"355\">Xe SUV<\/option>\r\n                                                                                                                        <\/select>\r\n                                <\/td>\r\n                            <\/tr>\r\n                            <tr>\r\n                                <td>Phi\u00ean b\u1ea3n:<\/td>\r\n                                <td>\r\n                                    <select name=\"devvn_phienbanxe\" id=\"devvn_phienbanxe\">\r\n                                        <option value=\"\">Ch\u1ecdn xe<\/option>\r\n                                                                            <\/select>\r\n                                <\/td>\r\n                            <\/tr>\r\n                            <tr>\r\n                                <td>N\u01a1i \u0111\u0103ng k\u00fd:<\/td>\r\n                                <td>\r\n                                    <select name=\"devvn_chonnoimua\" id=\"devvn_chonnoimua\">\r\n                                                                                                                        <option value=\"Qu\u1ea3ng B\u00ecnh\">Qu\u1ea3ng B\u00ecnh<\/option>\r\n                                                                                                                <\/select>\r\n                                <\/td>\r\n                            <\/tr>\r\n                        <\/tbody>\r\n                        <tfoot>\r\n                            <tr>\r\n                                <td><\/td>\r\n                                <td><button type=\"button\" class=\"button_dutoanchiphi\">D\u1ef1 to\u00e1n chi ph\u00ed<\/button><\/td>\r\n                            <\/tr>\r\n                        <\/tfoot>\r\n                    <\/table>\r\n                    <div class=\"xe_thumb\"><\/div>\r\n                    <div class=\"devvn_muaxe_note\">* C\u00f4ng c\u1ee5 t\u00ednh to\u00e1n ch\u1ec9 mang t\u00ednh ch\u1ea5t tham kh\u1ea3o<\/div>\r\n                <\/div>\r\n                <div class=\"devvn_muaoto_right\">\r\n                    <table class=\"table_dutoanchiphi\">\r\n                        <tbody>\r\n                            <tr>\r\n                                <td>Gi\u00e1 ni\u00eam y\u1ebft:<\/td>\r\n                                <td>\r\n                                    <span class=\"giaxe_val\"><\/span>\r\n                                <\/td>\r\n                            <\/tr>\r\n                            <tr>\r\n                                <td>Gi\u1ea3m gi\u00e1:<\/td>\r\n                                <td>\r\n                                    <span class=\"discount_val\"><\/span>\r\n                                <\/td>\r\n                            <\/tr>\r\n                            <tr>\r\n                                <td>Gi\u00e1 b\u00e1n:<\/td>\r\n                                <td>\r\n                                    <span class=\"giaban_val\"><\/span>\r\n                                <\/td>\r\n                            <\/tr>\r\n                        <\/tbody>\r\n                    <\/table>\r\n                    <hr>\r\n                    <table class=\"table_dutoanchiphi\">\r\n                        <tbody>\r\n                            <tr>\r\n                                <td>Ph\u00ed tr\u01b0\u1edbc b\u1ea1:<\/td>\r\n                                <td>\r\n                                    <span class=\"phitruocba_val\"><\/span>\r\n                                <\/td>\r\n                            <\/tr>\r\n                            <tr>\r\n                                <td>Ph\u00ed \u0111\u0103ng Ki\u1ec3m :<\/td>\r\n                                <td>\r\n                                    240.000                                    <input type=\"hidden\" value=\"240000\" class=\"input_to_calc\">\r\n                                <\/td>\r\n                            <\/tr>\r\n                            <tr>\r\n                                <td>Ph\u00ed bi\u1ec3n s\u1ed1:<\/td>\r\n                                <td>\r\n                                    <span class=\"phibienso_val\"><\/span>\r\n                                <\/td>\r\n                            <\/tr>\r\n                            <tr>\r\n                                <td>\r\n                                    <label>\r\n                                        <input type=\"checkbox\" value=\"1\" name=\"enable_baohiemvatchat\" class=\"enable_baohiemvatchat\" checked>\r\n                                        B\u1ea3o hi\u1ec3m V\u1eadt Ch\u1ea5t:                                    <\/label>\r\n                                <\/td>\r\n                                <td>\r\n                                    <span class=\"baohiemvatchat_val\"><\/span>\r\n                                <\/td>\r\n                            <\/tr>\r\n                            <tr>\r\n                                <td>B\u1ea3o hi\u1ec3m d\u00e2n s\u1ef1:<\/td>\r\n                                <td>\r\n                                    <span class=\"baohiemdansu_val\"><\/span>\r\n                                <\/td>\r\n                            <\/tr>\r\n                            <tr>\r\n                                <td>Ph\u00ed \u0111\u01b0\u1eddng b\u1ed9 1 n\u0103m:<\/td>\r\n                                <td>\r\n                                    <span class=\"phiduongbo_val\"><\/span>\r\n                                <\/td>\r\n                            <\/tr>\r\n                            <tr>\r\n                                <td>Ph\u00ed d\u1ecbch v\u1ee5 \u0111\u0103ng k\u00fd :<\/td>\r\n                                <td>\r\n                                    <span class=\"phidichvudangky_val\"><\/span>\r\n                                <\/td>\r\n                            <\/tr>\r\n                        <\/tbody>\r\n                        <tfoot>\r\n                            <tr>\r\n                                <td>T\u1ed4NG CHI PH\u00cd L\u0102N B\u00c1NH:<\/td>\r\n                                <td><span class=\"tongdutoan_val\"><\/span><\/td>\r\n                            <\/tr>\r\n                        <\/tfoot>\r\n                    <\/table>\r\n                    <fieldset>\r\n                        <legend>B\u1ea3ng t\u00ednh \u0111\u00f3ng ti\u1ec1n xe<\/legend>\r\n                        <table class=\"table_dutoanchiphi\">\r\n                            <tbody>\r\n                                <tr>\r\n                                    <td>T\u1ed5ng chi ph\u00ed l\u0103n b\u00e1nh xe<\/td>\r\n                                    <td><span class=\"tienxe_val\"><\/span><\/td>\r\n                                <\/tr>\r\n                                <tr>\r\n                                    <td>T\u1ef7 l\u1ec7 vay ng\u00e2n h\u00e0ng<\/td>\r\n                                    <td><input type=\"number\" min=\"0\" max=\"80\" value=\"75\" style=\"width: 100px;\" name=\"vaynganhang\" class=\"vaynganhang\">%<\/td>\r\n                                <\/tr>\r\n                                <tr>\r\n                                    <td>S\u1ed1 ti\u1ec1n ng\u00e2n h\u00e0ng h\u1ed7 tr\u1ee3<\/td>\r\n                                    <td><span class=\"vaynganhang_val\"><\/span><\/td>\r\n                                <\/tr>\r\n                                <tr>\r\n                                    <td>S\u1ed1 ti\u1ec1n ph\u1ea3i thanh to\u00e1n<\/td>\r\n                                    <td><span class=\"tienthanhtoan_val\"><\/span><\/td>\r\n                                <\/tr>\r\n                                <tr>\r\n                                    <td>S\u1ed1 ti\u1ec1n \u0111\u00e3 c\u1ecdc<\/td>\r\n                                    <td><span class=\"dacoc_val\"><\/span><\/td>\r\n                                <\/tr>\r\n                                <tr>\r\n                                    <td>S\u1ed1 ti\u1ec1n c\u00f2n l\u1ea1i c\u1ea7n thanh to\u00e1n<\/td>\r\n                                    <td><span class=\"canthanhtoan_val\"><\/span><\/td>\r\n                                <\/tr>\r\n                            <\/tbody>\r\n                        <\/table>\r\n                        <small style=\"color: red;\">* Mua qua ng\u00e2n h\u00e0ng \"B\u1ea3o hi\u1ec3m v\u1eadt ch\u1ea5t\" l\u00e0 b\u1eaft bu\u1ed9c<\/small>\r\n                    <\/fieldset>\r\n                <\/div>\r\n            <\/div>\r\n            \n","protected":false},"excerpt":{"rendered":"","protected":false},"author":1,"featured_media":0,"parent":0,"menu_order":0,"comment_status":"closed","ping_status":"closed","template":"","meta":{"footnotes":""},"class_list":["post-3240","page","type-page","status-publish","hentry"],"yoast_head":"<!-- This site is optimized with the Yoast SEO plugin v26.8 - https:\/\/yoast.com\/product\/yoast-seo-wordpress\/ -->\n<title>B\u1ea3ng gi\u00e1 xe Hyundai t\u1ea1i Qu\u1ea3ng B\u00ecnh - \u0110\u1ea1i L\u00fd Hyundai Qu\u1ea3ng B\u00ecnh<\/title>\n<meta name=\"robots\" content=\"noindex, follow, max-snippet:-1, max-image-preview:large, max-video-preview:-1\" \/>\n<meta property=\"og:locale\" content=\"vi_VN\" \/>\n<meta property=\"og:type\" content=\"article\" \/>\n<meta property=\"og:title\" content=\"B\u1ea3ng gi\u00e1 xe Hyundai t\u1ea1i Qu\u1ea3ng B\u00ecnh - \u0110\u1ea1i L\u00fd Hyundai Qu\u1ea3ng B\u00ecnh\" \/>\n<meta property=\"og:url\" content=\"https:\/\/khowordpress.com\/huyndai3\/bang-gia-xe-hyundai-tai-quang-binh\/\" \/>\n<meta property=\"og:site_name\" content=\"\u0110\u1ea1i l\u00fd Hyundai\" \/>\n<meta property=\"article:publisher\" content=\"https:\/\/www.facebook.com\/sonqb.team\" \/>\n<meta property=\"article:modified_time\" content=\"2020-04-08T07:04:30+00:00\" \/>\n<meta property=\"og:image\" content=\"https:\/\/khowordpress.com\/huyndai3\/wp-content\/uploads\/2018\/04\/bg-facebook.png\" \/>\n\t<meta property=\"og:image:width\" content=\"940\" \/>\n\t<meta property=\"og:image:height\" content=\"492\" \/>\n\t<meta property=\"og:image:type\" content=\"image\/png\" \/>\n<meta name=\"twitter:card\" content=\"summary_large_image\" \/>\n<meta name=\"twitter:site\" content=\"@sonqb_vn\" \/>\n<script type=\"application\/ld+json\" class=\"yoast-schema-graph\">{\"@context\":\"https:\/\/schema.org\",\"@graph\":[{\"@type\":\"WebPage\",\"@id\":\"https:\/\/khowordpress.com\/huyndai3\/bang-gia-xe-hyundai-tai-quang-binh\/\",\"url\":\"https:\/\/khowordpress.com\/huyndai3\/bang-gia-xe-hyundai-tai-quang-binh\/\",\"name\":\"B\u1ea3ng gi\u00e1 xe Hyundai t\u1ea1i Qu\u1ea3ng B\u00ecnh - \u0110\u1ea1i L\u00fd Hyundai Qu\u1ea3ng B\u00ecnh\",\"isPartOf\":{\"@id\":\"https:\/\/khowordpress.com\/huyndai3\/#website\"},\"datePublished\":\"2020-04-07T13:59:27+00:00\",\"dateModified\":\"2020-04-08T07:04:30+00:00\",\"breadcrumb\":{\"@id\":\"https:\/\/khowordpress.com\/huyndai3\/bang-gia-xe-hyundai-tai-quang-binh\/#breadcrumb\"},\"inLanguage\":\"vi\",\"potentialAction\":[{\"@type\":\"ReadAction\",\"target\":[\"https:\/\/khowordpress.com\/huyndai3\/bang-gia-xe-hyundai-tai-quang-binh\/\"]}]},{\"@type\":\"BreadcrumbList\",\"@id\":\"https:\/\/khowordpress.com\/huyndai3\/bang-gia-xe-hyundai-tai-quang-binh\/#breadcrumb\",\"itemListElement\":[{\"@type\":\"ListItem\",\"position\":1,\"name\":\"Home\",\"item\":\"https:\/\/khowordpress.com\/huyndai3\/\"},{\"@type\":\"ListItem\",\"position\":2,\"name\":\"B\u1ea3ng gi\u00e1 xe Hyundai t\u1ea1i Qu\u1ea3ng B\u00ecnh\"}]},{\"@type\":\"WebSite\",\"@id\":\"https:\/\/khowordpress.com\/huyndai3\/#website\",\"url\":\"https:\/\/khowordpress.com\/huyndai3\/\",\"name\":\"\u0110\u1ea1i l\u00fd Hyundai\",\"description\":\"\",\"publisher\":{\"@id\":\"https:\/\/khowordpress.com\/huyndai3\/#organization\"},\"potentialAction\":[{\"@type\":\"SearchAction\",\"target\":{\"@type\":\"EntryPoint\",\"urlTemplate\":\"https:\/\/khowordpress.com\/huyndai3\/?s={search_term_string}\"},\"query-input\":{\"@type\":\"PropertyValueSpecification\",\"valueRequired\":true,\"valueName\":\"search_term_string\"}}],\"inLanguage\":\"vi\"},{\"@type\":\"Organization\",\"@id\":\"https:\/\/khowordpress.com\/huyndai3\/#organization\",\"name\":\"\u0110\u1ea1i l\u00fd Hyundai t\u1ea1i Qu\u1ea3ng B\u00ecnh\",\"url\":\"https:\/\/khowordpress.com\/huyndai3\/\",\"logo\":{\"@type\":\"ImageObject\",\"inLanguage\":\"vi\",\"@id\":\"https:\/\/khowordpress.com\/huyndai3\/#\/schema\/logo\/image\/\",\"url\":\"http:\/\/hyundai3.maugiaodien.com\/wp-content\/uploads\/2018\/03\/hyunhdai-quangbinh-logo-ok.png\",\"contentUrl\":\"http:\/\/hyundai3.maugiaodien.com\/wp-content\/uploads\/2018\/03\/hyunhdai-quangbinh-logo-ok.png\",\"width\":350,\"height\":100,\"caption\":\"\u0110\u1ea1i l\u00fd Hyundai t\u1ea1i Qu\u1ea3ng B\u00ecnh\"},\"image\":{\"@id\":\"https:\/\/khowordpress.com\/huyndai3\/#\/schema\/logo\/image\/\"},\"sameAs\":[\"https:\/\/www.facebook.com\/sonqb.team\",\"https:\/\/x.com\/sonqb_vn\"]}]}<\/script>\n<!-- \/ Yoast SEO plugin. -->","yoast_head_json":{"title":"B\u1ea3ng gi\u00e1 xe Hyundai t\u1ea1i Qu\u1ea3ng B\u00ecnh - \u0110\u1ea1i L\u00fd Hyundai Qu\u1ea3ng B\u00ecnh","robots":{"index":"noindex","follow":"follow","max-snippet":"max-snippet:-1","max-image-preview":"max-image-preview:large","max-video-preview":"max-video-preview:-1"},"og_locale":"vi_VN","og_type":"article","og_title":"B\u1ea3ng gi\u00e1 xe Hyundai t\u1ea1i Qu\u1ea3ng B\u00ecnh - \u0110\u1ea1i L\u00fd Hyundai Qu\u1ea3ng B\u00ecnh","og_url":"https:\/\/khowordpress.com\/huyndai3\/bang-gia-xe-hyundai-tai-quang-binh\/","og_site_name":"\u0110\u1ea1i l\u00fd Hyundai","article_publisher":"https:\/\/www.facebook.com\/sonqb.team","article_modified_time":"2020-04-08T07:04:30+00:00","og_image":[{"width":940,"height":492,"url":"https:\/\/khowordpress.com\/huyndai3\/wp-content\/uploads\/2018\/04\/bg-facebook.png","type":"image\/png"}],"twitter_card":"summary_large_image","twitter_site":"@sonqb_vn","schema":{"@context":"https:\/\/schema.org","@graph":[{"@type":"WebPage","@id":"https:\/\/khowordpress.com\/huyndai3\/bang-gia-xe-hyundai-tai-quang-binh\/","url":"https:\/\/khowordpress.com\/huyndai3\/bang-gia-xe-hyundai-tai-quang-binh\/","name":"B\u1ea3ng gi\u00e1 xe Hyundai t\u1ea1i Qu\u1ea3ng B\u00ecnh - \u0110\u1ea1i L\u00fd Hyundai Qu\u1ea3ng B\u00ecnh","isPartOf":{"@id":"https:\/\/khowordpress.com\/huyndai3\/#website"},"datePublished":"2020-04-07T13:59:27+00:00","dateModified":"2020-04-08T07:04:30+00:00","breadcrumb":{"@id":"https:\/\/khowordpress.com\/huyndai3\/bang-gia-xe-hyundai-tai-quang-binh\/#breadcrumb"},"inLanguage":"vi","potentialAction":[{"@type":"ReadAction","target":["https:\/\/khowordpress.com\/huyndai3\/bang-gia-xe-hyundai-tai-quang-binh\/"]}]},{"@type":"BreadcrumbList","@id":"https:\/\/khowordpress.com\/huyndai3\/bang-gia-xe-hyundai-tai-quang-binh\/#breadcrumb","itemListElement":[{"@type":"ListItem","position":1,"name":"Home","item":"https:\/\/khowordpress.com\/huyndai3\/"},{"@type":"ListItem","position":2,"name":"B\u1ea3ng gi\u00e1 xe Hyundai t\u1ea1i Qu\u1ea3ng B\u00ecnh"}]},{"@type":"WebSite","@id":"https:\/\/khowordpress.com\/huyndai3\/#website","url":"https:\/\/khowordpress.com\/huyndai3\/","name":"\u0110\u1ea1i l\u00fd Hyundai","description":"","publisher":{"@id":"https:\/\/khowordpress.com\/huyndai3\/#organization"},"potentialAction":[{"@type":"SearchAction","target":{"@type":"EntryPoint","urlTemplate":"https:\/\/khowordpress.com\/huyndai3\/?s={search_term_string}"},"query-input":{"@type":"PropertyValueSpecification","valueRequired":true,"valueName":"search_term_string"}}],"inLanguage":"vi"},{"@type":"Organization","@id":"https:\/\/khowordpress.com\/huyndai3\/#organization","name":"\u0110\u1ea1i l\u00fd Hyundai t\u1ea1i Qu\u1ea3ng B\u00ecnh","url":"https:\/\/khowordpress.com\/huyndai3\/","logo":{"@type":"ImageObject","inLanguage":"vi","@id":"https:\/\/khowordpress.com\/huyndai3\/#\/schema\/logo\/image\/","url":"http:\/\/hyundai3.maugiaodien.com\/wp-content\/uploads\/2018\/03\/hyunhdai-quangbinh-logo-ok.png","contentUrl":"http:\/\/hyundai3.maugiaodien.com\/wp-content\/uploads\/2018\/03\/hyunhdai-quangbinh-logo-ok.png","width":350,"height":100,"caption":"\u0110\u1ea1i l\u00fd Hyundai t\u1ea1i Qu\u1ea3ng B\u00ecnh"},"image":{"@id":"https:\/\/khowordpress.com\/huyndai3\/#\/schema\/logo\/image\/"},"sameAs":["https:\/\/www.facebook.com\/sonqb.team","https:\/\/x.com\/sonqb_vn"]}]}},"_links":{"self":[{"href":"https:\/\/khowordpress.com\/huyndai3\/wp-json\/wp\/v2\/pages\/3240","targetHints":{"allow":["GET"]}}],"collection":[{"href":"https:\/\/khowordpress.com\/huyndai3\/wp-json\/wp\/v2\/pages"}],"about":[{"href":"https:\/\/khowordpress.com\/huyndai3\/wp-json\/wp\/v2\/types\/page"}],"author":[{"embeddable":true,"href":"https:\/\/khowordpress.com\/huyndai3\/wp-json\/wp\/v2\/users\/1"}],"replies":[{"embeddable":true,"href":"https:\/\/khowordpress.com\/huyndai3\/wp-json\/wp\/v2\/comments?post=3240"}],"version-history":[{"count":3,"href":"https:\/\/khowordpress.com\/huyndai3\/wp-json\/wp\/v2\/pages\/3240\/revisions"}],"predecessor-version":[{"id":3323,"href":"https:\/\/khowordpress.com\/huyndai3\/wp-json\/wp\/v2\/pages\/3240\/revisions\/3323"}],"wp:attachment":[{"href":"https:\/\/khowordpress.com\/huyndai3\/wp-json\/wp\/v2\/media?parent=3240"}],"curies":[{"name":"wp","href":"https:\/\/api.w.org\/{rel}","templated":true}]}}