{"id":10,"date":"2021-06-10T02:55:34","date_gmt":"2021-06-10T02:55:34","guid":{"rendered":"http:\/\/localhost\/?page_id=10"},"modified":"2023-04-12T20:54:42","modified_gmt":"2023-04-12T13:54:42","slug":"lien-he","status":"publish","type":"page","link":"https:\/\/khowordpress.com\/kia\/lien-he\/","title":{"rendered":"Li\u00ean h\u1ec7"},"content":{"rendered":"\t<section class=\"section dark\" id=\"section_1159917946\">\n\t\t<div class=\"bg section-bg fill bg-fill bg-loaded \" >\n\n\t\t\t\n\t\t\t<div class=\"section-bg-overlay absolute fill\"><\/div>\n\t\t\t\n\n\t\t<\/div>\n\n\t\t<div class=\"section-content relative\">\n\t\t\t\n<div class=\"container section-title-container titleRL\" ><h1 class=\"section-title section-title-center\"><b><\/b><span class=\"section-title-main\" >TH\u01af XINH - T\u01af V\u1ea4N B\u00c1N H\u00c0NG XE KIA T\u1ea0I B\u00c0 R\u1ecaA<\/span><b><\/b><\/h1><\/div>\n\t\t<\/div>\n\n\t\t\n<style>\n#section_1159917946 {\n  padding-top: 150px;\n  padding-bottom: 150px;\n}\n#section_1159917946 .section-bg-overlay {\n  background-color: rgba(0,0,0,.5);\n}\n#section_1159917946 .section-bg.bg-loaded {\n  background-image: url(https:\/\/khowordpress.com\/kia\/wp-content\/uploads\/2021\/06\/cskh.jpg);\n}\n<\/style>\n\t<\/section>\n\t\n<div class=\"row row-divided\"  id=\"row-174109236\">\n\n\t<div id=\"col-848614674\" class=\"col medium-4 small-12 large-4\"  >\n\t\t<div class=\"col-inner\"  >\n\t\t\t\n\t\t\t\n\n\t\t<div class=\"icon-box featured-box icon-box-center text-center\"  >\n\t\t\t\t\t<div class=\"icon-box-img\" style=\"width: 32px\">\n\t\t\t\t<div class=\"icon\">\n\t\t\t\t\t<div class=\"icon-inner\" >\n\t\t\t\t\t\t<img loading=\"lazy\" decoding=\"async\" width=\"29\" height=\"32\" src=\"https:\/\/khowordpress.com\/kia\/wp-content\/uploads\/2021\/06\/phone-icon.png\" class=\"attachment-medium size-medium\" alt=\"\" \/>\t\t\t\t\t<\/div>\n\t\t\t\t<\/div>\n\t\t\t<\/div>\n\t\t\t\t<div class=\"icon-box-text last-reset\">\n\t\t\t\t\t\t\t\t\t\n<h4>Hotline<\/h4>\n<h3><a href=\"http:\/\/09999999\" data-wplink-url-error=\"true\"><span style=\"color: #ed1c24;\">0999 999 999<\/span><\/a><\/h3>\n\t\t<\/div>\n\t<\/div>\n\t\n\t\n\t\t<\/div>\n\t\t\t<\/div>\n\n\t\n\n\t<div id=\"col-385052049\" class=\"col medium-4 small-12 large-4\"  >\n\t\t<div class=\"col-inner\"  >\n\t\t\t\n\t\t\t\n\n\t\t<div class=\"icon-box featured-box icon-box-center text-center\"  >\n\t\t\t\t\t<div class=\"icon-box-img\" style=\"width: 32px\">\n\t\t\t\t<div class=\"icon\">\n\t\t\t\t\t<div class=\"icon-inner\" >\n\t\t\t\t\t\t<img loading=\"lazy\" decoding=\"async\" width=\"41\" height=\"29\" src=\"https:\/\/khowordpress.com\/kia\/wp-content\/uploads\/2021\/06\/mail-icon.png\" class=\"attachment-medium size-medium\" alt=\"\" \/>\t\t\t\t\t<\/div>\n\t\t\t\t<\/div>\n\t\t\t<\/div>\n\t\t\t\t<div class=\"icon-box-text last-reset\">\n\t\t\t\t\t\t\t\t\t\n<h4>Email<\/h4>\n<h3><a href=\"mailto:hothithuxinh@thaco.com.vn\"><span style=\"color: #ed1c24;\">info@thaco.com.vn<\/span><\/a><\/h3>\n\t\t<\/div>\n\t<\/div>\n\t\n\t\n\t\t<\/div>\n\t\t\t<\/div>\n\n\t\n\n\t<div id=\"col-287644878\" class=\"col medium-4 small-12 large-4\"  >\n\t\t<div class=\"col-inner\"  >\n\t\t\t\n\t\t\t\n\n\t\t<div class=\"icon-box featured-box icon-box-center text-center\"  >\n\t\t\t\t\t<div class=\"icon-box-img\" style=\"width: 32px\">\n\t\t\t\t<div class=\"icon\">\n\t\t\t\t\t<div class=\"icon-inner\" >\n\t\t\t\t\t\t<img loading=\"lazy\" decoding=\"async\" width=\"32\" height=\"32\" src=\"https:\/\/khowordpress.com\/kia\/wp-content\/uploads\/2021\/06\/clock-icon.png\" class=\"attachment-medium size-medium\" alt=\"\" \/>\t\t\t\t\t<\/div>\n\t\t\t\t<\/div>\n\t\t\t<\/div>\n\t\t\t\t<div class=\"icon-box-text last-reset\">\n\t\t\t\t\t\t\t\t\t\n<h4>Th\u1eddi gian l\u00e0m vi\u1ec7c<\/h4>\n<h3><span style=\"color: #ed1c24;\">B\u00e1o gi\u00e1 v\u00e0 t\u01b0 v\u1ea5n 24\/7<\/span><\/h3>\n\t\t<\/div>\n\t<\/div>\n\t\n\t\n\t\t<\/div>\n\t\t\t<\/div>\n\n\t\n<\/div>\n\t<section class=\"section\" id=\"section_1980980115\">\n\t\t<div class=\"bg section-bg fill bg-fill bg-loaded bg-loaded\" >\n\n\t\t\t\n\t\t\t\n\t\t\t\n\n\t\t<\/div>\n\n\t\t<div class=\"section-content relative\">\n\t\t\t\n<div class=\"row align-center\"  id=\"row-737218209\">\n\n\t<div id=\"col-819322692\" class=\"col medium-8 small-12 large-8\"  >\n\t\t<div class=\"col-inner\"  >\n\t\t\t\n\t\t\t\n<h3 style=\"text-align: center;\">VUI L\u00d2NG \u0110\u1ec2 L\u1ea0I TH\u00d4NG TIN LI\u00caN H\u1ec6 THEO M\u1eaaU B\u00caN D\u01af\u1edaI. TH\u01af XINH S\u1ebc LI\u00caN H\u1ec6 T\u01af V\u1ea4N V\u00c0 B\u00c1O GI\u00c1 T\u1ed0T NH\u1ea4T CHO QU\u00dd KH\u00c1CH<\/h3>\n\n<div class=\"wpcf7 no-js\" id=\"wpcf7-f612-o1\" lang=\"vi\" dir=\"ltr\" data-wpcf7-id=\"612\">\n<div class=\"screen-reader-response\"><p role=\"status\" aria-live=\"polite\" aria-atomic=\"true\"><\/p> <ul><\/ul><\/div>\n<form action=\"\/kia\/wp-json\/wp\/v2\/pages\/10#wpcf7-f612-o1\" method=\"post\" class=\"wpcf7-form init\" aria-label=\"Form li\u00ean h\u1ec7\" novalidate=\"novalidate\" data-status=\"init\">\n<fieldset class=\"hidden-fields-container\"><input type=\"hidden\" name=\"_wpcf7\" value=\"612\" \/><input type=\"hidden\" name=\"_wpcf7_version\" value=\"6.1.4\" \/><input type=\"hidden\" name=\"_wpcf7_locale\" value=\"vi\" \/><input type=\"hidden\" name=\"_wpcf7_unit_tag\" value=\"wpcf7-f612-o1\" \/><input type=\"hidden\" name=\"_wpcf7_container_post\" value=\"0\" \/><input type=\"hidden\" name=\"_wpcf7_posted_data_hash\" value=\"\" \/>\n<\/fieldset>\n<p><span class=\"titleF\">B\u00c1O GI\u00c1 \u01afU \u0110\u00c3I<\/span>\n<\/p>\n<p><span class=\"wpcf7-form-control-wrap\" data-name=\"your-car\"><select class=\"wpcf7-form-control wpcf7-select\" aria-invalid=\"false\" name=\"your-car\"><option value=\"D\u00f2ng xe\">D\u00f2ng xe<\/option><option value=\"KIA Morning\">KIA Morning<\/option><option value=\"New Morning\">New Morning<\/option><option value=\"KIA Soluto\">KIA Soluto<\/option><option value=\"KIA All-New Cerato\">KIA All-New Cerato<\/option><option value=\"KIA Optima\">KIA Optima<\/option><option value=\"KIA Quoris\">KIA Quoris<\/option><option value=\"KIA Seltos\">KIA Seltos<\/option><option value=\"KIA Sorento\">KIA Sorento<\/option><option value=\"KIA Sorento (All New)\">KIA Sorento (All New)<\/option><option value=\"KIA Rondo\">KIA Rondo<\/option><option value=\"KIA Sedona\">KIA Sedona<\/option><\/select><\/span>\n<\/p>\n<p><span class=\"wpcf7-form-control-wrap\" data-name=\"your-name\"><input size=\"40\" maxlength=\"400\" class=\"wpcf7-form-control wpcf7-text wpcf7-validates-as-required\" aria-required=\"true\" aria-invalid=\"false\" placeholder=\"H\u1ecd v\u00e0 T\u00ean\" value=\"\" type=\"text\" name=\"your-name\" \/><\/span>\n<\/p>\n<p><span class=\"wpcf7-form-control-wrap\" data-name=\"your-phone\"><input size=\"40\" maxlength=\"400\" class=\"wpcf7-form-control wpcf7-tel wpcf7-validates-as-required wpcf7-text wpcf7-validates-as-tel\" aria-required=\"true\" aria-invalid=\"false\" placeholder=\"S\u1ed1 \u0111i\u1ec7n tho\u1ea1i\" value=\"\" type=\"tel\" name=\"your-phone\" \/><\/span>\n<\/p>\n<p><input class=\"wpcf7-form-control wpcf7-submit has-spinner\" type=\"submit\" value=\"G\u1eedi\" \/>\n<\/p><div class=\"wpcf7-response-output\" aria-hidden=\"true\"><\/div>\n<\/form>\n<\/div>\n\n\t\t<\/div>\n\t\t\t<\/div>\n\n\t\n<\/div>\n\t\t<\/div>\n\n\t\t\n<style>\n#section_1980980115 {\n  padding-top: 30px;\n  padding-bottom: 30px;\n}\n<\/style>\n\t<\/section>\n\t\n","protected":false},"excerpt":{"rendered":"","protected":false},"author":1,"featured_media":0,"parent":0,"menu_order":0,"comment_status":"closed","ping_status":"closed","template":"page-blank.php","meta":{"footnotes":""},"class_list":["post-10","page","type-page","status-publish","hentry"],"yoast_head":"<!-- This site is optimized with the Yoast SEO Premium plugin v18.8 (Yoast SEO v26.6) - https:\/\/yoast.com\/wordpress\/plugins\/seo\/ -->\n<title>B\u00e1o gi\u00e1 \u01b0u \u0111\u00e3i t\u1ea1i KIA B\u00e0 R\u1ecba-Li\u00ean h\u1ec7 Chuy\u00ean vi\u00ean Th\u01b0 Xinh - 0938 907 617<\/title>\n<meta name=\"description\" content=\"Chuy\u00ean vi\u00ean Th\u01b0 Xinh cam k\u1ebft b\u00e1o gi\u00e1 t\u1ed1t nh\u1ea5t k\u00e8m nhi\u1ec1u \u01b0u \u0111\u00e3i khi qu\u00fd kh\u00e1ch c\u1ea7n t\u00ecm hi\u1ec3u xe \u00f4 t\u00f4 th\u01b0\u01a1ng hi\u1ec7u KIA t\u1ea1i B\u00e0 R\u1ecba - V\u0169ng T\u00e0u - LH 0938 907 617\" \/>\n<meta name=\"robots\" content=\"index, follow, max-snippet:-1, max-image-preview:large, max-video-preview:-1\" \/>\n<link rel=\"canonical\" href=\"https:\/\/khowordpress.com\/kia\/lien-he\/\" \/>\n<meta property=\"og:locale\" content=\"vi_VN\" \/>\n<meta property=\"og:type\" content=\"article\" \/>\n<meta property=\"og:title\" content=\"Li\u00ean h\u1ec7\" \/>\n<meta property=\"og:description\" content=\"Chuy\u00ean vi\u00ean Th\u01b0 Xinh cam k\u1ebft b\u00e1o gi\u00e1 t\u1ed1t nh\u1ea5t k\u00e8m nhi\u1ec1u \u01b0u \u0111\u00e3i khi qu\u00fd kh\u00e1ch c\u1ea7n t\u00ecm hi\u1ec3u xe \u00f4 t\u00f4 th\u01b0\u01a1ng hi\u1ec7u KIA t\u1ea1i B\u00e0 R\u1ecba - V\u0169ng T\u00e0u - LH 0938 907 617\" \/>\n<meta property=\"og:url\" content=\"https:\/\/khowordpress.com\/kia\/lien-he\/\" \/>\n<meta property=\"og:site_name\" content=\"XeKia\" \/>\n<meta property=\"article:modified_time\" content=\"2023-04-12T13:54:42+00:00\" \/>\n<meta property=\"og:image\" content=\"https:\/\/khowordpress.com\/kia\/wp-content\/uploads\/2022\/03\/favicon-kia-new.jpg\" \/>\n\t<meta property=\"og:image:width\" content=\"150\" \/>\n\t<meta property=\"og:image:height\" content=\"150\" \/>\n\t<meta property=\"og:image:type\" content=\"image\/jpeg\" \/>\n<meta name=\"twitter:card\" content=\"summary_large_image\" \/>\n<meta name=\"twitter:label1\" content=\"\u01af\u1edbc t\u00ednh th\u1eddi gian \u0111\u1ecdc\" \/>\n\t<meta name=\"twitter:data1\" content=\"1 ph\u00fat\" \/>\n<script type=\"application\/ld+json\" class=\"yoast-schema-graph\">{\"@context\":\"https:\/\/schema.org\",\"@graph\":[{\"@type\":\"WebPage\",\"@id\":\"https:\/\/khowordpress.com\/kia\/lien-he\/\",\"url\":\"https:\/\/khowordpress.com\/kia\/lien-he\/\",\"name\":\"B\u00e1o gi\u00e1 \u01b0u \u0111\u00e3i t\u1ea1i KIA B\u00e0 R\u1ecba-Li\u00ean h\u1ec7 Chuy\u00ean vi\u00ean Th\u01b0 Xinh - 0938 907 617\",\"isPartOf\":{\"@id\":\"https:\/\/khowordpress.com\/kia\/#website\"},\"datePublished\":\"2021-06-10T02:55:34+00:00\",\"dateModified\":\"2023-04-12T13:54:42+00:00\",\"description\":\"Chuy\u00ean vi\u00ean Th\u01b0 Xinh cam k\u1ebft b\u00e1o gi\u00e1 t\u1ed1t nh\u1ea5t k\u00e8m nhi\u1ec1u \u01b0u \u0111\u00e3i khi qu\u00fd kh\u00e1ch c\u1ea7n t\u00ecm hi\u1ec3u xe \u00f4 t\u00f4 th\u01b0\u01a1ng hi\u1ec7u KIA t\u1ea1i B\u00e0 R\u1ecba - V\u0169ng T\u00e0u - LH 0938 907 617\",\"breadcrumb\":{\"@id\":\"https:\/\/khowordpress.com\/kia\/lien-he\/#breadcrumb\"},\"inLanguage\":\"vi\",\"potentialAction\":[{\"@type\":\"ReadAction\",\"target\":[\"https:\/\/khowordpress.com\/kia\/lien-he\/\"]}]},{\"@type\":\"BreadcrumbList\",\"@id\":\"https:\/\/khowordpress.com\/kia\/lien-he\/#breadcrumb\",\"itemListElement\":[{\"@type\":\"ListItem\",\"position\":1,\"name\":\"Home\",\"item\":\"https:\/\/khowordpress.com\/kia\/\"},{\"@type\":\"ListItem\",\"position\":2,\"name\":\"Li\u00ean h\u1ec7\"}]},{\"@type\":\"WebSite\",\"@id\":\"https:\/\/khowordpress.com\/kia\/#website\",\"url\":\"https:\/\/khowordpress.com\/kia\/\",\"name\":\"XeKia\",\"description\":\"B\u00e1o gi\u00e1 xe KIA t\u1ed1t nh\u1ea5t\",\"potentialAction\":[{\"@type\":\"SearchAction\",\"target\":{\"@type\":\"EntryPoint\",\"urlTemplate\":\"https:\/\/khowordpress.com\/kia\/?s={search_term_string}\"},\"query-input\":{\"@type\":\"PropertyValueSpecification\",\"valueRequired\":true,\"valueName\":\"search_term_string\"}}],\"inLanguage\":\"vi\"}]}<\/script>\n<!-- \/ Yoast SEO Premium plugin. -->","yoast_head_json":{"title":"B\u00e1o gi\u00e1 \u01b0u \u0111\u00e3i t\u1ea1i KIA B\u00e0 R\u1ecba-Li\u00ean h\u1ec7 Chuy\u00ean vi\u00ean Th\u01b0 Xinh - 0938 907 617","description":"Chuy\u00ean vi\u00ean Th\u01b0 Xinh cam k\u1ebft b\u00e1o gi\u00e1 t\u1ed1t nh\u1ea5t k\u00e8m nhi\u1ec1u \u01b0u \u0111\u00e3i khi qu\u00fd kh\u00e1ch c\u1ea7n t\u00ecm hi\u1ec3u xe \u00f4 t\u00f4 th\u01b0\u01a1ng hi\u1ec7u KIA t\u1ea1i B\u00e0 R\u1ecba - V\u0169ng T\u00e0u - LH 0938 907 617","robots":{"index":"index","follow":"follow","max-snippet":"max-snippet:-1","max-image-preview":"max-image-preview:large","max-video-preview":"max-video-preview:-1"},"canonical":"https:\/\/khowordpress.com\/kia\/lien-he\/","og_locale":"vi_VN","og_type":"article","og_title":"Li\u00ean h\u1ec7","og_description":"Chuy\u00ean vi\u00ean Th\u01b0 Xinh cam k\u1ebft b\u00e1o gi\u00e1 t\u1ed1t nh\u1ea5t k\u00e8m nhi\u1ec1u \u01b0u \u0111\u00e3i khi qu\u00fd kh\u00e1ch c\u1ea7n t\u00ecm hi\u1ec3u xe \u00f4 t\u00f4 th\u01b0\u01a1ng hi\u1ec7u KIA t\u1ea1i B\u00e0 R\u1ecba - V\u0169ng T\u00e0u - LH 0938 907 617","og_url":"https:\/\/khowordpress.com\/kia\/lien-he\/","og_site_name":"XeKia","article_modified_time":"2023-04-12T13:54:42+00:00","og_image":[{"width":150,"height":150,"url":"https:\/\/khowordpress.com\/kia\/wp-content\/uploads\/2022\/03\/favicon-kia-new.jpg","type":"image\/jpeg"}],"twitter_card":"summary_large_image","twitter_misc":{"\u01af\u1edbc t\u00ednh th\u1eddi gian \u0111\u1ecdc":"1 ph\u00fat"},"schema":{"@context":"https:\/\/schema.org","@graph":[{"@type":"WebPage","@id":"https:\/\/khowordpress.com\/kia\/lien-he\/","url":"https:\/\/khowordpress.com\/kia\/lien-he\/","name":"B\u00e1o gi\u00e1 \u01b0u \u0111\u00e3i t\u1ea1i KIA B\u00e0 R\u1ecba-Li\u00ean h\u1ec7 Chuy\u00ean vi\u00ean Th\u01b0 Xinh - 0938 907 617","isPartOf":{"@id":"https:\/\/khowordpress.com\/kia\/#website"},"datePublished":"2021-06-10T02:55:34+00:00","dateModified":"2023-04-12T13:54:42+00:00","description":"Chuy\u00ean vi\u00ean Th\u01b0 Xinh cam k\u1ebft b\u00e1o gi\u00e1 t\u1ed1t nh\u1ea5t k\u00e8m nhi\u1ec1u \u01b0u \u0111\u00e3i khi qu\u00fd kh\u00e1ch c\u1ea7n t\u00ecm hi\u1ec3u xe \u00f4 t\u00f4 th\u01b0\u01a1ng hi\u1ec7u KIA t\u1ea1i B\u00e0 R\u1ecba - V\u0169ng T\u00e0u - LH 0938 907 617","breadcrumb":{"@id":"https:\/\/khowordpress.com\/kia\/lien-he\/#breadcrumb"},"inLanguage":"vi","potentialAction":[{"@type":"ReadAction","target":["https:\/\/khowordpress.com\/kia\/lien-he\/"]}]},{"@type":"BreadcrumbList","@id":"https:\/\/khowordpress.com\/kia\/lien-he\/#breadcrumb","itemListElement":[{"@type":"ListItem","position":1,"name":"Home","item":"https:\/\/khowordpress.com\/kia\/"},{"@type":"ListItem","position":2,"name":"Li\u00ean h\u1ec7"}]},{"@type":"WebSite","@id":"https:\/\/khowordpress.com\/kia\/#website","url":"https:\/\/khowordpress.com\/kia\/","name":"XeKia","description":"B\u00e1o gi\u00e1 xe KIA t\u1ed1t nh\u1ea5t","potentialAction":[{"@type":"SearchAction","target":{"@type":"EntryPoint","urlTemplate":"https:\/\/khowordpress.com\/kia\/?s={search_term_string}"},"query-input":{"@type":"PropertyValueSpecification","valueRequired":true,"valueName":"search_term_string"}}],"inLanguage":"vi"}]}},"_links":{"self":[{"href":"https:\/\/khowordpress.com\/kia\/wp-json\/wp\/v2\/pages\/10","targetHints":{"allow":["GET"]}}],"collection":[{"href":"https:\/\/khowordpress.com\/kia\/wp-json\/wp\/v2\/pages"}],"about":[{"href":"https:\/\/khowordpress.com\/kia\/wp-json\/wp\/v2\/types\/page"}],"author":[{"embeddable":true,"href":"https:\/\/khowordpress.com\/kia\/wp-json\/wp\/v2\/users\/1"}],"replies":[{"embeddable":true,"href":"https:\/\/khowordpress.com\/kia\/wp-json\/wp\/v2\/comments?post=10"}],"version-history":[{"count":4,"href":"https:\/\/khowordpress.com\/kia\/wp-json\/wp\/v2\/pages\/10\/revisions"}],"predecessor-version":[{"id":1455,"href":"https:\/\/khowordpress.com\/kia\/wp-json\/wp\/v2\/pages\/10\/revisions\/1455"}],"wp:attachment":[{"href":"https:\/\/khowordpress.com\/kia\/wp-json\/wp\/v2\/media?parent=10"}],"curies":[{"name":"wp","href":"https:\/\/api.w.org\/{rel}","templated":true}]}}