{"id":29,"date":"2022-08-10T11:43:46","date_gmt":"2022-08-10T04:43:46","guid":{"rendered":"https:\/\/spa.themevivu.site\/?page_id=29"},"modified":"2022-08-22T02:18:16","modified_gmt":"2022-08-21T19:18:16","slug":"ve-chung-toi","status":"publish","type":"page","link":"https:\/\/khowordpress.com\/spa1\/ve-chung-toi\/","title":{"rendered":"V\u1ec1 ch\u00fang t\u00f4i"},"content":{"rendered":"\t<section class=\"section dau-trang-section dark\" id=\"section_1623600286\">\n\t\t<div class=\"bg section-bg fill bg-fill  \" >\n\n\t\t\t\n\t\t\t<div class=\"section-bg-overlay absolute fill\"><\/div>\n\t\t\t\n\n\t\t<\/div>\n\n\t\t\n\n\t\t<div class=\"section-content relative\">\n\t\t\t\n<div class=\"row\"  id=\"row-775933316\">\n\n\t<div id=\"col-380570269\" class=\"col small-12 large-12\"  >\n\t\t\t\t<div class=\"col-inner\"  >\n\t\t\t\n\t\t\t\n\t<div id=\"text-3505187247\" class=\"text\">\n\t\t\n<h1 style=\"text-align: center;\">Gi\u1edbi thi\u1ec7u<\/h1>\n<nav aria-label=\"breadcrumbs\" class=\"rank-math-breadcrumb\"><p><span class=\"last\">Trang ch\u1ee7<\/span><\/p><\/nav>\n\t\t\n<style>\n#text-3505187247 {\n  text-align: center;\n}\n<\/style>\n\t<\/div>\n\t\n\t\t<\/div>\n\t\t\t\t\t<\/div>\n\n\t\n<\/div>\n\t\t<\/div>\n\n\t\t\n<style>\n#section_1623600286 {\n  padding-top: 70px;\n  padding-bottom: 70px;\n}\n#section_1623600286 .section-bg-overlay {\n  background-color: rgba(100, 68, 33, 0.924);\n}\n#section_1623600286 .section-bg.bg-loaded {\n  background-image: url(https:\/\/khowordpress.com\/spa1\/wp-content\/uploads\/2022\/08\/thai-doc-8.jpg);\n}\n#section_1623600286 .ux-shape-divider--top svg {\n  height: 150px;\n  --divider-top-width: 100%;\n}\n#section_1623600286 .ux-shape-divider--bottom svg {\n  height: 150px;\n  --divider-width: 100%;\n}\n<\/style>\n\t<\/section>\n\t\n\t<section class=\"section gioi-thieu-2 section0\" id=\"section_1143833495\">\n\t\t<div class=\"bg section-bg fill bg-fill  bg-loaded\" >\n\n\t\t\t\n\t\t\t\n\t\t\t\n\n\t\t<\/div>\n\n\t\t\n\n\t\t<div class=\"section-content relative\">\n\t\t\t\n<div class=\"row row-large\"  id=\"row-1212046249\">\n\n\t<div id=\"col-329224237\" class=\"col medium-4 small-12 large-4\"  >\n\t\t\t\t<div class=\"col-inner\"  >\n\t\t\t\n\t\t\t\n\t<div class=\"img has-hover x md-x lg-x y md-y lg-y\" id=\"image_165762456\">\n\t\t\t\t\t\t\t\t<div class=\"img-inner dark\" >\n\t\t\t<img loading=\"lazy\" decoding=\"async\" width=\"830\" height=\"970\" src=\"https:\/\/khowordpress.com\/spa1\/wp-content\/uploads\/2022\/08\/gioi-thieu-web-180822-1.png\" class=\"attachment-original size-original\" alt=\"\" srcset=\"https:\/\/khowordpress.com\/spa1\/wp-content\/uploads\/2022\/08\/gioi-thieu-web-180822-1.png 830w, https:\/\/khowordpress.com\/spa1\/wp-content\/uploads\/2022\/08\/gioi-thieu-web-180822-1-257x300.png 257w, https:\/\/khowordpress.com\/spa1\/wp-content\/uploads\/2022\/08\/gioi-thieu-web-180822-1-768x898.png 768w\" sizes=\"auto, (max-width: 830px) 100vw, 830px\" \/>\t\t\t\t\t\t\n\t\t\t\t\t<\/div>\n\t\t\t\t\t\t\t\t\n<style>\n#image_165762456 {\n  width: 100%;\n}\n<\/style>\n\t<\/div>\n\t\n<div class=\"wpb_text_column wpb_content_element \">\n<div class=\"wpb_wrapper\">\n<h5 style=\"text-align: center;\"><span style=\"font-size: 140%;\">Chuy\u00ean gia Cao Th\u01b0\u01a1ng<\/span><\/h5>\n<\/div>\n<\/div>\n<div class=\"wpb_text_column wpb_content_element \">\n<div class=\"wpb_wrapper\">\n<p style=\"text-align: center;\">\u201cNg\u01b0\u1eddi ph\u1ee5 n\u1eef t\u00e2m huy\u1ebft v\u1edbi l\u0129nh v\u1ef1c l\u00e0m \u0111\u1eb9p trong su\u1ed1t 23 n\u0103m qua.\u201d<\/p>\n<\/div>\n<\/div>\n\t\t<\/div>\n\t\t\t\t\t<\/div>\n\n\t\n\n\t<div id=\"col-1234177814\" class=\"col medium-8 small-12 large-8\"  >\n\t\t\t\t<div class=\"col-inner\"  >\n\t\t\t\n\t\t\t\n<h6>V\u1ec1 ch\u00fang t\u00f4i<\/h6>\n<h2 class=\"sc_item_title sc_title_title sc_align_left sc_item_title_style_default\">Hadoo Clinic &amp; Spa<\/h2>\n<div id=\"sc_title_567390529\" class=\"sc_title color_style_default sc_title_default vc_custom_1507116520878\">\n<div class=\"sc_item_descr sc_title_descr sc_align_left\">\n<p style=\"text-align: justify;\"><span style=\"font-weight: 400;\">V\u1edbi s\u1ef1 ph\u00e1t tri\u1ec3n c\u1ee7a ng\u00e0nh ch\u0103m s\u00f3c s\u1eafc \u0111\u1eb9p t\u1ea1i Vi\u1ec7t Nam, ph\u1ee5 n\u1eef ng\u00e0y nay c\u00e0ng c\u00f3 nhi\u1ec1u l\u1ef1a ch\u1ecdn \u0111\u1ec3 ho\u00e0n thi\u1ec7n s\u1eafc v\u00f3c h\u01a1n. D\u00f9 b\u1ea1n l\u00e0 ai, n\u1eef doanh nh\u00e2n th\u00e0nh \u0111\u1ea1t hay c\u00f4 n\u00e0ng c\u00f4ng s\u1edf, c\u00f2n \u0111\u1ed9c th\u00e2n hay \u0111\u00e3 c\u00f3 gia \u0111\u00ecnh th\u00ec l\u00e0m \u0111\u1eb9p v\u1eabn l\u00e0 m\u1ed9t trong nh\u1eefng quy\u1ec1n c\u0103n b\u1ea3n. Nh\u01b0ng l\u00e0m \u0111\u1eb9p v\u00e0 ch\u0103m s\u00f3c s\u1ee9c kh\u1ecfe \u0111\u00fang c\u00e1ch kh\u00f4ng ph\u1ea3i l\u00e0 \u0111i\u1ec1u m\u00e0 ai c\u0169ng bi\u1ebft.<\/span><\/p>\n<p style=\"text-align: justify;\"><span style=\"font-weight: 400;\">Sau nhi\u1ec1u n\u0103m l\u00e0m vi\u1ec7c trong l\u0129nh v\u1ef1c l\u00e0m \u0111\u1eb9p, Chuy\u00ean gia Cao Th\u01b0\u01a1ng ch\u1ee9ng ki\u1ebfn nhi\u1ec1u ng\u01b0\u1eddi ch\u1ecbu nh\u1eefng di ch\u1ee9ng do ph\u01b0\u01a1ng ph\u00e1p l\u00e0m \u0111\u1eb9p, ch\u0103m s\u00f3c s\u1ee9c kh\u1ecfe kh\u00f4ng an to\u00e0n. T\u1eeb \u0111\u00f3, b\u00e0 quy\u1ebft \u0111\u1ecbnh d\u00e0nh nhi\u1ec1u n\u0103m nghi\u00ean c\u1ee9u c\u0169ng nh\u01b0 c\u00f3 nh\u1eefng chuy\u1ebfn \u0111i th\u1ef1c nghi\u1ec7m t\u1ea1i H\u00e0n Qu\u1ed1c \u0111\u1ec3 mang \u0111\u1ebfn m\u1ed9t \u0111\u1ecbnh ngh\u0129a m\u1edbi &#8211; \u0111\u00f3 ch\u00ednh l\u00e0 \u201cL\u00e0m \u0111\u1eb9p v\u00e0 ch\u0103m s\u00f3c s\u1ee9c kh\u1ecfe an to\u00e0n, kh\u00f4ng x\u00e2m l\u1ea5n.\u201d<\/span><\/p>\n<p style=\"text-align: justify;\"><span style=\"font-weight: 400;\">S\u1ef1 th\u00e0nh c\u00f4ng c\u1ee7a d\u01b0\u1ee3c li\u1ec7u Bosalson Medicos c\u0169ng nh\u01b0 li\u1ec7u ph\u00e1p N\u1eafn ch\u1ec9nh th\u1ea9m m\u1ef9 Hadoo Moon, S\u00f3ng l\u00f5i Hadoo &#8211; Th\u1ea3i \u0111\u1ed9c h\u1ec7 b\u1ea1ch huy\u1ebft ch\u00ednh l\u00e0 minh ch\u1ee9ng r\u00f5 r\u00e0ng nh\u1ea5t cho s\u1ef1 th\u00e0nh c\u00f4ng chuy\u00ean gia Cao Th\u01b0\u01a1ng.\u00a0<\/span><\/p>\n<p style=\"text-align: justify;\"><span style=\"font-weight: 400;\">L\u00e0m trong l\u0129nh v\u1ef1c l\u00e0m \u0111\u1eb9p, s\u1ee9 m\u1ec7nh h\u00e0ng \u0111\u1ea7u \u0111\u00f3 l\u00e0 t\u00ecm th\u1ea5y h\u1ea1nh ph\u00fac \u0111\u00fang ngh\u0129a cho kh\u00e1ch h\u00e0ng, \u0111\u00f3 l\u00e0 s\u1ef1 ho\u00e0n thi\u1ec7n v\u1ec1 ngo\u1ea1i h\u00ecnh. \u0110\u00f3 ch\u00ednh l\u00e0 gi\u00e1 tr\u1ecb c\u1ed1t l\u00f5i l\u00e0m n\u00ean th\u00e0nh c\u00f4ng c\u1ee7a Hadoo Spa!<\/span><\/p>\n<p style=\"text-align: justify;\"><span style=\"font-weight: 400;\">Ch\u1ecdn Hadoo Spa, an t\u00e2m trao g\u1eedi ni\u1ec1m tin!<\/span><\/p>\n<\/div>\n<\/div>\n\t\t<\/div>\n\t\t\t\t\t<\/div>\n\n\t\n<\/div>\n\t\t<\/div>\n\n\t\t\n<style>\n#section_1143833495 {\n  padding-top: 54px;\n  padding-bottom: 54px;\n}\n#section_1143833495 .ux-shape-divider--top svg {\n  height: 150px;\n  --divider-top-width: 100%;\n}\n#section_1143833495 .ux-shape-divider--bottom svg {\n  height: 150px;\n  --divider-width: 100%;\n}\n<\/style>\n\t<\/section>\n\t\n\t<section class=\"section tam-nhin\" id=\"section_1589843059\">\n\t\t<div class=\"bg section-bg fill bg-fill  bg-loaded\" >\n\n\t\t\t\n\t\t\t\n\t\t\t\n\n\t\t<\/div>\n\n\t\t\n\n\t\t<div class=\"section-content relative\">\n\t\t\t\n<div class=\"row row-large\"  id=\"row-1284120736\">\n\n\t<div id=\"col-1807710549\" class=\"col medium-4 small-12 large-4\"  >\n\t\t\t\t<div class=\"col-inner\"  >\n\t\t\t\n\t\t\t\n\t<div class=\"img has-hover x md-x lg-x y md-y lg-y\" id=\"image_592050553\">\n\t\t\t\t\t\t\t\t<div class=\"img-inner image-cover dark\" style=\"padding-top:61%;\">\n\t\t\t<img loading=\"lazy\" decoding=\"async\" width=\"800\" height=\"489\" src=\"https:\/\/khowordpress.com\/spa1\/wp-content\/uploads\/2022\/08\/tam-nhin-chien-luoc-220822-1.jpg\" class=\"attachment-original size-original\" alt=\"tam-nhin-chien-luoc-220822-1\" srcset=\"https:\/\/khowordpress.com\/spa1\/wp-content\/uploads\/2022\/08\/tam-nhin-chien-luoc-220822-1.jpg 800w, https:\/\/khowordpress.com\/spa1\/wp-content\/uploads\/2022\/08\/tam-nhin-chien-luoc-220822-1-300x183.jpg 300w, https:\/\/khowordpress.com\/spa1\/wp-content\/uploads\/2022\/08\/tam-nhin-chien-luoc-220822-1-768x469.jpg 768w\" sizes=\"auto, (max-width: 800px) 100vw, 800px\" \/>\t\t\t\t\t\t\n\t\t\t\t\t<\/div>\n\t\t\t\t\t\t\t\t\n<style>\n#image_592050553 {\n  width: 100%;\n}\n<\/style>\n\t<\/div>\n\t\n\t\t<\/div>\n\t\t\t\t\t<\/div>\n\n\t\n\n\t<div id=\"col-1713384929\" class=\"col medium-8 small-12 large-8\"  >\n\t\t\t\t<div class=\"col-inner\"  >\n\t\t\t\n\t\t\t\n<h2><span style=\"font-size: 110%;\"><strong>T\u1ea7m nh\u00ecn chi\u1ebfn l\u01b0\u1ee3c <\/strong><\/span><\/h2>\n<p style=\"text-align: justify;\"><span style=\"font-weight: 400;\">Tr\u1edf th\u00e0nh \u0111\u01a1n v\u1ecb ti\u00ean phong trong l\u0129nh v\u1ef1c l\u00e0m \u0111\u1eb9p, ch\u0103m s\u00f3c s\u1ee9c kh\u1ecfe to\u00e0n di\u1ec7n, ch\u1ee7 \u0111\u1ed9ng, kh\u00f4ng x\u00e2m l\u1ea5n v\u1edbi t\u01b0 duy ti\u1ebfn b\u1ed9, mang \u0111\u1ebfn \u0111\u1ecbnh ngh\u0129a m\u1edbi trong ng\u00e0nh l\u00e0m \u0111\u1eb9p.<\/span><\/p>\n<p style=\"text-align: justify;\"><span style=\"font-weight: 400;\">Hadoo Spa s\u1ebd tr\u1edf th\u00e0nh \u201cng\u01b0\u1eddi c\u1ed9ng s\u1ef1\u201d v\u00e0 l\u1ef1a ch\u1ecdn c\u1ee7a h\u00e0ng tri\u1ec7u ng\u01b0\u1eddi cho cu\u1ed9c s\u1ed1ng th\u1ecbnh v\u01b0\u1ee3ng h\u01a1n, t\u1ed1t \u0111\u1eb9p h\u01a1n.<\/span><\/p>\n\t\t<\/div>\n\t\t\t\t\t<\/div>\n\n\t\n<\/div>\n<div class=\"row row-large\"  id=\"row-1200655712\">\n\n\t<div id=\"col-191598647\" class=\"col medium-4 small-12 large-4\"  >\n\t\t\t\t<div class=\"col-inner\"  >\n\t\t\t\n\t\t\t\n\t<div class=\"img has-hover x md-x lg-x y md-y lg-y\" id=\"image_514752261\">\n\t\t\t\t\t\t\t\t<div class=\"img-inner image-cover dark\" style=\"padding-top:73%;\">\n\t\t\t<img loading=\"lazy\" decoding=\"async\" width=\"600\" height=\"600\" src=\"https:\/\/khowordpress.com\/spa1\/wp-content\/uploads\/2022\/08\/thai-doc-he-bach-huyet-nang-co-tre-xoa-nhan-600x600-1.jpg\" class=\"attachment-original size-original\" alt=\"\" srcset=\"https:\/\/khowordpress.com\/spa1\/wp-content\/uploads\/2022\/08\/thai-doc-he-bach-huyet-nang-co-tre-xoa-nhan-600x600-1.jpg 600w, https:\/\/khowordpress.com\/spa1\/wp-content\/uploads\/2022\/08\/thai-doc-he-bach-huyet-nang-co-tre-xoa-nhan-600x600-1-300x300.jpg 300w, https:\/\/khowordpress.com\/spa1\/wp-content\/uploads\/2022\/08\/thai-doc-he-bach-huyet-nang-co-tre-xoa-nhan-600x600-1-150x150.jpg 150w\" sizes=\"auto, (max-width: 600px) 100vw, 600px\" \/>\t\t\t\t\t\t\n\t\t\t\t\t<\/div>\n\t\t\t\t\t\t\t\t\n<style>\n#image_514752261 {\n  width: 100%;\n}\n<\/style>\n\t<\/div>\n\t\n\t\t<\/div>\n\t\t\t\t\t<\/div>\n\n\t\n\n\t<div id=\"col-1230908269\" class=\"col medium-8 small-12 large-8\"  >\n\t\t\t\t<div class=\"col-inner\"  >\n\t\t\t\n\t\t\t\n<h2><span style=\"font-size: 110%;\"><strong>S\u1ee9 m\u1ec7nh <\/strong><\/span><\/h2>\n<p style=\"text-align: justify;\"><span style=\"font-weight: 400;\">Trong h\u00e0nh tr\u00ecnh h\u01a1n 20 n\u0103m, s\u1ee9 m\u1ec7nh c\u1ee7a ch\u00fang t\u00f4i \u0111\u00f3 ch\u00ednh l\u00e0 g\u00f3p ph\u1ea7n t\u1ea1o n\u00ean m\u1ed9t c\u1ed9ng \u0111\u1ed3ng kh\u1ecfe m\u1ea1nh, gi\u00e0u c\u00f3 v\u00e0 h\u1ea1nh ph\u00fac h\u01a1n d\u00f9 l\u00e0 b\u1ea5t k\u1ef3 ai, \u1edf \u0111\u00e2u hay l\u00e0m g\u00ec. H\u01a1n h\u1ebft, ch\u00fang t\u00f4i s\u1ebd kh\u1eb3ng \u0111\u1ecbnh v\u1ecb th\u1ebf c\u1ee7a ng\u00e0nh l\u00e0m \u0111\u1eb9p, ch\u0103m s\u00f3c s\u1ee9c kh\u1ecfe Vi\u1ec7t tr\u00ean th\u1ecb tr\u01b0\u1eddng th\u1ebf gi\u1edbi.<\/span><\/p>\n<p style=\"text-align: justify;\"><span style=\"font-weight: 400;\">Hadoo \u0111\u01b0\u1ee3c th\u00e0nh l\u1eadp \u0111\u1ec3 truy\u1ec1n c\u1ea3m h\u1ee9ng, t\u1ea1o \u0111\u1ed9ng l\u1ef1c v\u00e0 chia s\u1ebb ki\u1ebfn th\u1ee9c chuy\u00ean m\u00f4n, th\u1ef1c ti\u1ec5n cho m\u1ecdi ng\u01b0\u1eddi, m\u1ecdi gia \u0111\u00ecnh Vi\u1ec7t. N\u1ed7 l\u1ef1c kh\u00f4ng ng\u1eebng trong t\u1eebng d\u1ecbch v\u1ee5, s\u1ea3n ph\u1ea9m \u0111\u1ec3 \u0111\u00e1nh th\u1ee9c nhu c\u1ea7u t\u1ef1 ch\u0103m s\u00f3c s\u1ee9c kh\u1ecfe, s\u1eafc \u0111\u1eb9p \u0111\u00fang c\u00e1ch, ph\u00f2ng tr\u00e1nh b\u1ec7nh cho m\u1ed7i ng\u01b0\u1eddi v\u00e0 ch\u00ednh ng\u01b0\u1eddi th\u00e2n c\u1ee7a h\u1ecd. <\/span><\/p>\n\t\t<\/div>\n\t\t\t\t\t<\/div>\n\n\t\n<\/div>\n\t\t<\/div>\n\n\t\t\n<style>\n#section_1589843059 {\n  padding-top: 60px;\n  padding-bottom: 60px;\n  background-color: rgb(255, 249, 246);\n}\n#section_1589843059 .ux-shape-divider--top svg {\n  height: 150px;\n  --divider-top-width: 100%;\n}\n#section_1589843059 .ux-shape-divider--bottom svg {\n  height: 150px;\n  --divider-width: 100%;\n}\n<\/style>\n\t<\/section>\n\t\n\t<section class=\"section uu-diem-section\" id=\"section_2045292262\">\n\t\t<div class=\"bg section-bg fill bg-fill  bg-loaded\" >\n\n\t\t\t\n\t\t\t\n\t\t\t\n\n\t\t<\/div>\n\n\t\t\n\n\t\t<div class=\"section-content relative\">\n\t\t\t\n<div class=\"row row-small\" style=\"max-width:95%\" id=\"row-1723949468\">\n\n\t<div id=\"col-633553637\" class=\"col medium-3 small-6 large-3\"  >\n\t\t\t\t<div class=\"col-inner\"  >\n\t\t\t\n\t\t\t\n\n\t\t<div class=\"icon-box featured-box icon-box-center text-center\"  >\n\t\t\t\t\t<div class=\"icon-box-img\" style=\"width: 129px\">\n\t\t\t\t<div class=\"icon\">\n\t\t\t\t\t<div class=\"icon-inner\" >\n\t\t\t\t\t\t<img loading=\"lazy\" decoding=\"async\" width=\"300\" height=\"300\" src=\"https:\/\/khowordpress.com\/spa1\/wp-content\/uploads\/2022\/08\/anh1-300x300.png\" class=\"attachment-medium size-medium\" alt=\"\" srcset=\"https:\/\/khowordpress.com\/spa1\/wp-content\/uploads\/2022\/08\/anh1.png 300w, https:\/\/khowordpress.com\/spa1\/wp-content\/uploads\/2022\/08\/anh1-150x150.png 150w\" sizes=\"auto, (max-width: 300px) 100vw, 300px\" \/>\t\t\t\t\t<\/div>\n\t\t\t\t<\/div>\n\t\t\t<\/div>\n\t\t\t\t<div class=\"icon-box-text last-reset\">\n\t\t\t\t\t\t\t\t\t\n<h3>Con ng\u01b0\u1eddi l\u00e0 gi\u00e1 tr\u1ecb c\u1ed1t l\u00f5i trong \u0111\u1ecbnh h\u01b0\u1edbng chi\u1ebfn l\u01b0\u1ee3c<\/h3>\n<p style=\"text-align: justify;\"><span style=\"font-size: 95%;\">Trong h\u00e0nh tr\u00ecnh ph\u00e1t tri\u1ec3n, ch\u00fang t\u00f4i lu\u00f4n \u0111\u1eb7t y\u1ebfu t\u1ed1 con ng\u01b0\u1eddi l\u00e0m \u201ckim ch\u1ec9 nam\u201d \u0111\u1ec3 c\u00f3 th\u1ec3 ho\u00e0n th\u00e0nh s\u1ee9 m\u1ec7nh. \u0110\u1ed9i ng\u0169 chuy\u00ean gia, nh\u00e2n vi\u00ean \u0111\u01b0\u1ee3c \u0111\u00e0o t\u1ea1o b\u00e0i b\u1ea3n, lu\u00f4n \u0111\u1eb7t tinh th\u1ea7n tr\u00e1ch nhi\u1ec7m \u0111\u1ed1i v\u1edbi kh\u00e1ch h\u00e0ng, c\u1ed9ng \u0111\u1ed3ng l\u00e0 quan tr\u1ecdng nh\u1ea5t.<\/span><\/p>\n\t\t<\/div>\n\t<\/div>\n\t\n\t\n\t\t<\/div>\n\t\t\t\t\t<\/div>\n\n\t\n\n\t<div id=\"col-295776845\" class=\"col medium-3 small-6 large-3\"  >\n\t\t\t\t<div class=\"col-inner\"  >\n\t\t\t\n\t\t\t\n\n\t\t<div class=\"icon-box featured-box icon-box-center text-center\"  >\n\t\t\t\t\t<div class=\"icon-box-img\" style=\"width: 129px\">\n\t\t\t\t<div class=\"icon\">\n\t\t\t\t\t<div class=\"icon-inner\" >\n\t\t\t\t\t\t<img loading=\"lazy\" decoding=\"async\" width=\"300\" height=\"300\" src=\"https:\/\/khowordpress.com\/spa1\/wp-content\/uploads\/2022\/08\/tien-phong-cssk-220822-1-300x300.png\" class=\"attachment-medium size-medium\" alt=\"tien-phong-cssk-220822-1\" srcset=\"https:\/\/khowordpress.com\/spa1\/wp-content\/uploads\/2022\/08\/tien-phong-cssk-220822-1-300x300.png 300w, https:\/\/khowordpress.com\/spa1\/wp-content\/uploads\/2022\/08\/tien-phong-cssk-220822-1-150x150.png 150w, https:\/\/khowordpress.com\/spa1\/wp-content\/uploads\/2022\/08\/tien-phong-cssk-220822-1.png 600w\" sizes=\"auto, (max-width: 300px) 100vw, 300px\" \/>\t\t\t\t\t<\/div>\n\t\t\t\t<\/div>\n\t\t\t<\/div>\n\t\t\t\t<div class=\"icon-box-text last-reset\">\n\t\t\t\t\t\t\t\t\t\n<h3>Ti\u00ean phong ch\u0103m s\u00f3c s\u1ee9c kh\u1ecfe, l\u00e0m \u0111\u1eb9p kh\u00f4ng x\u00e2m l\u1ea5n, an to\u00e0n<\/h3>\n<p style=\"text-align: justify;\"><span style=\"font-size: 95%;\">Ng\u01b0\u1eddi s\u00e1ng l\u1eadp Hadoo Vi\u1ec7t Nam lu\u00f4n t\u00e2m ni\u1ec7m v\u1ec1 gi\u1ea3i ph\u00e1p l\u00e0m \u0111\u1eb9p an to\u00e0n, hi\u1ec7u qu\u1ea3 v\u00e0 kh\u00f4ng x\u00e2m l\u1ea5n. V\u00ec th\u1ebf, m\u1ed7i s\u1ea3n ph\u1ea9m d\u1ecbch v\u1ee5 \u0111\u1ec1u l\u00e0 qu\u00e1 tr\u00ecnh nghi\u00ean c\u1ee9u d\u00e0y c\u00f4ng, b\u1ec1n b\u1ec9 v\u00e0 n\u1ed7 l\u1ef1c kh\u00f4ng ng\u1eebng c\u1ee7a chuy\u00ean gia Cao Th\u01b0\u01a1ng trong su\u1ed1t nhi\u1ec1u n\u0103m.<\/span><\/p>\n\t\t<\/div>\n\t<\/div>\n\t\n\t\n\t\t<\/div>\n\t\t\t\t\t<\/div>\n\n\t\n\n\t<div id=\"col-1407736890\" class=\"col medium-3 small-6 large-3\"  >\n\t\t\t\t<div class=\"col-inner\"  >\n\t\t\t\n\t\t\t\n\n\t\t<div class=\"icon-box featured-box icon-box-center text-center\"  >\n\t\t\t\t\t<div class=\"icon-box-img\" style=\"width: 129px\">\n\t\t\t\t<div class=\"icon\">\n\t\t\t\t\t<div class=\"icon-inner\" >\n\t\t\t\t\t\t<img loading=\"lazy\" decoding=\"async\" width=\"300\" height=\"300\" src=\"https:\/\/khowordpress.com\/spa1\/wp-content\/uploads\/2022\/08\/chien-luoc-mui-nhon-220822-1-300x300.png\" class=\"attachment-medium size-medium\" alt=\"chien-luoc-mui-nhon-220822-1\" srcset=\"https:\/\/khowordpress.com\/spa1\/wp-content\/uploads\/2022\/08\/chien-luoc-mui-nhon-220822-1-300x300.png 300w, https:\/\/khowordpress.com\/spa1\/wp-content\/uploads\/2022\/08\/chien-luoc-mui-nhon-220822-1-150x150.png 150w, https:\/\/khowordpress.com\/spa1\/wp-content\/uploads\/2022\/08\/chien-luoc-mui-nhon-220822-1.png 600w\" sizes=\"auto, (max-width: 300px) 100vw, 300px\" \/>\t\t\t\t\t<\/div>\n\t\t\t\t<\/div>\n\t\t\t<\/div>\n\t\t\t\t<div class=\"icon-box-text last-reset\">\n\t\t\t\t\t\t\t\t\t\n<h3>N\u1ec1n t\u1ea3ng v\u1eefng ch\u1eafc t\u1ea1o \u0111\u1ed9ng l\u1ef1c cho chi\u1ebfn l\u01b0\u1ee3c m\u0169i nh\u1ecdn<\/h3>\n<p style=\"text-align: justify;\"><span style=\"font-size: 95%;\">M\u1ed7i s\u1ea3n ph\u1ea9m c\u1ee7a ch\u00fang t\u00f4i \u0111\u1ec1u tr\u1ea3i qua nh\u1eefng y\u00eau c\u1ea7u kh\u1eaft khe t\u1eeb l\u1ef1a ch\u1ecdn nguy\u00ean li\u1ec7u, thi\u1ebft k\u1ebf, s\u1ea3n xu\u1ea5t \u0111\u1ebfn th\u00e0nh ph\u1ea9m. L\u1ef1a ch\u1ecdn nh\u00e0 m\u00e1y s\u1ea3n xu\u1ea5t Bioncell \u0111\u1ea1t ti\u00eau chu\u1ea9n v\u1edbi h\u1ec7 th\u1ed1ng d\u00e2y chuy\u1ec1n hi\u1ec7n \u0111\u1ea1i, y\u00eau c\u1ea7u nghi\u00eam ng\u1eb7t v\u1ec1 qu\u1ea3n l\u00fd ch\u1ea5t l\u01b0\u1ee3ng. C\u0169ng nh\u01b0 l\u1ef1a ch\u1ecdn v\u00f9ng nguy\u00ean li\u1ec7u k\u1ef9 l\u01b0\u1ee1ng v\u1edbi \u0111i\u1ec1u ki\u1ec7n kh\u00ed h\u1eadu, th\u1ed5 nh\u01b0\u1ee1ng ph\u00f9 h\u1ee3p.<\/span><\/p>\n\t\t<\/div>\n\t<\/div>\n\t\n\t\n\t\t<\/div>\n\t\t\t\t\t<\/div>\n\n\t\n\n\t<div id=\"col-1529016558\" class=\"col medium-3 small-6 large-3\"  >\n\t\t\t\t<div class=\"col-inner\"  >\n\t\t\t\n\t\t\t\n\n\t\t<div class=\"icon-box featured-box icon-box-center text-center\"  >\n\t\t\t\t\t<div class=\"icon-box-img\" style=\"width: 129px\">\n\t\t\t\t<div class=\"icon\">\n\t\t\t\t\t<div class=\"icon-inner\" >\n\t\t\t\t\t\t<img loading=\"lazy\" decoding=\"async\" width=\"300\" height=\"300\" src=\"https:\/\/khowordpress.com\/spa1\/wp-content\/uploads\/2022\/08\/thai-doc-he-bach-huyet-nang-co-tre-xoa-nhan-600x600-1-300x300.jpg\" class=\"attachment-medium size-medium\" alt=\"\" srcset=\"https:\/\/khowordpress.com\/spa1\/wp-content\/uploads\/2022\/08\/thai-doc-he-bach-huyet-nang-co-tre-xoa-nhan-600x600-1-300x300.jpg 300w, https:\/\/khowordpress.com\/spa1\/wp-content\/uploads\/2022\/08\/thai-doc-he-bach-huyet-nang-co-tre-xoa-nhan-600x600-1-150x150.jpg 150w, https:\/\/khowordpress.com\/spa1\/wp-content\/uploads\/2022\/08\/thai-doc-he-bach-huyet-nang-co-tre-xoa-nhan-600x600-1.jpg 600w\" sizes=\"auto, (max-width: 300px) 100vw, 300px\" \/>\t\t\t\t\t<\/div>\n\t\t\t\t<\/div>\n\t\t\t<\/div>\n\t\t\t\t<div class=\"icon-box-text last-reset\">\n\t\t\t\t\t\t\t\t\t\n<h3>Minh b\u1ea1ch, r\u00f5 r\u00e0ng \u0111\u1ec3 \u0111\u1ea3m b\u1ea3o l\u1ee3i \u00edch cho kh\u00e1ch h\u00e0ng<\/h3>\n<p style=\"text-align: justify;\"><span style=\"font-size: 95%;\">Nh\u1eefng th\u00f4ng tin li\u00ean quan \u0111\u1ebfn c\u00f4ng ty, nh\u00e0 m\u00e1y v\u00e0 nguy\u00ean li\u1ec7u s\u1ea3n xu\u1ea5t \u0111\u1ec1u \u0111\u01b0\u1ee3c c\u00f4ng khai, minh b\u1ea1ch, r\u00f5 r\u00e0ng v\u00e0 \u0111\u1ea3m b\u1ea3o l\u1ee3i \u00edch cho kh\u00e1ch h\u00e0ng.<\/span><\/p>\n\t\t<\/div>\n\t<\/div>\n\t\n\t\n\t\t<\/div>\n\t\t\t\t\t<\/div>\n\n\t\n\n\t<div id=\"col-1516772717\" class=\"col medium-3 small-6 large-3\"  >\n\t\t\t\t<div class=\"col-inner\"  >\n\t\t\t\n\t\t\t\n\n\t\t<div class=\"icon-box featured-box icon-box-center text-center\"  >\n\t\t\t\t\t<div class=\"icon-box-img\" style=\"width: 129px\">\n\t\t\t\t<div class=\"icon\">\n\t\t\t\t\t<div class=\"icon-inner\" >\n\t\t\t\t\t\t<img loading=\"lazy\" decoding=\"async\" width=\"300\" height=\"300\" src=\"https:\/\/khowordpress.com\/spa1\/wp-content\/uploads\/2022\/08\/trach-nhiem-cong-dong-220822-1-300x300.png\" class=\"attachment-medium size-medium\" alt=\"trach-nhiem-cong-dong-220822-1\" srcset=\"https:\/\/khowordpress.com\/spa1\/wp-content\/uploads\/2022\/08\/trach-nhiem-cong-dong-220822-1-300x300.png 300w, https:\/\/khowordpress.com\/spa1\/wp-content\/uploads\/2022\/08\/trach-nhiem-cong-dong-220822-1-150x150.png 150w, https:\/\/khowordpress.com\/spa1\/wp-content\/uploads\/2022\/08\/trach-nhiem-cong-dong-220822-1.png 600w\" sizes=\"auto, (max-width: 300px) 100vw, 300px\" \/>\t\t\t\t\t<\/div>\n\t\t\t\t<\/div>\n\t\t\t<\/div>\n\t\t\t\t<div class=\"icon-box-text last-reset\">\n\t\t\t\t\t\t\t\t\t\n<h3>Th\u1ef1c hi\u1ec7n tr\u00e1ch nhi\u1ec7m c\u1ed9ng \u0111\u1ed3ng \u1edf m\u1ee9c cao nh\u1ea5t<\/h3>\n<p style=\"text-align: justify;\"><span style=\"font-size: 95%;\">Tr\u00e1ch nhi\u1ec7m c\u1ed9ng \u0111\u1ed3ng kh\u00f4ng ch\u1ec9 ngh\u0129a v\u1ee5 m\u00e0 c\u00f2n l\u00e0 quy\u1ec1n l\u1ee3i. \u0110\u1ecbnh h\u01b0\u1edbng gi\u1ea3i quy\u1ebft vi\u1ec7c l\u00e0m cho h\u00e0ng ng\u00e0n lao \u0111\u1ed9ng. Th\u01b0\u1ee3ng t\u00f4n ph\u00e1p lu\u1eadt, duy tr\u00ec \u0111\u1ea1o \u0111\u1ee9c ngh\u1ec1 nghi\u1ec7p c\u0169ng nh\u01b0 \u0111\u1ea1o \u0111\u1ee9c x\u00e3 h\u1ed9i \u1edf m\u1ee9c cao nh\u1ea5t. N\u1ed7 l\u1ef1c th\u1ef1c hi\u1ec7n c\u00e1c gi\u1ea3i ph\u00e1p t\u1ea1o \u0111\u01b0\u1ee3c m\u1ed1i quan h\u1ec7 gi\u00fap nh\u1eadn gi\u00e1 tr\u1ecb win \u2013 win \u0111\u1ec3 Qu\u00fd kh\u00e1ch h\u00e0ng, Qu\u00fd \u0111\u1ed1i t\u00e1c tin t\u01b0\u1edfng c\u00f9ng ph\u00e1t tri\u1ec3n.<\/span><\/p>\n\t\t<\/div>\n\t<\/div>\n\t\n\t\n\t\t<\/div>\n\t\t\t\t\t<\/div>\n\n\t\n<\/div>\n\t\t<\/div>\n\n\t\t\n<style>\n#section_2045292262 {\n  padding-top: 53px;\n  padding-bottom: 53px;\n}\n#section_2045292262 .ux-shape-divider--top svg {\n  height: 150px;\n  --divider-top-width: 100%;\n}\n#section_2045292262 .ux-shape-divider--bottom svg {\n  height: 150px;\n  --divider-width: 100%;\n}\n<\/style>\n\t<\/section>\n\t\n","protected":false},"excerpt":{"rendered":"","protected":false},"author":1,"featured_media":0,"parent":0,"menu_order":0,"comment_status":"closed","ping_status":"closed","template":"page-blank.php","meta":{"footnotes":""},"class_list":["post-29","page","type-page","status-publish","hentry"],"_links":{"self":[{"href":"https:\/\/khowordpress.com\/spa1\/wp-json\/wp\/v2\/pages\/29","targetHints":{"allow":["GET"]}}],"collection":[{"href":"https:\/\/khowordpress.com\/spa1\/wp-json\/wp\/v2\/pages"}],"about":[{"href":"https:\/\/khowordpress.com\/spa1\/wp-json\/wp\/v2\/types\/page"}],"author":[{"embeddable":true,"href":"https:\/\/khowordpress.com\/spa1\/wp-json\/wp\/v2\/users\/1"}],"replies":[{"embeddable":true,"href":"https:\/\/khowordpress.com\/spa1\/wp-json\/wp\/v2\/comments?post=29"}],"version-history":[{"count":38,"href":"https:\/\/khowordpress.com\/spa1\/wp-json\/wp\/v2\/pages\/29\/revisions"}],"predecessor-version":[{"id":712,"href":"https:\/\/khowordpress.com\/spa1\/wp-json\/wp\/v2\/pages\/29\/revisions\/712"}],"wp:attachment":[{"href":"https:\/\/khowordpress.com\/spa1\/wp-json\/wp\/v2\/media?parent=29"}],"curies":[{"name":"wp","href":"https:\/\/api.w.org\/{rel}","templated":true}]}}