{"id":538,"date":"2022-06-13T20:56:53","date_gmt":"2022-06-13T13:56:53","guid":{"rendered":"http:\/\/thoitrang6.maugiaodien.com\/?post_type=product&#038;p=538"},"modified":"2022-06-15T20:48:13","modified_gmt":"2022-06-15T13:48:13","slug":"ao-so-mi-lua-tay-bong","status":"publish","type":"product","link":"https:\/\/khowordpress.com\/thoitrang6\/san-pham\/ao-so-mi-lua-tay-bong\/","title":{"rendered":"\u00c1o S\u01a1 Mi L\u1ee5a Tay B\u1ed3ng"},"content":{"rendered":"<p>Cotton compact l\u00e0 d\u00f2ng v\u1ea3i thun cao c\u1ea5p nh\u1ea5t hi\u1ec7n nay. C\u00e1c lo\u1ea1i v\u1ea3i n\u00e0y \u0111\u01b0\u1ee3c d\u1ec7t t\u1eeb s\u1ee3i compact, m\u1ed9t lo\u1ea1i s\u1ee3i cotton c\u00f3 b\u1ed9 b\u1ec1n r\u1ea5t cao, \u00edt x\u00f9 l\u00f4ng h\u01a1n so v\u1edbi c\u00e1c lo\u1ea1i cotton th\u00f4ng th\u01b0\u1eddng. S\u1ef1 kh\u00e1c bi\u1ec7t gi\u1eefa s\u1ee3i cotton compact so v\u1edbi s\u1ee3i cotton th\u00f4ng th\u01b0\u1eddng ch\u00ednh l\u00e0 c\u1ea3i ti\u1ebfn v\u1ec1 c\u00f4ng ngh\u1ec7 s\u1ea3n xu\u1ea5t, t\u1ea1o ra s\u1ee3i v\u1ea3i ch\u1eafc ch\u1eafn v\u00e0 d\u00e0i h\u01a1n g\u1ea5p ba l\u1ea7n so v\u1edbi lo\u1ea1i v\u1ea3i th\u01b0\u1eddng.<\/p>\n<p><img loading=\"lazy\" decoding=\"async\" class=\"alignnone size-full wp-image-486\" src=\"http:\/\/thoitrang6.maugiaodien.com\/wp-content\/uploads\/2022\/06\/pc__3_doi_9a8cdb04b80247da928f702a5baf0d40.webp\" alt=\"\" width=\"1920\" height=\"767\" srcset=\"https:\/\/khowordpress.com\/thoitrang6\/wp-content\/uploads\/2022\/06\/pc__3_doi_9a8cdb04b80247da928f702a5baf0d40.webp 1920w, https:\/\/khowordpress.com\/thoitrang6\/wp-content\/uploads\/2022\/06\/pc__3_doi_9a8cdb04b80247da928f702a5baf0d40-300x120.webp 300w, https:\/\/khowordpress.com\/thoitrang6\/wp-content\/uploads\/2022\/06\/pc__3_doi_9a8cdb04b80247da928f702a5baf0d40-600x240.webp 600w, https:\/\/khowordpress.com\/thoitrang6\/wp-content\/uploads\/2022\/06\/pc__3_doi_9a8cdb04b80247da928f702a5baf0d40-768x307.webp 768w, https:\/\/khowordpress.com\/thoitrang6\/wp-content\/uploads\/2022\/06\/pc__3_doi_9a8cdb04b80247da928f702a5baf0d40-1536x614.webp 1536w\" sizes=\"auto, (max-width: 1920px) 100vw, 1920px\" \/><\/p>\n<ul>\n<li><strong>C\u1ea3m gi\u00e1c m\u01b0\u1edbt tay, \u00eam \u00e1i v\u00e0 m\u1ec1m m\u1ea1i ngay l\u1ea7n \u0111\u1ea7u ch\u1ea1m,\u00a0<\/strong>b\u1ec1n v\u00e0 m\u1ec1m x2 l\u1ea7n so v\u1edbi Cotton th\u00f4ng th\u01b0\u1eddng<\/li>\n<li><strong>Kh\u00f4ng nh\u0103n, kh\u00f4ng co r\u00fat sau khi gi\u1eb7t<\/strong>, ch\u1ec9 c\u1ea7n l\u1ea5y t\u1eeb trong t\u1ee7 v\u00e0 t\u1ef1 tin m\u1eb7c m\u00e0 kh\u00f4ng c\u1ea7n \u1ee7i \u0111\u1ed3<\/li>\n<li>\u0110\u1eb7c bi\u1ec7t cotton ch\u1ea5t l\u01b0\u1ee3ng cao, v\u1ea3i d\u1ec7t tho\u00e1ng kh\u00ed t\u1ea1o s\u1ef1\u00a0<strong>tho\u1ea3i m\u00e1i, tho\u00e1ng m\u00e1t khi m\u1eb7c\u00a0<\/strong><\/li>\n<\/ul>\n<p><img loading=\"lazy\" decoding=\"async\" class=\"alignnone size-full wp-image-58\" src=\"https:\/\/demo-giay.webmau16.com\/wp-content\/uploads\/2022\/06\/17c4d8ff10e7f9bf5f78172826ee0f1d1adae82efdcc0b306b75f16f.jpg\" alt=\"\" width=\"750\" height=\"639\" \/><\/p>\n<p>&nbsp;<\/p>\n<p>Nh\u1eefng chi\u1ebfc \u00e1o ph\u00f4ng c\u1ee7a Loza s\u1eed d\u1ee5ng ch\u1ea5t li\u1ec7u cotton compact, m\u1ed9t d\u1ea1ng cotton ch\u1ea5t l\u01b0\u1ee3ng cao \u0111em \u0111\u1ebfn cho ng\u01b0\u1eddi m\u1eb7c tr\u1ea3i nghi\u1ec7m tuy\u1ec7t v\u1eddi nh\u1ea5t. &#8220;Cotton Compact&#8221; l\u00e0 c\u00e2u tr\u1ea3 l\u1eddi cho c\u00e1c b\u1ea1n \u0111ang t\u00ecm ki\u1ebfm cho m\u00ecnh m\u1ed9t chi\u1ebfc \u00e1o ph\u00f4ng m\u1ec1m m\u1ea1i, b\u1ec1n h\u01a1n v\u00e0 tho\u00e1ng m\u00e1t h\u01a1n. Kh\u00f4ng ch\u1ec9 v\u1eady, c\u00e1c thi\u1ebft k\u1ebf \u00e1o ph\u00f4ng c\u1ee7a Loza lu\u00f4n t\u1ea1o cho b\u1ea1n m\u1ed9t phong c\u00e1ch ri\u00eang th\u1ef1c s\u1ef1 \u1ea5n t\u01b0\u1ee3ng v\u1edbi nh\u1eefng ki\u1ec3u h\u00ecnh in PET ch\u1ea5t l\u01b0\u1ee3ng cao, h\u00ecnh in m\u00e0u s\u1eafc n\u00e9t, \u0111\u1ed9 b\u1ec1n cao h\u01a1n 10 l\u1ea7n h\u00ecnh in nhi\u1ec7t truy\u1ec1n th\u1ed1ng.<\/p>\n<p>&nbsp;<\/p>\n<p><img loading=\"lazy\" decoding=\"async\" class=\"alignnone size-full wp-image-57\" src=\"https:\/\/demo-giay.webmau16.com\/wp-content\/uploads\/2022\/06\/b0b05ee8e172e4416b964c1e9cf7867ee356a41c6661aac425dd91af.jpg\" alt=\"\" width=\"1400\" height=\"700\" \/><\/p>\n","protected":false},"excerpt":{"rendered":"<ul>\n<li>D\u00e1ng \u00e1o: su\u00f4ng (regular fit)<\/li>\n<li>Ch\u1ea5t li\u1ec7u cotton compact v\u1edbi 95% cotton t\u1ef1 nhi\u00ean + 5% spandex<\/li>\n<li>Co gi\u00e3n 4 chi\u1ec1u, m\u1eb7t v\u1ea3i m\u1ecbn, tho\u00e1ng, th\u1ea5m h\u00fat m\u1ed3 h\u00f4i<\/li>\n<li>Ch\u1ea5t v\u1ea3i b\u1ec1n, gi\u1eef phom t\u1ed1t<\/li>\n<\/ul>\n","protected":false},"featured_media":488,"comment_status":"open","ping_status":"closed","template":"","meta":[],"product_brand":[],"product_cat":[18],"product_tag":[],"class_list":{"0":"post-538","1":"product","2":"type-product","3":"status-publish","4":"has-post-thumbnail","6":"kieudang-dang-rong","7":"product_cat-ao-so-mi-nu","8":"pa_mau-sac-hong","10":"first","11":"instock","12":"sale","13":"shipping-taxable","14":"purchasable","15":"product-type-variable","16":"has-default-attributes"},"yoast_head":"<!-- This site is optimized with the Yoast SEO plugin v27.0 - https:\/\/yoast.com\/product\/yoast-seo-wordpress\/ -->\n<title>\u00c1o S\u01a1 Mi L\u1ee5a Tay B\u1ed3ng - Fashion<\/title>\n<meta name=\"robots\" content=\"noindex, follow, max-snippet:-1, max-image-preview:large, max-video-preview:-1\" \/>\n<meta property=\"og:locale\" content=\"vi_VN\" \/>\n<meta property=\"og:type\" content=\"article\" \/>\n<meta property=\"og:title\" content=\"\u00c1o S\u01a1 Mi L\u1ee5a Tay B\u1ed3ng - Fashion\" \/>\n<meta property=\"og:description\" content=\"D\u00e1ng \u00e1o: su\u00f4ng (regular fit)  Ch\u1ea5t li\u1ec7u cotton compact v\u1edbi 95% cotton t\u1ef1 nhi\u00ean + 5% spandex  Co gi\u00e3n 4 chi\u1ec1u, m\u1eb7t v\u1ea3i m\u1ecbn, tho\u00e1ng, th\u1ea5m h\u00fat m\u1ed3 h\u00f4i  Ch\u1ea5t v\u1ea3i b\u1ec1n, gi\u1eef phom t\u1ed1t\" \/>\n<meta property=\"og:url\" content=\"https:\/\/khowordpress.com\/thoitrang6\/san-pham\/ao-so-mi-lua-tay-bong\/\" \/>\n<meta property=\"og:site_name\" content=\"Fashion\" \/>\n<meta property=\"article:modified_time\" content=\"2022-06-15T13:48:13+00:00\" \/>\n<meta property=\"og:image\" content=\"https:\/\/khowordpress.com\/thoitrang6\/wp-content\/uploads\/2022\/06\/30f1d0998263b498ff4545ecb4972d24f9d3d74c.jpg\" \/>\n\t<meta property=\"og:image:width\" content=\"1200\" \/>\n\t<meta property=\"og:image:height\" content=\"1600\" \/>\n\t<meta property=\"og:image:type\" content=\"image\/jpeg\" \/>\n<meta name=\"twitter:card\" content=\"summary_large_image\" \/>\n<meta name=\"twitter:label1\" content=\"\u01af\u1edbc t\u00ednh th\u1eddi gian \u0111\u1ecdc\" \/>\n\t<meta name=\"twitter:data1\" content=\"2 ph\u00fat\" \/>\n<script type=\"application\/ld+json\" class=\"yoast-schema-graph\">{\"@context\":\"https:\/\/schema.org\",\"@graph\":[{\"@type\":\"WebPage\",\"@id\":\"https:\/\/khowordpress.com\/thoitrang6\/san-pham\/ao-so-mi-lua-tay-bong\/\",\"url\":\"https:\/\/khowordpress.com\/thoitrang6\/san-pham\/ao-so-mi-lua-tay-bong\/\",\"name\":\"\u00c1o S\u01a1 Mi L\u1ee5a Tay B\u1ed3ng - Fashion\",\"isPartOf\":{\"@id\":\"https:\/\/khowordpress.com\/thoitrang6\/#website\"},\"primaryImageOfPage\":{\"@id\":\"https:\/\/khowordpress.com\/thoitrang6\/san-pham\/ao-so-mi-lua-tay-bong\/#primaryimage\"},\"image\":{\"@id\":\"https:\/\/khowordpress.com\/thoitrang6\/san-pham\/ao-so-mi-lua-tay-bong\/#primaryimage\"},\"thumbnailUrl\":\"https:\/\/khowordpress.com\/thoitrang6\/wp-content\/uploads\/2022\/06\/30f1d0998263b498ff4545ecb4972d24f9d3d74c.jpg\",\"datePublished\":\"2022-06-13T13:56:53+00:00\",\"dateModified\":\"2022-06-15T13:48:13+00:00\",\"breadcrumb\":{\"@id\":\"https:\/\/khowordpress.com\/thoitrang6\/san-pham\/ao-so-mi-lua-tay-bong\/#breadcrumb\"},\"inLanguage\":\"vi\",\"potentialAction\":[{\"@type\":\"ReadAction\",\"target\":[\"https:\/\/khowordpress.com\/thoitrang6\/san-pham\/ao-so-mi-lua-tay-bong\/\"]}]},{\"@type\":\"ImageObject\",\"inLanguage\":\"vi\",\"@id\":\"https:\/\/khowordpress.com\/thoitrang6\/san-pham\/ao-so-mi-lua-tay-bong\/#primaryimage\",\"url\":\"https:\/\/khowordpress.com\/thoitrang6\/wp-content\/uploads\/2022\/06\/30f1d0998263b498ff4545ecb4972d24f9d3d74c.jpg\",\"contentUrl\":\"https:\/\/khowordpress.com\/thoitrang6\/wp-content\/uploads\/2022\/06\/30f1d0998263b498ff4545ecb4972d24f9d3d74c.jpg\",\"width\":1200,\"height\":1600},{\"@type\":\"BreadcrumbList\",\"@id\":\"https:\/\/khowordpress.com\/thoitrang6\/san-pham\/ao-so-mi-lua-tay-bong\/#breadcrumb\",\"itemListElement\":[{\"@type\":\"ListItem\",\"position\":1,\"name\":\"Trang ch\u1ee7\",\"item\":\"https:\/\/khowordpress.com\/thoitrang6\/\"},{\"@type\":\"ListItem\",\"position\":2,\"name\":\"C\u1eeda h\u00e0ng\",\"item\":\"https:\/\/khowordpress.com\/thoitrang6\/cua-hang\/\"},{\"@type\":\"ListItem\",\"position\":3,\"name\":\"\u00c1o S\u01a1 Mi L\u1ee5a Tay B\u1ed3ng\"}]},{\"@type\":\"WebSite\",\"@id\":\"https:\/\/khowordpress.com\/thoitrang6\/#website\",\"url\":\"https:\/\/khowordpress.com\/thoitrang6\/\",\"name\":\"Fashion\",\"description\":\"C\u1eeda h\u00e0ng th\u1eddi trang Fashion\",\"potentialAction\":[{\"@type\":\"SearchAction\",\"target\":{\"@type\":\"EntryPoint\",\"urlTemplate\":\"https:\/\/khowordpress.com\/thoitrang6\/?s={search_term_string}\"},\"query-input\":{\"@type\":\"PropertyValueSpecification\",\"valueRequired\":true,\"valueName\":\"search_term_string\"}}],\"inLanguage\":\"vi\"}]}<\/script>\n<!-- \/ Yoast SEO plugin. -->","yoast_head_json":{"title":"\u00c1o S\u01a1 Mi L\u1ee5a Tay B\u1ed3ng - Fashion","robots":{"index":"noindex","follow":"follow","max-snippet":"max-snippet:-1","max-image-preview":"max-image-preview:large","max-video-preview":"max-video-preview:-1"},"og_locale":"vi_VN","og_type":"article","og_title":"\u00c1o S\u01a1 Mi L\u1ee5a Tay B\u1ed3ng - Fashion","og_description":"D\u00e1ng \u00e1o: su\u00f4ng (regular fit)  Ch\u1ea5t li\u1ec7u cotton compact v\u1edbi 95% cotton t\u1ef1 nhi\u00ean + 5% spandex  Co gi\u00e3n 4 chi\u1ec1u, m\u1eb7t v\u1ea3i m\u1ecbn, tho\u00e1ng, th\u1ea5m h\u00fat m\u1ed3 h\u00f4i  Ch\u1ea5t v\u1ea3i b\u1ec1n, gi\u1eef phom t\u1ed1t","og_url":"https:\/\/khowordpress.com\/thoitrang6\/san-pham\/ao-so-mi-lua-tay-bong\/","og_site_name":"Fashion","article_modified_time":"2022-06-15T13:48:13+00:00","og_image":[{"width":1200,"height":1600,"url":"https:\/\/khowordpress.com\/thoitrang6\/wp-content\/uploads\/2022\/06\/30f1d0998263b498ff4545ecb4972d24f9d3d74c.jpg","type":"image\/jpeg"}],"twitter_card":"summary_large_image","twitter_misc":{"\u01af\u1edbc t\u00ednh th\u1eddi gian \u0111\u1ecdc":"2 ph\u00fat"},"schema":{"@context":"https:\/\/schema.org","@graph":[{"@type":"WebPage","@id":"https:\/\/khowordpress.com\/thoitrang6\/san-pham\/ao-so-mi-lua-tay-bong\/","url":"https:\/\/khowordpress.com\/thoitrang6\/san-pham\/ao-so-mi-lua-tay-bong\/","name":"\u00c1o S\u01a1 Mi L\u1ee5a Tay B\u1ed3ng - Fashion","isPartOf":{"@id":"https:\/\/khowordpress.com\/thoitrang6\/#website"},"primaryImageOfPage":{"@id":"https:\/\/khowordpress.com\/thoitrang6\/san-pham\/ao-so-mi-lua-tay-bong\/#primaryimage"},"image":{"@id":"https:\/\/khowordpress.com\/thoitrang6\/san-pham\/ao-so-mi-lua-tay-bong\/#primaryimage"},"thumbnailUrl":"https:\/\/khowordpress.com\/thoitrang6\/wp-content\/uploads\/2022\/06\/30f1d0998263b498ff4545ecb4972d24f9d3d74c.jpg","datePublished":"2022-06-13T13:56:53+00:00","dateModified":"2022-06-15T13:48:13+00:00","breadcrumb":{"@id":"https:\/\/khowordpress.com\/thoitrang6\/san-pham\/ao-so-mi-lua-tay-bong\/#breadcrumb"},"inLanguage":"vi","potentialAction":[{"@type":"ReadAction","target":["https:\/\/khowordpress.com\/thoitrang6\/san-pham\/ao-so-mi-lua-tay-bong\/"]}]},{"@type":"ImageObject","inLanguage":"vi","@id":"https:\/\/khowordpress.com\/thoitrang6\/san-pham\/ao-so-mi-lua-tay-bong\/#primaryimage","url":"https:\/\/khowordpress.com\/thoitrang6\/wp-content\/uploads\/2022\/06\/30f1d0998263b498ff4545ecb4972d24f9d3d74c.jpg","contentUrl":"https:\/\/khowordpress.com\/thoitrang6\/wp-content\/uploads\/2022\/06\/30f1d0998263b498ff4545ecb4972d24f9d3d74c.jpg","width":1200,"height":1600},{"@type":"BreadcrumbList","@id":"https:\/\/khowordpress.com\/thoitrang6\/san-pham\/ao-so-mi-lua-tay-bong\/#breadcrumb","itemListElement":[{"@type":"ListItem","position":1,"name":"Trang ch\u1ee7","item":"https:\/\/khowordpress.com\/thoitrang6\/"},{"@type":"ListItem","position":2,"name":"C\u1eeda h\u00e0ng","item":"https:\/\/khowordpress.com\/thoitrang6\/cua-hang\/"},{"@type":"ListItem","position":3,"name":"\u00c1o S\u01a1 Mi L\u1ee5a Tay B\u1ed3ng"}]},{"@type":"WebSite","@id":"https:\/\/khowordpress.com\/thoitrang6\/#website","url":"https:\/\/khowordpress.com\/thoitrang6\/","name":"Fashion","description":"C\u1eeda h\u00e0ng th\u1eddi trang Fashion","potentialAction":[{"@type":"SearchAction","target":{"@type":"EntryPoint","urlTemplate":"https:\/\/khowordpress.com\/thoitrang6\/?s={search_term_string}"},"query-input":{"@type":"PropertyValueSpecification","valueRequired":true,"valueName":"search_term_string"}}],"inLanguage":"vi"}]}},"_links":{"self":[{"href":"https:\/\/khowordpress.com\/thoitrang6\/wp-json\/wp\/v2\/product\/538","targetHints":{"allow":["GET"]}}],"collection":[{"href":"https:\/\/khowordpress.com\/thoitrang6\/wp-json\/wp\/v2\/product"}],"about":[{"href":"https:\/\/khowordpress.com\/thoitrang6\/wp-json\/wp\/v2\/types\/product"}],"replies":[{"embeddable":true,"href":"https:\/\/khowordpress.com\/thoitrang6\/wp-json\/wp\/v2\/comments?post=538"}],"wp:featuredmedia":[{"embeddable":true,"href":"https:\/\/khowordpress.com\/thoitrang6\/wp-json\/wp\/v2\/media\/488"}],"wp:attachment":[{"href":"https:\/\/khowordpress.com\/thoitrang6\/wp-json\/wp\/v2\/media?parent=538"}],"wp:term":[{"taxonomy":"product_brand","embeddable":true,"href":"https:\/\/khowordpress.com\/thoitrang6\/wp-json\/wp\/v2\/product_brand?post=538"},{"taxonomy":"product_cat","embeddable":true,"href":"https:\/\/khowordpress.com\/thoitrang6\/wp-json\/wp\/v2\/product_cat?post=538"},{"taxonomy":"product_tag","embeddable":true,"href":"https:\/\/khowordpress.com\/thoitrang6\/wp-json\/wp\/v2\/product_tag?post=538"}],"curies":[{"name":"wp","href":"https:\/\/api.w.org\/{rel}","templated":true}]}}