{"id":327,"date":"2021-04-26T01:27:23","date_gmt":"2021-04-26T01:27:23","guid":{"rendered":"http:\/\/trangsuc.maugiaodien.com\/?post_type=product&#038;p=327"},"modified":"2021-04-26T04:10:06","modified_gmt":"2021-04-26T04:10:06","slug":"nhan-bac-dinh-da-mau-do-pnjsilver-fantasia-ztxmk000086","status":"publish","type":"product","link":"https:\/\/khowordpress.com\/trangsuc\/san-pham\/nhan-bac-dinh-da-mau-do-pnjsilver-fantasia-ztxmk000086\/","title":{"rendered":"Nh\u1eabn b\u1ea1c \u0111\u00ednh \u0111\u00e1 m\u00e0u \u0111\u1ecf PNJSilver Fantasia ZTXMK000086"},"content":{"rendered":"<div class=\"pnj-title main-title\">\n<h2>Nh\u1eabn b\u1ea1c PNJSilver Fantasia \u0111\u00ednh \u0111\u00e1 m\u00e0u \u0111\u1ecf<\/h2>\n<\/div>\n<div class=\"pnj-block-description-wrapper\">\n<div class=\"pnj-block-description\">\n<p>T\u00f4 \u0111i\u1ec3m cho ng\u00f3n tay c\u1ee7a n\u00e0ng xinh b\u1eb1ng \u0111i\u1ec3m nh\u1ea5n l\u1ea5p l\u00e1nh v\u00e0 quy\u1ebfn r\u0169 c\u1ee7a chi\u1ebfc\u00a0nh\u1eabn b\u1ea1c PNJSilver. Nh\u1eb1m th\u1ec3 hi\u1ec7n h\u00ecnh \u1ea3nh ng\u01b0\u1eddi ph\u1ee5 n\u1eef hi\u1ec7n \u0111\u1ea1i trong d\u1ecbp l\u1ec5 t\u00ecnh nh\u00e2n s\u1eafp t\u1edbi, PNJSilver mang \u0111\u1ebfn BST Fantasia v\u1edbi c\u00e1c thi\u1ebft k\u1ebf trang s\u1ee9c b\u1ea1c tr\u1ebb trung, gi\u00fap n\u00e0ng thay \u0111\u1ed5i v\u00e0 bi\u1ebfn h\u00f3a c\u00f9ng phong c\u00e1ch th\u1eddi trang c\u1ee7a m\u00ecnh \u0111\u1ec3 h\u00e2m n\u00f3ng l\u1ea1i m\u1ed1i quan h\u1ec7 c\u1ee7a m\u00ecnh.<\/p>\n<div class=\"mp-column-group\">\n<div class=\"mp-block-item mp-type-normal-feature\">\n<div class=\"mp-block-title\">\n<h3>Nh\u1eabn b\u1ea1c PNJSilver \u2013 S\u1edf h\u1eefu thi\u1ebft k\u1ebf \u0111\u1ea7y t\u00ednh s\u00e1ng t\u1ea1o v\u00e0 l\u00e3ng m\u1ea1n<\/h3>\n<\/div>\n<div class=\"mp-block-description-wrapper\">\n<div class=\"mp-images\">\n<p class=\"mp-image-description-center\">Nh\u1eabn b\u1ea1c mang v\u1ebb \u0111\u1eb9p tr\u1ebb trung v\u00e0 th\u1eddi th\u01b0\u1ee3ng<\/p>\n<div class=\"mp-block-description\">\n<p>\u0110\u01b0\u1ee3c g\u1ee3i m\u1edf t\u1eeb s\u1ef1 thay \u0111\u1ed5i, bi\u1ebfn h\u00f3a v\u00e0 l\u00e0m m\u1edbi phong c\u00e1ch c\u1ee7a c\u00e1c c\u00f4 g\u00e1i trong nh\u1eefng m\u1ed1i quan h\u1ec7, BST Fantasia ra \u0111\u1eddi v\u1edbi c\u00e1c thi\u1ebft k\u1ebf trang s\u1ee9c b\u1ea1c tinh t\u1ebf v\u00e0 tr\u1ebb trung. S\u1edf h\u1eefu thi\u1ebft k\u1ebf \u0111\u1ea7y t\u00ednh \u0111am m\u00ea, l\u00e3ng m\u1ea1n c\u1ee7a t\u00ecnh y\u00eau v\u1edbi s\u1ef1 h\u00e0i h\u00f2a gi\u1eefa m\u00e0u tr\u1eafng tinh t\u1ebf v\u00e0 \u0111\u1ecf quy\u1ebfn r\u0169 c\u1ee7a \u0111\u00e1 CZ, chi\u1ebfc nh\u1eabn b\u1ea1c ch\u00ednh l\u00e0 \u0111i\u1ec3m nh\u1ea5n n\u1ed5i b\u1eadt t\u00f4 \u0111i\u1ec3m th\u00eam v\u1ebb \u0111\u1eb9p n\u1eef t\u00ednh v\u00e0 th\u1eddi th\u01b0\u1ee3ng cho phong c\u00e1ch n\u00e0ng.<\/p>\n<\/div>\n<\/div>\n<\/div>\n<div class=\"mp-block-item mp-type-normal-feature\">\n<div class=\"mp-block-item mp-type-normal-feature\">\n<div class=\"mp-block-title\">\n<h3>BST Fantasia mang \u0111\u1ebfn \u0111i\u1ec3m nh\u1ea5n cho phong c\u00e1ch th\u1eddi trang<\/h3>\n<\/div>\n<div class=\"mp-block-description-wrapper\"><span style=\"color: #555555; font-size: 14.4px;\">BST Fantasia mang \u0111\u1ebfn nh\u1eefng m\u1eabu trang s\u1ee9c b\u1ea1c nh\u01b0 <\/span>b\u00f4ng tai<span style=\"color: #555555; font-size: 14.4px;\">, nh\u1eabn,\u00a0<\/span>m\u1ec1 \u0111ay<span style=\"color: #555555; font-size: 14.4px;\">,\u2026 v\u1edbi s\u1ef1 k\u1ebft h\u1ee3p gi\u1eefa b\u1ea1c Sterling 92.5 c\u00f9ng \u0111\u00e1 CZ v\u1edbi tone m\u00e0u \u0111a d\u1ea1ng v\u00e0 c\u00e1c thi\u1ebft k\u1ebf \u0111\u1eadm ch\u1ea5t l\u00e3ng m\u1ea1n \u0111\u00e3 t\u1ea1o n\u00ean phi\u00ean b\u1ea3n n\u1eef trang g\u1ee3i l\u1ea1i nh\u1eefng cung b\u1eadc c\u1ee7a t\u00ecnh y\u00eau v\u00e0 khi\u1ebfn cho c\u00e1c c\u00f4 g\u00e1i tr\u1edf n\u00ean th\u1eadt thu h\u00fat trong m\u1eaft ng\u01b0\u1eddi m\u00e0 h\u1ecd y\u00eau th\u01b0\u01a1ng.<\/span><\/div>\n<\/div>\n<\/div>\n<\/div>\n<\/div>\n<\/div>\n<\/div>\n","protected":false},"excerpt":{"rendered":"<p>T\u00f4 \u0111i\u1ec3m cho ng\u00f3n tay c\u1ee7a n\u00e0ng xinh b\u1eb1ng \u0111i\u1ec3m nh\u1ea5n l\u1ea5p l\u00e1nh v\u00e0 quy\u1ebfn r\u0169 c\u1ee7a chi\u1ebfc\u00a0nh\u1eabn b\u1ea1c PNJSilver. Nh\u1eb1m th\u1ec3 hi\u1ec7n h\u00ecnh \u1ea3nh ng\u01b0\u1eddi ph\u1ee5 n\u1eef hi\u1ec7n \u0111\u1ea1i trong d\u1ecbp l\u1ec5 t\u00ecnh nh\u00e2n s\u1eafp t\u1edbi, PNJSilver mang \u0111\u1ebfn BST Fantasia v\u1edbi c\u00e1c thi\u1ebft k\u1ebf trang s\u1ee9c b\u1ea1c tr\u1ebb trung, gi\u00fap n\u00e0ng thay \u0111\u1ed5i v\u00e0 bi\u1ebfn h\u00f3a c\u00f9ng phong c\u00e1ch th\u1eddi trang c\u1ee7a m\u00ecnh \u0111\u1ec3 h\u00e2m n\u00f3ng l\u1ea1i m\u1ed1i quan h\u1ec7 c\u1ee7a m\u00ecnh.<\/p>\n","protected":false},"featured_media":328,"comment_status":"open","ping_status":"closed","template":"","meta":[],"class_list":["post-327","product","type-product","status-publish","has-post-thumbnail","hentry","product_cat-trang-suc","product_cat-nhan","pa_bo-suu-tap-lang-man","pa_dip-tang-qua-qua-cuoi","pa_gioi-tinh-nu","pa_loai-da-chinh-cz","pa_loai-da-phu-mix-da","pa_mau-sac-do","pa_qua-tang-cho-nguoi-than-cho-nang","pa_so-thich-de-thuong"],"yoast_head":"<!-- This site is optimized with the Yoast SEO Premium plugin v15.5 - https:\/\/yoast.com\/wordpress\/plugins\/seo\/ -->\n<title>Nh\u1eabn b\u1ea1c \u0111\u00ednh \u0111\u00e1 m\u00e0u \u0111\u1ecf PNJSilver Fantasia ZTXMK000086 - M\u1eabu web trang s\u1ee9c<\/title>\n<meta name=\"robots\" content=\"noindex, follow, max-snippet:-1, max-image-preview:large, max-video-preview:-1\" \/>\n<meta property=\"og:locale\" content=\"vi_VN\" \/>\n<meta property=\"og:type\" content=\"article\" \/>\n<meta property=\"og:title\" content=\"Nh\u1eabn b\u1ea1c \u0111\u00ednh \u0111\u00e1 m\u00e0u \u0111\u1ecf PNJSilver Fantasia ZTXMK000086 - M\u1eabu web trang s\u1ee9c\" \/>\n<meta property=\"og:description\" content=\"T\u00f4 \u0111i\u1ec3m cho ng\u00f3n tay c\u1ee7a n\u00e0ng xinh b\u1eb1ng \u0111i\u1ec3m nh\u1ea5n l\u1ea5p l\u00e1nh v\u00e0 quy\u1ebfn r\u0169 c\u1ee7a chi\u1ebfc\u00a0nh\u1eabn b\u1ea1c PNJSilver. Nh\u1eb1m th\u1ec3 hi\u1ec7n h\u00ecnh \u1ea3nh ng\u01b0\u1eddi ph\u1ee5 n\u1eef hi\u1ec7n \u0111\u1ea1i trong d\u1ecbp l\u1ec5 t\u00ecnh nh\u00e2n s\u1eafp t\u1edbi, PNJSilver mang \u0111\u1ebfn BST Fantasia v\u1edbi c\u00e1c thi\u1ebft k\u1ebf trang s\u1ee9c b\u1ea1c tr\u1ebb trung, gi\u00fap n\u00e0ng thay \u0111\u1ed5i v\u00e0 bi\u1ebfn h\u00f3a c\u00f9ng phong c\u00e1ch th\u1eddi trang c\u1ee7a m\u00ecnh \u0111\u1ec3 h\u00e2m n\u00f3ng l\u1ea1i m\u1ed1i quan h\u1ec7 c\u1ee7a m\u00ecnh.\" \/>\n<meta property=\"og:url\" content=\"https:\/\/khowordpress.com\/trangsuc\/san-pham\/nhan-bac-dinh-da-mau-do-pnjsilver-fantasia-ztxmk000086\/\" \/>\n<meta property=\"og:site_name\" content=\"M\u1eabu web trang s\u1ee9c\" \/>\n<meta property=\"article:modified_time\" content=\"2021-04-26T04:10:06+00:00\" \/>\n<meta property=\"og:image\" content=\"https:\/\/khowordpress.com\/trangsuc\/wp-content\/uploads\/2021\/04\/snd2kn92630.404-nhan-bac-pnjsilver-dinh-da-mau-do-01.png\" \/>\n\t<meta property=\"og:image:width\" content=\"435\" \/>\n\t<meta property=\"og:image:height\" content=\"435\" \/>\n<meta name=\"twitter:card\" content=\"summary_large_image\" \/>\n<meta name=\"twitter:label1\" content=\"\u01af\u1edbc t\u00ednh th\u1eddi gian \u0111\u1ecdc\">\n\t<meta name=\"twitter:data1\" content=\"2 ph\u00fat\">\n<script type=\"application\/ld+json\" class=\"yoast-schema-graph\">{\"@context\":\"https:\/\/schema.org\",\"@graph\":[{\"@type\":\"WebSite\",\"@id\":\"https:\/\/khowordpress.com\/trangsuc\/#website\",\"url\":\"https:\/\/khowordpress.com\/trangsuc\/\",\"name\":\"M\\u1eabu web trang s\\u1ee9c\",\"description\":\"\",\"potentialAction\":[{\"@type\":\"SearchAction\",\"target\":\"https:\/\/khowordpress.com\/trangsuc\/?s={search_term_string}\",\"query-input\":\"required name=search_term_string\"}],\"inLanguage\":\"vi\"},{\"@type\":\"ImageObject\",\"@id\":\"https:\/\/khowordpress.com\/trangsuc\/san-pham\/nhan-bac-dinh-da-mau-do-pnjsilver-fantasia-ztxmk000086\/#primaryimage\",\"inLanguage\":\"vi\",\"url\":\"https:\/\/khowordpress.com\/trangsuc\/wp-content\/uploads\/2021\/04\/snd2kn92630.404-nhan-bac-pnjsilver-dinh-da-mau-do-01.png\",\"width\":435,\"height\":435},{\"@type\":\"WebPage\",\"@id\":\"https:\/\/khowordpress.com\/trangsuc\/san-pham\/nhan-bac-dinh-da-mau-do-pnjsilver-fantasia-ztxmk000086\/#webpage\",\"url\":\"https:\/\/khowordpress.com\/trangsuc\/san-pham\/nhan-bac-dinh-da-mau-do-pnjsilver-fantasia-ztxmk000086\/\",\"name\":\"Nh\\u1eabn b\\u1ea1c \\u0111\\u00ednh \\u0111\\u00e1 m\\u00e0u \\u0111\\u1ecf PNJSilver Fantasia ZTXMK000086 - M\\u1eabu web trang s\\u1ee9c\",\"isPartOf\":{\"@id\":\"https:\/\/khowordpress.com\/trangsuc\/#website\"},\"primaryImageOfPage\":{\"@id\":\"https:\/\/khowordpress.com\/trangsuc\/san-pham\/nhan-bac-dinh-da-mau-do-pnjsilver-fantasia-ztxmk000086\/#primaryimage\"},\"datePublished\":\"2021-04-26T01:27:23+00:00\",\"dateModified\":\"2021-04-26T04:10:06+00:00\",\"breadcrumb\":{\"@id\":\"https:\/\/khowordpress.com\/trangsuc\/san-pham\/nhan-bac-dinh-da-mau-do-pnjsilver-fantasia-ztxmk000086\/#breadcrumb\"},\"inLanguage\":\"vi\",\"potentialAction\":[{\"@type\":\"ReadAction\",\"target\":[\"https:\/\/khowordpress.com\/trangsuc\/san-pham\/nhan-bac-dinh-da-mau-do-pnjsilver-fantasia-ztxmk000086\/\"]}]},{\"@type\":\"BreadcrumbList\",\"@id\":\"https:\/\/khowordpress.com\/trangsuc\/san-pham\/nhan-bac-dinh-da-mau-do-pnjsilver-fantasia-ztxmk000086\/#breadcrumb\",\"itemListElement\":[{\"@type\":\"ListItem\",\"position\":1,\"item\":{\"@type\":\"WebPage\",\"@id\":\"https:\/\/khowordpress.com\/trangsuc\/\",\"url\":\"https:\/\/khowordpress.com\/trangsuc\/\",\"name\":\"Trang ch\\u1ee7\"}},{\"@type\":\"ListItem\",\"position\":2,\"item\":{\"@type\":\"WebPage\",\"@id\":\"https:\/\/khowordpress.com\/trangsuc\/cua-hang\/\",\"url\":\"https:\/\/khowordpress.com\/trangsuc\/cua-hang\/\",\"name\":\"C\\u1eeda h\\u00e0ng\"}},{\"@type\":\"ListItem\",\"position\":3,\"item\":{\"@type\":\"WebPage\",\"@id\":\"https:\/\/khowordpress.com\/trangsuc\/san-pham\/nhan-bac-dinh-da-mau-do-pnjsilver-fantasia-ztxmk000086\/\",\"url\":\"https:\/\/khowordpress.com\/trangsuc\/san-pham\/nhan-bac-dinh-da-mau-do-pnjsilver-fantasia-ztxmk000086\/\",\"name\":\"Nh\\u1eabn b\\u1ea1c \\u0111\\u00ednh \\u0111\\u00e1 m\\u00e0u \\u0111\\u1ecf PNJSilver Fantasia ZTXMK000086\"}}]}]}<\/script>\n<!-- \/ Yoast SEO Premium plugin. -->","_links":{"self":[{"href":"https:\/\/khowordpress.com\/trangsuc\/wp-json\/wp\/v2\/product\/327","targetHints":{"allow":["GET"]}}],"collection":[{"href":"https:\/\/khowordpress.com\/trangsuc\/wp-json\/wp\/v2\/product"}],"about":[{"href":"https:\/\/khowordpress.com\/trangsuc\/wp-json\/wp\/v2\/types\/product"}],"replies":[{"embeddable":true,"href":"https:\/\/khowordpress.com\/trangsuc\/wp-json\/wp\/v2\/comments?post=327"}],"wp:featuredmedia":[{"embeddable":true,"href":"https:\/\/khowordpress.com\/trangsuc\/wp-json\/wp\/v2\/media\/328"}],"wp:attachment":[{"href":"https:\/\/khowordpress.com\/trangsuc\/wp-json\/wp\/v2\/media?parent=327"}],"curies":[{"name":"wp","href":"https:\/\/api.w.org\/{rel}","templated":true}]}}