{"id":342,"date":"2021-04-26T01:41:32","date_gmt":"2021-04-26T01:41:32","guid":{"rendered":"http:\/\/trangsuc.maugiaodien.com\/?post_type=product&#038;p=342"},"modified":"2021-04-26T04:13:57","modified_gmt":"2021-04-26T04:13:57","slug":"nhan-vang-18k-dinh-ngoc-trai-south-sea-pnj-psddy000075","status":"publish","type":"product","link":"https:\/\/khowordpress.com\/trangsuc\/san-pham\/nhan-vang-18k-dinh-ngoc-trai-south-sea-pnj-psddy000075\/","title":{"rendered":"Nh\u1eabn V\u00e0ng 18K \u0111\u00ednh ng\u1ecdc trai South Sea PNJ PSDDY000075"},"content":{"rendered":"<div class=\"pnj-title main-title\">\n<h2>Nh\u1eabn V\u00e0ng 18K \u0111\u00ednh ng\u1ecdc trai South Sea PNJ<\/h2>\n<\/div>\n<div class=\"pnj-block-description-wrapper\">\n<div class=\"pnj-block-description\">\n<p>\u0110\u01b0\u1ee3c v\u00ed nh\u01b0 v\u1ea7ng tr\u1eafng nh\u1ecf t\u1ecfa s\u00e1ng gi\u1eefa b\u1ea7u tr\u1eddi, ng\u1ecdc trai ch\u00ednh l\u00e0 ni\u1ec1m y\u00eau th\u00edch c\u1ee7a m\u1ecdi ph\u1ee5 n\u1eef khi mang trong m\u00ecnh nh\u1eefng \u00fd ngh\u0129a \u0111\u1ea1i di\u1ec7n \u0111\u1ed9c \u0111\u00e1o. B\u1eb1ng s\u1ef1 k\u1ebft h\u1ee3p gi\u1eefa ng\u1ecdc trai South Sea c\u00f9ng \u0111\u00e1 CZ nh\u1ecf xinh, chi\u1ebfc\u00a0nh\u1eabn\u00a0v\u00e0ng 18K t\u00f4 \u0111i\u1ec3m s\u1ef1 qu\u00fd ph\u00e1i v\u00e0 sang tr\u1ecdng cho v\u1ebb \u0111\u1eb9p c\u1ee7a qu\u00fd c\u00f4.<\/p>\n<div class=\"mp-column-group\">\n<div class=\"mp-block-item mp-type-normal-feature\">\n<div class=\"mp-block-title\">\n<h3>Nh\u1eabn v\u00e0ng PNJ \u2013 Q\u00fay ph\u00e1i v\u00e0 sang tr\u1ecdng<\/h3>\n<\/div>\n<div class=\"mp-block-description-wrapper\">\n<div class=\"mp-images\">\n<p class=\"mp-image-description-center\">Nh\u1eabn ng\u1ecdc trai PNJ \u2013 \u0110i\u1ec3m nh\u1ea5n qu\u00fd ph\u00e1i cho v\u1ebb \u0111\u1eb9p c\u1ee7a qu\u00fd c\u00f4<\/p>\n<div class=\"mp-block-description\">\n<p>Ng\u1ecdc trai lu\u00f4n l\u00e0 m\u1ed9t trong nh\u1eefng lo\u1ea1i trang s\u1ee9c \u0111\u01b0\u1ee3c nhi\u1ec1u qu\u00fd c\u00f4 \u01b0a chu\u1ed9ng b\u1edfi v\u1ebb \u0111\u1eb9p qu\u00fd ph\u00e1i v\u00e0 th\u1eddi th\u01b0\u1ee3ng. V\u1edbi s\u1ef1 k\u1ebft h\u1ee3p gi\u1eefa ng\u1ecdc trai v\u00e0 ch\u1ea5t li\u1ec7u v\u00e0ng 18K, chi\u1ebfc nh\u1eabn mang v\u1ebb \u0111\u1eb9p thanh khi\u1ebft, n\u1eef t\u00ednh v\u00e0 m\u1ea1nh m\u1ebd. V\u1ebb \u0111\u1eb9p thu\u1ea7n khi\u1ebft c\u1ee7a ng\u1ecdc trai c\u00f9ng s\u1ef1 sang tr\u1ecdng c\u1ee7a v\u00e0ng t\u00f4 \u0111i\u1ec3m cho v\u1ebb \u0111\u1eb9p c\u1ee7a qu\u00fd c\u00f4.<\/p>\n<\/div>\n<\/div>\n<\/div>\n<div class=\"mp-block-item mp-type-normal-feature\">\n<div class=\"mp-block-title\">\n<h3>Trang s\u1ee9c v\u00e0ng PNJ t\u00f4n vinh n\u00e9t \u0111\u1eb9p Vi\u1ec7t<\/h3>\n<p>H\u00f2a theo xu h\u01b0\u1edbng m\u1edbi, nh\u1eabn ng\u1ecdc trai South Sea PNJ k\u1ebft h\u1ee3p ch\u1ea5t li\u1ec7u v\u00e0ng 18K mang \u0111\u1ebfn v\u1ebb \u0111\u1eb9p th\u1eddi th\u01b0\u1ee3ng, \u0111\u1ea7y s\u1ef1 quy\u1ebfn r\u0169. Kh\u00f4ng nh\u1eefng v\u1eady, <span style=\"color: #555555; font-size: 14.4px;\">trang s\u1ee9c v\u00e0ng PNJ<\/span><span style=\"color: #555555; font-size: 14.4px;\">\u00a0c\u00f2n mang \u0111\u1ebfn gi\u00e1 tr\u1ecb c\u1ed1t l\u00f5i nh\u1eb1m t\u00f4n vinh n\u00e9t \u0111\u1eb9p c\u1ee7a ng\u01b0\u1eddi ph\u1ee5 n\u1eef Vi\u1ec7t. Tin r\u1eb1ng, \u0111\u00e2y s\u1ebd l\u00e0\u00a0<\/span><span style=\"color: #555555; font-size: 14.4px;\">m\u00f3n qu\u00e0<\/span><span style=\"color: #555555; font-size: 14.4px;\">\u00a0tuy\u1ec7t v\u1eddi nh\u1ea5t d\u00e0nh t\u1eb7ng cho c\u00e1c ch\u1ecb em.<\/span><\/p>\n<\/div>\n<\/div>\n<\/div>\n<\/div>\n<\/div>\n<\/div>\n","protected":false},"excerpt":{"rendered":"<p>Ng\u1ecdc trai lu\u00f4n l\u00e0 m\u1ed9t trong nh\u1eefng lo\u1ea1i trang s\u1ee9c \u0111\u01b0\u1ee3c nhi\u1ec1u qu\u00fd c\u00f4 \u01b0a chu\u1ed9ng b\u1edfi v\u1ebb \u0111\u1eb9p qu\u00fd ph\u00e1i v\u00e0 th\u1eddi th\u01b0\u1ee3ng. V\u1edbi s\u1ef1 k\u1ebft h\u1ee3p gi\u1eefa ng\u1ecdc trai v\u00e0 ch\u1ea5t li\u1ec7u v\u00e0ng 18K, chi\u1ebfc nh\u1eabn mang v\u1ebb \u0111\u1eb9p thanh khi\u1ebft, n\u1eef t\u00ednh v\u00e0 m\u1ea1nh m\u1ebd. V\u1ebb \u0111\u1eb9p thu\u1ea7n khi\u1ebft c\u1ee7a ng\u1ecdc trai c\u00f9ng s\u1ef1 sang tr\u1ecdng c\u1ee7a v\u00e0ng t\u00f4 \u0111i\u1ec3m cho v\u1ebb \u0111\u1eb9p c\u1ee7a qu\u00fd c\u00f4.<\/p>\n","protected":false},"featured_media":343,"comment_status":"open","ping_status":"closed","template":"","meta":[],"class_list":["post-342","product","type-product","status-publish","has-post-thumbnail","hentry","product_cat-trang-suc","product_cat-nhan-vang","pa_bo-suu-tap-lang-man","pa_dip-tang-qua-qua-cuoi","pa_gioi-tinh-nu","pa_kich-co-73","pa_loai-da-chinh-synthetic","pa_loai-da-phu-mix-da","pa_mau-sac-vang","pa_qua-tang-cho-nguoi-than-cho-nang","pa_so-thich-duyen-dang"],"yoast_head":"<!-- This site is optimized with the Yoast SEO Premium plugin v15.5 - https:\/\/yoast.com\/wordpress\/plugins\/seo\/ -->\n<title>Nh\u1eabn V\u00e0ng 18K \u0111\u00ednh ng\u1ecdc trai South Sea PNJ PSDDY000075 - M\u1eabu web trang s\u1ee9c<\/title>\n<meta name=\"robots\" content=\"noindex, follow, max-snippet:-1, max-image-preview:large, max-video-preview:-1\" \/>\n<meta property=\"og:locale\" content=\"vi_VN\" \/>\n<meta property=\"og:type\" content=\"article\" \/>\n<meta property=\"og:title\" content=\"Nh\u1eabn V\u00e0ng 18K \u0111\u00ednh ng\u1ecdc trai South Sea PNJ PSDDY000075 - M\u1eabu web trang s\u1ee9c\" \/>\n<meta property=\"og:description\" content=\"Ng\u1ecdc trai lu\u00f4n l\u00e0 m\u1ed9t trong nh\u1eefng lo\u1ea1i trang s\u1ee9c \u0111\u01b0\u1ee3c nhi\u1ec1u qu\u00fd c\u00f4 \u01b0a chu\u1ed9ng b\u1edfi v\u1ebb \u0111\u1eb9p qu\u00fd ph\u00e1i v\u00e0 th\u1eddi th\u01b0\u1ee3ng. V\u1edbi s\u1ef1 k\u1ebft h\u1ee3p gi\u1eefa ng\u1ecdc trai v\u00e0 ch\u1ea5t li\u1ec7u v\u00e0ng 18K, chi\u1ebfc nh\u1eabn mang v\u1ebb \u0111\u1eb9p thanh khi\u1ebft, n\u1eef t\u00ednh v\u00e0 m\u1ea1nh m\u1ebd. V\u1ebb \u0111\u1eb9p thu\u1ea7n khi\u1ebft c\u1ee7a ng\u1ecdc trai c\u00f9ng s\u1ef1 sang tr\u1ecdng c\u1ee7a v\u00e0ng t\u00f4 \u0111i\u1ec3m cho v\u1ebb \u0111\u1eb9p c\u1ee7a qu\u00fd c\u00f4.\" \/>\n<meta property=\"og:url\" content=\"https:\/\/khowordpress.com\/trangsuc\/san-pham\/nhan-vang-18k-dinh-ngoc-trai-south-sea-pnj-psddy000075\/\" \/>\n<meta property=\"og:site_name\" content=\"M\u1eabu web trang s\u1ee9c\" \/>\n<meta property=\"article:modified_time\" content=\"2021-04-26T04:13:57+00:00\" \/>\n<meta property=\"og:image\" content=\"https:\/\/khowordpress.com\/trangsuc\/wp-content\/uploads\/2021\/04\/gndrya90253.304-nhan-pnj-vang-18k-dinh-ngoc-trai-south-sea-90253.304-.png\" \/>\n\t<meta property=\"og:image:width\" content=\"435\" \/>\n\t<meta property=\"og:image:height\" content=\"435\" \/>\n<meta name=\"twitter:card\" content=\"summary_large_image\" \/>\n<meta name=\"twitter:label1\" content=\"\u01af\u1edbc t\u00ednh th\u1eddi gian \u0111\u1ecdc\">\n\t<meta name=\"twitter:data1\" content=\"1 ph\u00fat\">\n<script type=\"application\/ld+json\" class=\"yoast-schema-graph\">{\"@context\":\"https:\/\/schema.org\",\"@graph\":[{\"@type\":\"WebSite\",\"@id\":\"https:\/\/khowordpress.com\/trangsuc\/#website\",\"url\":\"https:\/\/khowordpress.com\/trangsuc\/\",\"name\":\"M\\u1eabu web trang s\\u1ee9c\",\"description\":\"\",\"potentialAction\":[{\"@type\":\"SearchAction\",\"target\":\"https:\/\/khowordpress.com\/trangsuc\/?s={search_term_string}\",\"query-input\":\"required name=search_term_string\"}],\"inLanguage\":\"vi\"},{\"@type\":\"ImageObject\",\"@id\":\"https:\/\/khowordpress.com\/trangsuc\/san-pham\/nhan-vang-18k-dinh-ngoc-trai-south-sea-pnj-psddy000075\/#primaryimage\",\"inLanguage\":\"vi\",\"url\":\"https:\/\/khowordpress.com\/trangsuc\/wp-content\/uploads\/2021\/04\/gndrya90253.304-nhan-pnj-vang-18k-dinh-ngoc-trai-south-sea-90253.304-.png\",\"width\":435,\"height\":435},{\"@type\":\"WebPage\",\"@id\":\"https:\/\/khowordpress.com\/trangsuc\/san-pham\/nhan-vang-18k-dinh-ngoc-trai-south-sea-pnj-psddy000075\/#webpage\",\"url\":\"https:\/\/khowordpress.com\/trangsuc\/san-pham\/nhan-vang-18k-dinh-ngoc-trai-south-sea-pnj-psddy000075\/\",\"name\":\"Nh\\u1eabn V\\u00e0ng 18K \\u0111\\u00ednh ng\\u1ecdc trai South Sea PNJ PSDDY000075 - M\\u1eabu web trang s\\u1ee9c\",\"isPartOf\":{\"@id\":\"https:\/\/khowordpress.com\/trangsuc\/#website\"},\"primaryImageOfPage\":{\"@id\":\"https:\/\/khowordpress.com\/trangsuc\/san-pham\/nhan-vang-18k-dinh-ngoc-trai-south-sea-pnj-psddy000075\/#primaryimage\"},\"datePublished\":\"2021-04-26T01:41:32+00:00\",\"dateModified\":\"2021-04-26T04:13:57+00:00\",\"breadcrumb\":{\"@id\":\"https:\/\/khowordpress.com\/trangsuc\/san-pham\/nhan-vang-18k-dinh-ngoc-trai-south-sea-pnj-psddy000075\/#breadcrumb\"},\"inLanguage\":\"vi\",\"potentialAction\":[{\"@type\":\"ReadAction\",\"target\":[\"https:\/\/khowordpress.com\/trangsuc\/san-pham\/nhan-vang-18k-dinh-ngoc-trai-south-sea-pnj-psddy000075\/\"]}]},{\"@type\":\"BreadcrumbList\",\"@id\":\"https:\/\/khowordpress.com\/trangsuc\/san-pham\/nhan-vang-18k-dinh-ngoc-trai-south-sea-pnj-psddy000075\/#breadcrumb\",\"itemListElement\":[{\"@type\":\"ListItem\",\"position\":1,\"item\":{\"@type\":\"WebPage\",\"@id\":\"https:\/\/khowordpress.com\/trangsuc\/\",\"url\":\"https:\/\/khowordpress.com\/trangsuc\/\",\"name\":\"Trang ch\\u1ee7\"}},{\"@type\":\"ListItem\",\"position\":2,\"item\":{\"@type\":\"WebPage\",\"@id\":\"https:\/\/khowordpress.com\/trangsuc\/cua-hang\/\",\"url\":\"https:\/\/khowordpress.com\/trangsuc\/cua-hang\/\",\"name\":\"C\\u1eeda h\\u00e0ng\"}},{\"@type\":\"ListItem\",\"position\":3,\"item\":{\"@type\":\"WebPage\",\"@id\":\"https:\/\/khowordpress.com\/trangsuc\/san-pham\/nhan-vang-18k-dinh-ngoc-trai-south-sea-pnj-psddy000075\/\",\"url\":\"https:\/\/khowordpress.com\/trangsuc\/san-pham\/nhan-vang-18k-dinh-ngoc-trai-south-sea-pnj-psddy000075\/\",\"name\":\"Nh\\u1eabn V\\u00e0ng 18K \\u0111\\u00ednh ng\\u1ecdc trai South Sea PNJ PSDDY000075\"}}]}]}<\/script>\n<!-- \/ Yoast SEO Premium plugin. -->","_links":{"self":[{"href":"https:\/\/khowordpress.com\/trangsuc\/wp-json\/wp\/v2\/product\/342","targetHints":{"allow":["GET"]}}],"collection":[{"href":"https:\/\/khowordpress.com\/trangsuc\/wp-json\/wp\/v2\/product"}],"about":[{"href":"https:\/\/khowordpress.com\/trangsuc\/wp-json\/wp\/v2\/types\/product"}],"replies":[{"embeddable":true,"href":"https:\/\/khowordpress.com\/trangsuc\/wp-json\/wp\/v2\/comments?post=342"}],"wp:featuredmedia":[{"embeddable":true,"href":"https:\/\/khowordpress.com\/trangsuc\/wp-json\/wp\/v2\/media\/343"}],"wp:attachment":[{"href":"https:\/\/khowordpress.com\/trangsuc\/wp-json\/wp\/v2\/media?parent=342"}],"curies":[{"name":"wp","href":"https:\/\/api.w.org\/{rel}","templated":true}]}}